{"id":3,"date":"2026-03-31T16:14:50","date_gmt":"2026-03-31T16:14:50","guid":{"rendered":"http:\/\/premiumthcshop.de\/?page_id=3"},"modified":"2026-04-02T07:33:58","modified_gmt":"2026-04-02T07:33:58","slug":"datenschutzerklarung","status":"publish","type":"page","link":"https:\/\/premiumthcshop.de\/en\/datenschutzerklarung\/","title":{"rendered":"Privacy policy"},"content":{"rendered":"<div data-elementor-type=\"wp-page\" data-elementor-id=\"3\" class=\"elementor elementor-3\" data-elementor-post-type=\"page\">\n\t\t\t\t<div class=\"elementor-element elementor-element-4c6a637f e-flex e-con-boxed e-con e-parent\" data-id=\"4c6a637f\" data-element_type=\"container\" data-e-type=\"container\">\n\t\t\t\t\t<div class=\"e-con-inner\">\n\t\t\t\t<div class=\"elementor-element elementor-element-7b62ac52 elementor-widget elementor-widget-text-editor\" data-id=\"7b62ac52\" data-element_type=\"widget\" data-e-type=\"widget\" data-widget_type=\"text-editor.default\">\n\t\t\t\t\t\t\t\t\t\n<h2 class=\"wp-block-heading\" data-section-id=\"pw9hhh\" data-start=\"127\" data-end=\"153\"><span role=\"text\"><strong data-start=\"129\" data-end=\"153\">Privacy policy<\/strong><\/span><\/h2>\n<h3 data-section-id=\"opylvb\" data-start=\"155\" data-end=\"192\"><span role=\"text\"><strong data-start=\"158\" data-end=\"192\">1. Datenschutz auf einen Blick<\/strong><\/span><\/h3>\n<h3 data-section-id=\"15exfl9\" data-start=\"194\" data-end=\"223\"><span role=\"text\"><strong data-start=\"198\" data-end=\"221\">Allgemeine Hinweise<\/strong><\/span><\/h3>\n<p data-start=\"224\" data-end=\"463\">Die folgenden Hinweise geben einen einfachen \u00dcberblick dar\u00fcber, was mit Ihren personenbezogenen Daten passiert, wenn Sie unsere Website besuchen. Personenbezogene Daten sind alle Daten, mit denen Sie pers\u00f6nlich identifiziert werden k\u00f6nnen.<\/p>\n<p data-start=\"465\" data-end=\"561\">Ausf\u00fchrliche Informationen zum Datenschutz entnehmen Sie der nachfolgenden Datenschutzerkl\u00e4rung.<\/p>\n<hr data-start=\"563\" data-end=\"566\" \/>\n<h2 data-section-id=\"1yzjqtm\" data-start=\"568\" data-end=\"611\"><span role=\"text\"><strong data-start=\"571\" data-end=\"611\">2. Datenerfassung auf dieser Website<\/strong><\/span><\/h2>\n<h3 data-section-id=\"9keu5q\" data-start=\"613\" data-end=\"645\"><span role=\"text\"><strong data-start=\"617\" data-end=\"643\">Verantwortliche Stelle<\/strong><\/span><\/h3>\n<p data-start=\"646\" data-end=\"722\">Die Datenverarbeitung auf dieser Website erfolgt durch den Websitebetreiber:<\/p>\n<p data-start=\"724\" data-end=\"814\"><strong data-start=\"724\" data-end=\"744\">Premium THC Shop<\/strong><br data-start=\"744\" data-end=\"747\" \/>E-Mail: <strong data-start=\"755\" data-end=\"782\"><a class=\"decorated-link cursor-pointer\" rel=\"noopener\" data-start=\"757\" data-end=\"780\">sales@premiumthcshop.de<\/a><\/strong><br data-start=\"782\" data-end=\"785\" \/>WhatsApp: <strong data-start=\"795\" data-end=\"814\">+44 7466 471423<\/strong><\/p>\n<hr data-start=\"816\" data-end=\"819\" \/>\n<h3 data-section-id=\"bbuxuh\" data-start=\"821\" data-end=\"859\"><span role=\"text\"><strong data-start=\"825\" data-end=\"857\">Wie erfassen wir Ihre Daten?<\/strong><\/span><\/h3>\n<p data-start=\"860\" data-end=\"901\">Ihre Daten werden auf zwei Arten erhoben:<\/p>\n<ul data-start=\"903\" data-end=\"1124\">\n<li data-section-id=\"h02hxr\" data-start=\"903\" data-end=\"1000\"><strong data-start=\"905\" data-end=\"935\">Direkt durch Ihre Angaben:<\/strong> z. B. bei Bestellungen, Kontaktformularen oder Registrierungen<\/li>\n<li data-section-id=\"rek54p\" data-start=\"1001\" data-end=\"1124\"><strong data-start=\"1003\" data-end=\"1019\">Automatisch:<\/strong> beim Besuch der Website durch unsere IT-Systeme (z. B. Browsertyp, Betriebssystem, Uhrzeit des Zugriffs)<\/li>\n<\/ul>\n<hr data-start=\"1126\" data-end=\"1129\" \/>\n<h3 data-section-id=\"11uhud3\" data-start=\"1131\" data-end=\"1169\"><span role=\"text\"><strong data-start=\"1135\" data-end=\"1167\">Wof\u00fcr nutzen wir Ihre Daten?<\/strong><\/span><\/h3>\n<p data-start=\"1170\" data-end=\"1199\">Wir verwenden Ihre Daten, um:<\/p>\n<ul data-start=\"1201\" data-end=\"1392\">\n<li data-section-id=\"1anlanl\" data-start=\"1201\" data-end=\"1265\">eine fehlerfreie Bereitstellung der Website zu gew\u00e4hrleisten<\/li>\n<li data-section-id=\"7to0ts\" data-start=\"1266\" data-end=\"1308\">Bestellungen und Zahlungen abzuwickeln<\/li>\n<li data-section-id=\"171o5t2\" data-start=\"1309\" data-end=\"1353\">die Benutzerfreundlichkeit zu verbessern<\/li>\n<li data-section-id=\"1c2mvf9\" data-start=\"1354\" data-end=\"1392\">das Nutzerverhalten zu analysieren<\/li>\n<\/ul>\n<hr data-start=\"1394\" data-end=\"1397\" \/>\n<h3 data-section-id=\"6mhykd\" data-start=\"1399\" data-end=\"1420\"><span role=\"text\"><strong data-start=\"1403\" data-end=\"1418\">Ihre Rechte<\/strong><\/span><\/h3>\n<p data-start=\"1421\" data-end=\"1451\">Sie haben jederzeit das Recht:<\/p>\n<ul data-start=\"1453\" data-end=\"1685\">\n<li data-section-id=\"2ebvpg\" data-start=\"1453\" data-end=\"1507\">Auskunft \u00fcber Ihre gespeicherten Daten zu erhalten<\/li>\n<li data-section-id=\"1l2ue6y\" data-start=\"1508\" data-end=\"1551\">Berichtigung oder L\u00f6schung zu verlangen<\/li>\n<li data-section-id=\"iemhgb\" data-start=\"1552\" data-end=\"1596\">eine erteilte Einwilligung zu widerrufen<\/li>\n<li data-section-id=\"tnefuh\" data-start=\"1597\" data-end=\"1632\">die Verarbeitung einzuschr\u00e4nken<\/li>\n<li data-section-id=\"1ruw32j\" data-start=\"1633\" data-end=\"1685\">Beschwerde bei einer Aufsichtsbeh\u00f6rde einzulegen<\/li>\n<\/ul>\n<hr data-start=\"1687\" data-end=\"1690\" \/>\n<h2 data-section-id=\"1e4rqs8\" data-start=\"1692\" data-end=\"1709\"><span role=\"text\"><strong data-start=\"1695\" data-end=\"1709\">3. Hosting<\/strong><\/span><\/h2>\n<p data-start=\"1711\" data-end=\"1852\">Unsere Website wird \u00fcber <strong data-start=\"1736\" data-end=\"1747\">Shopify<\/strong> betrieben. Shopify stellt die E-Commerce-Plattform zur Verf\u00fcgung, \u00fcber die wir unsere Produkte anbieten.<\/p>\n<p data-start=\"1854\" data-end=\"1897\">Dabei k\u00f6nnen folgende Daten erfasst werden:<\/p>\n<ul data-start=\"1899\" data-end=\"1985\">\n<li data-section-id=\"1h0uk97\" data-start=\"1899\" data-end=\"1913\">IP-Adresse<\/li>\n<li data-section-id=\"1fww5ec\" data-start=\"1914\" data-end=\"1950\">Ger\u00e4te- und Browserinformationen<\/li>\n<li data-section-id=\"1gtjsyi\" data-start=\"1951\" data-end=\"1985\">Bestell- und Transaktionsdaten<\/li>\n<\/ul>\n<p data-start=\"1987\" data-end=\"2129\">Die Verarbeitung erfolgt auf Grundlage von Art. 6 Abs. 1 lit. f DSGVO (berechtigtes Interesse) bzw. Art. 6 Abs. 1 lit. a DSGVO (Einwilligung).<\/p>\n<hr data-start=\"2131\" data-end=\"2134\" \/>\n<h2 data-section-id=\"1laqa6n\" data-start=\"2136\" data-end=\"2181\"><span role=\"text\"><strong data-start=\"2139\" data-end=\"2181\">4. Allgemeine Hinweise zum Datenschutz<\/strong><\/span><\/h2>\n<p data-start=\"2183\" data-end=\"2296\">Wir behandeln Ihre personenbezogenen Daten vertraulich und entsprechend der gesetzlichen Datenschutzvorschriften.<\/p>\n<p data-start=\"2298\" data-end=\"2408\">Bitte beachten Sie, dass die Daten\u00fcbertragung im Internet (z. B. per E-Mail) Sicherheitsl\u00fccken aufweisen kann.<\/p>\n<hr data-start=\"2410\" data-end=\"2413\" \/>\n<h3 data-section-id=\"1klgqia\" data-start=\"2415\" data-end=\"2438\"><span role=\"text\"><strong data-start=\"2419\" data-end=\"2436\">Speicherdauer<\/strong><\/span><\/h3>\n<p data-start=\"2439\" data-end=\"2587\">Ihre personenbezogenen Daten werden nur so lange gespeichert, wie es f\u00fcr die jeweiligen Zwecke erforderlich ist oder gesetzlich vorgeschrieben wird.<\/p>\n<hr data-start=\"2589\" data-end=\"2592\" \/>\n<h3 data-section-id=\"1m17ikg\" data-start=\"2594\" data-end=\"2631\"><span role=\"text\"><strong data-start=\"2598\" data-end=\"2629\">Widerruf Ihrer Einwilligung<\/strong><\/span><\/h3>\n<p data-start=\"2632\" data-end=\"2773\">Sie k\u00f6nnen eine bereits erteilte Einwilligung jederzeit widerrufen. Die Rechtm\u00e4\u00dfigkeit der bis dahin erfolgten Verarbeitung bleibt unber\u00fchrt.<\/p>\n<hr data-start=\"2775\" data-end=\"2778\" \/>\n<h2 data-section-id=\"13sk5mx\" data-start=\"2780\" data-end=\"2797\"><span role=\"text\"><strong data-start=\"2783\" data-end=\"2797\">5. Cookies<\/strong><\/span><\/h2>\n<p data-start=\"2799\" data-end=\"2836\">Unsere Website verwendet Cookies, um:<\/p>\n<ul data-start=\"2838\" data-end=\"2933\">\n<li data-section-id=\"6hcn8q\" data-start=\"2838\" data-end=\"2876\">die Funktionalit\u00e4t sicherzustellen<\/li>\n<li data-section-id=\"19ouom3\" data-start=\"2877\" data-end=\"2907\">die Nutzung zu analysieren<\/li>\n<li data-section-id=\"733hwu\" data-start=\"2908\" data-end=\"2933\">Inhalte zu optimieren<\/li>\n<\/ul>\n<p data-start=\"2935\" data-end=\"3091\">Sie k\u00f6nnen Ihren Browser so einstellen, dass Cookies eingeschr\u00e4nkt oder deaktiviert werden. Dies kann jedoch die Funktionalit\u00e4t der Website beeintr\u00e4chtigen.<\/p>\n<hr data-start=\"3093\" data-end=\"3096\" \/>\n<h2 data-section-id=\"1ga7857\" data-start=\"3098\" data-end=\"3131\"><span role=\"text\"><strong data-start=\"3101\" data-end=\"3131\">6. Kontakt &amp; Kommunikation<\/strong><\/span><\/h2>\n<h3 data-section-id=\"gup6kj\" data-start=\"3133\" data-end=\"3178\"><span role=\"text\"><strong data-start=\"3137\" data-end=\"3176\">Kontaktformular \/ E-Mail \/ WhatsApp<\/strong><\/span><\/h3>\n<p data-start=\"3179\" data-end=\"3205\">Wenn Sie uns kontaktieren:<\/p>\n<ul data-start=\"3207\" data-end=\"3322\">\n<li data-section-id=\"pptx3x\" data-start=\"3207\" data-end=\"3270\">werden Ihre Daten zur Bearbeitung Ihrer Anfrage gespeichert<\/li>\n<li data-section-id=\"1ywdm2w\" data-start=\"3271\" data-end=\"3322\">erfolgt keine Weitergabe ohne Ihre Einwilligung<\/li>\n<\/ul>\n<p data-start=\"3324\" data-end=\"3434\">Die Kommunikation \u00fcber WhatsApp ist Ende-zu-Ende verschl\u00fcsselt. Es k\u00f6nnen jedoch Metadaten verarbeitet werden.<\/p>\n<hr data-start=\"3436\" data-end=\"3439\" \/>\n<h2 data-section-id=\"1pq8c9b\" data-start=\"3441\" data-end=\"3474\"><span role=\"text\"><strong data-start=\"3444\" data-end=\"3474\">7. Analyse- und Werbetools<\/strong><\/span><\/h2>\n<p data-start=\"3476\" data-end=\"3509\">Wir nutzen ggf. folgende Dienste:<\/p>\n<ul data-start=\"3511\" data-end=\"3668\">\n<li data-section-id=\"1am5dv\" data-start=\"3511\" data-end=\"3566\"><strong data-start=\"3513\" data-end=\"3533\">Google Analytics<\/strong> (Analyse des Nutzerverhaltens)<\/li>\n<li data-section-id=\"1f4u6d0\" data-start=\"3567\" data-end=\"3618\"><strong data-start=\"3569\" data-end=\"3597\">Google Ads &amp; Remarketing<\/strong> (gezielte Werbung)<\/li>\n<li data-section-id=\"13e9o2\" data-start=\"3619\" data-end=\"3668\"><strong data-start=\"3621\" data-end=\"3639\">Facebook Pixel<\/strong> (Messung der Werbewirkung)<\/li>\n<\/ul>\n<p data-start=\"3670\" data-end=\"3728\">Diese Dienste verwenden Cookies und \u00e4hnliche Technologien.<\/p>\n<p data-start=\"3730\" data-end=\"3826\">Sie k\u00f6nnen der Nutzung \u00fcber Ihre Browsereinstellungen oder entsprechende Anbieter widersprechen.<\/p>\n<hr data-start=\"3828\" data-end=\"3831\" \/>\n<h2 data-section-id=\"6df002\" data-start=\"3833\" data-end=\"3853\"><span role=\"text\"><strong data-start=\"3836\" data-end=\"3853\">8. Newsletter<\/strong><\/span><\/h2>\n<p data-start=\"3855\" data-end=\"3894\">Wenn Sie unseren Newsletter abonnieren:<\/p>\n<ul data-start=\"3896\" data-end=\"3975\">\n<li data-section-id=\"llu8rs\" data-start=\"3896\" data-end=\"3936\">wird Ihre E-Mail-Adresse gespeichert<\/li>\n<li data-section-id=\"r3bkw6\" data-start=\"3937\" data-end=\"3975\">k\u00f6nnen Sie sich jederzeit abmelden<\/li>\n<\/ul>\n<p data-start=\"3977\" data-end=\"4037\">F\u00fcr den Versand nutzen wir ggf. Anbieter wie <strong data-start=\"4022\" data-end=\"4036\">MailerLite<\/strong>.<\/p>\n<hr data-start=\"4039\" data-end=\"4042\" \/>\n<h2 data-section-id=\"1a7x8nn\" data-start=\"4044\" data-end=\"4087\"><span role=\"text\"><strong data-start=\"4047\" data-end=\"4087\">9. Bestellungen &amp; Zahlungsabwicklung<\/strong><\/span><\/h2>\n<p data-start=\"4089\" data-end=\"4140\">F\u00fcr Bestellungen erfassen wir notwendige Daten wie:<\/p>\n<ul data-start=\"4142\" data-end=\"4188\">\n<li data-section-id=\"1t2yru7\" data-start=\"4142\" data-end=\"4150\">Name<\/li>\n<li data-section-id=\"6lo1kv\" data-start=\"4151\" data-end=\"4162\">Adresse<\/li>\n<li data-section-id=\"72spmn\" data-start=\"4163\" data-end=\"4188\">Zahlungsinformationen<\/li>\n<\/ul>\n<p data-start=\"4190\" data-end=\"4244\">Zur Zahlungsabwicklung arbeiten wir mit Anbietern wie:<\/p>\n<ul data-start=\"4246\" data-end=\"4267\">\n<li data-section-id=\"1e6r201\" data-start=\"4246\" data-end=\"4256\">Stripe<\/li>\n<li data-section-id=\"18icy6r\" data-start=\"4257\" data-end=\"4267\">Klarna<\/li>\n<\/ul>\n<p data-start=\"4269\" data-end=\"4334\">Die Weitergabe erfolgt ausschlie\u00dflich zur Abwicklung der Zahlung.<\/p>\n<hr data-start=\"4336\" data-end=\"4339\" \/>\n<h2 data-section-id=\"1x7n81y\" data-start=\"4341\" data-end=\"4367\"><span role=\"text\"><strong data-start=\"4344\" data-end=\"4367\">10. Datensicherheit<\/strong><\/span><\/h2>\n<p data-start=\"4369\" data-end=\"4534\">Unsere Website nutzt <strong data-start=\"4390\" data-end=\"4418\">SSL-\/TLS-Verschl\u00fcsselung<\/strong>, um Ihre Daten zu sch\u00fctzen.<br data-start=\"4446\" data-end=\"4449\" \/>Eine sichere Verbindung erkennen Sie an \u201ehttps:\/\/\u201c in der Adresszeile Ihres Browsers.<\/p>\n<hr data-start=\"4536\" data-end=\"4539\" \/>\n<h2 data-section-id=\"s2gjxm\" data-start=\"4541\" data-end=\"4590\"><span role=\"text\"><strong data-start=\"4544\" data-end=\"4590\">11. \u00c4nderungen dieser Datenschutzerkl\u00e4rung<\/strong><\/span><\/h2>\n<p data-start=\"4592\" data-end=\"4722\">Wir behalten uns vor, diese Datenschutzerkl\u00e4rung jederzeit anzupassen, um sie an rechtliche oder technische \u00c4nderungen anzupassen.<\/p>\n<hr data-start=\"4724\" data-end=\"4727\" \/>\n<p data-start=\"4729\" data-end=\"4819\">Bei Fragen zum Datenschutz kontaktieren Sie uns bitte unter:<br data-start=\"4789\" data-end=\"4792\" \/><strong data-start=\"4792\" data-end=\"4819\"><a class=\"decorated-link cursor-pointer\" href=\"mailto:sales@premiumthcshop.de\" rel=\"noopener\" data-start=\"4794\" data-end=\"4817\">sales@premiumthcshop.de<\/a><\/strong><\/p>\t\t\t\t\t\t\t\t<\/div>\n\t\t\t\t\t<\/div>\n\t\t\t\t<\/div>\n\t\t\t\t<\/div>","protected":false},"excerpt":{"rendered":"<p>Datenschutzerkl\u00e4rung 1. Datenschutz auf einen Blick Allgemeine Hinweise Die folgenden Hinweise geben einen einfachen \u00dcberblick dar\u00fcber, was mit Ihren personenbezogenen Daten passiert, wenn Sie unsere Website besuchen. Personenbezogene Daten sind alle Daten, mit denen Sie pers\u00f6nlich identifiziert werden k\u00f6nnen. Ausf\u00fchrliche Informationen zum Datenschutz entnehmen Sie der nachfolgenden Datenschutzerkl\u00e4rung. 2. Datenerfassung auf dieser Website Verantwortliche Stelle [&hellip;]<\/p>\n","protected":false},"author":1,"featured_media":0,"parent":0,"menu_order":0,"comment_status":"closed","ping_status":"closed","template":"elementor_header_footer","meta":{"footnotes":""},"class_list":["post-3","page","type-page","status-publish","hentry"],"blocksy_meta":[],"_hostinger_reach_plugin_has_subscription_block":false,"_hostinger_reach_plugin_is_elementor":false,"_links":{"self":[{"href":"https:\/\/premiumthcshop.de\/en\/wp-json\/wp\/v2\/pages\/3","targetHints":{"allow":["GET"]}}],"collection":[{"href":"https:\/\/premiumthcshop.de\/en\/wp-json\/wp\/v2\/pages"}],"about":[{"href":"https:\/\/premiumthcshop.de\/en\/wp-json\/wp\/v2\/types\/page"}],"author":[{"embeddable":true,"href":"https:\/\/premiumthcshop.de\/en\/wp-json\/wp\/v2\/users\/1"}],"replies":[{"embeddable":true,"href":"https:\/\/premiumthcshop.de\/en\/wp-json\/wp\/v2\/comments?post=3"}],"version-history":[{"count":8,"href":"https:\/\/premiumthcshop.de\/en\/wp-json\/wp\/v2\/pages\/3\/revisions"}],"predecessor-version":[{"id":4253,"href":"https:\/\/premiumthcshop.de\/en\/wp-json\/wp\/v2\/pages\/3\/revisions\/4253"}],"wp:attachment":[{"href":"https:\/\/premiumthcshop.de\/en\/wp-json\/wp\/v2\/media?parent=3"}],"curies":[{"name":"wp","href":"https:\/\/api.w.org\/{rel}","templated":true}]}}