{"id":3127,"date":"2024-02-08T07:14:59","date_gmt":"2024-02-08T07:14:59","guid":{"rendered":"https:\/\/startersites.io\/elementor\/garderobe\/?page_id=3127"},"modified":"2026-04-03T14:55:47","modified_gmt":"2026-04-03T14:55:47","slug":"uber-uns","status":"publish","type":"page","link":"https:\/\/premiumthcshop.de\/en\/uber-uns\/","title":{"rendered":"About Us"},"content":{"rendered":"<div data-elementor-type=\"wp-page\" data-elementor-id=\"3127\" class=\"elementor elementor-3127\" data-elementor-post-type=\"page\">\n\t\t\t\t<div class=\"elementor-element elementor-element-2a01630 e-flex e-con-boxed e-con e-parent\" data-id=\"2a01630\" data-element_type=\"container\" data-e-type=\"container\">\n\t\t\t\t\t<div class=\"e-con-inner\">\n\t\t\t\t<div class=\"elementor-element elementor-element-8663819 elementor-widget elementor-widget-text-editor\" data-id=\"8663819\" data-element_type=\"widget\" data-e-type=\"widget\" data-widget_type=\"text-editor.default\">\n\t\t\t\t\t\t\t\t\t<h1 style=\"text-align: center;\" data-section-id=\"1v0lcfb\" data-start=\"118\" data-end=\"134\"><span role=\"text\"><strong data-start=\"120\" data-end=\"132\">About Us<\/strong><\/span><\/h1><h4 style=\"text-align: center;\" data-start=\"135\" data-end=\"181\"><strong data-start=\"135\" data-end=\"179\">Unsere Mission: Sie gl\u00fccklich zu machen!<\/strong><\/h4>\t\t\t\t\t\t\t\t<\/div>\n\t\t\t\t\t<\/div>\n\t\t\t\t<\/div>\n\t\t<div class=\"elementor-element elementor-element-cadaa32 e-flex e-con-boxed e-con e-parent\" data-id=\"cadaa32\" data-element_type=\"container\" data-e-type=\"container\">\n\t\t\t\t\t<div class=\"e-con-inner\">\n\t\t\t\t<div class=\"elementor-element elementor-element-801feeb elementor-widget elementor-widget-text-editor\" data-id=\"801feeb\" data-element_type=\"widget\" data-e-type=\"widget\" data-widget_type=\"text-editor.default\">\n\t\t\t\t\t\t\t\t\t<h4 data-start=\"183\" data-end=\"780\"><strong>Unser Versprechen<\/strong><\/h4><p data-start=\"183\" data-end=\"780\">Bei <strong data-start=\"187\" data-end=\"207\">Premium THC Shop<\/strong> setzen wir uns leidenschaftlich daf\u00fcr ein, nat\u00fcrliche, hochwertige Hanfprodukte zu bieten, die unseren Kunden Freude, Entspannung und Wohlbefinden bringen. Alle unsere Produkte sind <strong data-start=\"390\" data-end=\"465\">100 % nat\u00fcrlich, EU-zertifiziert und frei von Pestiziden und Herbiziden<\/strong>, sorgf\u00e4ltig hergestellt, um ein sicheres, konsistentes und angenehmes Erlebnis zu gew\u00e4hrleisten. Nachhaltigkeit und faire Arbeitsbedingungen stehen bei uns im Mittelpunkt, und wir \u00fcberwachen unsere Produktionsprozesse kontinuierlich, um h\u00f6chste Qualit\u00e4tsstandards zu garantieren. Denn Ihr Gl\u00fcck ist unser Erfolg.<\/p><hr data-start=\"782\" data-end=\"785\" \/><h4 data-section-id=\"1t2q6d5\" data-start=\"787\" data-end=\"807\"><span role=\"text\"><strong data-start=\"790\" data-end=\"805\">Die Gr\u00fcnder<\/strong><\/span><\/h4><p data-start=\"809\" data-end=\"1320\"><span style=\"color: #000000;\"><strong>Jakob Malkmus<\/strong><\/span><br data-start=\"826\" data-end=\"829\" \/>Als ganzheitlicher Ern\u00e4hrungsberater, Kr\u00e4uterexperte und Naturfreund glaubt Jakob an die Kraft, die Vitalit\u00e4t zu steigern und die nat\u00fcrlichen Selbstheilungskr\u00e4fte des K\u00f6rpers zu aktivieren. Getrieben von seiner Leidenschaft f\u00fcr ganzheitliche Gesundheit, hat er jahrelang sein Wissen vertieft und mit anderen geteilt. 2019 gr\u00fcndete er seine eigene Linie hochwertiger Gesundheitsprodukte und bietet diese erfolgreich im bekannten Gesch\u00e4ft <strong data-start=\"1266\" data-end=\"1288\">\u201eMalkmus Holistic\u201c<\/strong> in der Mainzer Innenstadt an.<\/p><p data-start=\"1322\" data-end=\"1669\"><strong data-start=\"1322\" data-end=\"1337\">Marvin Game<\/strong><br data-start=\"1337\" data-end=\"1340\" \/>Marvin Game, langj\u00e4hriger Kenner erstklassiger Hanfbl\u00fcten in der Musikszene, bringt seine Expertise zu Premium THC Shop ein. Er arbeitet mit Deutschlands renommiertesten und nachhaltigsten ganzheitlichen Produzenten zusammen und kooperiert stolz mit Jakob Malkmus, um Ihnen au\u00dfergew\u00f6hnliche aromatische Hanfprodukte anzubieten.<\/p>\t\t\t\t\t\t\t\t<\/div>\n\t\t\t\t\t<\/div>\n\t\t\t\t<\/div>\n\t\t\t\t<\/div>","protected":false},"excerpt":{"rendered":"<p>\u00dcber uns Unsere Mission: Sie gl\u00fccklich zu machen! Unser Versprechen Bei Premium THC Shop setzen wir uns leidenschaftlich daf\u00fcr ein, nat\u00fcrliche, hochwertige Hanfprodukte zu bieten, die unseren Kunden Freude, Entspannung und Wohlbefinden bringen. Alle unsere Produkte sind 100 % nat\u00fcrlich, EU-zertifiziert und frei von Pestiziden und Herbiziden, sorgf\u00e4ltig hergestellt, um ein sicheres, konsistentes und angenehmes [&hellip;]<\/p>\n","protected":false},"author":1,"featured_media":0,"parent":0,"menu_order":0,"comment_status":"closed","ping_status":"closed","template":"","meta":{"footnotes":""},"class_list":["post-3127","page","type-page","status-publish","hentry"],"blocksy_meta":{"has_hero_section":"disabled","vertical_spacing_source":"custom","content_area_spacing":"none","styles_descriptor":{"styles":{"desktop":"","tablet":"","mobile":""},"google_fonts":[],"version":6}},"_hostinger_reach_plugin_has_subscription_block":false,"_hostinger_reach_plugin_is_elementor":false,"_links":{"self":[{"href":"https:\/\/premiumthcshop.de\/en\/wp-json\/wp\/v2\/pages\/3127","targetHints":{"allow":["GET"]}}],"collection":[{"href":"https:\/\/premiumthcshop.de\/en\/wp-json\/wp\/v2\/pages"}],"about":[{"href":"https:\/\/premiumthcshop.de\/en\/wp-json\/wp\/v2\/types\/page"}],"author":[{"embeddable":true,"href":"https:\/\/premiumthcshop.de\/en\/wp-json\/wp\/v2\/users\/1"}],"replies":[{"embeddable":true,"href":"https:\/\/premiumthcshop.de\/en\/wp-json\/wp\/v2\/comments?post=3127"}],"version-history":[{"count":9,"href":"https:\/\/premiumthcshop.de\/en\/wp-json\/wp\/v2\/pages\/3127\/revisions"}],"predecessor-version":[{"id":4252,"href":"https:\/\/premiumthcshop.de\/en\/wp-json\/wp\/v2\/pages\/3127\/revisions\/4252"}],"wp:attachment":[{"href":"https:\/\/premiumthcshop.de\/en\/wp-json\/wp\/v2\/media?parent=3127"}],"curies":[{"name":"wp","href":"https:\/\/api.w.org\/{rel}","templated":true}]}}