{"id":3559,"date":"2026-04-02T07:21:01","date_gmt":"2026-04-02T07:21:01","guid":{"rendered":"https:\/\/premiumthcshop.de\/?page_id=3559"},"modified":"2026-04-06T07:27:31","modified_gmt":"2026-04-06T07:27:31","slug":"widerrufsrecht","status":"publish","type":"page","link":"https:\/\/premiumthcshop.de\/en\/widerrufsrecht\/","title":{"rendered":"Right of withdrawal"},"content":{"rendered":"<div data-elementor-type=\"wp-page\" data-elementor-id=\"3559\" class=\"elementor elementor-3559\" data-elementor-post-type=\"page\">\n\t\t\t\t<div class=\"elementor-element elementor-element-32ad75c e-flex e-con-boxed e-con e-parent\" data-id=\"32ad75c\" data-element_type=\"container\" data-e-type=\"container\">\n\t\t\t\t\t<div class=\"e-con-inner\">\n\t\t\t\t<div class=\"elementor-element elementor-element-d6e67a7 elementor-widget elementor-widget-text-editor\" data-id=\"d6e67a7\" data-element_type=\"widget\" data-e-type=\"widget\" data-widget_type=\"text-editor.default\">\n\t\t\t\t\t\t\t\t\t<h2 data-section-id=\"1599jpu\" data-start=\"102\" data-end=\"123\"><span role=\"text\"><strong data-start=\"105\" data-end=\"123\">Right of withdrawal<\/strong><\/span><\/h2><h3 data-section-id=\"sp6psn\" data-start=\"125\" data-end=\"160\"><span role=\"text\"><strong data-start=\"129\" data-end=\"160\">1. Allgemeine Informationen<\/strong><\/span><\/h3><p data-start=\"162\" data-end=\"418\">Verbraucher haben bei Abschluss eines Fernabsatzvertrags grunds\u00e4tzlich ein gesetzliches Widerrufsrecht. Die Einzelheiten hierzu sind nachfolgend aufgef\u00fchrt. Ausnahmen sind in Abschnitt (2) geregelt. Ein Muster-Widerrufsformular finden Sie in Abschnitt (3).<\/p><hr data-start=\"420\" data-end=\"423\" \/><h2 data-section-id=\"1can38y\" data-start=\"425\" data-end=\"450\"><span role=\"text\"><strong data-start=\"428\" data-end=\"450\">Widerrufsbelehrung<\/strong><\/span><\/h2><h3 data-section-id=\"1u5bs4x\" data-start=\"452\" data-end=\"474\"><span role=\"text\"><strong data-start=\"456\" data-end=\"474\">Right of withdrawal<\/strong><\/span><\/h3><p data-start=\"476\" data-end=\"581\">Sie haben das Recht, binnen <strong data-start=\"504\" data-end=\"527\">vierzehn (14) Tagen<\/strong> ohne Angabe von Gr\u00fcnden diesen Vertrag zu widerrufen.<\/p><p data-start=\"583\" data-end=\"743\">Die Widerrufsfrist betr\u00e4gt 14 Tage ab dem Tag, an dem Sie oder ein von Ihnen benannter Dritter (der nicht der Bef\u00f6rderer ist) die Ware in Besitz genommen haben.<\/p><p data-start=\"745\" data-end=\"806\">Um Ihr Widerrufsrecht auszu\u00fcben, m\u00fcssen Sie uns kontaktieren:<\/p><p data-start=\"808\" data-end=\"892\"><strong data-start=\"808\" data-end=\"828\">Premium THC Shop<\/strong><br data-start=\"828\" data-end=\"831\" \/>E-Mail: <a class=\"decorated-link cursor-pointer\" href=\"mailto:sales@premiumthcshop.de\" rel=\"noopener\" data-start=\"839\" data-end=\"862\">sales@premiumthcshop.de<\/a><br data-start=\"862\" data-end=\"865\" \/>WhatsApp: <a href=\"https:\/\/wa.link\/v9s1po\">+49 15781082067<\/a><\/p><p data-start=\"894\" data-end=\"1152\">mittels einer eindeutigen Erkl\u00e4rung (z. B. per E-Mail oder Nachricht), in der Sie uns \u00fcber Ihren Entschluss informieren, diesen Vertrag zu widerrufen. Sie k\u00f6nnen daf\u00fcr das untenstehende Muster-Widerrufsformular verwenden, dies ist jedoch nicht verpflichtend.<\/p><p data-start=\"1154\" data-end=\"1255\">Zur Wahrung der Widerrufsfrist reicht es aus, dass Sie Ihre Mitteilung vor Ablauf der Frist absenden.<\/p><hr data-start=\"1257\" data-end=\"1260\" \/><h2 data-section-id=\"1w25efh\" data-start=\"1262\" data-end=\"1289\"><span role=\"text\"><strong data-start=\"1265\" data-end=\"1289\">R\u00fccksendung &amp; Kosten<\/strong><\/span><\/h2><p data-start=\"1291\" data-end=\"1440\">Wenn Sie eine R\u00fccksendung veranlassen m\u00f6chten, kontaktieren Sie bitte zun\u00e4chst unseren Support. Wir stellen Ihnen ein R\u00fccksendeetikett zur Verf\u00fcgung.<\/p><ul data-start=\"1442\" data-end=\"1630\"><li data-section-id=\"1qq3lea\" data-start=\"1442\" data-end=\"1522\">Eine R\u00fccksendegeb\u00fchr von <strong data-start=\"1469\" data-end=\"1479\">5,99 \u20ac<\/strong> wird von Ihrer R\u00fcckerstattung abgezogen.<\/li><li data-section-id=\"17ub4l8\" data-start=\"1523\" data-end=\"1630\">R\u00fccksendungen ohne unser bereitgestelltes R\u00fccksendeetikett k\u00f6nnen nicht bearbeitet oder erstattet werden.<\/li><\/ul><p data-start=\"1632\" data-end=\"1717\">Alle Artikel m\u00fcssen vollst\u00e4ndig und in ordnungsgem\u00e4\u00dfem Zustand zur\u00fcckgesendet werden.<\/p><hr data-start=\"1719\" data-end=\"1722\" \/><h2 data-section-id=\"adccgx\" data-start=\"1724\" data-end=\"1751\"><span role=\"text\"><strong data-start=\"1727\" data-end=\"1751\">Folgen des Widerrufs<\/strong><\/span><\/h2><p data-start=\"1753\" data-end=\"2093\">Wenn Sie diesen Vertrag widerrufen, erstatten wir Ihnen alle erhaltenen Zahlungen einschlie\u00dflich der Standard-Lieferkosten (mit Ausnahme zus\u00e4tzlicher Kosten, die durch eine von Ihnen gew\u00e4hlte, teurere Versandart entstanden sind) unverz\u00fcglich und sp\u00e4testens binnen 14 Tagen ab dem Tag, an dem Ihre Widerrufserkl\u00e4rung bei uns eingegangen ist.<\/p><p data-start=\"2095\" data-end=\"2301\">Die R\u00fcckzahlung erfolgt \u00fcber dasselbe Zahlungsmittel, das Sie bei der urspr\u00fcnglichen Transaktion verwendet haben, sofern nichts anderes vereinbart wurde. Ihnen entstehen dadurch keine zus\u00e4tzlichen Geb\u00fchren.<\/p><p data-start=\"2303\" data-end=\"2502\">Wir behalten uns vor, die R\u00fcckzahlung zu verweigern, bis wir die Ware zur\u00fcckerhalten haben oder Sie einen Nachweis \u00fcber die R\u00fccksendung erbracht haben \u2013 je nachdem, welcher Zeitpunkt fr\u00fcher eintritt.<\/p><p data-start=\"2504\" data-end=\"2631\">Sie sind verpflichtet, die Ware unverz\u00fcglich und sp\u00e4testens binnen 14 Tagen nach Erkl\u00e4rung des Widerrufs an uns zur\u00fcckzusenden.<\/p><p data-start=\"2633\" data-end=\"2685\">Sie tragen die unmittelbaren Kosten der R\u00fccksendung.<\/p><p data-start=\"2687\" data-end=\"2886\">F\u00fcr einen etwaigen Wertverlust der Waren m\u00fcssen Sie nur aufkommen, wenn dieser durch einen Umgang entstanden ist, der \u00fcber die Pr\u00fcfung der Beschaffenheit, Eigenschaften und Funktionsweise hinausgeht.<\/p><hr data-start=\"2888\" data-end=\"2891\" \/><h2 data-section-id=\"7av1l\" data-start=\"2893\" data-end=\"2933\"><span role=\"text\"><strong data-start=\"2896\" data-end=\"2933\">2. Ausschluss des Widerrufsrechts<\/strong><\/span><\/h2><p data-start=\"2935\" data-end=\"2972\">Das Widerrufsrecht besteht nicht bei:<\/p><ul data-start=\"2974\" data-end=\"3145\"><li data-section-id=\"18nrmo9\" data-start=\"2974\" data-end=\"3145\">Versiegelten Waren, die aus Gr\u00fcnden des Gesundheitsschutzes oder der Hygiene nicht zur R\u00fcckgabe geeignet sind, sofern die Versiegelung nach der Lieferung entfernt wurde.<\/li><\/ul><hr data-start=\"3147\" data-end=\"3150\" \/><h2 data-section-id=\"18eg64e\" data-start=\"3152\" data-end=\"3186\"><span role=\"text\"><strong data-start=\"3155\" data-end=\"3186\">3. Muster-Widerrufsformular<\/strong><\/span><\/h2><p data-start=\"3188\" data-end=\"3293\">(Wenn Sie den Vertrag widerrufen m\u00f6chten, f\u00fcllen Sie bitte dieses Formular aus und senden Sie es zur\u00fcck.)<\/p><p data-start=\"3295\" data-end=\"3385\"><strong data-start=\"3295\" data-end=\"3302\">An:<\/strong><br data-start=\"3302\" data-end=\"3305\" \/>Premium THC Shop<br data-start=\"3321\" data-end=\"3324\" \/>E-Mail: <a class=\"decorated-link cursor-pointer\" href=\"mailto:sales@premiumthcshop.de\" rel=\"noopener\" data-start=\"3332\" data-end=\"3355\">sales@premiumthcshop.de<\/a><br data-start=\"3355\" data-end=\"3358\" \/>WhatsApp: <a href=\"https:\/\/wa.link\/v9s1po\">+49 15781082067<\/a><\/p><p data-start=\"3387\" data-end=\"3544\">Hiermit widerrufe(n) ich\/wir (<em data-start=\"3417\" data-end=\"3438\">) den von mir\/uns (<\/em>) abgeschlossenen Vertrag \u00fcber den Kauf der folgenden Waren \/ die Erbringung der folgenden Dienstleistung:<\/p><ul data-start=\"3546\" data-end=\"3711\"><li data-section-id=\"fh3dh7\" data-start=\"3546\" data-end=\"3583\">Bestellt am (<em data-start=\"3561\" data-end=\"3580\">) \/ erhalten am (<\/em>)<\/li><li data-section-id=\"z9mcx6\" data-start=\"3584\" data-end=\"3615\">Name des\/der Verbraucher(s)<\/li><li data-section-id=\"14yq0xf\" data-start=\"3616\" data-end=\"3652\">Anschrift des\/der Verbraucher(s)<\/li><li data-section-id=\"kgx6j6\" data-start=\"3653\" data-end=\"3701\">Unterschrift (nur bei Mitteilung auf Papier)<\/li><li data-section-id=\"1q5emsh\" data-start=\"3702\" data-end=\"3711\">Datum<\/li><\/ul><p data-start=\"3713\" data-end=\"3741\">(*) Unzutreffendes streichen<\/p>\t\t\t\t\t\t\t\t<\/div>\n\t\t\t\t\t<\/div>\n\t\t\t\t<\/div>\n\t\t\t\t<\/div>","protected":false},"excerpt":{"rendered":"<p>Widerrufsrecht 1. Allgemeine Informationen Verbraucher haben bei Abschluss eines Fernabsatzvertrags grunds\u00e4tzlich ein gesetzliches Widerrufsrecht. Die Einzelheiten hierzu sind nachfolgend aufgef\u00fchrt. Ausnahmen sind in Abschnitt (2) geregelt. Ein Muster-Widerrufsformular finden Sie in Abschnitt (3). Widerrufsbelehrung Widerrufsrecht Sie haben das Recht, binnen vierzehn (14) Tagen ohne Angabe von Gr\u00fcnden diesen Vertrag zu widerrufen. Die Widerrufsfrist betr\u00e4gt 14 [&hellip;]<\/p>\n","protected":false},"author":1,"featured_media":0,"parent":0,"menu_order":0,"comment_status":"closed","ping_status":"closed","template":"elementor_header_footer","meta":{"footnotes":""},"class_list":["post-3559","page","type-page","status-publish","hentry"],"blocksy_meta":[],"_hostinger_reach_plugin_has_subscription_block":false,"_hostinger_reach_plugin_is_elementor":false,"_links":{"self":[{"href":"https:\/\/premiumthcshop.de\/en\/wp-json\/wp\/v2\/pages\/3559","targetHints":{"allow":["GET"]}}],"collection":[{"href":"https:\/\/premiumthcshop.de\/en\/wp-json\/wp\/v2\/pages"}],"about":[{"href":"https:\/\/premiumthcshop.de\/en\/wp-json\/wp\/v2\/types\/page"}],"author":[{"embeddable":true,"href":"https:\/\/premiumthcshop.de\/en\/wp-json\/wp\/v2\/users\/1"}],"replies":[{"embeddable":true,"href":"https:\/\/premiumthcshop.de\/en\/wp-json\/wp\/v2\/comments?post=3559"}],"version-history":[{"count":10,"href":"https:\/\/premiumthcshop.de\/en\/wp-json\/wp\/v2\/pages\/3559\/revisions"}],"predecessor-version":[{"id":4256,"href":"https:\/\/premiumthcshop.de\/en\/wp-json\/wp\/v2\/pages\/3559\/revisions\/4256"}],"wp:attachment":[{"href":"https:\/\/premiumthcshop.de\/en\/wp-json\/wp\/v2\/media?parent=3559"}],"curies":[{"name":"wp","href":"https:\/\/api.w.org\/{rel}","templated":true}]}}