{"id":3703,"date":"2026-04-03T08:00:21","date_gmt":"2026-04-03T08:00:21","guid":{"rendered":"https:\/\/premiumthcshop.de\/?post_type=product&#038;p=3703"},"modified":"2026-04-03T08:06:55","modified_gmt":"2026-04-03T08:06:55","slug":"static-hash-50-superior","status":"publish","type":"product","link":"https:\/\/premiumthcshop.de\/en\/product\/static-hash-50-superior\/","title":{"rendered":"Static Hash &#8211; 50% Superior"},"content":{"rendered":"<p data-start=\"57\" data-end=\"431\">Bei <strong data-start=\"61\" data-end=\"81\">Premium THC Shop<\/strong> steht Static Hash \u2013 50% Superior f\u00fcr pure Intensit\u00e4t in Aroma und Geschmack. Die harzreichen St\u00fccke entfalten beim Erhitzen ein komplexes Profil mit erdigen und leicht holzigen Noten, erg\u00e4nzt durch feine Nuancen von Pfeffer und frischen Kr\u00e4utern \u2013 ideal f\u00fcr alle, die einen tiefen, charakterstarken Geschmack sch\u00e4tzen und keine Kompromisse eingehen.<\/p>\n<p data-start=\"433\" data-end=\"760\" data-is-last-node=\"\" data-is-only-node=\"\">Mit einem \u00fcberlegenen Gehalt von 50% bietet dieses Haschisch ein besonders intensives Erlebnis f\u00fcr besondere Momente. Static Hash erm\u00f6glicht es dir, deine Auszeit bewusster zu genie\u00dfen, dem Alltag kurz zu entfliehen und dein Geschmackserlebnis auf ein neues Level zu heben \u2013 direkt, kraftvoll und genau so, wie du es erwartest.<\/p>","protected":false},"excerpt":{"rendered":"<p>G\u00f6nn dir intensive Auszeit mit krass tiefem Geschmackserlebnis.<\/p>","protected":false},"featured_media":3682,"comment_status":"open","ping_status":"closed","template":"","meta":[],"product_brand":[],"product_cat":[25],"product_tag":[],"class_list":{"0":"post-3703","1":"product","2":"type-product","3":"status-publish","4":"has-post-thumbnail","6":"product_cat-haschisch","8":"first","9":"instock","10":"shipping-taxable","11":"purchasable","12":"product-type-variable"},"_links":{"self":[{"href":"https:\/\/premiumthcshop.de\/en\/wp-json\/wp\/v2\/product\/3703","targetHints":{"allow":["GET"]}}],"collection":[{"href":"https:\/\/premiumthcshop.de\/en\/wp-json\/wp\/v2\/product"}],"about":[{"href":"https:\/\/premiumthcshop.de\/en\/wp-json\/wp\/v2\/types\/product"}],"replies":[{"embeddable":true,"href":"https:\/\/premiumthcshop.de\/en\/wp-json\/wp\/v2\/comments?post=3703"}],"wp:featuredmedia":[{"embeddable":true,"href":"https:\/\/premiumthcshop.de\/en\/wp-json\/wp\/v2\/media\/3682"}],"wp:attachment":[{"href":"https:\/\/premiumthcshop.de\/en\/wp-json\/wp\/v2\/media?parent=3703"}],"wp:term":[{"taxonomy":"product_brand","embeddable":true,"href":"https:\/\/premiumthcshop.de\/en\/wp-json\/wp\/v2\/product_brand?post=3703"},{"taxonomy":"product_cat","embeddable":true,"href":"https:\/\/premiumthcshop.de\/en\/wp-json\/wp\/v2\/product_cat?post=3703"},{"taxonomy":"product_tag","embeddable":true,"href":"https:\/\/premiumthcshop.de\/en\/wp-json\/wp\/v2\/product_tag?post=3703"}],"curies":[{"name":"wp","href":"https:\/\/api.w.org\/{rel}","templated":true}]}}