{"id":3713,"date":"2026-04-03T08:15:31","date_gmt":"2026-04-03T08:15:31","guid":{"rendered":"https:\/\/premiumthcshop.de\/?post_type=product&#038;p=3713"},"modified":"2026-04-03T08:15:31","modified_gmt":"2026-04-03T08:15:31","slug":"moroccan-thc-31","status":"publish","type":"product","link":"https:\/\/premiumthcshop.de\/en\/product\/moroccan-thc-31\/","title":{"rendered":"Moroccan THC 31%"},"content":{"rendered":"<section class=\"text-token-text-primary w-full focus:outline-none [--shadow-height:45px] has-data-writing-block:pointer-events-none has-data-writing-block:-mt-(--shadow-height) has-data-writing-block:pt-(--shadow-height) [&amp;:has([data-writing-block])&gt;*]:pointer-events-auto scroll-mt-(--header-height)\" dir=\"auto\" data-turn-id=\"d0ecf3c4-e312-4dad-93c3-572620872480\" data-testid=\"conversation-turn-5\" data-scroll-anchor=\"false\" data-turn=\"user\"><\/section>\n<section class=\"text-token-text-primary w-full focus:outline-none [--shadow-height:45px] has-data-writing-block:pointer-events-none has-data-writing-block:-mt-(--shadow-height) has-data-writing-block:pt-(--shadow-height) [&amp;:has([data-writing-block])&gt;*]:pointer-events-auto scroll-mt-[calc(var(--header-height)+min(200px,max(70px,20svh)))]\" dir=\"auto\" data-turn-id=\"request-69ce63a0-f888-832b-8c85-0099dd923f29-3\" data-testid=\"conversation-turn-6\" data-scroll-anchor=\"true\" data-turn=\"assistant\">\n<div class=\"text-base my-auto mx-auto pb-10 [--thread-content-margin:var(--thread-content-margin-xs,calc(var(--spacing)*4))] @w-sm\/main:[--thread-content-margin:var(--thread-content-margin-sm,calc(var(--spacing)*6))] @w-lg\/main:[--thread-content-margin:var(--thread-content-margin-lg,calc(var(--spacing)*16))] px-(--thread-content-margin)\">\n<div class=\"[--thread-content-max-width:40rem] @w-lg\/main:[--thread-content-max-width:48rem] mx-auto max-w-(--thread-content-max-width) flex-1 group\/turn-messages focus-visible:outline-hidden relative flex w-full min-w-0 flex-col agent-turn\">\n<div class=\"flex max-w-full flex-col gap-4 grow\">\n<div class=\"min-h-8 text-message relative flex w-full flex-col items-end gap-2 text-start break-words whitespace-normal outline-none keyboard-focused:focus-ring [.text-message+&amp;]:mt-1\" dir=\"auto\" tabindex=\"0\" data-message-author-role=\"assistant\" data-message-id=\"e99db9f7-6808-42e2-a4a2-8a86e47d693c\" data-message-model-slug=\"gpt-5-3\" data-turn-start-message=\"true\">\n<div class=\"flex w-full flex-col gap-1 empty:hidden\">\n<div class=\"markdown prose dark:prose-invert w-full wrap-break-word light markdown-new-styling\">\n<h3 data-section-id=\"66db1\" data-start=\"0\" data-end=\"43\"><span role=\"text\"><strong data-start=\"4\" data-end=\"43\">Moroccan THC 31% \u2013 Premium THC Shop<\/strong><\/span><\/h3>\n<p data-start=\"45\" data-end=\"423\"><strong data-start=\"45\" data-end=\"73\">\u00dcber Moroccan Style Hash<\/strong><br data-start=\"73\" data-end=\"76\" \/>Premium THC Shop pr\u00e4sentiert mit <em data-start=\"109\" data-end=\"127\">Moroccan THC 31%<\/em> eine Hommage an das klassische marokkanische Haschisch. Inspiriert von den traditionellen, gepressten Haschbl\u00f6cken aus Marokko, vereint dieses Produkt nostalgischen Charme mit moderner Premium-Qualit\u00e4t. Die Optik, Haptik und das gesamte Erlebnis erinnern an die goldene \u00c4ra hochwertiger Importe.<\/p>\n<hr data-start=\"425\" data-end=\"428\" \/>\n<h3 data-section-id=\"vckgze\" data-start=\"430\" data-end=\"459\"><span role=\"text\"><strong data-start=\"434\" data-end=\"457\">Produktbeschreibung<\/strong><\/span><\/h3>\n<p data-start=\"460\" data-end=\"731\">Erleben Sie den authentischen Charakter von Moroccan Style Hash neu interpretiert. <em data-start=\"543\" data-end=\"561\">Moroccan THC 31%<\/em> bietet ein intensives, aromatisches Erlebnis mit einer ausgewogenen und langanhaltenden Wirkung. Perfekt geeignet zum Entspannen \u2013 ob alleine oder in geselliger Runde.<\/p>\n<p data-start=\"733\" data-end=\"838\">Die praktische Menge sorgt daf\u00fcr, dass Sie stets die ideale Portion f\u00fcr jeden Anlass zur Verf\u00fcgung haben.<\/p>\n<hr data-start=\"840\" data-end=\"843\" \/>\n<h3 data-section-id=\"zyjow8\" data-start=\"845\" data-end=\"872\"><span role=\"text\"><strong data-start=\"849\" data-end=\"870\">Aussehen &amp; Textur<\/strong><\/span><\/h3>\n<p data-start=\"873\" data-end=\"1249\">Dieses Hasch besticht durch seine tiefbraune Farbe, die typisch f\u00fcr klassisches marokkanisches Haschisch ist. Die Konsistenz ist fest, aber dennoch geschmeidig, wodurch es sich leicht verarbeiten l\u00e4sst. Gegen das Licht gehalten, zeigt sich ein dezenter Glanz \u2013 ein klares Zeichen f\u00fcr Reinheit und Qualit\u00e4t. Die gleichm\u00e4\u00dfige Struktur unterstreicht die hochwertige Verarbeitung.<\/p>\n<hr data-start=\"1251\" data-end=\"1254\" \/>\n<h3 data-section-id=\"1u4c06u\" data-start=\"1256\" data-end=\"1271\"><span role=\"text\"><strong data-start=\"1260\" data-end=\"1269\">Aroma<\/strong><\/span><\/h3>\n<p data-start=\"1272\" data-end=\"1376\">Tauchen Sie ein in ein faszinierendes Duftprofil, das an traditionelles marokkanisches Hasch erinnert.<\/p>\n<ul data-start=\"1377\" data-end=\"1461\">\n<li data-section-id=\"16simcg\" data-start=\"1377\" data-end=\"1405\">W\u00fcrzige, exotische Noten<\/li>\n<li data-section-id=\"1qa6yox\" data-start=\"1406\" data-end=\"1433\">Warme, erdige Untert\u00f6ne<\/li>\n<li data-section-id=\"1i9o258\" data-start=\"1434\" data-end=\"1461\">Dezente florale Akzente<\/li>\n<\/ul>\n<p data-start=\"1463\" data-end=\"1594\">Beim Zerkleinern entfalten sich tiefere Holz- und Gew\u00fcrznoten, die ein intensives und zugleich nostalgisches Dufterlebnis schaffen.<\/p>\n<hr data-start=\"1596\" data-end=\"1599\" \/>\n<h3 data-section-id=\"13bpql4\" data-start=\"1601\" data-end=\"1620\"><span role=\"text\"><strong data-start=\"1605\" data-end=\"1618\">Geschmack<\/strong><\/span><\/h3>\n<p data-start=\"1621\" data-end=\"1688\">Jeder Zug liefert einen vollmundigen, klassischen Haschgeschmack:<\/p>\n<ul data-start=\"1689\" data-end=\"1788\">\n<li data-section-id=\"pkif6w\" data-start=\"1689\" data-end=\"1713\">Sanft und ausgewogen<\/li>\n<li data-section-id=\"g78uu7\" data-start=\"1714\" data-end=\"1742\">W\u00fcrzig und leicht floral<\/li>\n<li data-section-id=\"1vwhsbi\" data-start=\"1743\" data-end=\"1788\">Mit angenehmen, erdigen Nuancen im Abgang<\/li>\n<\/ul>\n<p data-start=\"1790\" data-end=\"1878\">Ein Geschmackserlebnis, das lange auf der Zunge bleibt und jede Session besonders macht.<\/p>\n<hr data-start=\"1880\" data-end=\"1883\" \/>\n<h3 data-section-id=\"13yu5wd\" data-start=\"1885\" data-end=\"1902\"><span role=\"text\"><strong data-start=\"1889\" data-end=\"1900\">Wirkung<\/strong><\/span><\/h3>\n<p data-start=\"1903\" data-end=\"2043\"><em data-start=\"1903\" data-end=\"1921\">Moroccan THC 31%<\/em> sorgt f\u00fcr ein tief entspannendes K\u00f6rpergef\u00fchl, kombiniert mit einem angenehm klaren, aber dennoch euphorischen Mindset.<\/p>\n<ul data-start=\"2045\" data-end=\"2132\">\n<li data-section-id=\"153jcun\" data-start=\"2045\" data-end=\"2066\">Tiefenentspannend<\/li>\n<li data-section-id=\"10y3p0a\" data-start=\"2067\" data-end=\"2098\">Ausgleichend und beruhigend<\/li>\n<li data-section-id=\"oi0vfa\" data-start=\"2099\" data-end=\"2132\">Klassisches \u201eOld-School\u201c-High<\/li>\n<\/ul>\n<p data-start=\"2134\" data-end=\"2177\">Ideal zum Abschalten nach einem langen Tag.<\/p>\n<hr data-start=\"2179\" data-end=\"2182\" \/>\n<h3 data-section-id=\"1h9hqnb\" data-start=\"2184\" data-end=\"2206\"><span role=\"text\"><strong data-start=\"2188\" data-end=\"2206\">Produktdetails<\/strong><\/span><\/h3>\n<div class=\"TyagGW_tableContainer\">\n<div class=\"group TyagGW_tableWrapper flex flex-col-reverse w-fit\" tabindex=\"-1\">\n<table class=\"w-fit min-w-(--thread-content-width)\" data-start=\"2208\" data-end=\"2579\">\n<thead data-start=\"2208\" data-end=\"2257\">\n<tr data-start=\"2208\" data-end=\"2257\">\n<th class=\"\" data-start=\"2208\" data-end=\"2229\" data-col-size=\"sm\">Eigenschaft<\/th>\n<th class=\"\" data-start=\"2229\" data-end=\"2257\" data-col-size=\"sm\">Details<\/th>\n<\/tr>\n<\/thead>\n<tbody data-start=\"2304\" data-end=\"2579\">\n<tr data-start=\"2304\" data-end=\"2349\">\n<td data-start=\"2304\" data-end=\"2323\" data-col-size=\"sm\">Produktname<\/td>\n<td data-col-size=\"sm\" data-start=\"2323\" data-end=\"2349\">Moroccan THC 31%<\/td>\n<\/tr>\n<tr data-start=\"2350\" data-end=\"2395\">\n<td data-start=\"2350\" data-end=\"2369\" data-col-size=\"sm\">THC-Gehalt<\/td>\n<td data-col-size=\"sm\" data-start=\"2369\" data-end=\"2395\">31%<\/td>\n<\/tr>\n<tr data-start=\"2396\" data-end=\"2441\">\n<td data-start=\"2396\" data-end=\"2415\" data-col-size=\"sm\">Herkunftsstil<\/td>\n<td data-col-size=\"sm\" data-start=\"2415\" data-end=\"2441\">Marokkanischer Stil<\/td>\n<\/tr>\n<tr data-start=\"2442\" data-end=\"2487\">\n<td data-start=\"2442\" data-end=\"2461\" data-col-size=\"sm\">Menge<\/td>\n<td data-col-size=\"sm\" data-start=\"2461\" data-end=\"2487\">3 Gramm<\/td>\n<\/tr>\n<tr data-start=\"2488\" data-end=\"2533\">\n<td data-start=\"2488\" data-end=\"2507\" data-col-size=\"sm\">Konsistenz<\/td>\n<td data-col-size=\"sm\" data-start=\"2507\" data-end=\"2533\">Fest &amp; geschmeidig<\/td>\n<\/tr>\n<tr data-start=\"2534\" data-end=\"2579\">\n<td data-start=\"2534\" data-end=\"2553\" data-col-size=\"sm\">Farbe<\/td>\n<td data-col-size=\"sm\" data-start=\"2553\" data-end=\"2579\">Tiefbraun<\/td>\n<\/tr>\n<\/tbody>\n<\/table>\n<\/div>\n<\/div>\n<hr data-start=\"2581\" data-end=\"2584\" \/>\n<h3 data-section-id=\"47zo5s\" data-start=\"2586\" data-end=\"2606\"><span role=\"text\"><strong data-start=\"2590\" data-end=\"2606\">Terpenprofil<\/strong><\/span><\/h3>\n<div class=\"TyagGW_tableContainer\">\n<div class=\"group TyagGW_tableWrapper flex flex-col-reverse w-fit\" tabindex=\"-1\">\n<table class=\"w-fit min-w-(--thread-content-width)\" data-start=\"2608\" data-end=\"2738\">\n<thead data-start=\"2608\" data-end=\"2634\">\n<tr data-start=\"2608\" data-end=\"2634\">\n<th class=\"\" data-start=\"2608\" data-end=\"2624\" data-col-size=\"sm\">Terpen<\/th>\n<th class=\"\" data-start=\"2624\" data-end=\"2634\" data-col-size=\"sm\">Anteil<\/th>\n<\/tr>\n<\/thead>\n<tbody data-start=\"2661\" data-end=\"2738\">\n<tr data-start=\"2661\" data-end=\"2686\">\n<td data-start=\"2661\" data-end=\"2676\" data-col-size=\"sm\">Caryophyllen<\/td>\n<td data-col-size=\"sm\" data-start=\"2676\" data-end=\"2686\">0.49%<\/td>\n<\/tr>\n<tr data-start=\"2687\" data-end=\"2712\">\n<td data-start=\"2687\" data-end=\"2702\" data-col-size=\"sm\">Humulen<\/td>\n<td data-col-size=\"sm\" data-start=\"2702\" data-end=\"2712\">0.19%<\/td>\n<\/tr>\n<tr data-start=\"2713\" data-end=\"2738\">\n<td data-start=\"2713\" data-end=\"2728\" data-col-size=\"sm\">Bisabolol<\/td>\n<td data-start=\"2728\" data-end=\"2738\" data-col-size=\"sm\">0.14%<\/td>\n<\/tr>\n<\/tbody>\n<\/table>\n<\/div>\n<\/div>\n<hr data-start=\"2740\" data-end=\"2743\" \/>\n<h3 data-section-id=\"fu5wj5\" data-start=\"2745\" data-end=\"2783\"><span role=\"text\"><strong data-start=\"2749\" data-end=\"2783\">Warum Moroccan THC 31% w\u00e4hlen?<\/strong><\/span><\/h3>\n<ul data-start=\"2784\" data-end=\"2966\">\n<li data-section-id=\"1usn4n7\" data-start=\"2784\" data-end=\"2821\">Authentischer marokkanischer Stil<\/li>\n<li data-section-id=\"h5nb9z\" data-start=\"2822\" data-end=\"2848\">Hoher THC-Gehalt (31%)<\/li>\n<li data-section-id=\"1d8b9mw\" data-start=\"2849\" data-end=\"2884\">Premium-Qualit\u00e4t &amp; Verarbeitung<\/li>\n<li data-section-id=\"n4vhzh\" data-start=\"2885\" data-end=\"2929\">Intensives Aroma- und Geschmackserlebnis<\/li>\n<li data-section-id=\"od38at\" data-start=\"2930\" data-end=\"2966\">Perfekt f\u00fcr Entspannung &amp; Genuss<\/li>\n<\/ul>\n<\/div>\n<\/div>\n<\/div>\n<\/div>\n<\/div>\n<\/div>\n<\/section>\n","protected":false},"excerpt":{"rendered":"<p>Moroccan THC 31% \u2013 Premium THC Shop \u00dcber Moroccan Style HashPremium THC Shop pr\u00e4sentiert mit Moroccan THC 31% eine Hommage an das klassische marokkanische Haschisch. Inspiriert von den traditionellen, gepressten Haschbl\u00f6cken aus Marokko, vereint dieses Produkt nostalgischen Charme mit moderner Premium-Qualit\u00e4t. Die Optik, Haptik und das gesamte Erlebnis erinnern an die goldene \u00c4ra hochwertiger Importe. [&hellip;]<\/p>\n","protected":false},"featured_media":3679,"comment_status":"open","ping_status":"closed","template":"","meta":[],"product_brand":[],"product_cat":[25],"product_tag":[],"class_list":{"0":"post-3713","1":"product","2":"type-product","3":"status-publish","4":"has-post-thumbnail","6":"product_cat-haschisch","8":"first","9":"instock","10":"shipping-taxable","11":"purchasable","12":"product-type-variable"},"_links":{"self":[{"href":"https:\/\/premiumthcshop.de\/en\/wp-json\/wp\/v2\/product\/3713","targetHints":{"allow":["GET"]}}],"collection":[{"href":"https:\/\/premiumthcshop.de\/en\/wp-json\/wp\/v2\/product"}],"about":[{"href":"https:\/\/premiumthcshop.de\/en\/wp-json\/wp\/v2\/types\/product"}],"replies":[{"embeddable":true,"href":"https:\/\/premiumthcshop.de\/en\/wp-json\/wp\/v2\/comments?post=3713"}],"wp:featuredmedia":[{"embeddable":true,"href":"https:\/\/premiumthcshop.de\/en\/wp-json\/wp\/v2\/media\/3679"}],"wp:attachment":[{"href":"https:\/\/premiumthcshop.de\/en\/wp-json\/wp\/v2\/media?parent=3713"}],"wp:term":[{"taxonomy":"product_brand","embeddable":true,"href":"https:\/\/premiumthcshop.de\/en\/wp-json\/wp\/v2\/product_brand?post=3713"},{"taxonomy":"product_cat","embeddable":true,"href":"https:\/\/premiumthcshop.de\/en\/wp-json\/wp\/v2\/product_cat?post=3713"},{"taxonomy":"product_tag","embeddable":true,"href":"https:\/\/premiumthcshop.de\/en\/wp-json\/wp\/v2\/product_tag?post=3713"}],"curies":[{"name":"wp","href":"https:\/\/api.w.org\/{rel}","templated":true}]}}