{"id":3719,"date":"2026-04-03T08:45:10","date_gmt":"2026-04-03T08:45:10","guid":{"rendered":"https:\/\/premiumthcshop.de\/?post_type=product&#038;p=3719"},"modified":"2026-04-03T08:45:10","modified_gmt":"2026-04-03T08:45:10","slug":"devour-watermelon-slices-1-500mg","status":"publish","type":"product","link":"https:\/\/premiumthcshop.de\/en\/product\/devour-watermelon-slices-1-500mg\/","title":{"rendered":"DeVour Watermelon Slices \u2013 1.500mg"},"content":{"rendered":"<p data-start=\"91\" data-end=\"413\">Entdecke mit den <strong data-start=\"108\" data-end=\"144\">DeVour Watermelon Slices 1.500mg<\/strong> ein intensives THC-Erlebnis kombiniert mit dem erfrischenden Geschmack saftiger Wassermelone. Die Marke DeVour steht f\u00fcr hochwertige, geschmackvolle Edibles, die klassische S\u00fc\u00dfigkeiten neu interpretieren und dabei ein starkes, zuverl\u00e4ssiges Cannabis-Erlebnis bieten.<\/p>\n<p data-start=\"415\" data-end=\"764\">Diese leckeren Fruchtgummis wecken nostalgische Erinnerungen an Kindheitss\u00fc\u00dfigkeiten, w\u00e4hrend sie gleichzeitig eine kraftvolle Wirkung entfalten. Mit insgesamt <strong data-start=\"575\" data-end=\"603\">1.500 mg THC pro Packung<\/strong> sind sie besonders bei erfahrenen Konsumenten beliebt, die Entspannung suchen oder einfach abschalten m\u00f6chten \u2013 perfekt f\u00fcr gem\u00fctliche Abende oder Filmn\u00e4chte.<\/p>\n<hr data-start=\"766\" data-end=\"769\" \/>\n<h3 data-section-id=\"1h9hqnb\" data-start=\"771\" data-end=\"793\"><span role=\"text\"><strong data-start=\"775\" data-end=\"793\">Produktdetails<\/strong><\/span><\/h3>\n<div class=\"TyagGW_tableContainer\">\n<div class=\"group TyagGW_tableWrapper flex flex-col-reverse w-fit\" tabindex=\"-1\">\n<table class=\"w-fit min-w-(--thread-content-width)\" data-start=\"795\" data-end=\"1121\">\n<thead data-start=\"795\" data-end=\"832\">\n<tr data-start=\"795\" data-end=\"832\">\n<th class=\"\" data-start=\"795\" data-end=\"816\" data-col-size=\"sm\">Eigenschaft<\/th>\n<th class=\"\" data-start=\"816\" data-end=\"832\" data-col-size=\"sm\">Beschreibung<\/th>\n<\/tr>\n<\/thead>\n<tbody data-start=\"869\" data-end=\"1121\">\n<tr data-start=\"869\" data-end=\"927\">\n<td data-start=\"869\" data-end=\"889\" data-col-size=\"sm\"><strong data-start=\"871\" data-end=\"885\">Produktart<\/strong><\/td>\n<td data-col-size=\"sm\" data-start=\"889\" data-end=\"927\">THC-infused Edibles (Fruchtgummis)<\/td>\n<\/tr>\n<tr data-start=\"928\" data-end=\"972\">\n<td data-start=\"928\" data-end=\"948\" data-col-size=\"sm\"><strong data-start=\"930\" data-end=\"944\">THC-Gehalt<\/strong><\/td>\n<td data-start=\"948\" data-end=\"972\" data-col-size=\"sm\">1.500 mg pro Packung<\/td>\n<\/tr>\n<tr data-start=\"973\" data-end=\"1003\">\n<td data-start=\"973\" data-end=\"993\" data-col-size=\"sm\"><strong data-start=\"975\" data-end=\"992\">THC pro St\u00fcck<\/strong><\/td>\n<td data-col-size=\"sm\" data-start=\"993\" data-end=\"1003\">150 mg<\/td>\n<\/tr>\n<tr data-start=\"1004\" data-end=\"1048\">\n<td data-start=\"1004\" data-end=\"1024\" data-col-size=\"sm\"><strong data-start=\"1006\" data-end=\"1015\">Menge<\/strong><\/td>\n<td data-col-size=\"sm\" data-start=\"1024\" data-end=\"1048\">10 St\u00fcck pro Packung<\/td>\n<\/tr>\n<tr data-start=\"1049\" data-end=\"1085\">\n<td data-start=\"1049\" data-end=\"1069\" data-col-size=\"sm\"><strong data-start=\"1051\" data-end=\"1064\">Geschmack<\/strong><\/td>\n<td data-col-size=\"sm\" data-start=\"1069\" data-end=\"1085\">Wassermelone<\/td>\n<\/tr>\n<tr data-start=\"1086\" data-end=\"1121\">\n<td data-start=\"1086\" data-end=\"1106\" data-col-size=\"sm\"><strong data-start=\"1088\" data-end=\"1102\">Konsistenz<\/strong><\/td>\n<td data-start=\"1106\" data-end=\"1121\" data-col-size=\"sm\">Weich &amp; z\u00e4h<\/td>\n<\/tr>\n<\/tbody>\n<\/table>\n<\/div>\n<\/div>\n<hr data-start=\"1123\" data-end=\"1126\" \/>\n<h3 data-section-id=\"1ptxicl\" data-start=\"1128\" data-end=\"1146\"><span role=\"text\"><strong data-start=\"1132\" data-end=\"1146\">Highlights<\/strong><\/span><\/h3>\n<ul data-start=\"1148\" data-end=\"1365\">\n<li data-section-id=\"1dzan42\" data-start=\"1148\" data-end=\"1193\">\ud83c\udf49 Intensiver <strong data-start=\"1164\" data-end=\"1191\">Wassermelonen-Geschmack<\/strong><\/li>\n<li data-section-id=\"11rfs1k\" data-start=\"1194\" data-end=\"1238\">\ud83c\udf3f Sehr hohe Potenz mit <strong data-start=\"1220\" data-end=\"1236\">1.500 mg THC<\/strong><\/li>\n<li data-section-id=\"1onqw0o\" data-start=\"1239\" data-end=\"1285\">\ud83c\udfaf Pr\u00e4zise Dosierung: <strong data-start=\"1263\" data-end=\"1283\">150 mg pro St\u00fcck<\/strong><\/li>\n<li data-section-id=\"da3gkj\" data-start=\"1286\" data-end=\"1329\">\ud83d\ude0c Ideal f\u00fcr Entspannung und Abschalten<\/li>\n<li data-section-id=\"z5b30n\" data-start=\"1330\" data-end=\"1365\">\ud83c\udf6c Nostalgisches Candy-Erlebnis<\/li>\n<\/ul>\n<hr data-start=\"1367\" data-end=\"1370\" \/>\n<h3 data-section-id=\"wqu9b0\" data-start=\"1372\" data-end=\"1388\"><span role=\"text\"><strong data-start=\"1376\" data-end=\"1388\">Vorteile<\/strong><\/span><\/h3>\n<ul data-start=\"1390\" data-end=\"1588\">\n<li data-section-id=\"1q9yulf\" data-start=\"1390\" data-end=\"1444\">Geeignet f\u00fcr erfahrene Nutzer mit h\u00f6herer Toleranz<\/li>\n<li data-section-id=\"btq733\" data-start=\"1445\" data-end=\"1489\">Diskreter Konsum ohne auff\u00e4lligen Geruch<\/li>\n<li data-section-id=\"89u0bc\" data-start=\"1490\" data-end=\"1537\">Perfekt f\u00fcr entspannte Abende oder Freizeit<\/li>\n<li data-section-id=\"1qxdgeg\" data-start=\"1538\" data-end=\"1588\">Gleichm\u00e4\u00dfige Wirkung durch klare Portionierung<\/li>\n<\/ul>\n<hr data-start=\"1590\" data-end=\"1593\" \/>\n<h3 data-section-id=\"mddin2\" data-start=\"1595\" data-end=\"1622\"><span role=\"text\"><strong data-start=\"1599\" data-end=\"1622\">Verzehr &amp; Dosierung<\/strong><\/span><\/h3>\n<p data-start=\"1624\" data-end=\"1798\">F\u00fcr Einsteiger wird empfohlen, mit einer kleinen Menge zu beginnen (z.\u202fB. <strong data-start=\"1698\" data-end=\"1723\">\u00bc bis \u00bd eines Gummies<\/strong>) und mindestens <strong data-start=\"1740\" data-end=\"1757\">60\u201390 Minuten<\/strong> zu warten, bevor mehr konsumiert wird.<\/p>\n<p data-start=\"1800\" data-end=\"1898\">Die Wirkung kann je nach Person unterschiedlich ausfallen. Bitte verantwortungsvoll konsumieren.<\/p>","protected":false},"excerpt":{"rendered":"<p>Entdecke mit den DeVour Watermelon Slices 1.500mg ein intensives THC-Erlebnis kombiniert mit dem erfrischenden Geschmack saftiger Wassermelone. Die Marke DeVour steht f\u00fcr hochwertige, geschmackvolle Edibles, die klassische S\u00fc\u00dfigkeiten neu interpretieren und dabei ein starkes, zuverl\u00e4ssiges Cannabis-Erlebnis bieten. Diese leckeren Fruchtgummis wecken nostalgische Erinnerungen an Kindheitss\u00fc\u00dfigkeiten, w\u00e4hrend sie gleichzeitig eine kraftvolle Wirkung entfalten. Mit insgesamt 1.500 [&hellip;]<\/p>\n","protected":false},"featured_media":3731,"comment_status":"open","ping_status":"closed","template":"","meta":[],"product_brand":[],"product_cat":[26],"product_tag":[],"class_list":{"0":"post-3719","1":"product","2":"type-product","3":"status-publish","4":"has-post-thumbnail","6":"product_cat-esswaren","8":"first","9":"instock","10":"sale","11":"shipping-taxable","12":"purchasable","13":"product-type-simple"},"_links":{"self":[{"href":"https:\/\/premiumthcshop.de\/en\/wp-json\/wp\/v2\/product\/3719","targetHints":{"allow":["GET"]}}],"collection":[{"href":"https:\/\/premiumthcshop.de\/en\/wp-json\/wp\/v2\/product"}],"about":[{"href":"https:\/\/premiumthcshop.de\/en\/wp-json\/wp\/v2\/types\/product"}],"replies":[{"embeddable":true,"href":"https:\/\/premiumthcshop.de\/en\/wp-json\/wp\/v2\/comments?post=3719"}],"wp:featuredmedia":[{"embeddable":true,"href":"https:\/\/premiumthcshop.de\/en\/wp-json\/wp\/v2\/media\/3731"}],"wp:attachment":[{"href":"https:\/\/premiumthcshop.de\/en\/wp-json\/wp\/v2\/media?parent=3719"}],"wp:term":[{"taxonomy":"product_brand","embeddable":true,"href":"https:\/\/premiumthcshop.de\/en\/wp-json\/wp\/v2\/product_brand?post=3719"},{"taxonomy":"product_cat","embeddable":true,"href":"https:\/\/premiumthcshop.de\/en\/wp-json\/wp\/v2\/product_cat?post=3719"},{"taxonomy":"product_tag","embeddable":true,"href":"https:\/\/premiumthcshop.de\/en\/wp-json\/wp\/v2\/product_tag?post=3719"}],"curies":[{"name":"wp","href":"https:\/\/api.w.org\/{rel}","templated":true}]}}