{"id":3721,"date":"2026-04-03T08:40:38","date_gmt":"2026-04-03T08:40:38","guid":{"rendered":"https:\/\/premiumthcshop.de\/?post_type=product&#038;p=3721"},"modified":"2026-04-03T08:40:38","modified_gmt":"2026-04-03T08:40:38","slug":"trolli-sour-brite-crawlers-fruit-punch-gummy-edibles-600mg","status":"publish","type":"product","link":"https:\/\/premiumthcshop.de\/en\/product\/trolli-sour-brite-crawlers-fruit-punch-gummy-edibles-600mg\/","title":{"rendered":"Trolli | Sour Brite Crawlers Fruit Punch | Gummy Edibles | 600mg"},"content":{"rendered":"<p data-start=\"166\" data-end=\"478\">Erlebe einen intensiven Geschmack und starke Wirkung mit den <strong data-start=\"227\" data-end=\"281\">Trolli Sour Brite Crawlers Fruit Punch THC Gummies<\/strong>. Diese beliebten, wurmf\u00f6rmigen Fruchtgummis kombinieren den ikonischen \u201e<strong data-start=\"354\" data-end=\"372\">sauer-dann-s\u00fc\u00df<\/strong>\u201c-Effekt mit einer kraftvollen THC-Infusion \u2013 perfekt f\u00fcr alle, die Genuss und Wirkung vereinen m\u00f6chten.<\/p>\n<p data-start=\"480\" data-end=\"764\">Jede Packung enth\u00e4lt <strong data-start=\"501\" data-end=\"518\">28,3 g (1 oz)<\/strong> Gummies mit insgesamt <strong data-start=\"541\" data-end=\"555\">600 mg THC<\/strong>, was ein langanhaltendes und intensives Erlebnis erm\u00f6glicht. Die fruchtigen Aromen sorgen f\u00fcr ein aufregendes Geschmackserlebnis, w\u00e4hrend die weiche, z\u00e4he Konsistenz den klassischen Trolli-Genuss beibeh\u00e4lt.<\/p>\n<p data-start=\"766\" data-end=\"1037\">Die auff\u00e4llige rote Verpackung mit fruchtigen Motiven wie Kirschen, Birnen und Trauben spiegelt die lebendige Energie dieses Produkts wider. Ideal f\u00fcr entspannte Momente oder zum Teilen mit Freunden \u2013 diese Edibles bieten eine diskrete und k\u00f6stliche Art, THC zu genie\u00dfen.<\/p>\n<hr data-start=\"1039\" data-end=\"1042\" \/>\n<h3 data-section-id=\"1h9hqnb\" data-start=\"1044\" data-end=\"1066\"><span role=\"text\"><strong data-start=\"1048\" data-end=\"1066\">Produktdetails<\/strong><\/span><\/h3>\n<div class=\"TyagGW_tableContainer\">\n<div class=\"group TyagGW_tableWrapper flex flex-col-reverse w-fit\" tabindex=\"-1\">\n<table class=\"w-fit min-w-(--thread-content-width)\" data-start=\"1068\" data-end=\"1446\">\n<thead data-start=\"1068\" data-end=\"1105\">\n<tr data-start=\"1068\" data-end=\"1105\">\n<th class=\"\" data-start=\"1068\" data-end=\"1089\" data-col-size=\"sm\">Eigenschaft<\/th>\n<th class=\"\" data-start=\"1089\" data-end=\"1105\" data-col-size=\"sm\">Beschreibung<\/th>\n<\/tr>\n<\/thead>\n<tbody data-start=\"1142\" data-end=\"1446\">\n<tr data-start=\"1142\" data-end=\"1200\">\n<td data-start=\"1142\" data-end=\"1162\" data-col-size=\"sm\"><strong data-start=\"1144\" data-end=\"1158\">Produktart<\/strong><\/td>\n<td data-start=\"1162\" data-end=\"1200\" data-col-size=\"sm\">THC-infused Edibles (Fruchtgummis)<\/td>\n<\/tr>\n<tr data-start=\"1201\" data-end=\"1243\">\n<td data-start=\"1201\" data-end=\"1221\" data-col-size=\"sm\"><strong data-start=\"1203\" data-end=\"1217\">THC-Gehalt<\/strong><\/td>\n<td data-col-size=\"sm\" data-start=\"1221\" data-end=\"1243\">600 mg pro Packung<\/td>\n<\/tr>\n<tr data-start=\"1244\" data-end=\"1281\">\n<td data-start=\"1244\" data-end=\"1264\" data-col-size=\"sm\"><strong data-start=\"1246\" data-end=\"1262\">Nettogewicht<\/strong><\/td>\n<td data-col-size=\"sm\" data-start=\"1264\" data-end=\"1281\">28,3 g (1 oz)<\/td>\n<\/tr>\n<tr data-start=\"1282\" data-end=\"1341\">\n<td data-start=\"1282\" data-end=\"1302\" data-col-size=\"sm\"><strong data-start=\"1284\" data-end=\"1297\">Geschmack<\/strong><\/td>\n<td data-col-size=\"sm\" data-start=\"1302\" data-end=\"1341\">Fruit Punch (zwei fruchtige Sorten)<\/td>\n<\/tr>\n<tr data-start=\"1342\" data-end=\"1388\">\n<td data-start=\"1342\" data-end=\"1362\" data-col-size=\"sm\"><strong data-start=\"1344\" data-end=\"1358\">Konsistenz<\/strong><\/td>\n<td data-col-size=\"sm\" data-start=\"1362\" data-end=\"1388\">Weich, z\u00e4h, wurmf\u00f6rmig<\/td>\n<\/tr>\n<tr data-start=\"1389\" data-end=\"1446\">\n<td data-start=\"1389\" data-end=\"1409\" data-col-size=\"sm\"><strong data-start=\"1391\" data-end=\"1401\">Effekt<\/strong><\/td>\n<td data-col-size=\"sm\" data-start=\"1409\" data-end=\"1446\">Sauer-dann-s\u00fc\u00df Geschmackserlebnis<\/td>\n<\/tr>\n<\/tbody>\n<\/table>\n<\/div>\n<\/div>\n<hr data-start=\"1448\" data-end=\"1451\" \/>\n<h3 data-section-id=\"1ptxicl\" data-start=\"1453\" data-end=\"1471\"><span role=\"text\"><strong data-start=\"1457\" data-end=\"1471\">Highlights<\/strong><\/span><\/h3>\n<ul data-start=\"1473\" data-end=\"1694\">\n<li data-section-id=\"1hry2l6\" data-start=\"1473\" data-end=\"1532\">\ud83c\udf6c Klassischer <strong data-start=\"1490\" data-end=\"1530\">Trolli Sour Brite Crawlers Geschmack<\/strong><\/li>\n<li data-section-id=\"1dviq55\" data-start=\"1533\" data-end=\"1573\">\ud83c\udf3f Starke Wirkung mit <strong data-start=\"1557\" data-end=\"1571\">600 mg THC<\/strong><\/li>\n<li data-section-id=\"gbcuh8\" data-start=\"1574\" data-end=\"1614\">\ud83d\ude0b Zwei fruchtige Fruit-Punch-Aromen<\/li>\n<li data-section-id=\"vropa5\" data-start=\"1615\" data-end=\"1652\">\ud83c\udfaf Diskreter und einfacher Konsum<\/li>\n<li data-section-id=\"1q0273l\" data-start=\"1653\" data-end=\"1694\">\ud83c\udf89 Perfekt zum Entspannen oder Teilen<\/li>\n<\/ul>\n<hr data-start=\"1696\" data-end=\"1699\" \/>\n<h3 data-section-id=\"93vfmf\" data-start=\"1701\" data-end=\"1730\"><span role=\"text\"><strong data-start=\"1705\" data-end=\"1730\">Hinweis zur Anwendung<\/strong><\/span><\/h3>\n<p data-start=\"1732\" data-end=\"1931\">Bitte verantwortungsvoll konsumieren. Die Wirkung kann verz\u00f6gert einsetzen und je nach individueller Toleranz variieren.<br data-start=\"1852\" data-end=\"1855\" \/>Au\u00dferhalb der Reichweite von Kindern aufbewahren. K\u00fchl und trocken lagern.<\/p>","protected":false},"excerpt":{"rendered":"<p>Erlebe einen intensiven Geschmack und starke Wirkung mit den Trolli Sour Brite Crawlers Fruit Punch THC Gummies. Diese beliebten, wurmf\u00f6rmigen Fruchtgummis kombinieren den ikonischen \u201esauer-dann-s\u00fc\u00df\u201c-Effekt mit einer kraftvollen THC-Infusion \u2013 perfekt f\u00fcr alle, die Genuss und Wirkung vereinen m\u00f6chten. Jede Packung enth\u00e4lt 28,3 g (1 oz) Gummies mit insgesamt 600 mg THC, was ein langanhaltendes [&hellip;]<\/p>\n","protected":false},"featured_media":3733,"comment_status":"open","ping_status":"closed","template":"","meta":[],"product_brand":[],"product_cat":[26],"product_tag":[],"class_list":{"0":"post-3721","1":"product","2":"type-product","3":"status-publish","4":"has-post-thumbnail","6":"product_cat-esswaren","8":"first","9":"instock","10":"shipping-taxable","11":"purchasable","12":"product-type-simple"},"_links":{"self":[{"href":"https:\/\/premiumthcshop.de\/en\/wp-json\/wp\/v2\/product\/3721","targetHints":{"allow":["GET"]}}],"collection":[{"href":"https:\/\/premiumthcshop.de\/en\/wp-json\/wp\/v2\/product"}],"about":[{"href":"https:\/\/premiumthcshop.de\/en\/wp-json\/wp\/v2\/types\/product"}],"replies":[{"embeddable":true,"href":"https:\/\/premiumthcshop.de\/en\/wp-json\/wp\/v2\/comments?post=3721"}],"wp:featuredmedia":[{"embeddable":true,"href":"https:\/\/premiumthcshop.de\/en\/wp-json\/wp\/v2\/media\/3733"}],"wp:attachment":[{"href":"https:\/\/premiumthcshop.de\/en\/wp-json\/wp\/v2\/media?parent=3721"}],"wp:term":[{"taxonomy":"product_brand","embeddable":true,"href":"https:\/\/premiumthcshop.de\/en\/wp-json\/wp\/v2\/product_brand?post=3721"},{"taxonomy":"product_cat","embeddable":true,"href":"https:\/\/premiumthcshop.de\/en\/wp-json\/wp\/v2\/product_cat?post=3721"},{"taxonomy":"product_tag","embeddable":true,"href":"https:\/\/premiumthcshop.de\/en\/wp-json\/wp\/v2\/product_tag?post=3721"}],"curies":[{"name":"wp","href":"https:\/\/api.w.org\/{rel}","templated":true}]}}