{"id":3722,"date":"2026-04-03T08:38:25","date_gmt":"2026-04-03T08:38:25","guid":{"rendered":"https:\/\/premiumthcshop.de\/?post_type=product&#038;p=3722"},"modified":"2026-04-03T08:38:25","modified_gmt":"2026-04-03T08:38:25","slug":"stoney-patch-gummies-thc-infundierte-edibles-500-mg","status":"publish","type":"product","link":"https:\/\/premiumthcshop.de\/en\/product\/stoney-patch-gummies-thc-infundierte-edibles-500-mg\/","title":{"rendered":"Stoney Patch Gummies | THC-infundierte Edibles | 500 mg"},"content":{"rendered":"<p data-start=\"136\" data-end=\"426\">Erlebe mit den <strong data-start=\"151\" data-end=\"175\">Stoney Patch Gummies<\/strong> eine erstklassige THC-Edible-Erfahrung im Premium THC Shop. Diese beliebten, cannabisinfundierten Fruchtgummis vereinen perfekt abgestimmte <strong data-start=\"316\" data-end=\"336\">s\u00fc\u00df-saure Aromen<\/strong> mit einer angenehmen Wirkung \u2013 ideal f\u00fcr Genie\u00dfer und erfahrene Anwender gleicherma\u00dfen.<\/p>\n<p data-start=\"428\" data-end=\"690\">Dank ihres diskreten, mundgerechten Designs bieten sie eine einfache und bequeme M\u00f6glichkeit, THC zu konsumieren \u2013 egal ob zu Hause oder unterwegs. Die hochwertigen Inhaltsstoffe und die gleichm\u00e4\u00dfige Dosierung sorgen f\u00fcr ein konsistentes und angenehmes Erlebnis.<\/p>\n<hr data-start=\"692\" data-end=\"695\" \/>\n<h3 data-section-id=\"1h9hqnb\" data-start=\"697\" data-end=\"719\"><span role=\"text\"><strong data-start=\"701\" data-end=\"719\">Produktdetails<\/strong><\/span><\/h3>\n<div class=\"TyagGW_tableContainer\">\n<div class=\"group TyagGW_tableWrapper flex flex-col-reverse w-fit\" tabindex=\"-1\">\n<table class=\"w-fit min-w-(--thread-content-width)\" data-start=\"721\" data-end=\"1068\">\n<thead data-start=\"721\" data-end=\"758\">\n<tr data-start=\"721\" data-end=\"758\">\n<th class=\"\" data-start=\"721\" data-end=\"742\" data-col-size=\"sm\">Eigenschaft<\/th>\n<th class=\"\" data-start=\"742\" data-end=\"758\" data-col-size=\"sm\">Beschreibung<\/th>\n<\/tr>\n<\/thead>\n<tbody data-start=\"795\" data-end=\"1068\">\n<tr data-start=\"795\" data-end=\"853\">\n<td data-start=\"795\" data-end=\"815\" data-col-size=\"sm\"><strong data-start=\"797\" data-end=\"811\">Produktart<\/strong><\/td>\n<td data-col-size=\"sm\" data-start=\"815\" data-end=\"853\">THC-infused Edibles (Fruchtgummis)<\/td>\n<\/tr>\n<tr data-start=\"854\" data-end=\"896\">\n<td data-start=\"854\" data-end=\"874\" data-col-size=\"sm\"><strong data-start=\"856\" data-end=\"870\">THC-Gehalt<\/strong><\/td>\n<td data-col-size=\"sm\" data-start=\"874\" data-end=\"896\">500 mg pro Packung<\/td>\n<\/tr>\n<tr data-start=\"897\" data-end=\"944\">\n<td data-start=\"897\" data-end=\"917\" data-col-size=\"sm\"><strong data-start=\"899\" data-end=\"912\">Geschmack<\/strong><\/td>\n<td data-col-size=\"sm\" data-start=\"917\" data-end=\"944\">S\u00fc\u00df &amp; sauer (Fruchtmix)<\/td>\n<\/tr>\n<tr data-start=\"945\" data-end=\"984\">\n<td data-start=\"945\" data-end=\"965\" data-col-size=\"sm\"><strong data-start=\"947\" data-end=\"957\">Farben<\/strong><\/td>\n<td data-col-size=\"sm\" data-start=\"965\" data-end=\"984\">Gr\u00fcn, Rot, Lila<\/td>\n<\/tr>\n<tr data-start=\"985\" data-end=\"1023\">\n<td data-start=\"985\" data-end=\"1005\" data-col-size=\"sm\"><strong data-start=\"987\" data-end=\"1001\">Konsistenz<\/strong><\/td>\n<td data-start=\"1005\" data-end=\"1023\" data-col-size=\"sm\">Weich &amp; saftig<\/td>\n<\/tr>\n<tr data-start=\"1024\" data-end=\"1068\">\n<td data-start=\"1024\" data-end=\"1044\" data-col-size=\"sm\"><strong data-start=\"1026\" data-end=\"1040\">Verwendung<\/strong><\/td>\n<td data-start=\"1044\" data-end=\"1068\" data-col-size=\"sm\">Diskreter THC-Konsum<\/td>\n<\/tr>\n<\/tbody>\n<\/table>\n<\/div>\n<\/div>\n<hr data-start=\"1070\" data-end=\"1073\" \/>\n<h3 data-section-id=\"1ptxicl\" data-start=\"1075\" data-end=\"1093\"><span role=\"text\"><strong data-start=\"1079\" data-end=\"1093\">Highlights<\/strong><\/span><\/h3>\n<ul data-start=\"1095\" data-end=\"1356\">\n<li data-section-id=\"14akx15\" data-start=\"1095\" data-end=\"1156\">\ud83c\udf6c Perfekte Balance aus <strong data-start=\"1121\" data-end=\"1154\">s\u00fc\u00dfen und sauren Fruchtaromen<\/strong><\/li>\n<li data-section-id=\"t4sgab\" data-start=\"1157\" data-end=\"1202\">\ud83c\udf3f Diskreter Genuss \u2013 ideal f\u00fcr unterwegs<\/li>\n<li data-section-id=\"78dn6l\" data-start=\"1203\" data-end=\"1262\">\ud83c\udfaf Gleichm\u00e4\u00dfige THC-Dosierung f\u00fcr kontrollierte Wirkung<\/li>\n<li data-section-id=\"1bpda37\" data-start=\"1263\" data-end=\"1312\">\ud83c\udfa8 Attraktive Farben und ansprechendes Design<\/li>\n<li data-section-id=\"ezdq53\" data-start=\"1313\" data-end=\"1356\">\ud83d\udcbc Kompakt und leicht zu transportieren<\/li>\n<\/ul>\n<hr data-start=\"1358\" data-end=\"1361\" \/>\n<h3 data-section-id=\"wqu9b0\" data-start=\"1363\" data-end=\"1379\"><span role=\"text\"><strong data-start=\"1367\" data-end=\"1379\">Vorteile<\/strong><\/span><\/h3>\n<ul data-start=\"1381\" data-end=\"1601\">\n<li data-section-id=\"1dt87hd\" data-start=\"1381\" data-end=\"1426\">Diskrete Einnahme ohne auff\u00e4lligen Geruch<\/li>\n<li data-section-id=\"u88boj\" data-start=\"1427\" data-end=\"1481\">Kann zur Entspannung und zum Stressabbau beitragen<\/li>\n<li data-section-id=\"8xwzu7\" data-start=\"1482\" data-end=\"1534\">Geeignet f\u00fcr Freizeit- und erfahrene Konsumenten<\/li>\n<li data-section-id=\"1ek5be2\" data-start=\"1535\" data-end=\"1601\">Angenehmer Geschmack ohne den typischen Cannabis-Nachgeschmack<\/li>\n<\/ul>\n<hr data-start=\"1603\" data-end=\"1606\" \/>\n<h3 data-section-id=\"93vfmf\" data-start=\"1608\" data-end=\"1637\"><span role=\"text\"><strong data-start=\"1612\" data-end=\"1637\">Hinweis zur Anwendung<\/strong><\/span><\/h3>\n<p data-start=\"1639\" data-end=\"1838\">Bitte verantwortungsvoll konsumieren. Die Wirkung kann je nach individueller Toleranz variieren und verz\u00f6gert einsetzen.<br data-start=\"1759\" data-end=\"1762\" \/>Au\u00dferhalb der Reichweite von Kindern aufbewahren. K\u00fchl und trocken lagern.<\/p>","protected":false},"excerpt":{"rendered":"<p>Erlebe mit den Stoney Patch Gummies eine erstklassige THC-Edible-Erfahrung im Premium THC Shop. Diese beliebten, cannabisinfundierten Fruchtgummis vereinen perfekt abgestimmte s\u00fc\u00df-saure Aromen mit einer angenehmen Wirkung \u2013 ideal f\u00fcr Genie\u00dfer und erfahrene Anwender gleicherma\u00dfen. Dank ihres diskreten, mundgerechten Designs bieten sie eine einfache und bequeme M\u00f6glichkeit, THC zu konsumieren \u2013 egal ob zu Hause oder [&hellip;]<\/p>\n","protected":false},"featured_media":3734,"comment_status":"open","ping_status":"closed","template":"","meta":[],"product_brand":[],"product_cat":[26],"product_tag":[],"class_list":{"0":"post-3722","1":"product","2":"type-product","3":"status-publish","4":"has-post-thumbnail","6":"product_cat-esswaren","8":"first","9":"instock","10":"shipping-taxable","11":"purchasable","12":"product-type-simple"},"_links":{"self":[{"href":"https:\/\/premiumthcshop.de\/en\/wp-json\/wp\/v2\/product\/3722","targetHints":{"allow":["GET"]}}],"collection":[{"href":"https:\/\/premiumthcshop.de\/en\/wp-json\/wp\/v2\/product"}],"about":[{"href":"https:\/\/premiumthcshop.de\/en\/wp-json\/wp\/v2\/types\/product"}],"replies":[{"embeddable":true,"href":"https:\/\/premiumthcshop.de\/en\/wp-json\/wp\/v2\/comments?post=3722"}],"wp:featuredmedia":[{"embeddable":true,"href":"https:\/\/premiumthcshop.de\/en\/wp-json\/wp\/v2\/media\/3734"}],"wp:attachment":[{"href":"https:\/\/premiumthcshop.de\/en\/wp-json\/wp\/v2\/media?parent=3722"}],"wp:term":[{"taxonomy":"product_brand","embeddable":true,"href":"https:\/\/premiumthcshop.de\/en\/wp-json\/wp\/v2\/product_brand?post=3722"},{"taxonomy":"product_cat","embeddable":true,"href":"https:\/\/premiumthcshop.de\/en\/wp-json\/wp\/v2\/product_cat?post=3722"},{"taxonomy":"product_tag","embeddable":true,"href":"https:\/\/premiumthcshop.de\/en\/wp-json\/wp\/v2\/product_tag?post=3722"}],"curies":[{"name":"wp","href":"https:\/\/api.w.org\/{rel}","templated":true}]}}