{"id":3735,"date":"2026-04-03T08:55:43","date_gmt":"2026-04-03T08:55:43","guid":{"rendered":"https:\/\/premiumthcshop.de\/?post_type=product&#038;p=3735"},"modified":"2026-04-03T08:55:43","modified_gmt":"2026-04-03T08:55:43","slug":"warheads-sour-medicated-chewy-cubes-500mg","status":"publish","type":"product","link":"https:\/\/premiumthcshop.de\/en\/product\/warheads-sour-medicated-chewy-cubes-500mg\/","title":{"rendered":"Warheads Sour Medicated Chewy Cubes 500mg"},"content":{"rendered":"<div class=\"flex max-w-full flex-col gap-4 grow\">\n<div class=\"min-h-8 text-message relative flex w-full flex-col items-end gap-2 text-start break-words whitespace-normal outline-none keyboard-focused:focus-ring [.text-message+&amp;]:mt-1\" dir=\"auto\" tabindex=\"0\" data-message-author-role=\"assistant\" data-message-id=\"5ae8fb90-d152-4aa1-876c-04b6153a111e\" data-message-model-slug=\"gpt-5-mini\" data-turn-start-message=\"true\">\n<div class=\"flex w-full flex-col gap-1 empty:hidden\">\n<div class=\"markdown prose dark:prose-invert w-full wrap-break-word light markdown-new-styling\">\n<p data-start=\"386\" data-end=\"774\">Steigere dein Edible-Erlebnis mit den <strong data-start=\"424\" data-end=\"462\">Warheads THC Gummy Edibles \u2013 500mg<\/strong>. Diese kraftvollen, cannabisinfundierten Fruchtgummis vereinen den klassischen Warheads-Geschmack mit einer intensiven THC-Wirkung. Jeder Bissen liefert eine aufregende Mischung aus <strong data-start=\"645\" data-end=\"672\">sauer, s\u00fc\u00df und fruchtig<\/strong>, die deine Geschmacksknospen belebt und gleichzeitig f\u00fcr ein angenehmes, euphorisches Gef\u00fchl sorgt.<\/p>\n<p data-start=\"776\" data-end=\"1082\">Mit insgesamt <strong data-start=\"790\" data-end=\"816\">500 mg THC pro Packung<\/strong> bieten diese Gummies ein starkes und dennoch kontrollierbares Erlebnis. Die sorgf\u00e4ltig abgestimmte Dosierung erm\u00f6glicht es dir, deine Erfahrung individuell anzupassen \u2013 egal ob du entspannen, Stress abbauen oder einfach einen genussvollen Moment erleben m\u00f6chtest.<\/p>\n<p data-start=\"1084\" data-end=\"1355\">Die intensiv saure Fruchtigkeit sorgt f\u00fcr ein einzigartiges Geschmackserlebnis, das sich von herk\u00f6mmlichen Edibles abhebt. Gleichzeitig entfaltet sich eine angenehme, langanhaltende Wirkung, die sowohl f\u00fcr Freizeitnutzer als auch f\u00fcr medizinische Anwender geeignet ist.<\/p>\n<hr data-start=\"1357\" data-end=\"1360\" \/>\n<h3 data-section-id=\"1h9hqnb\" data-start=\"1362\" data-end=\"1384\"><span role=\"text\"><strong data-start=\"1366\" data-end=\"1384\">Produktdetails<\/strong><\/span><\/h3>\n<div class=\"TyagGW_tableContainer\">\n<div class=\"group TyagGW_tableWrapper flex flex-col-reverse w-fit\" tabindex=\"-1\">\n<table class=\"w-fit min-w-(--thread-content-width)\" data-start=\"1386\" data-end=\"1720\">\n<thead data-start=\"1386\" data-end=\"1423\">\n<tr data-start=\"1386\" data-end=\"1423\">\n<th class=\"\" data-start=\"1386\" data-end=\"1407\" data-col-size=\"sm\">Eigenschaft<\/th>\n<th class=\"\" data-start=\"1407\" data-end=\"1423\" data-col-size=\"sm\">Beschreibung<\/th>\n<\/tr>\n<\/thead>\n<tbody data-start=\"1460\" data-end=\"1720\">\n<tr data-start=\"1460\" data-end=\"1518\">\n<td data-start=\"1460\" data-end=\"1480\" data-col-size=\"sm\"><strong data-start=\"1462\" data-end=\"1476\">Produktart<\/strong><\/td>\n<td data-start=\"1480\" data-end=\"1518\" data-col-size=\"sm\">THC-infused Edibles (Fruchtgummis)<\/td>\n<\/tr>\n<tr data-start=\"1519\" data-end=\"1561\">\n<td data-start=\"1519\" data-end=\"1539\" data-col-size=\"sm\"><strong data-start=\"1521\" data-end=\"1535\">THC-Gehalt<\/strong><\/td>\n<td data-start=\"1539\" data-end=\"1561\" data-col-size=\"sm\">500 mg pro Packung<\/td>\n<\/tr>\n<tr data-start=\"1562\" data-end=\"1607\">\n<td data-start=\"1562\" data-end=\"1582\" data-col-size=\"sm\"><strong data-start=\"1564\" data-end=\"1577\">Geschmack<\/strong><\/td>\n<td data-col-size=\"sm\" data-start=\"1582\" data-end=\"1607\">Sauer, s\u00fc\u00df &amp; fruchtig<\/td>\n<\/tr>\n<tr data-start=\"1608\" data-end=\"1663\">\n<td data-start=\"1608\" data-end=\"1628\" data-col-size=\"sm\"><strong data-start=\"1610\" data-end=\"1621\">Wirkung<\/strong><\/td>\n<td data-start=\"1628\" data-end=\"1663\" data-col-size=\"sm\">Entspannend &amp; leicht euphorisch<\/td>\n<\/tr>\n<tr data-start=\"1664\" data-end=\"1720\">\n<td data-start=\"1664\" data-end=\"1684\" data-col-size=\"sm\"><strong data-start=\"1666\" data-end=\"1680\">Zielgruppe<\/strong><\/td>\n<td data-col-size=\"sm\" data-start=\"1684\" data-end=\"1720\">Anf\u00e4nger &amp; erfahrene Konsumenten<\/td>\n<\/tr>\n<\/tbody>\n<\/table>\n<\/div>\n<\/div>\n<hr data-start=\"1722\" data-end=\"1725\" \/>\n<h3 data-section-id=\"1ptxicl\" data-start=\"1727\" data-end=\"1745\"><span role=\"text\"><strong data-start=\"1731\" data-end=\"1745\">Highlights<\/strong><\/span><\/h3>\n<ul data-start=\"1747\" data-end=\"1998\">\n<li data-section-id=\"ovr19d\" data-start=\"1747\" data-end=\"1796\">\ud83c\udf6c Intensiver <strong data-start=\"1763\" data-end=\"1794\">sauer-s\u00fc\u00dfer Fruchtgeschmack<\/strong><\/li>\n<li data-section-id=\"gyzx58\" data-start=\"1797\" data-end=\"1847\">\ud83c\udf3f <strong data-start=\"1802\" data-end=\"1816\">500 mg THC<\/strong> f\u00fcr ein kraftvolles Erlebnis<\/li>\n<li data-section-id=\"opfrfg\" data-start=\"1848\" data-end=\"1900\">\ud83c\udfaf Anpassbare Dosierung f\u00fcr individuelle Wirkung<\/li>\n<li data-section-id=\"vsqoaj\" data-start=\"1901\" data-end=\"1947\">\ud83d\ude0c Unterst\u00fctzt Entspannung und Stressabbau<\/li>\n<li data-section-id=\"ds79ks\" data-start=\"1948\" data-end=\"1998\">\u26a1 Einzigartiges, belebendes Geschmackserlebnis<\/li>\n<\/ul>\n<hr data-start=\"2000\" data-end=\"2003\" \/>\n<h3 data-section-id=\"mddin2\" data-start=\"2005\" data-end=\"2032\"><span role=\"text\"><strong data-start=\"2009\" data-end=\"2032\">Verzehr &amp; Dosierung<\/strong><\/span><\/h3>\n<p data-start=\"2034\" data-end=\"2210\">Beginne mit einer kleinen Menge (<strong data-start=\"2067\" data-end=\"2092\">\u00bc bis \u00bd eines Gummies<\/strong>) und warte <strong data-start=\"2104\" data-end=\"2121\">60\u201390 Minuten<\/strong>, bevor du mehr konsumierst. So kannst du die Wirkung optimal einsch\u00e4tzen und anpassen.<\/p>\n<hr data-start=\"2212\" data-end=\"2215\" \/>\n<h3 data-section-id=\"qvjq8x\" data-start=\"2217\" data-end=\"2232\"><span role=\"text\"><strong data-start=\"2221\" data-end=\"2232\">Hinweis<\/strong><\/span><\/h3>\n<p data-start=\"2234\" data-end=\"2431\" data-is-last-node=\"\" data-is-only-node=\"\">Bitte verantwortungsvoll konsumieren. Die Wirkung kann verz\u00f6gert einsetzen und je nach individueller Toleranz variieren.<br data-start=\"2354\" data-end=\"2357\" \/>Au\u00dferhalb der Reichweite von Kindern aufbewahren. K\u00fchl und trocken lagern.<\/p>\n<\/div>\n<\/div>\n<\/div>\n<\/div>\n<div class=\"z-0 flex min-h-[46px] justify-start\"><\/div>\n<div class=\"mt-3 w-full empty:hidden\">\n<div class=\"text-center\">\n<div class=\"mx-auto\">\n<div>\n<div class=\"inline-flex rounded-xl border border-gray-100 dark:border-gray-700\">\n<div class=\"me-12 flex items-center px-4 py-3 text-start\">\n<div class=\"ms-4\">\n<div class=\"text-token-main-surface-primary-inverse text-sm font-semibold\"><\/div>\n<\/div>\n<\/div>\n<\/div>\n<\/div>\n<\/div>\n<\/div>\n<\/div>\n","protected":false},"excerpt":{"rendered":"<p>Erlebe eine explosive Kombination aus <strong data-start=\"127\" data-end=\"166\">sauren, s\u00fc\u00dfen und fruchtigen Aromen<\/strong> mit den Warheads Sour Medicated Chewy Cubes. Mit <strong data-start=\"216\" data-end=\"230\">500 mg THC<\/strong> bieten diese Edibles ein intensives Geschmackserlebnis und eine ausgewogene Wirkung \u2013 ideal f\u00fcr Genuss und Entspannung.<\/p>","protected":false},"featured_media":3727,"comment_status":"open","ping_status":"closed","template":"","meta":[],"product_brand":[],"product_cat":[26],"product_tag":[],"class_list":{"0":"post-3735","1":"product","2":"type-product","3":"status-publish","4":"has-post-thumbnail","6":"product_cat-esswaren","8":"first","9":"instock","10":"sale","11":"shipping-taxable","12":"purchasable","13":"product-type-simple"},"_links":{"self":[{"href":"https:\/\/premiumthcshop.de\/en\/wp-json\/wp\/v2\/product\/3735","targetHints":{"allow":["GET"]}}],"collection":[{"href":"https:\/\/premiumthcshop.de\/en\/wp-json\/wp\/v2\/product"}],"about":[{"href":"https:\/\/premiumthcshop.de\/en\/wp-json\/wp\/v2\/types\/product"}],"replies":[{"embeddable":true,"href":"https:\/\/premiumthcshop.de\/en\/wp-json\/wp\/v2\/comments?post=3735"}],"wp:featuredmedia":[{"embeddable":true,"href":"https:\/\/premiumthcshop.de\/en\/wp-json\/wp\/v2\/media\/3727"}],"wp:attachment":[{"href":"https:\/\/premiumthcshop.de\/en\/wp-json\/wp\/v2\/media?parent=3735"}],"wp:term":[{"taxonomy":"product_brand","embeddable":true,"href":"https:\/\/premiumthcshop.de\/en\/wp-json\/wp\/v2\/product_brand?post=3735"},{"taxonomy":"product_cat","embeddable":true,"href":"https:\/\/premiumthcshop.de\/en\/wp-json\/wp\/v2\/product_cat?post=3735"},{"taxonomy":"product_tag","embeddable":true,"href":"https:\/\/premiumthcshop.de\/en\/wp-json\/wp\/v2\/product_tag?post=3735"}],"curies":[{"name":"wp","href":"https:\/\/api.w.org\/{rel}","templated":true}]}}