{"id":3736,"date":"2026-04-03T08:53:06","date_gmt":"2026-04-03T08:53:06","guid":{"rendered":"https:\/\/premiumthcshop.de\/?post_type=product&#038;p=3736"},"modified":"2026-04-03T08:53:06","modified_gmt":"2026-04-03T08:53:06","slug":"baked-nards-sour-cherry-blasters-500mg","status":"publish","type":"product","link":"https:\/\/premiumthcshop.de\/en\/product\/baked-nards-sour-cherry-blasters-500mg\/","title":{"rendered":"Baked Nards: Sour Cherry Blasters - 500mg"},"content":{"rendered":"<p data-start=\"98\" data-end=\"337\">Erlebe den perfekten Mix aus <strong data-start=\"127\" data-end=\"144\">sauer und s\u00fc\u00df<\/strong> mit den <strong data-start=\"153\" data-end=\"189\">Baked Nards Sour Cherry Blasters<\/strong>. Diese THC-infundierten Edibles bieten ein intensives Geschmackserlebnis mit fruchtiger Kirschnote und einer angenehmen, langanhaltenden Wirkung.<\/p>\n<p data-start=\"339\" data-end=\"622\">Mit <strong data-start=\"343\" data-end=\"369\">500 mg THC pro Packung<\/strong> und hochwertigem, l\u00f6sungsmittelfreiem Cannabis-Destillat hergestellt, stehen diese Gummies f\u00fcr Qualit\u00e4t und Konsistenz. Die Kombination aus kr\u00e4ftigem Geschmack und ausgewogener Wirkung macht sie ideal f\u00fcr erfahrene Nutzer sowie medizinische Anwender.<\/p>\n<hr data-start=\"624\" data-end=\"627\" \/>\n<h3 data-section-id=\"1h9hqnb\" data-start=\"629\" data-end=\"651\"><span role=\"text\"><strong data-start=\"633\" data-end=\"651\">Produktdetails<\/strong><\/span><\/h3>\n<div class=\"TyagGW_tableContainer\">\n<div class=\"group TyagGW_tableWrapper flex flex-col-reverse w-fit\" tabindex=\"-1\">\n<table class=\"w-fit min-w-(--thread-content-width)\" data-start=\"653\" data-end=\"1024\">\n<thead data-start=\"653\" data-end=\"690\">\n<tr data-start=\"653\" data-end=\"690\">\n<th class=\"\" data-start=\"653\" data-end=\"674\" data-col-size=\"sm\">Eigenschaft<\/th>\n<th class=\"\" data-start=\"674\" data-end=\"690\" data-col-size=\"md\">Beschreibung<\/th>\n<\/tr>\n<\/thead>\n<tbody data-start=\"727\" data-end=\"1024\">\n<tr data-start=\"727\" data-end=\"770\">\n<td data-start=\"727\" data-end=\"747\" data-col-size=\"sm\"><strong data-start=\"729\" data-end=\"743\">Produktart<\/strong><\/td>\n<td data-start=\"747\" data-end=\"770\" data-col-size=\"md\">THC-infused Edibles<\/td>\n<\/tr>\n<tr data-start=\"771\" data-end=\"813\">\n<td data-start=\"771\" data-end=\"791\" data-col-size=\"sm\"><strong data-start=\"773\" data-end=\"787\">THC-Gehalt<\/strong><\/td>\n<td data-start=\"791\" data-end=\"813\" data-col-size=\"md\">500 mg pro Packung<\/td>\n<\/tr>\n<tr data-start=\"814\" data-end=\"864\">\n<td data-start=\"814\" data-end=\"834\" data-col-size=\"sm\"><strong data-start=\"816\" data-end=\"829\">Geschmack<\/strong><\/td>\n<td data-start=\"834\" data-end=\"864\" data-col-size=\"md\">Sauerkirsche (sauer &amp; s\u00fc\u00df)<\/td>\n<\/tr>\n<tr data-start=\"865\" data-end=\"920\">\n<td data-start=\"865\" data-end=\"885\" data-col-size=\"sm\"><strong data-start=\"867\" data-end=\"878\">Wirkung<\/strong><\/td>\n<td data-start=\"885\" data-end=\"920\" data-col-size=\"md\">Entspannend &amp; leicht euphorisch<\/td>\n<\/tr>\n<tr data-start=\"921\" data-end=\"987\">\n<td data-start=\"921\" data-end=\"941\" data-col-size=\"sm\"><strong data-start=\"923\" data-end=\"938\">Herstellung<\/strong><\/td>\n<td data-start=\"941\" data-end=\"987\" data-col-size=\"md\">Mit l\u00f6sungsmittelfreiem Cannabis-Destillat<\/td>\n<\/tr>\n<tr data-start=\"988\" data-end=\"1024\">\n<td data-start=\"988\" data-end=\"1008\" data-col-size=\"sm\"><strong data-start=\"990\" data-end=\"1002\">Qualit\u00e4t<\/strong><\/td>\n<td data-start=\"1008\" data-end=\"1024\" data-col-size=\"md\">Lab getestet<\/td>\n<\/tr>\n<\/tbody>\n<\/table>\n<\/div>\n<\/div>\n<hr data-start=\"1026\" data-end=\"1029\" \/>\n<h3 data-section-id=\"1ptxicl\" data-start=\"1031\" data-end=\"1049\"><span role=\"text\"><strong data-start=\"1035\" data-end=\"1049\">Highlights<\/strong><\/span><\/h3>\n<ul data-start=\"1051\" data-end=\"1297\">\n<li data-section-id=\"1kdhhqm\" data-start=\"1051\" data-end=\"1094\">\ud83c\udf52 Intensiver <strong data-start=\"1067\" data-end=\"1092\">Sauerkirsch-Geschmack<\/strong><\/li>\n<li data-section-id=\"gyzx58\" data-start=\"1095\" data-end=\"1145\">\ud83c\udf3f <strong data-start=\"1100\" data-end=\"1114\">500 mg THC<\/strong> f\u00fcr ein kraftvolles Erlebnis<\/li>\n<li data-section-id=\"xlogve\" data-start=\"1146\" data-end=\"1202\">\u2697\ufe0f Hergestellt mit <strong data-start=\"1167\" data-end=\"1200\">l\u00f6sungsmittelfreiem Destillat<\/strong><\/li>\n<li data-section-id=\"vi28u7\" data-start=\"1203\" data-end=\"1253\">\u2705 <strong data-start=\"1207\" data-end=\"1223\">Lab-getestet<\/strong> f\u00fcr Qualit\u00e4t und Konsistenz<\/li>\n<li data-section-id=\"1x2nnki\" data-start=\"1254\" data-end=\"1297\">\ud83d\ude0b Klassischer \u201eSour then Sweet\u201c-Effekt<\/li>\n<\/ul>\n<hr data-start=\"1299\" data-end=\"1302\" \/>\n<h3 data-section-id=\"1xa4eg3\" data-start=\"1304\" data-end=\"1319\"><span role=\"text\"><strong data-start=\"1308\" data-end=\"1319\">Zutaten<\/strong><\/span><\/h3>\n<p data-start=\"1321\" data-end=\"1467\">Cannabis\u00f6l, Zucker (Glukose-Fruktose-Sirup), Weizen, Maisbestandteile, Dextrose, Palm\u00f6l, Zitronens\u00e4ure, k\u00fcnstliche Aromen, Antioxidationsmittel.<\/p>\n<hr data-start=\"1469\" data-end=\"1472\" \/>\n<h3 data-section-id=\"1wnunrs\" data-start=\"1474\" data-end=\"1502\"><span role=\"text\"><strong data-start=\"1478\" data-end=\"1502\">Hinweise &amp; Dosierung<\/strong><\/span><\/h3>\n<ul data-start=\"1504\" data-end=\"1919\">\n<li data-section-id=\"1l5s5s\" data-start=\"1504\" data-end=\"1568\">Die Wirkung kann <strong data-start=\"1523\" data-end=\"1555\">verz\u00f6gert (bis zu 2 Stunden)<\/strong> einsetzen.<\/li>\n<li data-section-id=\"187ogv4\" data-start=\"1569\" data-end=\"1696\">Kann <strong data-start=\"1576\" data-end=\"1593\">Schl\u00e4frigkeit<\/strong> verursachen und die F\u00e4higkeit zum F\u00fchren von Fahrzeugen oder Bedienen von Maschinen beeintr\u00e4chtigen.<\/li>\n<li data-section-id=\"17ws8p6\" data-start=\"1697\" data-end=\"1817\">Die richtige Dosierung variiert je nach Person \u2013 beginne mit einer kleinen Menge und steigere bei Bedarf vorsichtig.<\/li>\n<li data-section-id=\"1j0ppgm\" data-start=\"1818\" data-end=\"1919\">F\u00fcr medizinische Anwendung wird empfohlen, R\u00fccksprache mit einem Arzt oder Fachzentrum zu halten.<\/li>\n<\/ul>\n<hr data-start=\"1921\" data-end=\"1924\" \/>\n<h3 data-section-id=\"1akavms\" data-start=\"1926\" data-end=\"1952\"><span role=\"text\"><strong data-start=\"1930\" data-end=\"1952\">Sicherheitshinweis<\/strong><\/span><\/h3>\n<p data-start=\"1954\" data-end=\"2048\" data-is-last-node=\"\" data-is-only-node=\"\">Nur f\u00fcr Erwachsene. Au\u00dferhalb der Reichweite von Kindern aufbewahren. K\u00fchl und trocken lagern.<\/p>","protected":false},"excerpt":{"rendered":"<p>Erlebe den perfekten Mix aus sauer und s\u00fc\u00df mit den Baked Nards Sour Cherry Blasters. Diese THC-infundierten Edibles bieten ein intensives Geschmackserlebnis mit fruchtiger Kirschnote und einer angenehmen, langanhaltenden Wirkung. Mit 500 mg THC pro Packung und hochwertigem, l\u00f6sungsmittelfreiem Cannabis-Destillat hergestellt, stehen diese Gummies f\u00fcr Qualit\u00e4t und Konsistenz. Die Kombination aus kr\u00e4ftigem Geschmack und ausgewogener [&hellip;]<\/p>\n","protected":false},"featured_media":3728,"comment_status":"open","ping_status":"closed","template":"","meta":[],"product_brand":[],"product_cat":[26],"product_tag":[],"class_list":{"0":"post-3736","1":"product","2":"type-product","3":"status-publish","4":"has-post-thumbnail","6":"product_cat-esswaren","8":"first","9":"instock","10":"sale","11":"shipping-taxable","12":"purchasable","13":"product-type-simple"},"_links":{"self":[{"href":"https:\/\/premiumthcshop.de\/en\/wp-json\/wp\/v2\/product\/3736","targetHints":{"allow":["GET"]}}],"collection":[{"href":"https:\/\/premiumthcshop.de\/en\/wp-json\/wp\/v2\/product"}],"about":[{"href":"https:\/\/premiumthcshop.de\/en\/wp-json\/wp\/v2\/types\/product"}],"replies":[{"embeddable":true,"href":"https:\/\/premiumthcshop.de\/en\/wp-json\/wp\/v2\/comments?post=3736"}],"wp:featuredmedia":[{"embeddable":true,"href":"https:\/\/premiumthcshop.de\/en\/wp-json\/wp\/v2\/media\/3728"}],"wp:attachment":[{"href":"https:\/\/premiumthcshop.de\/en\/wp-json\/wp\/v2\/media?parent=3736"}],"wp:term":[{"taxonomy":"product_brand","embeddable":true,"href":"https:\/\/premiumthcshop.de\/en\/wp-json\/wp\/v2\/product_brand?post=3736"},{"taxonomy":"product_cat","embeddable":true,"href":"https:\/\/premiumthcshop.de\/en\/wp-json\/wp\/v2\/product_cat?post=3736"},{"taxonomy":"product_tag","embeddable":true,"href":"https:\/\/premiumthcshop.de\/en\/wp-json\/wp\/v2\/product_tag?post=3736"}],"curies":[{"name":"wp","href":"https:\/\/api.w.org\/{rel}","templated":true}]}}