{"id":3738,"date":"2026-04-03T09:05:20","date_gmt":"2026-04-03T09:05:20","guid":{"rendered":"https:\/\/premiumthcshop.de\/?post_type=product&#038;p=3738"},"modified":"2026-04-03T09:05:20","modified_gmt":"2026-04-03T09:05:20","slug":"jolly-rancher-gummies-sours-600mg","status":"publish","type":"product","link":"https:\/\/premiumthcshop.de\/en\/product\/jolly-rancher-gummies-sours-600mg\/","title":{"rendered":"Jolly Rancher Gummies Sours \u2013 600mg"},"content":{"rendered":"<p data-start=\"83\" data-end=\"341\">Die <strong data-start=\"87\" data-end=\"118\">Jolly Rancher Gummies Sours<\/strong> begeistern mit ihrem intensiven, fruchtig-sauren Geschmack und sind mit <strong data-start=\"191\" data-end=\"205\">600 mg THC<\/strong> infundiert. Diese Edibles liefern ein kraftvolles, langanhaltendes Erlebnis \u2013 wie S\u00fc\u00dfigkeiten genie\u00dfen, dann entspannt stoned werden!<\/p>\n<hr data-start=\"343\" data-end=\"346\" \/>\n<h3 data-section-id=\"xvpr3u\" data-start=\"348\" data-end=\"375\"><span role=\"text\"><strong data-start=\"352\" data-end=\"375\">Produktbeschreibung<\/strong><\/span><\/h3>\n<p data-start=\"377\" data-end=\"706\">Die <strong data-start=\"381\" data-end=\"412\">Jolly Rancher Gummies Sours<\/strong> bieten eine aufregende Geschmacksexplosion, die deine Geschmacksknospen kitzelt und gleichzeitig f\u00fcr die wohltuenden Effekte von THC sorgt. Mit insgesamt <strong data-start=\"567\" data-end=\"593\">600 mg THC pro Packung<\/strong> sind diese Edibles besonders f\u00fcr erfahrene Konsumenten geeignet, die ein starkes, langanhaltendes High suchen.<\/p>\n<p data-start=\"708\" data-end=\"917\">Jeder Gummy kombiniert den ikonischen <strong data-start=\"746\" data-end=\"780\">sauren Jolly Rancher Geschmack<\/strong> mit einer angenehm s\u00fc\u00dfen Note. Ideal f\u00fcr Momente der Entspannung, zum Stressabbau oder einfach, um einen intensiven Genuss zu erleben.<\/p>\n<hr data-start=\"919\" data-end=\"922\" \/>\n<h3 data-section-id=\"1h9hqnb\" data-start=\"924\" data-end=\"946\"><span role=\"text\"><strong data-start=\"928\" data-end=\"946\">Produktdetails<\/strong><\/span><\/h3>\n<div class=\"TyagGW_tableContainer\">\n<div class=\"group TyagGW_tableWrapper flex flex-col-reverse w-fit\" tabindex=\"-1\">\n<table class=\"w-fit min-w-(--thread-content-width)\" data-start=\"948\" data-end=\"1244\">\n<thead data-start=\"948\" data-end=\"985\">\n<tr data-start=\"948\" data-end=\"985\">\n<th class=\"\" data-start=\"948\" data-end=\"969\" data-col-size=\"sm\">Eigenschaft<\/th>\n<th class=\"\" data-start=\"969\" data-end=\"985\" data-col-size=\"sm\">Beschreibung<\/th>\n<\/tr>\n<\/thead>\n<tbody data-start=\"1022\" data-end=\"1244\">\n<tr data-start=\"1022\" data-end=\"1075\">\n<td data-start=\"1022\" data-end=\"1042\" data-col-size=\"sm\"><strong data-start=\"1024\" data-end=\"1038\">Produktart<\/strong><\/td>\n<td data-col-size=\"sm\" data-start=\"1042\" data-end=\"1075\">THC-infused Edibles (Gummies)<\/td>\n<\/tr>\n<tr data-start=\"1076\" data-end=\"1118\">\n<td data-start=\"1076\" data-end=\"1096\" data-col-size=\"sm\"><strong data-start=\"1078\" data-end=\"1092\">THC-Gehalt<\/strong><\/td>\n<td data-start=\"1096\" data-end=\"1118\" data-col-size=\"sm\">600 mg pro Packung<\/td>\n<\/tr>\n<tr data-start=\"1119\" data-end=\"1159\">\n<td data-start=\"1119\" data-end=\"1139\" data-col-size=\"sm\"><strong data-start=\"1121\" data-end=\"1134\">Geschmack<\/strong><\/td>\n<td data-start=\"1139\" data-end=\"1159\" data-col-size=\"sm\">Fruchtig &amp; sauer<\/td>\n<\/tr>\n<tr data-start=\"1160\" data-end=\"1195\">\n<td data-start=\"1160\" data-end=\"1180\" data-col-size=\"sm\"><strong data-start=\"1162\" data-end=\"1176\">Konsistenz<\/strong><\/td>\n<td data-start=\"1180\" data-end=\"1195\" data-col-size=\"sm\">Weich &amp; z\u00e4h<\/td>\n<\/tr>\n<tr data-start=\"1196\" data-end=\"1244\">\n<td data-start=\"1196\" data-end=\"1216\" data-col-size=\"sm\"><strong data-start=\"1198\" data-end=\"1209\">Wirkung<\/strong><\/td>\n<td data-start=\"1216\" data-end=\"1244\" data-col-size=\"sm\">Entspannend &amp; euphorisch<\/td>\n<\/tr>\n<\/tbody>\n<\/table>\n<\/div>\n<\/div>\n<hr data-start=\"1246\" data-end=\"1249\" \/>\n<h3 data-section-id=\"mddin2\" data-start=\"1251\" data-end=\"1278\"><span role=\"text\"><strong data-start=\"1255\" data-end=\"1278\">Verzehr &amp; Dosierung<\/strong><\/span><\/h3>\n<p data-start=\"1280\" data-end=\"1548\">F\u00fcr Anf\u00e4nger empfiehlt es sich, mit einer kleinen Menge (<strong data-start=\"1337\" data-end=\"1354\">\u00bc bis \u00bd Gummy<\/strong>) zu starten und <strong data-start=\"1371\" data-end=\"1388\">60\u201390 Minuten<\/strong> zu warten, bevor mehr konsumiert wird. So l\u00e4sst sich die Wirkung individuell steuern, je nach gew\u00fcnschtem Effekt \u2013 sanfte Entspannung oder intensiveres High.<\/p>\n<hr data-start=\"1550\" data-end=\"1553\" \/>\n<h3 data-section-id=\"qvjq8x\" data-start=\"1555\" data-end=\"1570\"><span role=\"text\"><strong data-start=\"1559\" data-end=\"1570\">Hinweis<\/strong><\/span><\/h3>\n<p data-start=\"1572\" data-end=\"1684\" data-is-last-node=\"\" data-is-only-node=\"\">Bitte verantwortungsvoll konsumieren. Au\u00dferhalb der Reichweite von Kindern aufbewahren. K\u00fchl und trocken lagern.<\/p>","protected":false},"excerpt":{"rendered":"<p>Die <strong data-start=\"87\" data-end=\"118\">Jolly Rancher Gummies Sours<\/strong> begeistern mit ihrem intensiven, fruchtig-sauren Geschmack und sind mit <strong data-start=\"191\" data-end=\"205\">600 mg THC<\/strong> infundiert. Diese Edibles liefern ein kraftvolles, langanhaltendes Erlebnis \u2013 wie S\u00fc\u00dfigkeiten genie\u00dfen, dann entspannt stoned werden!<\/p>","protected":false},"featured_media":3723,"comment_status":"open","ping_status":"closed","template":"","meta":[],"product_brand":[],"product_cat":[26],"product_tag":[],"class_list":{"0":"post-3738","1":"product","2":"type-product","3":"status-publish","4":"has-post-thumbnail","6":"product_cat-esswaren","8":"first","9":"instock","10":"sale","11":"shipping-taxable","12":"purchasable","13":"product-type-simple"},"_links":{"self":[{"href":"https:\/\/premiumthcshop.de\/en\/wp-json\/wp\/v2\/product\/3738","targetHints":{"allow":["GET"]}}],"collection":[{"href":"https:\/\/premiumthcshop.de\/en\/wp-json\/wp\/v2\/product"}],"about":[{"href":"https:\/\/premiumthcshop.de\/en\/wp-json\/wp\/v2\/types\/product"}],"replies":[{"embeddable":true,"href":"https:\/\/premiumthcshop.de\/en\/wp-json\/wp\/v2\/comments?post=3738"}],"wp:featuredmedia":[{"embeddable":true,"href":"https:\/\/premiumthcshop.de\/en\/wp-json\/wp\/v2\/media\/3723"}],"wp:attachment":[{"href":"https:\/\/premiumthcshop.de\/en\/wp-json\/wp\/v2\/media?parent=3738"}],"wp:term":[{"taxonomy":"product_brand","embeddable":true,"href":"https:\/\/premiumthcshop.de\/en\/wp-json\/wp\/v2\/product_brand?post=3738"},{"taxonomy":"product_cat","embeddable":true,"href":"https:\/\/premiumthcshop.de\/en\/wp-json\/wp\/v2\/product_cat?post=3738"},{"taxonomy":"product_tag","embeddable":true,"href":"https:\/\/premiumthcshop.de\/en\/wp-json\/wp\/v2\/product_tag?post=3738"}],"curies":[{"name":"wp","href":"https:\/\/api.w.org\/{rel}","templated":true}]}}