{"id":3739,"date":"2026-04-03T09:03:05","date_gmt":"2026-04-03T09:03:05","guid":{"rendered":"https:\/\/premiumthcshop.de\/?post_type=product&#038;p=3739"},"modified":"2026-04-03T09:03:05","modified_gmt":"2026-04-03T09:03:05","slug":"skitls-600mg-thc-edibles","status":"publish","type":"product","link":"https:\/\/premiumthcshop.de\/en\/product\/skitls-600mg-thc-edibles\/","title":{"rendered":"SKITLS 600mg THC Edibles"},"content":{"rendered":"<p data-start=\"332\" data-end=\"622\">Die <strong data-start=\"336\" data-end=\"364\">SKITLS 600mg THC Edibles<\/strong> vereinen intensiven Fruchtgeschmack mit einer ausgewogenen THC-Wirkung und sorgen f\u00fcr ein genussvolles Edible-Erlebnis. Hergestellt aus <strong data-start=\"501\" data-end=\"532\">hanfbasierten Cannabinoiden<\/strong>, bieten diese Gummies eine perfekte Balance zwischen Geschmack, Konsistenz und Wirkung.<\/p>\n<p data-start=\"624\" data-end=\"916\">Die einzigartige Kombination aus <strong data-start=\"657\" data-end=\"694\">knuspriger H\u00fclle und weichem Kern<\/strong> sorgt f\u00fcr ein besonderes Mundgef\u00fchl, w\u00e4hrend die fruchtigen Aromen jeden Bissen zu einem Highlight machen. Dank ihres kompakten Formats sind sie der ideale Begleiter f\u00fcr unterwegs und erm\u00f6glichen einen diskreten Konsum.<\/p>\n<p data-start=\"918\" data-end=\"1108\">Jede Packung enth\u00e4lt <strong data-start=\"939\" data-end=\"951\">12 St\u00fcck<\/strong>, die zusammen <strong data-start=\"966\" data-end=\"980\">600 mg THC<\/strong> liefern. Die Wirkung setzt in der Regel nach <strong data-start=\"1026\" data-end=\"1043\">30\u201360 Minuten<\/strong> ein und bietet je nach Variante unterschiedliche Intensit\u00e4ten:<\/p>\n<ul data-start=\"1110\" data-end=\"1225\">\n<li data-section-id=\"9ylki\" data-start=\"1110\" data-end=\"1162\"><strong data-start=\"1112\" data-end=\"1129\">CALM POTENCY:<\/strong> F\u00fcr entspannte, sanfte Effekte<\/li>\n<li data-section-id=\"1c1rhav\" data-start=\"1163\" data-end=\"1225\"><strong data-start=\"1165\" data-end=\"1182\">EPIC POTENCY:<\/strong> F\u00fcr ein st\u00e4rkeres, intensiveres Erlebnis<\/li>\n<\/ul>\n<hr data-start=\"1227\" data-end=\"1230\" \/>\n<h3 data-section-id=\"1h9hqnb\" data-start=\"1232\" data-end=\"1254\"><span role=\"text\"><strong data-start=\"1236\" data-end=\"1254\">Produktdetails<\/strong><\/span><\/h3>\n<div class=\"TyagGW_tableContainer\">\n<div class=\"group TyagGW_tableWrapper flex flex-col-reverse w-fit\" tabindex=\"-1\">\n<table class=\"w-fit min-w-(--thread-content-width)\" data-start=\"1256\" data-end=\"1568\">\n<thead data-start=\"1256\" data-end=\"1293\">\n<tr data-start=\"1256\" data-end=\"1293\">\n<th class=\"\" data-start=\"1256\" data-end=\"1277\" data-col-size=\"sm\">Eigenschaft<\/th>\n<th class=\"\" data-start=\"1277\" data-end=\"1293\" data-col-size=\"sm\">Beschreibung<\/th>\n<\/tr>\n<\/thead>\n<tbody data-start=\"1330\" data-end=\"1568\">\n<tr data-start=\"1330\" data-end=\"1373\">\n<td data-start=\"1330\" data-end=\"1350\" data-col-size=\"sm\"><strong data-start=\"1332\" data-end=\"1346\">Produktart<\/strong><\/td>\n<td data-start=\"1350\" data-end=\"1373\" data-col-size=\"sm\">THC-infused Edibles<\/td>\n<\/tr>\n<tr data-start=\"1374\" data-end=\"1416\">\n<td data-start=\"1374\" data-end=\"1394\" data-col-size=\"sm\"><strong data-start=\"1376\" data-end=\"1390\">THC-Gehalt<\/strong><\/td>\n<td data-col-size=\"sm\" data-start=\"1394\" data-end=\"1416\">600 mg pro Packung<\/td>\n<\/tr>\n<tr data-start=\"1417\" data-end=\"1449\">\n<td data-start=\"1417\" data-end=\"1437\" data-col-size=\"sm\"><strong data-start=\"1419\" data-end=\"1428\">Menge<\/strong><\/td>\n<td data-start=\"1437\" data-end=\"1449\" data-col-size=\"sm\">12 St\u00fcck<\/td>\n<\/tr>\n<tr data-start=\"1450\" data-end=\"1490\">\n<td data-start=\"1450\" data-end=\"1470\" data-col-size=\"sm\"><strong data-start=\"1452\" data-end=\"1466\">Konsistenz<\/strong><\/td>\n<td data-col-size=\"sm\" data-start=\"1470\" data-end=\"1490\">Knusprig &amp; weich<\/td>\n<\/tr>\n<tr data-start=\"1491\" data-end=\"1523\">\n<td data-start=\"1491\" data-end=\"1511\" data-col-size=\"sm\"><strong data-start=\"1493\" data-end=\"1506\">Geschmack<\/strong><\/td>\n<td data-start=\"1511\" data-end=\"1523\" data-col-size=\"sm\">Fruchtig<\/td>\n<\/tr>\n<tr data-start=\"1524\" data-end=\"1568\">\n<td data-start=\"1524\" data-end=\"1547\" data-col-size=\"sm\"><strong data-start=\"1526\" data-end=\"1546\">Wirkungseintritt<\/strong><\/td>\n<td data-start=\"1547\" data-end=\"1568\" data-col-size=\"sm\">ca. 30\u201360 Minuten<\/td>\n<\/tr>\n<\/tbody>\n<\/table>\n<\/div>\n<\/div>\n<hr data-start=\"1570\" data-end=\"1573\" \/>\n<h3 data-section-id=\"1ptxicl\" data-start=\"1575\" data-end=\"1593\"><span role=\"text\"><strong data-start=\"1579\" data-end=\"1593\">Highlights<\/strong><\/span><\/h3>\n<ul data-start=\"1595\" data-end=\"1777\">\n<li data-section-id=\"1bm837t\" data-start=\"1595\" data-end=\"1629\">\ud83c\udf6c Knusprig au\u00dfen, weich innen<\/li>\n<li data-section-id=\"e4m8sg\" data-start=\"1630\" data-end=\"1663\">\ud83c\udf3f <strong data-start=\"1635\" data-end=\"1649\">600 mg THC<\/strong> pro Packung<\/li>\n<li data-section-id=\"1cetwtj\" data-start=\"1664\" data-end=\"1714\">\ud83c\udfaf Wahl zwischen <strong data-start=\"1683\" data-end=\"1691\">CALM<\/strong> und <strong data-start=\"1696\" data-end=\"1712\">EPIC Potency<\/strong><\/li>\n<li data-section-id=\"hii1nh\" data-start=\"1715\" data-end=\"1748\">\ud83d\ude0b Intensiver Fruchtgeschmack<\/li>\n<li data-section-id=\"kxibes\" data-start=\"1749\" data-end=\"1777\">\ud83d\udcbc Perfekt f\u00fcr unterwegs<\/li>\n<\/ul>\n<hr data-start=\"1779\" data-end=\"1782\" \/>\n<h3 data-section-id=\"93vfmf\" data-start=\"1784\" data-end=\"1813\"><span role=\"text\"><strong data-start=\"1788\" data-end=\"1813\">Hinweis zur Anwendung<\/strong><\/span><\/h3>\n<p data-start=\"1815\" data-end=\"1958\">Beginne mit einer kleinen Menge und warte mindestens <strong data-start=\"1868\" data-end=\"1885\">30\u201360 Minuten<\/strong>, bevor du mehr konsumierst. Die Wirkung kann je nach Person variieren.<\/p>\n<p data-start=\"1960\" data-end=\"2034\" data-is-last-node=\"\" data-is-only-node=\"\">Au\u00dferhalb der Reichweite von Kindern aufbewahren. K\u00fchl und trocken lagern.<\/p>","protected":false},"excerpt":{"rendered":"<p>Die <strong data-start=\"76\" data-end=\"98\">SKITLS THC Edibles<\/strong> bieten ein perfektes Zusammenspiel aus fruchtigem Geschmack und hochwertigen Cannabinoiden. Knusprig, weich und voller Aroma \u2013 ideal f\u00fcr unterwegs. Jede Packung enth\u00e4lt <strong data-start=\"268\" data-end=\"282\">600 mg THC<\/strong> und 12 St\u00fcck.<\/p>","protected":false},"featured_media":3724,"comment_status":"open","ping_status":"closed","template":"","meta":[],"product_brand":[],"product_cat":[26],"product_tag":[],"class_list":{"0":"post-3739","1":"product","2":"type-product","3":"status-publish","4":"has-post-thumbnail","6":"product_cat-esswaren","8":"first","9":"instock","10":"sale","11":"shipping-taxable","12":"purchasable","13":"product-type-simple"},"_links":{"self":[{"href":"https:\/\/premiumthcshop.de\/en\/wp-json\/wp\/v2\/product\/3739","targetHints":{"allow":["GET"]}}],"collection":[{"href":"https:\/\/premiumthcshop.de\/en\/wp-json\/wp\/v2\/product"}],"about":[{"href":"https:\/\/premiumthcshop.de\/en\/wp-json\/wp\/v2\/types\/product"}],"replies":[{"embeddable":true,"href":"https:\/\/premiumthcshop.de\/en\/wp-json\/wp\/v2\/comments?post=3739"}],"wp:featuredmedia":[{"embeddable":true,"href":"https:\/\/premiumthcshop.de\/en\/wp-json\/wp\/v2\/media\/3724"}],"wp:attachment":[{"href":"https:\/\/premiumthcshop.de\/en\/wp-json\/wp\/v2\/media?parent=3739"}],"wp:term":[{"taxonomy":"product_brand","embeddable":true,"href":"https:\/\/premiumthcshop.de\/en\/wp-json\/wp\/v2\/product_brand?post=3739"},{"taxonomy":"product_cat","embeddable":true,"href":"https:\/\/premiumthcshop.de\/en\/wp-json\/wp\/v2\/product_cat?post=3739"},{"taxonomy":"product_tag","embeddable":true,"href":"https:\/\/premiumthcshop.de\/en\/wp-json\/wp\/v2\/product_tag?post=3739"}],"curies":[{"name":"wp","href":"https:\/\/api.w.org\/{rel}","templated":true}]}}