{"id":3740,"date":"2026-04-03T08:59:45","date_gmt":"2026-04-03T08:59:45","guid":{"rendered":"https:\/\/premiumthcshop.de\/?post_type=product&#038;p=3740"},"modified":"2026-04-03T08:59:45","modified_gmt":"2026-04-03T08:59:45","slug":"starbuds-gummies-original-500mg","status":"publish","type":"product","link":"https:\/\/premiumthcshop.de\/en\/product\/starbuds-gummies-original-500mg\/","title":{"rendered":"Starbuds Gummies \u2013 Original 500mg"},"content":{"rendered":"<div class=\"flex max-w-full flex-col gap-4 grow\">\n<div class=\"min-h-8 text-message relative flex w-full flex-col items-end gap-2 text-start break-words whitespace-normal outline-none keyboard-focused:focus-ring [.text-message+&amp;]:mt-1\" dir=\"auto\" tabindex=\"0\" data-message-author-role=\"assistant\" data-message-id=\"0c6a9c2c-47f7-4658-ab90-0237526fbb02\" data-message-model-slug=\"gpt-5-mini\" data-turn-start-message=\"true\">\n<div class=\"flex w-full flex-col gap-1 empty:hidden\">\n<div class=\"markdown prose dark:prose-invert w-full wrap-break-word light markdown-new-styling\">\n<p data-start=\"315\" data-end=\"689\">Die <strong data-start=\"319\" data-end=\"356\">Starbuds Gummies \u2013 Original 500mg<\/strong> bieten ein k\u00f6stliches Geschmackserlebnis f\u00fcr alle, die klassische Fruchtbonbons mit einem modernen Cannabis-Twist genie\u00dfen m\u00f6chten. Diese weichen, aromatischen Gummies \u00fcberzeugen mit intensiven Fruchtaromen wie <strong data-start=\"568\" data-end=\"609\">Kirsche, Orange, Erdbeere und Zitrone<\/strong>, die f\u00fcr ein abwechslungsreiches und erfrischendes Geschmackserlebnis sorgen.<\/p>\n<p data-start=\"691\" data-end=\"913\">Mit insgesamt <strong data-start=\"705\" data-end=\"731\">500 mg THC pro Packung<\/strong> und <strong data-start=\"736\" data-end=\"758\">5 Gummies \u00e0 100 mg<\/strong> erm\u00f6glichen sie eine einfache und pr\u00e4zise Dosierung. Die ausgewogene Wirkung macht sie ideal f\u00fcr entspannte Momente, Stressabbau oder gesellige Anl\u00e4sse.<\/p>\n<p data-start=\"915\" data-end=\"1160\">Dank ihrer angenehmen Konsistenz und des fruchtigen Geschmacks bieten diese Edibles eine diskrete und genussvolle Alternative zu anderen Konsumformen. Sowohl erfahrene Konsumenten als auch Einsteiger k\u00f6nnen ihre Erfahrung individuell anpassen.<\/p>\n<hr data-start=\"1162\" data-end=\"1165\" \/>\n<h3 data-section-id=\"1h9hqnb\" data-start=\"1167\" data-end=\"1189\"><span role=\"text\"><strong data-start=\"1171\" data-end=\"1189\">Produktdetails<\/strong><\/span><\/h3>\n<div class=\"TyagGW_tableContainer\">\n<div class=\"group TyagGW_tableWrapper flex flex-col-reverse w-fit\" tabindex=\"-1\">\n<table class=\"w-fit min-w-(--thread-content-width)\" data-start=\"1191\" data-end=\"1524\">\n<thead data-start=\"1191\" data-end=\"1228\">\n<tr data-start=\"1191\" data-end=\"1228\">\n<th class=\"\" data-start=\"1191\" data-end=\"1212\" data-col-size=\"sm\">Eigenschaft<\/th>\n<th class=\"\" data-start=\"1212\" data-end=\"1228\" data-col-size=\"sm\">Beschreibung<\/th>\n<\/tr>\n<\/thead>\n<tbody data-start=\"1265\" data-end=\"1524\">\n<tr data-start=\"1265\" data-end=\"1323\">\n<td data-start=\"1265\" data-end=\"1285\" data-col-size=\"sm\"><strong data-start=\"1267\" data-end=\"1281\">Produktart<\/strong><\/td>\n<td data-col-size=\"sm\" data-start=\"1285\" data-end=\"1323\">THC-infused Edibles (Fruchtgummis)<\/td>\n<\/tr>\n<tr data-start=\"1324\" data-end=\"1366\">\n<td data-start=\"1324\" data-end=\"1344\" data-col-size=\"sm\"><strong data-start=\"1326\" data-end=\"1340\">THC-Gehalt<\/strong><\/td>\n<td data-col-size=\"sm\" data-start=\"1344\" data-end=\"1366\">500 mg pro Packung<\/td>\n<\/tr>\n<tr data-start=\"1367\" data-end=\"1397\">\n<td data-start=\"1367\" data-end=\"1387\" data-col-size=\"sm\"><strong data-start=\"1369\" data-end=\"1386\">THC pro St\u00fcck<\/strong><\/td>\n<td data-start=\"1387\" data-end=\"1397\" data-col-size=\"sm\">100 mg<\/td>\n<\/tr>\n<tr data-start=\"1398\" data-end=\"1429\">\n<td data-start=\"1398\" data-end=\"1418\" data-col-size=\"sm\"><strong data-start=\"1400\" data-end=\"1409\">Menge<\/strong><\/td>\n<td data-start=\"1418\" data-end=\"1429\" data-col-size=\"sm\">5 St\u00fcck<\/td>\n<\/tr>\n<tr data-start=\"1430\" data-end=\"1488\">\n<td data-start=\"1430\" data-end=\"1450\" data-col-size=\"sm\"><strong data-start=\"1432\" data-end=\"1445\">Geschmack<\/strong><\/td>\n<td data-start=\"1450\" data-end=\"1488\" data-col-size=\"sm\">Kirsche, Orange, Erdbeere, Zitrone<\/td>\n<\/tr>\n<tr data-start=\"1489\" data-end=\"1524\">\n<td data-start=\"1489\" data-end=\"1509\" data-col-size=\"sm\"><strong data-start=\"1491\" data-end=\"1505\">Konsistenz<\/strong><\/td>\n<td data-start=\"1509\" data-end=\"1524\" data-col-size=\"sm\">Weich &amp; z\u00e4h<\/td>\n<\/tr>\n<\/tbody>\n<\/table>\n<\/div>\n<\/div>\n<hr data-start=\"1526\" data-end=\"1529\" \/>\n<h3 data-section-id=\"1ptxicl\" data-start=\"1531\" data-end=\"1549\"><span role=\"text\"><strong data-start=\"1535\" data-end=\"1549\">Highlights<\/strong><\/span><\/h3>\n<ul data-start=\"1551\" data-end=\"1761\">\n<li data-section-id=\"1mg3znm\" data-start=\"1551\" data-end=\"1601\">\ud83c\udf6c Klassische <strong data-start=\"1567\" data-end=\"1599\">Fruchtaromen im Original-Mix<\/strong><\/li>\n<li data-section-id=\"y3yjj7\" data-start=\"1602\" data-end=\"1635\">\ud83c\udf3f <strong data-start=\"1607\" data-end=\"1621\">500 mg THC<\/strong> pro Packung<\/li>\n<li data-section-id=\"10cnjk7\" data-start=\"1636\" data-end=\"1686\">\ud83c\udfaf Einfache Dosierung mit <strong data-start=\"1664\" data-end=\"1684\">100 mg pro Gummy<\/strong><\/li>\n<li data-section-id=\"1sqgyqw\" data-start=\"1687\" data-end=\"1721\">\ud83d\ude0b Intensiver, s\u00fc\u00dfer Geschmack<\/li>\n<li data-section-id=\"125jl5f\" data-start=\"1722\" data-end=\"1761\">\ud83d\ude0c Ideal f\u00fcr Entspannung und Genuss<\/li>\n<\/ul>\n<hr data-start=\"1763\" data-end=\"1766\" \/>\n<h3 data-section-id=\"mddin2\" data-start=\"1768\" data-end=\"1795\"><span role=\"text\"><strong data-start=\"1772\" data-end=\"1795\">Verzehr &amp; Dosierung<\/strong><\/span><\/h3>\n<p data-start=\"1797\" data-end=\"1973\">Beginne mit einer kleinen Menge (<strong data-start=\"1830\" data-end=\"1855\">\u00bc bis \u00bd eines Gummies<\/strong>) und warte <strong data-start=\"1867\" data-end=\"1884\">60\u201390 Minuten<\/strong>, bevor du mehr konsumierst. So kannst du die Wirkung optimal einsch\u00e4tzen und anpassen.<\/p>\n<hr data-start=\"1975\" data-end=\"1978\" \/>\n<h3 data-section-id=\"qvjq8x\" data-start=\"1980\" data-end=\"1995\"><span role=\"text\"><strong data-start=\"1984\" data-end=\"1995\">Hinweis<\/strong><\/span><\/h3>\n<p data-start=\"1997\" data-end=\"2194\" data-is-last-node=\"\" data-is-only-node=\"\">Bitte verantwortungsvoll konsumieren. Die Wirkung kann verz\u00f6gert einsetzen und je nach individueller Toleranz variieren.<br data-start=\"2117\" data-end=\"2120\" \/>Au\u00dferhalb der Reichweite von Kindern aufbewahren. K\u00fchl und trocken lagern.<\/p>\n<\/div>\n<\/div>\n<\/div>\n<\/div>\n<div class=\"z-0 flex min-h-[46px] justify-start\"><\/div>\n<div class=\"mt-3 w-full empty:hidden\">\n<div class=\"text-center\">\n<div class=\"mx-auto\">\n<div>\n<div class=\"inline-flex rounded-xl border border-gray-100 dark:border-gray-700\">\n<div class=\"me-12 flex items-center px-4 py-3 text-start\">\n<div class=\"ms-4\">\n<div class=\"text-token-main-surface-primary-inverse text-sm font-semibold\"><\/div>\n<\/div>\n<\/div>\n<\/div>\n<\/div>\n<\/div>\n<\/div>\n<\/div>\n","protected":false},"excerpt":{"rendered":"<p>Die <strong data-start=\"85\" data-end=\"122\">Starbuds Gummies \u2013 Original 500mg<\/strong> sind fruchtige THC-Edibles mit klassischen Candy-Aromen wie Kirsche, Orange, Erdbeere und Zitrone. Perfekt f\u00fcr einen s\u00fc\u00dfen Genuss mit entspannender Wirkung.<\/p>","protected":false},"featured_media":3725,"comment_status":"open","ping_status":"closed","template":"","meta":[],"product_brand":[],"product_cat":[26],"product_tag":[],"class_list":{"0":"post-3740","1":"product","2":"type-product","3":"status-publish","4":"has-post-thumbnail","6":"product_cat-esswaren","8":"first","9":"instock","10":"sale","11":"shipping-taxable","12":"purchasable","13":"product-type-simple"},"_links":{"self":[{"href":"https:\/\/premiumthcshop.de\/en\/wp-json\/wp\/v2\/product\/3740","targetHints":{"allow":["GET"]}}],"collection":[{"href":"https:\/\/premiumthcshop.de\/en\/wp-json\/wp\/v2\/product"}],"about":[{"href":"https:\/\/premiumthcshop.de\/en\/wp-json\/wp\/v2\/types\/product"}],"replies":[{"embeddable":true,"href":"https:\/\/premiumthcshop.de\/en\/wp-json\/wp\/v2\/comments?post=3740"}],"wp:featuredmedia":[{"embeddable":true,"href":"https:\/\/premiumthcshop.de\/en\/wp-json\/wp\/v2\/media\/3725"}],"wp:attachment":[{"href":"https:\/\/premiumthcshop.de\/en\/wp-json\/wp\/v2\/media?parent=3740"}],"wp:term":[{"taxonomy":"product_brand","embeddable":true,"href":"https:\/\/premiumthcshop.de\/en\/wp-json\/wp\/v2\/product_brand?post=3740"},{"taxonomy":"product_cat","embeddable":true,"href":"https:\/\/premiumthcshop.de\/en\/wp-json\/wp\/v2\/product_cat?post=3740"},{"taxonomy":"product_tag","embeddable":true,"href":"https:\/\/premiumthcshop.de\/en\/wp-json\/wp\/v2\/product_tag?post=3740"}],"curies":[{"name":"wp","href":"https:\/\/api.w.org\/{rel}","templated":true}]}}