{"id":3741,"date":"2026-04-03T08:57:44","date_gmt":"2026-04-03T08:57:44","guid":{"rendered":"https:\/\/premiumthcshop.de\/?post_type=product&#038;p=3741"},"modified":"2026-04-03T08:57:44","modified_gmt":"2026-04-03T08:57:44","slug":"devour-sour-belts-strawberry-3-000mg","status":"publish","type":"product","link":"https:\/\/premiumthcshop.de\/en\/product\/devour-sour-belts-strawberry-3-000mg\/","title":{"rendered":"Devour Sour Belts \u2013 Strawberry 3.000mg"},"content":{"rendered":"<p data-start=\"1626\" data-end=\"1870\">Die <strong data-start=\"1630\" data-end=\"1650\">Starbuds Gummies<\/strong> bieten dir ein fruchtiges Geschmackserlebnis mit einem besonderen Cannabis-Twist. Inspiriert von klassischen Fruchtbonbons \u00fcberzeugen diese THC-Edibles mit intensiven Aromen und einer angenehmen, ausgewogenen Wirkung.<\/p>\n<p data-start=\"1872\" data-end=\"2023\">Jede Packung enth\u00e4lt <strong data-start=\"1893\" data-end=\"1907\">500 mg THC<\/strong>, verteilt auf <strong data-start=\"1922\" data-end=\"1956\">5 weiche Gummies mit je 100 mg<\/strong>. Du hast die Wahl zwischen zwei k\u00f6stlichen Geschmacksrichtungen:<\/p>\n<ul data-start=\"2025\" data-end=\"2125\">\n<li data-section-id=\"15qt9il\" data-start=\"2025\" data-end=\"2077\"><strong data-start=\"2027\" data-end=\"2040\">Original:<\/strong> Kirsche, Orange, Erdbeere, Zitrone<\/li>\n<li data-section-id=\"owugqf\" data-start=\"2078\" data-end=\"2125\"><strong data-start=\"2080\" data-end=\"2097\">Sour Berries:<\/strong> S\u00fc\u00df, s\u00e4uerlich und beerig<\/li>\n<\/ul>\n<p data-start=\"2127\" data-end=\"2296\">Diese Gummies sind perfekt f\u00fcr alle, die eine diskrete, leckere und effektive M\u00f6glichkeit suchen, THC zu genie\u00dfen \u2013 egal ob zur Entspannung oder f\u00fcr gesellige Momente.<\/p>\n<hr data-start=\"2298\" data-end=\"2301\" \/>\n<h3 data-section-id=\"1h9hqnb\" data-start=\"2303\" data-end=\"2325\"><span role=\"text\"><strong data-start=\"2307\" data-end=\"2325\">Produktdetails<\/strong><\/span><\/h3>\n<div class=\"TyagGW_tableContainer\">\n<div class=\"group TyagGW_tableWrapper flex flex-col-reverse w-fit\" tabindex=\"-1\">\n<table class=\"w-fit min-w-(--thread-content-width)\" data-start=\"2327\" data-end=\"2649\">\n<thead data-start=\"2327\" data-end=\"2364\">\n<tr data-start=\"2327\" data-end=\"2364\">\n<th class=\"\" data-start=\"2327\" data-end=\"2348\" data-col-size=\"sm\">Eigenschaft<\/th>\n<th class=\"\" data-start=\"2348\" data-end=\"2364\" data-col-size=\"sm\">Beschreibung<\/th>\n<\/tr>\n<\/thead>\n<tbody data-start=\"2401\" data-end=\"2649\">\n<tr data-start=\"2401\" data-end=\"2459\">\n<td data-start=\"2401\" data-end=\"2421\" data-col-size=\"sm\"><strong data-start=\"2403\" data-end=\"2417\">Produktart<\/strong><\/td>\n<td data-start=\"2421\" data-end=\"2459\" data-col-size=\"sm\">THC-infused Edibles (Fruchtgummis)<\/td>\n<\/tr>\n<tr data-start=\"2460\" data-end=\"2502\">\n<td data-start=\"2460\" data-end=\"2480\" data-col-size=\"sm\"><strong data-start=\"2462\" data-end=\"2476\">THC-Gehalt<\/strong><\/td>\n<td data-start=\"2480\" data-end=\"2502\" data-col-size=\"sm\">500 mg pro Packung<\/td>\n<\/tr>\n<tr data-start=\"2503\" data-end=\"2533\">\n<td data-start=\"2503\" data-end=\"2523\" data-col-size=\"sm\"><strong data-start=\"2505\" data-end=\"2522\">THC pro St\u00fcck<\/strong><\/td>\n<td data-start=\"2523\" data-end=\"2533\" data-col-size=\"sm\">100 mg<\/td>\n<\/tr>\n<tr data-start=\"2534\" data-end=\"2565\">\n<td data-start=\"2534\" data-end=\"2554\" data-col-size=\"sm\"><strong data-start=\"2536\" data-end=\"2545\">Menge<\/strong><\/td>\n<td data-start=\"2554\" data-end=\"2565\" data-col-size=\"sm\">5 St\u00fcck<\/td>\n<\/tr>\n<tr data-start=\"2566\" data-end=\"2613\">\n<td data-start=\"2566\" data-end=\"2586\" data-col-size=\"sm\"><strong data-start=\"2568\" data-end=\"2581\">Geschmack<\/strong><\/td>\n<td data-start=\"2586\" data-end=\"2613\" data-col-size=\"sm\">Original &amp; Sour Berries<\/td>\n<\/tr>\n<tr data-start=\"2614\" data-end=\"2649\">\n<td data-start=\"2614\" data-end=\"2634\" data-col-size=\"sm\"><strong data-start=\"2616\" data-end=\"2630\">Konsistenz<\/strong><\/td>\n<td data-start=\"2634\" data-end=\"2649\" data-col-size=\"sm\">Weich &amp; z\u00e4h<\/td>\n<\/tr>\n<\/tbody>\n<\/table>\n<\/div>\n<\/div>\n<hr data-start=\"2651\" data-end=\"2654\" \/>\n<h3 data-section-id=\"1ptxicl\" data-start=\"2656\" data-end=\"2674\"><span role=\"text\"><strong data-start=\"2660\" data-end=\"2674\">Highlights<\/strong><\/span><\/h3>\n<ul data-start=\"2676\" data-end=\"2895\">\n<li data-section-id=\"1kn31y3\" data-start=\"2676\" data-end=\"2721\">\ud83c\udf6c Fruchtige <strong data-start=\"2691\" data-end=\"2719\">Candy-inspirierte Aromen<\/strong><\/li>\n<li data-section-id=\"y3yjj7\" data-start=\"2722\" data-end=\"2755\">\ud83c\udf3f <strong data-start=\"2727\" data-end=\"2741\">500 mg THC<\/strong> pro Packung<\/li>\n<li data-section-id=\"h0ypam\" data-start=\"2756\" data-end=\"2810\">\ud83c\udfaf Einfache Portionierung mit <strong data-start=\"2788\" data-end=\"2808\">100 mg pro Gummy<\/strong><\/li>\n<li data-section-id=\"ojcy3t\" data-start=\"2811\" data-end=\"2855\">\ud83d\ude0b Zwei Geschmacksrichtungen zur Auswahl<\/li>\n<li data-section-id=\"125jl5f\" data-start=\"2856\" data-end=\"2895\">\ud83d\ude0c Ideal f\u00fcr Entspannung und Genuss<\/li>\n<\/ul>\n<hr data-start=\"2897\" data-end=\"2900\" \/>\n<h3 data-section-id=\"mddin2\" data-start=\"2902\" data-end=\"2929\"><span role=\"text\"><strong data-start=\"2906\" data-end=\"2929\">Verzehr &amp; Dosierung<\/strong><\/span><\/h3>\n<p data-start=\"2931\" data-end=\"3078\">Beginne mit einer kleinen Menge (<strong data-start=\"2964\" data-end=\"2989\">\u00bc bis \u00bd eines Gummies<\/strong>) und warte <strong data-start=\"3001\" data-end=\"3018\">60\u201390 Minuten<\/strong>, um die Wirkung zu beurteilen, bevor du mehr konsumierst.<\/p>\n<hr data-start=\"3080\" data-end=\"3083\" \/>\n<h3 data-section-id=\"qvjq8x\" data-start=\"3085\" data-end=\"3100\"><span role=\"text\"><strong data-start=\"3089\" data-end=\"3100\">Hinweis<\/strong><\/span><\/h3>\n<p data-start=\"3102\" data-end=\"3214\" data-is-last-node=\"\" data-is-only-node=\"\">Bitte verantwortungsvoll konsumieren. Au\u00dferhalb der Reichweite von Kindern aufbewahren. K\u00fchl und trocken lagern.<\/p>","protected":false},"excerpt":{"rendered":"<p>Die Starbuds Gummies bieten dir ein fruchtiges Geschmackserlebnis mit einem besonderen Cannabis-Twist. Inspiriert von klassischen Fruchtbonbons \u00fcberzeugen diese THC-Edibles mit intensiven Aromen und einer angenehmen, ausgewogenen Wirkung. Jede Packung enth\u00e4lt 500 mg THC, verteilt auf 5 weiche Gummies mit je 100 mg. Du hast die Wahl zwischen zwei k\u00f6stlichen Geschmacksrichtungen: Original: Kirsche, Orange, Erdbeere, Zitrone [&hellip;]<\/p>\n","protected":false},"featured_media":3726,"comment_status":"open","ping_status":"closed","template":"","meta":[],"product_brand":[],"product_cat":[26],"product_tag":[],"class_list":{"0":"post-3741","1":"product","2":"type-product","3":"status-publish","4":"has-post-thumbnail","6":"product_cat-esswaren","8":"first","9":"instock","10":"sale","11":"shipping-taxable","12":"purchasable","13":"product-type-simple"},"_links":{"self":[{"href":"https:\/\/premiumthcshop.de\/en\/wp-json\/wp\/v2\/product\/3741","targetHints":{"allow":["GET"]}}],"collection":[{"href":"https:\/\/premiumthcshop.de\/en\/wp-json\/wp\/v2\/product"}],"about":[{"href":"https:\/\/premiumthcshop.de\/en\/wp-json\/wp\/v2\/types\/product"}],"replies":[{"embeddable":true,"href":"https:\/\/premiumthcshop.de\/en\/wp-json\/wp\/v2\/comments?post=3741"}],"wp:featuredmedia":[{"embeddable":true,"href":"https:\/\/premiumthcshop.de\/en\/wp-json\/wp\/v2\/media\/3726"}],"wp:attachment":[{"href":"https:\/\/premiumthcshop.de\/en\/wp-json\/wp\/v2\/media?parent=3741"}],"wp:term":[{"taxonomy":"product_brand","embeddable":true,"href":"https:\/\/premiumthcshop.de\/en\/wp-json\/wp\/v2\/product_brand?post=3741"},{"taxonomy":"product_cat","embeddable":true,"href":"https:\/\/premiumthcshop.de\/en\/wp-json\/wp\/v2\/product_cat?post=3741"},{"taxonomy":"product_tag","embeddable":true,"href":"https:\/\/premiumthcshop.de\/en\/wp-json\/wp\/v2\/product_tag?post=3741"}],"curies":[{"name":"wp","href":"https:\/\/api.w.org\/{rel}","templated":true}]}}