{"id":3747,"date":"2026-04-03T09:25:49","date_gmt":"2026-04-03T09:25:49","guid":{"rendered":"https:\/\/premiumthcshop.de\/?post_type=product&#038;p=3747"},"modified":"2026-04-03T09:25:49","modified_gmt":"2026-04-03T09:25:49","slug":"polk-a-dot-chocolate-5-gramm-cinnamon-french-toast-schokoladentafel","status":"publish","type":"product","link":"https:\/\/premiumthcshop.de\/en\/product\/polk-a-dot-chocolate-5-gramm-cinnamon-french-toast-schokoladentafel\/","title":{"rendered":"Polk-A-Dot Chocolate | 5 Gramm | Cinnamon French Toast Schokoladentafel"},"content":{"rendered":"<p data-start=\"353\" data-end=\"647\">Erlebe mit der <strong data-start=\"368\" data-end=\"414\">Polk-A-Dot Chocolate Cinnamon French Toast<\/strong> ein au\u00dfergew\u00f6hnliches Geschmackserlebnis. Diese cremige <strong data-start=\"471\" data-end=\"497\">wei\u00dfe Schokoladentafel<\/strong> ist mit echtem Zimt verfeinert und enth\u00e4lt knusprige, ger\u00f6stete St\u00fcckchen, die f\u00fcr eine angenehme Textur und einen unverwechselbaren Crunch sorgen.<\/p>\n<p data-start=\"649\" data-end=\"908\">Jeder Bissen erinnert an das klassische Fr\u00fchst\u00fccksgericht und verbindet s\u00fc\u00dfe, w\u00fcrzige und knusprige Elemente zu einem harmonischen Genuss. Neben dem einzigartigen Geschmack enth\u00e4lt diese Tafel eine sorgf\u00e4ltig abgestimmte Mischung funktionaler Inhaltsstoffe.<\/p>\n<hr data-start=\"910\" data-end=\"913\" \/>\n<h3 data-section-id=\"1tdgsk2\" data-start=\"915\" data-end=\"943\"><span role=\"text\"><strong data-start=\"919\" data-end=\"943\">Wirkstoffe pro St\u00fcck<\/strong><\/span><\/h3>\n<div class=\"TyagGW_tableContainer\">\n<div class=\"group TyagGW_tableWrapper flex flex-col-reverse w-fit\" tabindex=\"-1\">\n<table class=\"w-fit min-w-(--thread-content-width)\" data-start=\"945\" data-end=\"1118\">\n<thead data-start=\"945\" data-end=\"969\">\n<tr data-start=\"945\" data-end=\"969\">\n<th class=\"\" data-start=\"945\" data-end=\"960\" data-col-size=\"sm\">Inhaltsstoff<\/th>\n<th class=\"\" data-start=\"960\" data-end=\"969\" data-col-size=\"sm\">Menge<\/th>\n<\/tr>\n<\/thead>\n<tbody data-start=\"993\" data-end=\"1118\">\n<tr data-start=\"993\" data-end=\"1044\">\n<td data-start=\"993\" data-end=\"1034\" data-col-size=\"sm\"><strong data-start=\"995\" data-end=\"1033\">Muscimol-Isolat (Amanita Muscaria)<\/strong><\/td>\n<td data-start=\"1034\" data-end=\"1044\" data-col-size=\"sm\">0,5 mg<\/td>\n<\/tr>\n<tr data-start=\"1045\" data-end=\"1070\">\n<td data-start=\"1045\" data-end=\"1063\" data-col-size=\"sm\"><strong data-start=\"1047\" data-end=\"1062\">Ibotens\u00e4ure<\/strong><\/td>\n<td data-start=\"1063\" data-end=\"1070\" data-col-size=\"sm\">0 %<\/td>\n<\/tr>\n<tr data-start=\"1071\" data-end=\"1118\">\n<td data-start=\"1071\" data-end=\"1108\" data-col-size=\"sm\"><strong data-start=\"1073\" data-end=\"1107\">Polka Blend (Bio-Pilzmischung)<\/strong><\/td>\n<td data-start=\"1108\" data-end=\"1118\" data-col-size=\"sm\">500 mg<\/td>\n<\/tr>\n<\/tbody>\n<\/table>\n<\/div>\n<\/div>\n<hr data-start=\"1120\" data-end=\"1123\" \/>\n<h3 data-section-id=\"6yxg3f\" data-start=\"1125\" data-end=\"1150\"><span role=\"text\"><strong data-start=\"1129\" data-end=\"1150\">Polka Blend (Bio)<\/strong><\/span><\/h3>\n<ul data-start=\"1152\" data-end=\"1318\">\n<li data-section-id=\"2om3zh\" data-start=\"1152\" data-end=\"1193\">\ud83c\udf44 Lion\u2019s Mane (<em data-start=\"1170\" data-end=\"1190\">Hericium erinaceus<\/em>)<\/li>\n<li data-section-id=\"pbkclx\" data-start=\"1194\" data-end=\"1234\">\ud83c\udf44 Reishi (<em data-start=\"1207\" data-end=\"1231\">Ganoderma lucidum s.l.<\/em>)<\/li>\n<li data-section-id=\"1ciqcpa\" data-start=\"1235\" data-end=\"1277\">\ud83c\udf44 Turkey Tail (<em data-start=\"1253\" data-end=\"1274\">Trametes versicolor<\/em>)<\/li>\n<li data-section-id=\"mxa8wd\" data-start=\"1278\" data-end=\"1318\">\ud83c\udf44 Cordyceps (<em data-start=\"1294\" data-end=\"1315\">Cordyceps militaris<\/em>)<\/li>\n<\/ul>\n<hr data-start=\"1320\" data-end=\"1323\" \/>\n<h3 data-section-id=\"1ptxicl\" data-start=\"1325\" data-end=\"1343\"><span role=\"text\"><strong data-start=\"1329\" data-end=\"1343\">Highlights<\/strong><\/span><\/h3>\n<ul data-start=\"1345\" data-end=\"1575\">\n<li data-section-id=\"5dmyzb\" data-start=\"1345\" data-end=\"1398\">\ud83c\udf6b Cremige <strong data-start=\"1358\" data-end=\"1396\">wei\u00dfe Schokolade mit Zimtgeschmack<\/strong><\/li>\n<li data-section-id=\"zd3k3n\" data-start=\"1399\" data-end=\"1449\">\ud83c\udf5e Knusprige <strong data-start=\"1414\" data-end=\"1430\">Toasted Bits<\/strong> f\u00fcr extra Crunch<\/li>\n<li data-section-id=\"qv4vi7\" data-start=\"1450\" data-end=\"1497\">\ud83c\udf44 Enth\u00e4lt funktionale <strong data-start=\"1475\" data-end=\"1495\">Bio-Pilzextrakte<\/strong><\/li>\n<li data-section-id=\"1u1a7um\" data-start=\"1498\" data-end=\"1549\">\ud83c\udf3f Mit <strong data-start=\"1507\" data-end=\"1547\">Muscimol-Isolat aus Amanita Muscaria<\/strong><\/li>\n<li data-section-id=\"1dguza6\" data-start=\"1550\" data-end=\"1575\">\u274c <strong data-start=\"1554\" data-end=\"1573\">Ohne Psilocybin<\/strong><\/li>\n<\/ul>\n<hr data-start=\"1577\" data-end=\"1580\" \/>\n<h3 data-section-id=\"74ydh5\" data-start=\"1582\" data-end=\"1607\"><span role=\"text\"><strong data-start=\"1586\" data-end=\"1607\">Wichtiger Hinweis<\/strong><\/span><\/h3>\n<p data-start=\"1609\" data-end=\"1689\">Dieses Produkt enth\u00e4lt <strong data-start=\"1632\" data-end=\"1651\">kein Psilocybin<\/strong> und ist ein <strong data-start=\"1664\" data-end=\"1686\">Amanita Supplement<\/strong>.<\/p>\n<hr data-start=\"1691\" data-end=\"1694\" \/>\n<h3 data-section-id=\"358g50\" data-start=\"1696\" data-end=\"1722\"><span role=\"text\"><strong data-start=\"1700\" data-end=\"1722\">Haftungsausschluss<\/strong><\/span><\/h3>\n<p data-start=\"1724\" data-end=\"1929\">Dieses Produkt wurde nicht von der zust\u00e4ndigen Lebensmittel- oder Arzneimittelbeh\u00f6rde bewertet und ist <strong data-start=\"1827\" data-end=\"1926\">nicht dazu bestimmt, Krankheiten zu diagnostizieren, zu behandeln, zu heilen oder zu verhindern<\/strong>.<\/p>\n<hr data-start=\"1931\" data-end=\"1934\" \/>\n<h3 data-section-id=\"1akavms\" data-start=\"1936\" data-end=\"1962\"><span role=\"text\"><strong data-start=\"1940\" data-end=\"1962\">Sicherheitshinweis<\/strong><\/span><\/h3>\n<p data-start=\"1964\" data-end=\"2028\" data-is-last-node=\"\" data-is-only-node=\"\">Au\u00dferhalb der Reichweite von Kindern und Haustieren aufbewahren.<\/p>","protected":false},"excerpt":{"rendered":"<p data-start=\"119\" data-end=\"317\">Genie\u00dfe den warmen, nostalgischen Geschmack von <strong data-start=\"167\" data-end=\"192\">Cinnamon French Toast<\/strong> in einer cremigen wei\u00dfen Schokolade mit knusprigen Toastst\u00fcckchen \u2013 ein einzigartiger Genuss mit funktionalem Amanita-Blend.<\/p>","protected":false},"featured_media":3767,"comment_status":"open","ping_status":"closed","template":"","meta":[],"product_brand":[],"product_cat":[30],"product_tag":[],"class_list":{"0":"post-3747","1":"product","2":"type-product","3":"status-publish","4":"has-post-thumbnail","6":"product_cat-pilz-schokoriegel","8":"first","9":"instock","10":"sale","11":"shipping-taxable","12":"purchasable","13":"product-type-simple"},"_links":{"self":[{"href":"https:\/\/premiumthcshop.de\/en\/wp-json\/wp\/v2\/product\/3747","targetHints":{"allow":["GET"]}}],"collection":[{"href":"https:\/\/premiumthcshop.de\/en\/wp-json\/wp\/v2\/product"}],"about":[{"href":"https:\/\/premiumthcshop.de\/en\/wp-json\/wp\/v2\/types\/product"}],"replies":[{"embeddable":true,"href":"https:\/\/premiumthcshop.de\/en\/wp-json\/wp\/v2\/comments?post=3747"}],"wp:featuredmedia":[{"embeddable":true,"href":"https:\/\/premiumthcshop.de\/en\/wp-json\/wp\/v2\/media\/3767"}],"wp:attachment":[{"href":"https:\/\/premiumthcshop.de\/en\/wp-json\/wp\/v2\/media?parent=3747"}],"wp:term":[{"taxonomy":"product_brand","embeddable":true,"href":"https:\/\/premiumthcshop.de\/en\/wp-json\/wp\/v2\/product_brand?post=3747"},{"taxonomy":"product_cat","embeddable":true,"href":"https:\/\/premiumthcshop.de\/en\/wp-json\/wp\/v2\/product_cat?post=3747"},{"taxonomy":"product_tag","embeddable":true,"href":"https:\/\/premiumthcshop.de\/en\/wp-json\/wp\/v2\/product_tag?post=3747"}],"curies":[{"name":"wp","href":"https:\/\/api.w.org\/{rel}","templated":true}]}}