{"id":3748,"date":"2026-04-03T09:22:26","date_gmt":"2026-04-03T09:22:26","guid":{"rendered":"https:\/\/premiumthcshop.de\/?post_type=product&#038;p=3748"},"modified":"2026-04-03T09:22:26","modified_gmt":"2026-04-03T09:22:26","slug":"aurora-strawberries-cream-magic-mushrooms-chocolate-bar-5g","status":"publish","type":"product","link":"https:\/\/premiumthcshop.de\/en\/product\/aurora-strawberries-cream-magic-mushrooms-chocolate-bar-5g\/","title":{"rendered":"Aurora | Strawberries &amp; Cream | Magic Mushrooms Chocolate Bar | 5G"},"content":{"rendered":"<div class=\"flex max-w-full flex-col gap-4 grow\">\n<div class=\"min-h-8 text-message relative flex w-full flex-col items-end gap-2 text-start break-words whitespace-normal outline-none keyboard-focused:focus-ring [.text-message+&amp;]:mt-1\" dir=\"auto\" tabindex=\"0\" data-message-author-role=\"assistant\" data-message-id=\"da38ff42-5205-4718-a4c7-eb55062838f5\" data-message-model-slug=\"gpt-5-mini\" data-turn-start-message=\"true\">\n<div class=\"flex w-full flex-col gap-1 empty:hidden\">\n<div class=\"markdown prose dark:prose-invert w-full wrap-break-word light markdown-new-styling\">\n<p data-start=\"324\" data-end=\"610\">Begib dich auf eine au\u00dfergew\u00f6hnliche Reise mit der <strong data-start=\"375\" data-end=\"440\">Aurora Strawberries &amp; Cream Magic Mushroom Chocolate Bar \u2013 5G<\/strong>. Diese hochwertige Schokolade vereint eine <strong data-start=\"484\" data-end=\"517\">cremige Milchschokoladenbasis<\/strong> mit fein abgestimmten Erdbeeraromen und ist mit Psilocybin aus Magic Mushrooms infundiert.<\/p>\n<p data-start=\"612\" data-end=\"920\">Jede Tafel enth\u00e4lt insgesamt <strong data-start=\"641\" data-end=\"659\">5 g Psilocybin<\/strong>, aufgeteilt in <strong data-start=\"675\" data-end=\"701\">10 St\u00fccke mit je 0,5 g<\/strong>, wodurch eine pr\u00e4zise und kontrollierbare Dosierung erm\u00f6glicht wird. Die harmonische Kombination aus <strong data-start=\"803\" data-end=\"844\">s\u00fc\u00df, cremig und leicht erdig-fruchtig<\/strong> sorgt f\u00fcr ein einzigartiges Geschmacksprofil und ein intensives Erlebnis.<\/p>\n<p data-start=\"922\" data-end=\"1201\">Sorgf\u00e4ltig hergestellt f\u00fcr gleichbleibende Qualit\u00e4t, eignet sich diese Schokolade sowohl f\u00fcr erfahrene Nutzer als auch f\u00fcr jene, die ihre Dosierung genau steuern m\u00f6chten. Die auff\u00e4llige, psychedelisch inspirierte Verpackung unterstreicht den besonderen Charakter dieses Produkts.<\/p>\n<hr data-start=\"1203\" data-end=\"1206\" \/>\n<h3 data-section-id=\"1h9hqnb\" data-start=\"1208\" data-end=\"1230\"><span role=\"text\"><strong data-start=\"1212\" data-end=\"1230\">Produktdetails<\/strong><\/span><\/h3>\n<div class=\"TyagGW_tableContainer\">\n<div class=\"group TyagGW_tableWrapper flex flex-col-reverse w-fit\" tabindex=\"-1\">\n<table class=\"w-fit min-w-(--thread-content-width)\" data-start=\"1232\" data-end=\"1636\">\n<thead data-start=\"1232\" data-end=\"1273\">\n<tr data-start=\"1232\" data-end=\"1273\">\n<th class=\"\" data-start=\"1232\" data-end=\"1257\" data-col-size=\"sm\">Eigenschaft<\/th>\n<th class=\"\" data-start=\"1257\" data-end=\"1273\" data-col-size=\"sm\">Beschreibung<\/th>\n<\/tr>\n<\/thead>\n<tbody data-start=\"1314\" data-end=\"1636\">\n<tr data-start=\"1314\" data-end=\"1371\">\n<td data-start=\"1314\" data-end=\"1338\" data-col-size=\"sm\"><strong data-start=\"1316\" data-end=\"1330\">Produktart<\/strong><\/td>\n<td data-start=\"1338\" data-end=\"1371\" data-col-size=\"sm\">Psilocybin-infused Schokolade<\/td>\n<\/tr>\n<tr data-start=\"1372\" data-end=\"1403\">\n<td data-start=\"1372\" data-end=\"1396\" data-col-size=\"sm\"><strong data-start=\"1374\" data-end=\"1391\">Gesamtgewicht<\/strong><\/td>\n<td data-start=\"1396\" data-end=\"1403\" data-col-size=\"sm\">5 g<\/td>\n<\/tr>\n<tr data-start=\"1404\" data-end=\"1450\">\n<td data-start=\"1404\" data-end=\"1428\" data-col-size=\"sm\"><strong data-start=\"1406\" data-end=\"1416\">St\u00fccke<\/strong><\/td>\n<td data-start=\"1428\" data-end=\"1450\" data-col-size=\"sm\">10 St\u00fcck pro Tafel<\/td>\n<\/tr>\n<tr data-start=\"1451\" data-end=\"1487\">\n<td data-start=\"1451\" data-end=\"1478\" data-col-size=\"sm\"><strong data-start=\"1453\" data-end=\"1477\">Psilocybin pro St\u00fcck<\/strong><\/td>\n<td data-start=\"1478\" data-end=\"1487\" data-col-size=\"sm\">0,5 g<\/td>\n<\/tr>\n<tr data-start=\"1488\" data-end=\"1545\">\n<td data-start=\"1488\" data-end=\"1512\" data-col-size=\"sm\"><strong data-start=\"1490\" data-end=\"1503\">Geschmack<\/strong><\/td>\n<td data-start=\"1512\" data-end=\"1545\" data-col-size=\"sm\">Erdbeere &amp; cremige Schokolade<\/td>\n<\/tr>\n<tr data-start=\"1546\" data-end=\"1587\">\n<td data-start=\"1546\" data-end=\"1570\" data-col-size=\"sm\"><strong data-start=\"1548\" data-end=\"1563\">Herstellung<\/strong><\/td>\n<td data-start=\"1570\" data-end=\"1587\" data-col-size=\"sm\">Handgefertigt<\/td>\n<\/tr>\n<tr data-start=\"1588\" data-end=\"1636\">\n<td data-start=\"1588\" data-end=\"1612\" data-col-size=\"sm\"><strong data-start=\"1590\" data-end=\"1603\">Allergene<\/strong><\/td>\n<td data-start=\"1612\" data-end=\"1636\" data-col-size=\"sm\">Enth\u00e4lt Milch &amp; Soja<\/td>\n<\/tr>\n<\/tbody>\n<\/table>\n<\/div>\n<\/div>\n<hr data-start=\"1638\" data-end=\"1641\" \/>\n<h3 data-section-id=\"1ptxicl\" data-start=\"1643\" data-end=\"1661\"><span role=\"text\"><strong data-start=\"1647\" data-end=\"1661\">Highlights<\/strong><\/span><\/h3>\n<ul data-start=\"1663\" data-end=\"1929\">\n<li data-section-id=\"10ec6zz\" data-start=\"1663\" data-end=\"1726\">\ud83c\udf53 Feine Kombination aus <strong data-start=\"1690\" data-end=\"1724\">Erdbeere &amp; cremiger Schokolade<\/strong><\/li>\n<li data-section-id=\"1krhy60\" data-start=\"1727\" data-end=\"1774\">\ud83c\udf6b <strong data-start=\"1732\" data-end=\"1745\">10 St\u00fccke<\/strong> f\u00fcr einfache Portionierung<\/li>\n<li data-section-id=\"1ej6nw8\" data-start=\"1775\" data-end=\"1828\">\ud83c\udf44 <strong data-start=\"1780\" data-end=\"1808\">5 g Psilocybin insgesamt<\/strong> (0,5 g pro St\u00fcck)<\/li>\n<li data-section-id=\"1rknecv\" data-start=\"1829\" data-end=\"1886\">\ud83c\udfaf Gleichm\u00e4\u00dfige Dosierung f\u00fcr kontrolliertes Erlebnis<\/li>\n<li data-section-id=\"tr16n4\" data-start=\"1887\" data-end=\"1929\">\u2728 Hochwertige, handgefertigte Qualit\u00e4t<\/li>\n<\/ul>\n<hr data-start=\"1931\" data-end=\"1934\" \/>\n<h3 data-section-id=\"93vfmf\" data-start=\"1936\" data-end=\"1965\"><span role=\"text\"><strong data-start=\"1940\" data-end=\"1965\">Hinweis zur Anwendung<\/strong><\/span><\/h3>\n<p data-start=\"1967\" data-end=\"2089\">Bitte verantwortungsvoll konsumieren. Die Wirkung kann je nach individueller Toleranz variieren und verz\u00f6gert einsetzen.<\/p>\n<p data-start=\"2091\" data-end=\"2165\" data-is-last-node=\"\" data-is-only-node=\"\">Au\u00dferhalb der Reichweite von Kindern aufbewahren. K\u00fchl und trocken lagern.<\/p>\n<\/div>\n<\/div>\n<\/div>\n<\/div>\n<div class=\"z-0 flex min-h-[46px] justify-start\"><\/div>\n<div class=\"mt-3 w-full empty:hidden\">\n<div class=\"text-center\">\n<div class=\"mx-auto\">\n<div>\n<div class=\"inline-flex rounded-xl border border-gray-100 dark:border-gray-700\">\n<div class=\"me-12 flex items-center px-4 py-3 text-start\">\n<div class=\"ms-4\">\n<div class=\"text-token-main-surface-primary-inverse text-sm font-semibold\"><\/div>\n<\/div>\n<\/div>\n<\/div>\n<\/div>\n<\/div>\n<\/div>\n<\/div>\n","protected":false},"excerpt":{"rendered":"<p>Premium Schokolade von Bargain Budd mit <strong data-start=\"154\" data-end=\"184\">0,5 g Psilocybin pro St\u00fcck<\/strong> \u2013 eine perfekte Kombination aus cremiger S\u00fc\u00dfe und fruchtigen Erdbeeraromen f\u00fcr ein besonderes Erlebnis.<\/p>","protected":false},"featured_media":3768,"comment_status":"open","ping_status":"closed","template":"","meta":[],"product_brand":[],"product_cat":[30],"product_tag":[],"class_list":{"0":"post-3748","1":"product","2":"type-product","3":"status-publish","4":"has-post-thumbnail","6":"product_cat-pilz-schokoriegel","8":"first","9":"instock","10":"sale","11":"shipping-taxable","12":"purchasable","13":"product-type-simple"},"_links":{"self":[{"href":"https:\/\/premiumthcshop.de\/en\/wp-json\/wp\/v2\/product\/3748","targetHints":{"allow":["GET"]}}],"collection":[{"href":"https:\/\/premiumthcshop.de\/en\/wp-json\/wp\/v2\/product"}],"about":[{"href":"https:\/\/premiumthcshop.de\/en\/wp-json\/wp\/v2\/types\/product"}],"replies":[{"embeddable":true,"href":"https:\/\/premiumthcshop.de\/en\/wp-json\/wp\/v2\/comments?post=3748"}],"wp:featuredmedia":[{"embeddable":true,"href":"https:\/\/premiumthcshop.de\/en\/wp-json\/wp\/v2\/media\/3768"}],"wp:attachment":[{"href":"https:\/\/premiumthcshop.de\/en\/wp-json\/wp\/v2\/media?parent=3748"}],"wp:term":[{"taxonomy":"product_brand","embeddable":true,"href":"https:\/\/premiumthcshop.de\/en\/wp-json\/wp\/v2\/product_brand?post=3748"},{"taxonomy":"product_cat","embeddable":true,"href":"https:\/\/premiumthcshop.de\/en\/wp-json\/wp\/v2\/product_cat?post=3748"},{"taxonomy":"product_tag","embeddable":true,"href":"https:\/\/premiumthcshop.de\/en\/wp-json\/wp\/v2\/product_tag?post=3748"}],"curies":[{"name":"wp","href":"https:\/\/api.w.org\/{rel}","templated":true}]}}