{"id":3749,"date":"2026-04-03T09:20:33","date_gmt":"2026-04-03T09:20:33","guid":{"rendered":"https:\/\/premiumthcshop.de\/?post_type=product&#038;p=3749"},"modified":"2026-04-03T09:20:33","modified_gmt":"2026-04-03T09:20:33","slug":"aurora-cookies-cream-magic-mushroom-chocolate-bar-5g","status":"publish","type":"product","link":"https:\/\/premiumthcshop.de\/en\/product\/aurora-cookies-cream-magic-mushroom-chocolate-bar-5g\/","title":{"rendered":"Aurora | Cookies &amp; Cream | Magic Mushroom Chocolate Bar | 5G"},"content":{"rendered":"<p data-start=\"284\" data-end=\"677\">Die <strong data-start=\"288\" data-end=\"350\">Aurora Magic Mushroom Chocolate Bar \u2013 Cookies &amp; Cream (5G)<\/strong> vereint hochwertige Schokolade mit Psilocybin aus <em data-start=\"401\" data-end=\"421\">Psilocybe cubensis<\/em> und bietet ein einzigartiges, geschmackvolles Erlebnis. Hergestellt in kleinen Chargen, kombiniert diese Edible cremige wei\u00dfe Schokolade mit knusprigen Keksst\u00fcckchen und sorgt so f\u00fcr einen angenehmen Geschmack, der die erdigen Noten der Pilze \u00fcberdeckt.<\/p>\n<p data-start=\"679\" data-end=\"894\">Mit insgesamt <strong data-start=\"693\" data-end=\"729\">5 g Psilocybe cubensis pro Tafel<\/strong>, aufgeteilt in <strong data-start=\"745\" data-end=\"766\">10 St\u00fccke \u00e0 0,5 g<\/strong>, erm\u00f6glicht dieses Produkt eine flexible und kontrollierbare Dosierung \u2013 von Microdosing bis hin zu intensiveren Erfahrungen.<\/p>\n<hr data-start=\"896\" data-end=\"899\" \/>\n<h3 data-section-id=\"i2a2iw\" data-start=\"901\" data-end=\"933\"><span role=\"text\"><strong data-start=\"905\" data-end=\"933\">Zusammensetzung &amp; Potenz<\/strong><\/span><\/h3>\n<div class=\"TyagGW_tableContainer\">\n<div class=\"group TyagGW_tableWrapper flex flex-col-reverse w-fit\" tabindex=\"-1\">\n<table class=\"w-fit min-w-(--thread-content-width)\" data-start=\"935\" data-end=\"1247\">\n<thead data-start=\"935\" data-end=\"978\">\n<tr data-start=\"935\" data-end=\"978\">\n<th class=\"\" data-start=\"935\" data-end=\"962\" data-col-size=\"sm\">Eigenschaft<\/th>\n<th class=\"\" data-start=\"962\" data-end=\"978\" data-col-size=\"sm\">Beschreibung<\/th>\n<\/tr>\n<\/thead>\n<tbody data-start=\"1022\" data-end=\"1247\">\n<tr data-start=\"1022\" data-end=\"1075\">\n<td data-start=\"1022\" data-end=\"1049\" data-col-size=\"sm\"><strong data-start=\"1024\" data-end=\"1040\">Gesamtinhalt<\/strong><\/td>\n<td data-start=\"1049\" data-end=\"1075\" data-col-size=\"sm\">5 g Psilocybe cubensis<\/td>\n<\/tr>\n<tr data-start=\"1076\" data-end=\"1115\">\n<td data-start=\"1076\" data-end=\"1103\" data-col-size=\"sm\"><strong data-start=\"1078\" data-end=\"1091\">Portionen<\/strong><\/td>\n<td data-start=\"1103\" data-end=\"1115\" data-col-size=\"sm\">10 St\u00fcck<\/td>\n<\/tr>\n<tr data-start=\"1116\" data-end=\"1152\">\n<td data-start=\"1116\" data-end=\"1143\" data-col-size=\"sm\"><strong data-start=\"1118\" data-end=\"1131\">Pro St\u00fcck<\/strong><\/td>\n<td data-start=\"1143\" data-end=\"1152\" data-col-size=\"sm\">0,5 g<\/td>\n<\/tr>\n<tr data-start=\"1153\" data-end=\"1199\">\n<td data-start=\"1153\" data-end=\"1180\" data-col-size=\"sm\"><strong data-start=\"1155\" data-end=\"1168\">Geschmack<\/strong><\/td>\n<td data-start=\"1180\" data-end=\"1199\" data-col-size=\"sm\">Cookies &amp; Cream<\/td>\n<\/tr>\n<tr data-start=\"1200\" data-end=\"1247\">\n<td data-start=\"1200\" data-end=\"1227\" data-col-size=\"sm\"><strong data-start=\"1202\" data-end=\"1210\">Form<\/strong><\/td>\n<td data-start=\"1227\" data-end=\"1247\" data-col-size=\"sm\">Schokoladentafel<\/td>\n<\/tr>\n<\/tbody>\n<\/table>\n<\/div>\n<\/div>\n<hr data-start=\"1249\" data-end=\"1252\" \/>\n<h3 data-section-id=\"11vx6ek\" data-start=\"1254\" data-end=\"1282\"><span role=\"text\"><strong data-start=\"1258\" data-end=\"1282\">Dosierungsempfehlung<\/strong><\/span><\/h3>\n<ul data-start=\"1284\" data-end=\"1487\">\n<li data-section-id=\"10m4b2p\" data-start=\"1284\" data-end=\"1351\"><strong data-start=\"1286\" data-end=\"1302\">Microdosing:<\/strong> 1\u20132 St\u00fcck (0,5\u20131 g) \u2013 leichte, subtile Effekte<\/li>\n<li data-section-id=\"j56hri\" data-start=\"1352\" data-end=\"1426\"><strong data-start=\"1354\" data-end=\"1373\">Mittlere Dosis:<\/strong> 3\u20134 St\u00fcck (1,5\u20132 g) \u2013 milde psychedelische Wirkung<\/li>\n<li data-section-id=\"ycugkj\" data-start=\"1427\" data-end=\"1487\"><strong data-start=\"1429\" data-end=\"1444\">Hohe Dosis:<\/strong> 8\u201310 St\u00fcck (4\u20135 g) \u2013 intensive Erfahrung<\/li>\n<\/ul>\n<p data-start=\"1489\" data-end=\"1598\"><strong data-start=\"1489\" data-end=\"1510\">Wirkungseintritt:<\/strong> ca. 20\u201340 Minuten<br data-start=\"1528\" data-end=\"1531\" \/><strong data-start=\"1531\" data-end=\"1545\">Wirkdauer:<\/strong> 4\u20136 Stunden (abh\u00e4ngig von Stoffwechsel &amp; Toleranz)<\/p>\n<hr data-start=\"1600\" data-end=\"1603\" \/>\n<h3 data-section-id=\"d5zf6s\" data-start=\"1605\" data-end=\"1631\"><span role=\"text\"><strong data-start=\"1609\" data-end=\"1631\">Geschmack &amp; Textur<\/strong><\/span><\/h3>\n<ul data-start=\"1633\" data-end=\"1787\">\n<li data-section-id=\"y78u7n\" data-start=\"1633\" data-end=\"1664\">\ud83c\udf6b Cremige wei\u00dfe Schokolade<\/li>\n<li data-section-id=\"14xd7tg\" data-start=\"1665\" data-end=\"1692\">\ud83c\udf6a Knusprige Keksst\u00fccke<\/li>\n<li data-section-id=\"1i0y1h0\" data-start=\"1693\" data-end=\"1732\">\ud83d\ude0b Angenehm s\u00fc\u00df mit dezenter Textur<\/li>\n<li data-section-id=\"1wb6u4m\" data-start=\"1733\" data-end=\"1787\">\ud83c\udf3f Erdiger Pilzgeschmack wird weitgehend \u00fcberdeckt<\/li>\n<\/ul>\n<hr data-start=\"1789\" data-end=\"1792\" \/>\n<h3 data-section-id=\"1xa4eg3\" data-start=\"1794\" data-end=\"1809\"><span role=\"text\"><strong data-start=\"1798\" data-end=\"1809\">Zutaten<\/strong><\/span><\/h3>\n<p data-start=\"1811\" data-end=\"1983\">Zucker, pflanzliche \u00d6le (Palm), Kakao, Molke, Magermilch, Soja, Sonnenblumenlecithin, Vanille, Kokos\u00f6l, Karamell, Schokoladenkekse, Psilocybin (aus <em data-start=\"1959\" data-end=\"1979\">Psilocybe cubensis<\/em>).<\/p>\n<hr data-start=\"1985\" data-end=\"1988\" \/>\n<h3 data-section-id=\"17nlrzy\" data-start=\"1990\" data-end=\"2014\"><span role=\"text\"><strong data-start=\"1994\" data-end=\"2014\">Allergenhinweise<\/strong><\/span><\/h3>\n<p data-start=\"2016\" data-end=\"2092\"><strong data-start=\"2016\" data-end=\"2028\">Enth\u00e4lt:<\/strong> Milch, Soja, Erdn\u00fcsse<br data-start=\"2050\" data-end=\"2053\" \/><strong data-start=\"2053\" data-end=\"2072\">Kann enthalten:<\/strong> N\u00fcsse, Ei, Weizen<\/p>\n<hr data-start=\"2094\" data-end=\"2097\" \/>\n<h3 data-section-id=\"1mqgkgm\" data-start=\"2099\" data-end=\"2134\"><span role=\"text\"><strong data-start=\"2103\" data-end=\"2134\">Wirkung &amp; m\u00f6gliche Vorteile<\/strong><\/span><\/h3>\n<ul data-start=\"2136\" data-end=\"2327\">\n<li data-section-id=\"i8ichh\" data-start=\"2136\" data-end=\"2180\">\ud83e\udde0 Kann Kreativit\u00e4t und Stimmung f\u00f6rdern<\/li>\n<li data-section-id=\"xo3pr4\" data-start=\"2181\" data-end=\"2232\">\ud83d\ude0c Unterst\u00fctzt Entspannung und mentale Klarheit<\/li>\n<li data-section-id=\"mlnakx\" data-start=\"2233\" data-end=\"2327\">\ud83c\udf3f Wird teilweise zur Stress- und Angstbew\u00e4ltigung genutzt (Hinweis: Forschung l\u00e4uft noch)<\/li>\n<\/ul>\n<hr data-start=\"2329\" data-end=\"2332\" \/>\n<h3 data-section-id=\"1jqgqc4\" data-start=\"2334\" data-end=\"2370\"><span role=\"text\"><strong data-start=\"2338\" data-end=\"2370\">Sicherheits- &amp; Rechtshinweis<\/strong><\/span><\/h3>\n<ul data-start=\"2372\" data-end=\"2655\">\n<li data-section-id=\"ppnoiv\" data-start=\"2372\" data-end=\"2436\">Die Wirkung kann stark variieren \u2013 bitte vorsichtig dosieren<\/li>\n<li data-section-id=\"6cssiu\" data-start=\"2437\" data-end=\"2508\">Nicht geeignet f\u00fcr Kinder oder unerfahrene Nutzer ohne Vorbereitung<\/li>\n<li data-section-id=\"1v93uif\" data-start=\"2509\" data-end=\"2544\">K\u00fchl, trocken und sicher lagern<\/li>\n<li data-section-id=\"nq5ij3\" data-start=\"2545\" data-end=\"2655\">Beachte die lokalen gesetzlichen Bestimmungen, da Psilocybin in vielen L\u00e4ndern reguliert oder verboten ist<\/li>\n<\/ul>","protected":false},"excerpt":{"rendered":"<p><strong data-start=\"108\" data-end=\"132\">Psilocybin-infusiert<\/strong> | 10 St\u00fccke \u00e0 0,5 g<br data-start=\"152\" data-end=\"155\" \/>Premium Schokolade mit Cookies &amp; Cream Geschmack f\u00fcr ein diskretes und intensives Erlebnis.<\/p>","protected":false},"featured_media":3769,"comment_status":"open","ping_status":"closed","template":"","meta":[],"product_brand":[],"product_cat":[30],"product_tag":[],"class_list":{"0":"post-3749","1":"product","2":"type-product","3":"status-publish","4":"has-post-thumbnail","6":"product_cat-pilz-schokoriegel","8":"first","9":"instock","10":"sale","11":"shipping-taxable","12":"purchasable","13":"product-type-simple"},"_links":{"self":[{"href":"https:\/\/premiumthcshop.de\/en\/wp-json\/wp\/v2\/product\/3749","targetHints":{"allow":["GET"]}}],"collection":[{"href":"https:\/\/premiumthcshop.de\/en\/wp-json\/wp\/v2\/product"}],"about":[{"href":"https:\/\/premiumthcshop.de\/en\/wp-json\/wp\/v2\/types\/product"}],"replies":[{"embeddable":true,"href":"https:\/\/premiumthcshop.de\/en\/wp-json\/wp\/v2\/comments?post=3749"}],"wp:featuredmedia":[{"embeddable":true,"href":"https:\/\/premiumthcshop.de\/en\/wp-json\/wp\/v2\/media\/3769"}],"wp:attachment":[{"href":"https:\/\/premiumthcshop.de\/en\/wp-json\/wp\/v2\/media?parent=3749"}],"wp:term":[{"taxonomy":"product_brand","embeddable":true,"href":"https:\/\/premiumthcshop.de\/en\/wp-json\/wp\/v2\/product_brand?post=3749"},{"taxonomy":"product_cat","embeddable":true,"href":"https:\/\/premiumthcshop.de\/en\/wp-json\/wp\/v2\/product_cat?post=3749"},{"taxonomy":"product_tag","embeddable":true,"href":"https:\/\/premiumthcshop.de\/en\/wp-json\/wp\/v2\/product_tag?post=3749"}],"curies":[{"name":"wp","href":"https:\/\/api.w.org\/{rel}","templated":true}]}}