{"id":3750,"date":"2026-04-03T09:18:21","date_gmt":"2026-04-03T09:18:21","guid":{"rendered":"https:\/\/premiumthcshop.de\/?post_type=product&#038;p=3750"},"modified":"2026-04-03T09:18:21","modified_gmt":"2026-04-03T09:18:21","slug":"aurora-peanut-butter-magic-mushroom-chocolate-bar-5g","status":"publish","type":"product","link":"https:\/\/premiumthcshop.de\/en\/product\/aurora-peanut-butter-magic-mushroom-chocolate-bar-5g\/","title":{"rendered":"Aurora | Peanut Butter | Magic Mushroom Chocolate Bar | 5G"},"content":{"rendered":"<p data-start=\"265\" data-end=\"637\">Die <strong data-start=\"269\" data-end=\"327\">Aurora Magic Mushroom Peanut Butter Chocolate Bar (5G)<\/strong> vereint cremige Erdnussbutter-Schokolade mit <strong data-start=\"373\" data-end=\"395\">Psilocybe cubensis<\/strong> und bietet ein einzigartiges Geschmackserlebnis kombiniert mit psychedelischer Wirkung. Hergestellt in Los Angeles, steht Aurora f\u00fcr hochwertige Edibles, die sowohl f\u00fcr <strong data-start=\"565\" data-end=\"583\">Mikrodosierung<\/strong> als auch f\u00fcr intensivere Erfahrungen geeignet sind.<\/p>\n<p data-start=\"639\" data-end=\"923\">Die Kombination aus s\u00fc\u00dfer Milchschokolade und nussiger Erdnussbutter wird durch eine leicht erdige Note erg\u00e4nzt, die typisch f\u00fcr Magic Mushrooms ist. Jede Tafel ist in <strong data-start=\"807\" data-end=\"831\">10 St\u00fccke unterteilt<\/strong>, wodurch eine pr\u00e4zise Dosierung und individuelle Anpassung der Erfahrung erm\u00f6glicht wird.<\/p>\n<hr data-start=\"925\" data-end=\"928\" \/>\n<h3 data-section-id=\"rdo8ua\" data-start=\"930\" data-end=\"960\"><span role=\"text\"><strong data-start=\"934\" data-end=\"960\">Produktspezifikationen<\/strong><\/span><\/h3>\n<div class=\"TyagGW_tableContainer\">\n<div class=\"group TyagGW_tableWrapper flex flex-col-reverse w-fit\" tabindex=\"-1\">\n<table class=\"w-fit min-w-(--thread-content-width)\" data-start=\"962\" data-end=\"1382\">\n<thead data-start=\"962\" data-end=\"1005\">\n<tr data-start=\"962\" data-end=\"1005\">\n<th class=\"\" data-start=\"962\" data-end=\"989\" data-col-size=\"sm\">Eigenschaft<\/th>\n<th class=\"\" data-start=\"989\" data-end=\"1005\" data-col-size=\"sm\">Beschreibung<\/th>\n<\/tr>\n<\/thead>\n<tbody data-start=\"1049\" data-end=\"1382\">\n<tr data-start=\"1049\" data-end=\"1109\">\n<td data-start=\"1049\" data-end=\"1076\" data-col-size=\"sm\"><strong data-start=\"1051\" data-end=\"1065\">Produktart<\/strong><\/td>\n<td data-start=\"1076\" data-end=\"1109\" data-col-size=\"sm\">Psilocybin-infused Schokolade<\/td>\n<\/tr>\n<tr data-start=\"1110\" data-end=\"1155\">\n<td data-start=\"1110\" data-end=\"1137\" data-col-size=\"sm\"><strong data-start=\"1112\" data-end=\"1127\">Gesamtmenge<\/strong><\/td>\n<td data-start=\"1137\" data-end=\"1155\" data-col-size=\"sm\">5 g Psilocybin<\/td>\n<\/tr>\n<tr data-start=\"1156\" data-end=\"1203\">\n<td data-start=\"1156\" data-end=\"1183\" data-col-size=\"sm\"><strong data-start=\"1158\" data-end=\"1171\">Dosierung<\/strong><\/td>\n<td data-start=\"1183\" data-end=\"1203\" data-col-size=\"sm\">10 St\u00fcck \u00e0 0,5 g<\/td>\n<\/tr>\n<tr data-start=\"1204\" data-end=\"1266\">\n<td data-start=\"1204\" data-end=\"1231\" data-col-size=\"sm\"><strong data-start=\"1206\" data-end=\"1219\">Geschmack<\/strong><\/td>\n<td data-start=\"1231\" data-end=\"1266\" data-col-size=\"sm\">Erdnussbutter &amp; Milchschokolade<\/td>\n<\/tr>\n<tr data-start=\"1267\" data-end=\"1334\">\n<td data-start=\"1267\" data-end=\"1294\" data-col-size=\"sm\"><strong data-start=\"1269\" data-end=\"1279\">Textur<\/strong><\/td>\n<td data-start=\"1294\" data-end=\"1334\" data-col-size=\"sm\">Cremig mit leicht k\u00f6rnigen Partikeln<\/td>\n<\/tr>\n<tr data-start=\"1335\" data-end=\"1382\">\n<td data-start=\"1335\" data-end=\"1362\" data-col-size=\"sm\"><strong data-start=\"1337\" data-end=\"1349\">Herkunft<\/strong><\/td>\n<td data-start=\"1362\" data-end=\"1382\" data-col-size=\"sm\">Los Angeles, USA<\/td>\n<\/tr>\n<\/tbody>\n<\/table>\n<\/div>\n<\/div>\n<hr data-start=\"1384\" data-end=\"1387\" \/>\n<h3 data-section-id=\"1xa4eg3\" data-start=\"1389\" data-end=\"1404\"><span role=\"text\"><strong data-start=\"1393\" data-end=\"1404\">Zutaten<\/strong><\/span><\/h3>\n<p data-start=\"1406\" data-end=\"1533\">Milchschokolade (Zucker, Palm\u00f6l, Magermilchpulver, Sonnenblumenlecithin, Vanille), Kokos\u00f6l, <strong data-start=\"1498\" data-end=\"1520\">Psilocybe cubensis<\/strong>, Erdn\u00fcsse.<\/p>\n<hr data-start=\"1535\" data-end=\"1538\" \/>\n<h3 data-section-id=\"1uhrvqx\" data-start=\"1540\" data-end=\"1564\"><span role=\"text\"><strong data-start=\"1544\" data-end=\"1564\">Allergiehinweise<\/strong><\/span><\/h3>\n<p data-start=\"1566\" data-end=\"1652\">Enth\u00e4lt: <strong data-start=\"1575\" data-end=\"1600\">Erdn\u00fcsse, Milch, Soja<\/strong><br data-start=\"1600\" data-end=\"1603\" \/>Kann Spuren von: <strong data-start=\"1620\" data-end=\"1640\">N\u00fcssen und Eiern<\/strong> enthalten<\/p>\n<hr data-start=\"1654\" data-end=\"1657\" \/>\n<h3 data-section-id=\"10ou8uo\" data-start=\"1659\" data-end=\"1686\"><span role=\"text\"><strong data-start=\"1663\" data-end=\"1686\">Wirkung &amp; Anwendung<\/strong><\/span><\/h3>\n<ul data-start=\"1688\" data-end=\"1909\">\n<li data-section-id=\"1v6hy3a\" data-start=\"1688\" data-end=\"1767\"><strong data-start=\"1690\" data-end=\"1719\">Mikrodosierung (0,5\u20131 g):<\/strong> Kann Kreativit\u00e4t, Fokus und Stimmung steigern<\/li>\n<li data-section-id=\"lw453s\" data-start=\"1768\" data-end=\"1874\"><strong data-start=\"1770\" data-end=\"1795\">H\u00f6here Dosen (2\u20135 g):<\/strong> K\u00f6nnen zu Euphorie, visuellen Effekten und intensiver Selbstreflexion f\u00fchren<\/li>\n<li data-section-id=\"1a8aygs\" data-start=\"1875\" data-end=\"1909\"><strong data-start=\"1877\" data-end=\"1891\">Wirkdauer:<\/strong> ca. 4\u20136 Stunden<\/li>\n<\/ul>\n<hr data-start=\"1911\" data-end=\"1914\" \/>\n<h3 data-section-id=\"1ptxicl\" data-start=\"1916\" data-end=\"1934\"><span role=\"text\"><strong data-start=\"1920\" data-end=\"1934\">Highlights<\/strong><\/span><\/h3>\n<ul data-start=\"1936\" data-end=\"2160\">\n<li data-section-id=\"15wwswn\" data-start=\"1936\" data-end=\"1979\">\ud83c\udf6b Cremige <strong data-start=\"1949\" data-end=\"1977\">Erdnussbutter-Schokolade<\/strong><\/li>\n<li data-section-id=\"10v8d2a\" data-start=\"1980\" data-end=\"2023\">\ud83c\udf44 Enth\u00e4lt <strong data-start=\"1993\" data-end=\"2011\">5 g Psilocybin<\/strong> insgesamt<\/li>\n<li data-section-id=\"ciryc2\" data-start=\"2024\" data-end=\"2075\">\ud83c\udfaf Einfache Portionierung (<strong data-start=\"2053\" data-end=\"2072\">0,5 g pro St\u00fcck<\/strong>)<\/li>\n<li data-section-id=\"1a0klew\" data-start=\"2076\" data-end=\"2121\">\ud83e\udde0 Geeignet f\u00fcr Mikro- und Makrodosierung<\/li>\n<li data-section-id=\"1cblg4b\" data-start=\"2122\" data-end=\"2160\">\u2728 Intensives sensorisches Erlebnis<\/li>\n<\/ul>\n<hr data-start=\"2162\" data-end=\"2165\" \/>\n<h3 data-section-id=\"vlqcge\" data-start=\"2167\" data-end=\"2192\"><span role=\"text\"><strong data-start=\"2171\" data-end=\"2192\">Wichtige Hinweise<\/strong><\/span><\/h3>\n<ul data-start=\"2194\" data-end=\"2517\">\n<li data-section-id=\"1v5xfb7\" data-start=\"2194\" data-end=\"2248\">Wirkung kann <strong data-start=\"2209\" data-end=\"2236\">verz\u00f6gert (1\u20132 Stunden)<\/strong> einsetzen<\/li>\n<li data-section-id=\"txaouz\" data-start=\"2249\" data-end=\"2322\">Nicht geeignet beim F\u00fchren von Fahrzeugen oder Bedienen von Maschinen<\/li>\n<li data-section-id=\"ynt747\" data-start=\"2323\" data-end=\"2363\">Nur in sicherer Umgebung konsumieren<\/li>\n<li data-section-id=\"1puunwp\" data-start=\"2364\" data-end=\"2438\">Psilocybin ist in vielen L\u00e4ndern <strong data-start=\"2399\" data-end=\"2410\">illegal<\/strong> \u2013 lokale Gesetze beachten<\/li>\n<li data-section-id=\"1migp8q\" data-start=\"2439\" data-end=\"2517\">Aufgrund der s\u00fc\u00dfwaren\u00e4hnlichen Form unbedingt <strong data-start=\"2487\" data-end=\"2515\">kindersicher aufbewahren<\/strong><\/li>\n<\/ul>\n<hr data-start=\"2519\" data-end=\"2522\" \/>\n<h3 data-section-id=\"e43m9k\" data-start=\"2524\" data-end=\"2552\"><span role=\"text\"><strong data-start=\"2528\" data-end=\"2552\">Hinweis zur Qualit\u00e4t<\/strong><\/span><\/h3>\n<p data-start=\"2554\" data-end=\"2684\">Achte auf die Echtheit des Produkts, da es Berichte \u00fcber gef\u00e4lschte Verpackungen gibt. Kaufe nur bei vertrauensw\u00fcrdigen Quellen.<\/p>","protected":false},"excerpt":{"rendered":"<p data-start=\"106\" data-end=\"229\">Psilocybin-infundierte Schokolade | <strong data-start=\"142\" data-end=\"158\">5g insgesamt<\/strong> | 10 St\u00fcck (<strong data-start=\"171\" data-end=\"189\">0,5g pro St\u00fcck<\/strong>) \u2013 Ideal f\u00fcr Mikro- und Makrodosierung.<\/p>","protected":false},"featured_media":3770,"comment_status":"open","ping_status":"closed","template":"","meta":[],"product_brand":[],"product_cat":[30],"product_tag":[],"class_list":{"0":"post-3750","1":"product","2":"type-product","3":"status-publish","4":"has-post-thumbnail","6":"product_cat-pilz-schokoriegel","8":"first","9":"instock","10":"sale","11":"shipping-taxable","12":"purchasable","13":"product-type-simple"},"_links":{"self":[{"href":"https:\/\/premiumthcshop.de\/en\/wp-json\/wp\/v2\/product\/3750","targetHints":{"allow":["GET"]}}],"collection":[{"href":"https:\/\/premiumthcshop.de\/en\/wp-json\/wp\/v2\/product"}],"about":[{"href":"https:\/\/premiumthcshop.de\/en\/wp-json\/wp\/v2\/types\/product"}],"replies":[{"embeddable":true,"href":"https:\/\/premiumthcshop.de\/en\/wp-json\/wp\/v2\/comments?post=3750"}],"wp:featuredmedia":[{"embeddable":true,"href":"https:\/\/premiumthcshop.de\/en\/wp-json\/wp\/v2\/media\/3770"}],"wp:attachment":[{"href":"https:\/\/premiumthcshop.de\/en\/wp-json\/wp\/v2\/media?parent=3750"}],"wp:term":[{"taxonomy":"product_brand","embeddable":true,"href":"https:\/\/premiumthcshop.de\/en\/wp-json\/wp\/v2\/product_brand?post=3750"},{"taxonomy":"product_cat","embeddable":true,"href":"https:\/\/premiumthcshop.de\/en\/wp-json\/wp\/v2\/product_cat?post=3750"},{"taxonomy":"product_tag","embeddable":true,"href":"https:\/\/premiumthcshop.de\/en\/wp-json\/wp\/v2\/product_tag?post=3750"}],"curies":[{"name":"wp","href":"https:\/\/api.w.org\/{rel}","templated":true}]}}