{"id":3773,"date":"2026-04-03T09:36:51","date_gmt":"2026-04-03T09:36:51","guid":{"rendered":"https:\/\/premiumthcshop.de\/?post_type=product&#038;p=3773"},"modified":"2026-04-03T09:36:51","modified_gmt":"2026-04-03T09:36:51","slug":"polk-a-dot-schokolade-5-gramm-maui-coconut-twist-schokoladenriegel","status":"publish","type":"product","link":"https:\/\/premiumthcshop.de\/en\/product\/polk-a-dot-schokolade-5-gramm-maui-coconut-twist-schokoladenriegel\/","title":{"rendered":"Polk-A-Dot Schokolade | 5 Gramm | Maui Coconut Twist Schokoladenriegel"},"content":{"rendered":"<p data-start=\"374\" data-end=\"707\">Der <strong data-start=\"378\" data-end=\"429\">Polk-A-Dot Maui Coconut Twist Schokoladenriegel<\/strong> vereint hochwertige Zartbitterschokolade mit exotischen Kokosflocken und knusprigen Keksst\u00fccken zu einer einzigartigen Komposition. Die harmonische Mischung aus cremig, knusprig und leicht tropisch macht diesen Riegel zu einem besonderen Genuss f\u00fcr alle Schokoladenliebhaber.<\/p>\n<p data-start=\"709\" data-end=\"1013\">Neben seinem au\u00dfergew\u00f6hnlichen Geschmack enth\u00e4lt dieser Riegel eine spezielle Mischung funktionaler Inhaltsstoffe auf Basis von <strong data-start=\"837\" data-end=\"875\">Amanita Muscaria (Muscimol-Isolat)<\/strong> sowie sorgf\u00e4ltig ausgew\u00e4hlten Bio-Pilzextrakten. Diese Kombination wurde entwickelt, um ein besonderes, erg\u00e4nzendes Erlebnis zu bieten.<\/p>\n<hr data-start=\"1015\" data-end=\"1018\" \/>\n<h3 data-section-id=\"1tdgsk2\" data-start=\"1020\" data-end=\"1048\"><span role=\"text\"><strong data-start=\"1024\" data-end=\"1048\">Wirkstoffe pro St\u00fcck<\/strong><\/span><\/h3>\n<ul data-start=\"1050\" data-end=\"1356\">\n<li data-section-id=\"1o00l0o\" data-start=\"1050\" data-end=\"1099\"><strong data-start=\"1052\" data-end=\"1078\">0,5 mg Muscimol-Isolat<\/strong> (Amanita Muscaria)<\/li>\n<li data-section-id=\"16n9n77\" data-start=\"1100\" data-end=\"1123\"><strong data-start=\"1102\" data-end=\"1121\">0 % Ibotens\u00e4ure<\/strong><\/li>\n<li data-section-id=\"49fw2a\" data-start=\"1124\" data-end=\"1356\"><strong data-start=\"1126\" data-end=\"1180\">500 mg Propriet\u00e4re funktionale Bio-Polka-Mischung:<\/strong>\n<ul data-start=\"1185\" data-end=\"1356\">\n<li data-section-id=\"1om8zht\" data-start=\"1185\" data-end=\"1227\">Bio Lion\u2019s Mane (<em data-start=\"1204\" data-end=\"1224\">Hericium erinaceus<\/em>)<\/li>\n<li data-section-id=\"a64lkm\" data-start=\"1230\" data-end=\"1266\">Bio Reishi (<em data-start=\"1244\" data-end=\"1263\">Ganoderma lucidum<\/em>)<\/li>\n<li data-section-id=\"gb7wia\" data-start=\"1269\" data-end=\"1312\">Bio Turkey Tail (<em data-start=\"1288\" data-end=\"1309\">Trametes versicolor<\/em>)<\/li>\n<li data-section-id=\"wjf21d\" data-start=\"1315\" data-end=\"1356\">Bio Cordyceps (<em data-start=\"1332\" data-end=\"1353\">Cordyceps militaris<\/em>)<\/li>\n<\/ul>\n<\/li>\n<\/ul>\n<hr data-start=\"1358\" data-end=\"1361\" \/>\n<h3 data-section-id=\"74ydh5\" data-start=\"1363\" data-end=\"1388\"><span role=\"text\"><strong data-start=\"1367\" data-end=\"1388\">Wichtiger Hinweis<\/strong><\/span><\/h3>\n<p data-start=\"1390\" data-end=\"1498\">Dieses Produkt enth\u00e4lt <strong data-start=\"1413\" data-end=\"1432\">kein Psilocybin<\/strong>. Es handelt sich um einen <strong data-start=\"1459\" data-end=\"1495\">Amanita-Nahrungserg\u00e4nzungsriegel<\/strong>.<\/p>\n<hr data-start=\"1500\" data-end=\"1503\" \/>\n<h3 data-section-id=\"358g50\" data-start=\"1505\" data-end=\"1531\"><span role=\"text\"><strong data-start=\"1509\" data-end=\"1531\">Haftungsausschluss<\/strong><\/span><\/h3>\n<p data-start=\"1533\" data-end=\"1720\">Dieses Produkt wurde nicht von der Food and Drug Administration (FDA) bewertet. Es ist <strong data-start=\"1620\" data-end=\"1717\">nicht dazu bestimmt, Krankheiten zu diagnostizieren, zu behandeln, zu heilen oder vorzubeugen<\/strong>.<\/p>\n<p data-start=\"1722\" data-end=\"1792\" data-is-last-node=\"\" data-is-only-node=\"\">Bitte au\u00dferhalb der Reichweite von Kindern und Haustieren aufbewahren.<\/p>","protected":false},"excerpt":{"rendered":"<p>Hergestellt aus reichhaltiger Zartbitterschokolade, kombiniert dieser k\u00f6stliche Riegel feine Kokosraspeln und knusprige Keksst\u00fccke zu einem unwiderstehlichen Geschmackserlebnis mit perfekter Balance aus Textur und Aroma.<\/p>","protected":false},"featured_media":3778,"comment_status":"open","ping_status":"closed","template":"","meta":[],"product_brand":[],"product_cat":[30],"product_tag":[],"class_list":{"0":"post-3773","1":"product","2":"type-product","3":"status-publish","4":"has-post-thumbnail","6":"product_cat-pilz-schokoriegel","8":"first","9":"instock","10":"shipping-taxable","11":"purchasable","12":"product-type-simple"},"_links":{"self":[{"href":"https:\/\/premiumthcshop.de\/en\/wp-json\/wp\/v2\/product\/3773","targetHints":{"allow":["GET"]}}],"collection":[{"href":"https:\/\/premiumthcshop.de\/en\/wp-json\/wp\/v2\/product"}],"about":[{"href":"https:\/\/premiumthcshop.de\/en\/wp-json\/wp\/v2\/types\/product"}],"replies":[{"embeddable":true,"href":"https:\/\/premiumthcshop.de\/en\/wp-json\/wp\/v2\/comments?post=3773"}],"wp:featuredmedia":[{"embeddable":true,"href":"https:\/\/premiumthcshop.de\/en\/wp-json\/wp\/v2\/media\/3778"}],"wp:attachment":[{"href":"https:\/\/premiumthcshop.de\/en\/wp-json\/wp\/v2\/media?parent=3773"}],"wp:term":[{"taxonomy":"product_brand","embeddable":true,"href":"https:\/\/premiumthcshop.de\/en\/wp-json\/wp\/v2\/product_brand?post=3773"},{"taxonomy":"product_cat","embeddable":true,"href":"https:\/\/premiumthcshop.de\/en\/wp-json\/wp\/v2\/product_cat?post=3773"},{"taxonomy":"product_tag","embeddable":true,"href":"https:\/\/premiumthcshop.de\/en\/wp-json\/wp\/v2\/product_tag?post=3773"}],"curies":[{"name":"wp","href":"https:\/\/api.w.org\/{rel}","templated":true}]}}