{"id":3777,"date":"2026-04-03T09:28:01","date_gmt":"2026-04-03T09:28:01","guid":{"rendered":"https:\/\/premiumthcshop.de\/?post_type=product&#038;p=3777"},"modified":"2026-04-03T09:28:01","modified_gmt":"2026-04-03T09:28:01","slug":"polk-a-dot-chocolate-5-gramm-intensive-zartbitterschokolade","status":"publish","type":"product","link":"https:\/\/premiumthcshop.de\/en\/product\/polk-a-dot-chocolate-5-gramm-intensive-zartbitterschokolade\/","title":{"rendered":"Polk-A-Dot Chocolate | 5 Gramm | Intensive Zartbitterschokolade"},"content":{"rendered":"<p data-start=\"374\" data-end=\"644\">Die <strong data-start=\"378\" data-end=\"402\">Polk-A-Dot Chocolate<\/strong> bietet ein raffiniertes Geschmackserlebnis f\u00fcr Liebhaber hochwertiger Zartbitterschokolade. Mit ihrem <strong data-start=\"505\" data-end=\"538\">tiefen, intensiven Kakaoaroma<\/strong> und einer <strong data-start=\"549\" data-end=\"581\">glatten, samtigen Konsistenz<\/strong> ist diese Tafel ein wahrer Genuss f\u00fcr anspruchsvolle Gaumen.<\/p>\n<p data-start=\"646\" data-end=\"929\">Neben ihrem exquisiten Geschmack enth\u00e4lt diese Schokolade eine speziell entwickelte funktionelle Mischung aus hochwertigen, organischen Pilzextrakten. Jeder Riegel vereint Genuss mit einer einzigartigen Formel, die sorgf\u00e4ltig abgestimmt wurde, um ein besonderes Erlebnis zu bieten.<\/p>\n<p data-start=\"931\" data-end=\"1107\">Diese Tafel basiert auf <strong data-start=\"955\" data-end=\"993\">Amanita Muscaria (Muscimol-Isolat)<\/strong> und enth\u00e4lt <strong data-start=\"1006\" data-end=\"1025\">kein Psilocybin<\/strong>, wodurch sie sich klar von klassischen psychedelischen Produkten unterscheidet.<\/p>\n<hr data-start=\"1109\" data-end=\"1112\" \/>\n<h3 data-section-id=\"1tdgsk2\" data-start=\"1114\" data-end=\"1142\"><span role=\"text\"><strong data-start=\"1118\" data-end=\"1142\">Wirkstoffe pro St\u00fcck<\/strong><\/span><\/h3>\n<div class=\"TyagGW_tableContainer\">\n<div class=\"group TyagGW_tableWrapper flex flex-col-reverse w-fit\" tabindex=\"-1\">\n<table class=\"w-fit min-w-(--thread-content-width)\" data-start=\"1144\" data-end=\"1318\">\n<thead data-start=\"1144\" data-end=\"1168\">\n<tr data-start=\"1144\" data-end=\"1168\">\n<th class=\"\" data-start=\"1144\" data-end=\"1159\" data-col-size=\"sm\">Inhaltsstoff<\/th>\n<th class=\"\" data-start=\"1159\" data-end=\"1168\" data-col-size=\"sm\">Menge<\/th>\n<\/tr>\n<\/thead>\n<tbody data-start=\"1193\" data-end=\"1318\">\n<tr data-start=\"1193\" data-end=\"1244\">\n<td data-start=\"1193\" data-end=\"1234\" data-col-size=\"sm\"><strong data-start=\"1195\" data-end=\"1233\">Muscimol-Isolat (Amanita Muscaria)<\/strong><\/td>\n<td data-start=\"1234\" data-end=\"1244\" data-col-size=\"sm\">0,5 mg<\/td>\n<\/tr>\n<tr data-start=\"1245\" data-end=\"1270\">\n<td data-start=\"1245\" data-end=\"1263\" data-col-size=\"sm\"><strong data-start=\"1247\" data-end=\"1262\">Ibotens\u00e4ure<\/strong><\/td>\n<td data-start=\"1263\" data-end=\"1270\" data-col-size=\"sm\">0 %<\/td>\n<\/tr>\n<tr data-start=\"1271\" data-end=\"1318\">\n<td data-start=\"1271\" data-end=\"1308\" data-col-size=\"sm\"><strong data-start=\"1273\" data-end=\"1307\">Propriet\u00e4re Bio-Polka-Mischung<\/strong><\/td>\n<td data-start=\"1308\" data-end=\"1318\" data-col-size=\"sm\">500 mg<\/td>\n<\/tr>\n<\/tbody>\n<\/table>\n<\/div>\n<\/div>\n<p data-start=\"1320\" data-end=\"1348\"><strong data-start=\"1320\" data-end=\"1348\">Enthaltene Pilzextrakte:<\/strong><\/p>\n<ul data-start=\"1349\" data-end=\"1514\">\n<li data-section-id=\"1om8zht\" data-start=\"1349\" data-end=\"1391\">Bio Lion\u2019s Mane (<em data-start=\"1368\" data-end=\"1388\">Hericium erinaceus<\/em>)<\/li>\n<li data-section-id=\"a64lkm\" data-start=\"1392\" data-end=\"1428\">Bio Reishi (<em data-start=\"1406\" data-end=\"1425\">Ganoderma lucidum<\/em>)<\/li>\n<li data-section-id=\"gb7wia\" data-start=\"1429\" data-end=\"1472\">Bio Turkey Tail (<em data-start=\"1448\" data-end=\"1469\">Trametes versicolor<\/em>)<\/li>\n<li data-section-id=\"wjf21d\" data-start=\"1473\" data-end=\"1514\">Bio Cordyceps (<em data-start=\"1490\" data-end=\"1511\">Cordyceps militaris<\/em>)<\/li>\n<\/ul>\n<hr data-start=\"1516\" data-end=\"1519\" \/>\n<h3 data-section-id=\"1ptxicl\" data-start=\"1521\" data-end=\"1539\"><span role=\"text\"><strong data-start=\"1525\" data-end=\"1539\">Highlights<\/strong><\/span><\/h3>\n<ul data-start=\"1541\" data-end=\"1826\">\n<li data-section-id=\"30cly5\" data-start=\"1541\" data-end=\"1611\">\ud83c\udf6b Intensive <strong data-start=\"1556\" data-end=\"1580\">Zartbitterschokolade<\/strong> mit reichhaltigem Kakaoaroma<\/li>\n<li data-section-id=\"1laax1k\" data-start=\"1612\" data-end=\"1674\">\ud83c\udf3f Funktionelle Mischung aus <strong data-start=\"1643\" data-end=\"1672\">organischen Pilzextrakten<\/strong><\/li>\n<li data-section-id=\"1m04wfy\" data-start=\"1675\" data-end=\"1730\">\u2697\ufe0f Enth\u00e4lt <strong data-start=\"1688\" data-end=\"1707\">Muscimol-Isolat<\/strong> aus Amanita Muscaria<\/li>\n<li data-section-id=\"48yibo\" data-start=\"1731\" data-end=\"1767\">\ud83d\udeab <strong data-start=\"1736\" data-end=\"1765\">Kein Psilocybin enthalten<\/strong><\/li>\n<li data-section-id=\"f2vwfd\" data-start=\"1768\" data-end=\"1826\">\u2728 Samtige Textur f\u00fcr ein luxuri\u00f6ses Geschmackserlebnis<\/li>\n<\/ul>\n<hr data-start=\"1828\" data-end=\"1831\" \/>\n<h3 data-section-id=\"74ydh5\" data-start=\"1833\" data-end=\"1858\"><span role=\"text\"><strong data-start=\"1837\" data-end=\"1858\">Wichtiger Hinweis<\/strong><\/span><\/h3>\n<p data-start=\"1860\" data-end=\"1954\">Dieses Produkt enth\u00e4lt <strong data-start=\"1883\" data-end=\"1902\">kein Psilocybin<\/strong> und ist ein <strong data-start=\"1915\" data-end=\"1951\">Amanita-Nahrungserg\u00e4nzungsriegel<\/strong>.<\/p>\n<hr data-start=\"1956\" data-end=\"1959\" \/>\n<h3 data-section-id=\"358g50\" data-start=\"1961\" data-end=\"1987\"><span role=\"text\"><strong data-start=\"1965\" data-end=\"1987\">Haftungsausschluss<\/strong><\/span><\/h3>\n<p data-start=\"1989\" data-end=\"2169\">Dieses Produkt wurde nicht von einer Lebensmittel- oder Arzneimittelbeh\u00f6rde bewertet und ist <strong data-start=\"2082\" data-end=\"2157\">nicht zur Diagnose, Behandlung, Heilung oder Vorbeugung von Krankheiten<\/strong> bestimmt.<\/p>\n<hr data-start=\"2171\" data-end=\"2174\" \/>\n<h3 data-section-id=\"1akavms\" data-start=\"2176\" data-end=\"2202\"><span role=\"text\"><strong data-start=\"2180\" data-end=\"2202\">Sicherheitshinweis<\/strong><\/span><\/h3>\n<p data-start=\"2204\" data-end=\"2268\" data-is-last-node=\"\" data-is-only-node=\"\">Au\u00dferhalb der Reichweite von Kindern und Haustieren aufbewahren.<\/p>","protected":false},"excerpt":{"rendered":"<p>Ein edles Zartbitterschokoladen-Erlebnis f\u00fcr echte Genie\u00dfer. Diese hochwertige Tafel \u00fcberzeugt mit intensivem Kakaoaroma, samtiger Textur und einer funktionellen Pilzformel auf Basis von Amanita Muscaria \u2013 ganz ohne Psilocybin.<\/p>","protected":false},"featured_media":3764,"comment_status":"open","ping_status":"closed","template":"","meta":[],"product_brand":[],"product_cat":[30],"product_tag":[],"class_list":{"0":"post-3777","1":"product","2":"type-product","3":"status-publish","4":"has-post-thumbnail","6":"product_cat-pilz-schokoriegel","8":"first","9":"instock","10":"shipping-taxable","11":"purchasable","12":"product-type-simple"},"_links":{"self":[{"href":"https:\/\/premiumthcshop.de\/en\/wp-json\/wp\/v2\/product\/3777","targetHints":{"allow":["GET"]}}],"collection":[{"href":"https:\/\/premiumthcshop.de\/en\/wp-json\/wp\/v2\/product"}],"about":[{"href":"https:\/\/premiumthcshop.de\/en\/wp-json\/wp\/v2\/types\/product"}],"replies":[{"embeddable":true,"href":"https:\/\/premiumthcshop.de\/en\/wp-json\/wp\/v2\/comments?post=3777"}],"wp:featuredmedia":[{"embeddable":true,"href":"https:\/\/premiumthcshop.de\/en\/wp-json\/wp\/v2\/media\/3764"}],"wp:attachment":[{"href":"https:\/\/premiumthcshop.de\/en\/wp-json\/wp\/v2\/media?parent=3777"}],"wp:term":[{"taxonomy":"product_brand","embeddable":true,"href":"https:\/\/premiumthcshop.de\/en\/wp-json\/wp\/v2\/product_brand?post=3777"},{"taxonomy":"product_cat","embeddable":true,"href":"https:\/\/premiumthcshop.de\/en\/wp-json\/wp\/v2\/product_cat?post=3777"},{"taxonomy":"product_tag","embeddable":true,"href":"https:\/\/premiumthcshop.de\/en\/wp-json\/wp\/v2\/product_tag?post=3777"}],"curies":[{"name":"wp","href":"https:\/\/api.w.org\/{rel}","templated":true}]}}