{"id":3783,"date":"2026-04-03T10:04:12","date_gmt":"2026-04-03T10:04:12","guid":{"rendered":"https:\/\/premiumthcshop.de\/?post_type=product&#038;p=3783"},"modified":"2026-04-03T10:04:12","modified_gmt":"2026-04-03T10:04:12","slug":"beezle-1g-konzentrate-shatter-banana-zoap","status":"publish","type":"product","link":"https:\/\/premiumthcshop.de\/en\/product\/beezle-1g-konzentrate-shatter-banana-zoap\/","title":{"rendered":"Beezle | 1g | Concentrates | Shatter | Banana Zoap"},"content":{"rendered":"<div class=\"flex max-w-full flex-col gap-4 grow\">\n<div class=\"min-h-8 text-message relative flex w-full flex-col items-end gap-2 text-start break-words whitespace-normal outline-none keyboard-focused:focus-ring [.text-message+&amp;]:mt-1\" dir=\"auto\" tabindex=\"0\" data-message-author-role=\"assistant\" data-message-id=\"2dd120b7-bb8a-433b-b421-4d1369b5b08a\" data-message-model-slug=\"gpt-5-mini\" data-turn-start-message=\"true\">\n<div class=\"flex w-full flex-col gap-1 empty:hidden\">\n<div class=\"markdown prose dark:prose-invert w-full wrap-break-word light markdown-new-styling\">\n<p data-start=\"324\" data-end=\"623\">Entdecke Premium-Qualit\u00e4t mit dem <strong data-start=\"358\" data-end=\"393\">Beezle Banana Zoap Shatter (1g)<\/strong> \u2013 ein erstklassiges Cannabis-Konzentrat, erh\u00e4ltlich im <strong data-start=\"449\" data-end=\"469\">Premium THC Shop<\/strong>. Mit einem THC-Gehalt von <strong data-start=\"496\" data-end=\"506\">66,5 %<\/strong> bietet dieses Shatter eine kraftvolle und schnell einsetzende Wirkung, die sowohl Geist als auch K\u00f6rper anspricht.<\/p>\n<p data-start=\"625\" data-end=\"928\">Die Sorte <strong data-start=\"635\" data-end=\"650\">Banana Zoap<\/strong> basiert auf der bekannten Hybrid-Genetik von <em data-start=\"696\" data-end=\"702\">Zoap<\/em>, die aus einer Kreuzung von <strong data-start=\"731\" data-end=\"750\">Rainbow Sherbet<\/strong> und <strong data-start=\"755\" data-end=\"769\">Pink Guava<\/strong> hervorgegangen ist. Das Ergebnis ist ein ausgewogenes Profil mit euphorischen, stimmungsaufhellenden Effekten und einer angenehmen k\u00f6rperlichen Entspannung.<\/p>\n<p data-start=\"930\" data-end=\"1210\">Geschmacklich \u00fcberzeugt dieses Konzentrat mit einer einzigartigen Mischung aus <strong data-start=\"1009\" data-end=\"1056\">s\u00fc\u00dfen, fruchtigen und leicht floralen Noten<\/strong>, begleitet von dezenten erdigen Untert\u00f6nen. Die Shatter-Konsistenz sorgt f\u00fcr eine einfache Handhabung und eignet sich ideal zum Dabben oder Verdampfen.<\/p>\n<p data-start=\"1212\" data-end=\"1354\">Dieses Produkt richtet sich vor allem an erfahrene Konsumenten, die ein intensives und geschmacklich anspruchsvolles Cannabis-Erlebnis suchen.<\/p>\n<hr data-start=\"1356\" data-end=\"1359\" \/>\n<h3 data-section-id=\"f13pjs\" data-start=\"1361\" data-end=\"1389\"><span role=\"text\"><strong data-start=\"1365\" data-end=\"1389\">Genetik (Genealogie)<\/strong><\/span><\/h3>\n<ul data-start=\"1391\" data-end=\"1589\">\n<li data-section-id=\"hgbujd\" data-start=\"1391\" data-end=\"1441\"><strong data-start=\"1393\" data-end=\"1410\">Elternsorten:<\/strong> Rainbow Sherbet \u00d7 Pink Guava<\/li>\n<li data-section-id=\"kiztav\" data-start=\"1442\" data-end=\"1484\">Entwickelt von Deo Farms (Kalifornien)<\/li>\n<li data-section-id=\"kiqmom\" data-start=\"1485\" data-end=\"1537\">Teil der bekannten \u201eRS\u201c-Linie (Rainbow Sherbert)<\/li>\n<li data-section-id=\"3rgtsl\" data-start=\"1538\" data-end=\"1589\">Ausgew\u00e4hlter Hybrid mit ausgewogenem Wirkprofil<\/li>\n<\/ul>\n<hr data-start=\"1591\" data-end=\"1594\" \/>\n<h3 data-section-id=\"1h9hqnb\" data-start=\"1596\" data-end=\"1618\"><span role=\"text\"><strong data-start=\"1600\" data-end=\"1618\">Produktdetails<\/strong><\/span><\/h3>\n<div class=\"TyagGW_tableContainer\">\n<div class=\"group TyagGW_tableWrapper flex flex-col-reverse w-fit\" tabindex=\"-1\">\n<table class=\"w-fit min-w-(--thread-content-width)\" data-start=\"1620\" data-end=\"1973\">\n<thead data-start=\"1620\" data-end=\"1657\">\n<tr data-start=\"1620\" data-end=\"1657\">\n<th class=\"\" data-start=\"1620\" data-end=\"1641\" data-col-size=\"sm\">Eigenschaft<\/th>\n<th class=\"\" data-start=\"1641\" data-end=\"1657\" data-col-size=\"sm\">Beschreibung<\/th>\n<\/tr>\n<\/thead>\n<tbody data-start=\"1694\" data-end=\"1973\">\n<tr data-start=\"1694\" data-end=\"1747\">\n<td data-start=\"1694\" data-end=\"1714\" data-col-size=\"sm\"><strong data-start=\"1696\" data-end=\"1710\">Produktart<\/strong><\/td>\n<td data-col-size=\"sm\" data-start=\"1714\" data-end=\"1747\">Cannabis-Konzentrat (Shatter)<\/td>\n<\/tr>\n<tr data-start=\"1748\" data-end=\"1775\">\n<td data-start=\"1748\" data-end=\"1768\" data-col-size=\"sm\"><strong data-start=\"1750\" data-end=\"1759\">Menge<\/strong><\/td>\n<td data-col-size=\"sm\" data-start=\"1768\" data-end=\"1775\">1 g<\/td>\n<\/tr>\n<tr data-start=\"1776\" data-end=\"1806\">\n<td data-start=\"1776\" data-end=\"1796\" data-col-size=\"sm\"><strong data-start=\"1778\" data-end=\"1792\">THC-Gehalt<\/strong><\/td>\n<td data-start=\"1796\" data-end=\"1806\" data-col-size=\"sm\">66,5 %<\/td>\n<\/tr>\n<tr data-start=\"1807\" data-end=\"1836\">\n<td data-start=\"1807\" data-end=\"1827\" data-col-size=\"sm\"><strong data-start=\"1809\" data-end=\"1823\">CBD-Gehalt<\/strong><\/td>\n<td data-start=\"1827\" data-end=\"1836\" data-col-size=\"sm\">0,0 %<\/td>\n<\/tr>\n<tr data-start=\"1837\" data-end=\"1867\">\n<td data-start=\"1837\" data-end=\"1857\" data-col-size=\"sm\"><strong data-start=\"1839\" data-end=\"1848\">Sorte<\/strong><\/td>\n<td data-start=\"1857\" data-end=\"1867\" data-col-size=\"sm\">Hybrid<\/td>\n<\/tr>\n<tr data-start=\"1868\" data-end=\"1927\">\n<td data-start=\"1868\" data-end=\"1888\" data-col-size=\"sm\"><strong data-start=\"1870\" data-end=\"1879\">Aroma<\/strong><\/td>\n<td data-start=\"1888\" data-end=\"1927\" data-col-size=\"sm\">S\u00fc\u00df, fruchtig, floral, leicht erdig<\/td>\n<\/tr>\n<tr data-start=\"1928\" data-end=\"1973\">\n<td data-start=\"1928\" data-end=\"1948\" data-col-size=\"sm\"><strong data-start=\"1930\" data-end=\"1943\">Anwendung<\/strong><\/td>\n<td data-start=\"1948\" data-end=\"1973\" data-col-size=\"sm\">Dabben \/ Vaporisieren<\/td>\n<\/tr>\n<\/tbody>\n<\/table>\n<\/div>\n<\/div>\n<hr data-start=\"1975\" data-end=\"1978\" \/>\n<h3 data-section-id=\"1sbq0ch\" data-start=\"1980\" data-end=\"2006\"><span role=\"text\"><strong data-start=\"1984\" data-end=\"2006\">Wirkung &amp; Vorteile<\/strong><\/span><\/h3>\n<ul data-start=\"2008\" data-end=\"2244\">\n<li data-section-id=\"6q01mb\" data-start=\"2008\" data-end=\"2049\">\ud83d\ude0c Euphorisch und stimmungsaufhellend<\/li>\n<li data-section-id=\"11rtqpu\" data-start=\"2050\" data-end=\"2104\">\ud83d\ude02 Kann ein leicht \u201ekicherndes\u201c Gef\u00fchl hervorrufen<\/li>\n<li data-section-id=\"q6do8r\" data-start=\"2105\" data-end=\"2128\">\ud83c\udf7d\ufe0f Appetitanregend<\/li>\n<li data-section-id=\"14ip6eo\" data-start=\"2129\" data-end=\"2181\">\ud83e\uddd8 Unterst\u00fctzt Entspannung ohne starke Sedierung<\/li>\n<li data-section-id=\"1k0xzkz\" data-start=\"2182\" data-end=\"2244\">\ud83d\udc8a Kann bei Stress, Schmerzen oder \u00dcbelkeit hilfreich sein<\/li>\n<\/ul>\n<hr data-start=\"2246\" data-end=\"2249\" \/>\n<h3 data-section-id=\"1ptxicl\" data-start=\"2251\" data-end=\"2269\"><span role=\"text\"><strong data-start=\"2255\" data-end=\"2269\">Highlights<\/strong><\/span><\/h3>\n<ul data-start=\"2271\" data-end=\"2496\">\n<li data-section-id=\"2sst4l\" data-start=\"2271\" data-end=\"2317\">\ud83c\udf3f Hochwertiges <strong data-start=\"2289\" data-end=\"2315\">Shatter mit 66,5 % THC<\/strong><\/li>\n<li data-section-id=\"732h4\" data-start=\"2318\" data-end=\"2364\">\ud83c\udf4c Exotisches <strong data-start=\"2334\" data-end=\"2362\">Banana Zoap Terpenprofil<\/strong><\/li>\n<li data-section-id=\"8xvdl6\" data-start=\"2365\" data-end=\"2401\">\u26a1 Schnelle und intensive Wirkung<\/li>\n<li data-section-id=\"1vww58s\" data-start=\"2402\" data-end=\"2440\">\ud83d\udd25 Ideal f\u00fcr erfahrene Konsumenten<\/li>\n<li data-section-id=\"1brf17w\" data-start=\"2441\" data-end=\"2496\">\ud83e\uddea Pr\u00e4zise verarbeitet f\u00fcr gleichbleibende Qualit\u00e4t<\/li>\n<\/ul>\n<hr data-start=\"2498\" data-end=\"2501\" \/>\n<h3 data-section-id=\"qvjq8x\" data-start=\"2503\" data-end=\"2518\"><span role=\"text\"><strong data-start=\"2507\" data-end=\"2518\">Hinweis<\/strong><\/span><\/h3>\n<p data-start=\"2520\" data-end=\"2724\" data-is-last-node=\"\" data-is-only-node=\"\">Nur f\u00fcr Erwachsene bestimmt. Bitte verantwortungsvoll konsumieren. Die Wirkung kann je nach Toleranz variieren.<br data-start=\"2631\" data-end=\"2634\" \/>Au\u00dferhalb der Reichweite von Kindern aufbewahren. K\u00fchl, trocken und lichtgesch\u00fctzt lagern.<\/p>\n<\/div>\n<\/div>\n<\/div>\n<\/div>\n<div class=\"z-0 flex min-h-[46px] justify-start\"><\/div>\n<div class=\"mt-3 w-full empty:hidden\">\n<div class=\"text-center\">\n<div class=\"mx-auto\">\n<div>\n<div class=\"inline-flex rounded-xl border border-gray-100 dark:border-gray-700\">\n<div class=\"me-12 flex items-center px-4 py-3 text-start\">\n<div class=\"ms-4\">\n<div class=\"text-token-main-surface-primary-inverse text-sm font-semibold\"><\/div>\n<\/div>\n<\/div>\n<\/div>\n<\/div>\n<\/div>\n<\/div>\n<\/div>\n","protected":false},"excerpt":{"rendered":"<p><strong data-start=\"97\" data-end=\"127\">Beezle Banana Zoap Shatter<\/strong> ist ein hochwertiges Cannabis-Konzentrat mit <strong data-start=\"173\" data-end=\"187\">66,5 % THC<\/strong> und <strong data-start=\"192\" data-end=\"205\">0,0 % CBD<\/strong>, das f\u00fcr ein intensives, euphorisches Erlebnis und ein fruchtig-s\u00fc\u00dfes Aroma sorgt.<\/p>","protected":false},"featured_media":3787,"comment_status":"open","ping_status":"closed","template":"","meta":[],"product_brand":[],"product_cat":[29],"product_tag":[],"class_list":{"0":"post-3783","1":"product","2":"type-product","3":"status-publish","4":"has-post-thumbnail","6":"product_cat-konzentrate","8":"first","9":"instock","10":"shipping-taxable","11":"purchasable","12":"product-type-simple"},"_links":{"self":[{"href":"https:\/\/premiumthcshop.de\/en\/wp-json\/wp\/v2\/product\/3783","targetHints":{"allow":["GET"]}}],"collection":[{"href":"https:\/\/premiumthcshop.de\/en\/wp-json\/wp\/v2\/product"}],"about":[{"href":"https:\/\/premiumthcshop.de\/en\/wp-json\/wp\/v2\/types\/product"}],"replies":[{"embeddable":true,"href":"https:\/\/premiumthcshop.de\/en\/wp-json\/wp\/v2\/comments?post=3783"}],"wp:featuredmedia":[{"embeddable":true,"href":"https:\/\/premiumthcshop.de\/en\/wp-json\/wp\/v2\/media\/3787"}],"wp:attachment":[{"href":"https:\/\/premiumthcshop.de\/en\/wp-json\/wp\/v2\/media?parent=3783"}],"wp:term":[{"taxonomy":"product_brand","embeddable":true,"href":"https:\/\/premiumthcshop.de\/en\/wp-json\/wp\/v2\/product_brand?post=3783"},{"taxonomy":"product_cat","embeddable":true,"href":"https:\/\/premiumthcshop.de\/en\/wp-json\/wp\/v2\/product_cat?post=3783"},{"taxonomy":"product_tag","embeddable":true,"href":"https:\/\/premiumthcshop.de\/en\/wp-json\/wp\/v2\/product_tag?post=3783"}],"curies":[{"name":"wp","href":"https:\/\/api.w.org\/{rel}","templated":true}]}}