{"id":3784,"date":"2026-04-03T10:01:35","date_gmt":"2026-04-03T10:01:35","guid":{"rendered":"https:\/\/premiumthcshop.de\/?post_type=product&#038;p=3784"},"modified":"2026-04-03T10:01:35","modified_gmt":"2026-04-03T10:01:35","slug":"alchemist-1g-concentrates-live-badder-hybrid-blue-dream","status":"publish","type":"product","link":"https:\/\/premiumthcshop.de\/en\/product\/alchemist-1g-concentrates-live-badder-hybrid-blue-dream\/","title":{"rendered":"Alchemist | 1g | Concentrates | Live Badder | Hybrid | Blue Dream"},"content":{"rendered":"<div class=\"flex max-w-full flex-col gap-4 grow\">\n<div class=\"min-h-8 text-message relative flex w-full flex-col items-end gap-2 text-start break-words whitespace-normal outline-none keyboard-focused:focus-ring [.text-message+&amp;]:mt-1\" dir=\"auto\" tabindex=\"0\" data-message-author-role=\"assistant\" data-message-id=\"d5f7a3b7-3263-406d-badd-2bef22edb85a\" data-message-model-slug=\"gpt-5-mini\" data-turn-start-message=\"true\">\n<div class=\"flex w-full flex-col gap-1 empty:hidden\">\n<div class=\"markdown prose dark:prose-invert w-full wrap-break-word light markdown-new-styling\">\n<p data-start=\"375\" data-end=\"626\">Entdecke Premium-Qualit\u00e4t mit dem <strong data-start=\"409\" data-end=\"447\">Alchemist Live Badder \u2013 Blue Dream<\/strong> im Premium THC Shop. Dieses exklusive Cannabis-Konzentrat \u00fcberzeugt durch seine cremige Konsistenz, hohe Potenz und das charakteristische Aroma der legend\u00e4ren Sorte Blue Dream.<\/p>\n<p data-start=\"628\" data-end=\"912\">Mit einem <strong data-start=\"638\" data-end=\"665\">THC-Gehalt von ca. 74 %<\/strong> bietet dieses Live Badder ein kraftvolles, aber ausgewogenes Erlebnis. Die Hybrid-Genetik sorgt f\u00fcr eine perfekte Kombination aus <strong data-start=\"796\" data-end=\"846\">mentaler Klarheit und k\u00f6rperlicher Entspannung<\/strong> \u2013 ideal f\u00fcr Konsumenten, die sowohl Fokus als auch Ruhe suchen.<\/p>\n<p data-start=\"914\" data-end=\"1202\">Dank der schonenden Herstellung bleiben die nat\u00fcrlichen Terpene erhalten, was zu einem intensiven Geschmacksprofil mit <strong data-start=\"1033\" data-end=\"1055\">s\u00fc\u00dfen Beerenaromen<\/strong> und einem leicht erdigen Unterton f\u00fchrt. Dieses Konzentrat eignet sich hervorragend f\u00fcr erfahrene Nutzer, die Wert auf Qualit\u00e4t und Wirkung legen.<\/p>\n<hr data-start=\"1204\" data-end=\"1207\" \/>\n<h3 data-section-id=\"q9vob1\" data-start=\"1209\" data-end=\"1236\"><span role=\"text\"><strong data-start=\"1213\" data-end=\"1236\">Genetik (Genealogy)<\/strong><\/span><\/h3>\n<p data-start=\"1238\" data-end=\"1467\"><strong data-start=\"1238\" data-end=\"1252\">Blue Dream<\/strong> ist eine sativa-dominante Hybrid-Sorte, entstanden aus der Kreuzung von <strong data-start=\"1325\" data-end=\"1338\">Blueberry<\/strong> und <strong data-start=\"1343\" data-end=\"1351\">Haze<\/strong>. Sie ist bekannt f\u00fcr ihre ausgewogene Wirkung, die <strong data-start=\"1403\" data-end=\"1456\">Euphorie, Kreativit\u00e4t und k\u00f6rperliche Entspannung<\/strong> vereint.<\/p>\n<p data-start=\"1469\" data-end=\"1758\">Die Sorte hat ihren Ursprung in Kalifornien und z\u00e4hlt heute zu den bekanntesten und beliebtesten Cannabis-Strains weltweit. Besonders gesch\u00e4tzt wird sie f\u00fcr ihr <strong data-start=\"1630\" data-end=\"1656\">fruchtiges Beerenaroma<\/strong> sowie ihre vielseitigen Einsatzm\u00f6glichkeiten \u2013 sowohl im Freizeit- als auch im medizinischen Bereich.<\/p>\n<hr data-start=\"1760\" data-end=\"1763\" \/>\n<h3 data-section-id=\"1h9hqnb\" data-start=\"1765\" data-end=\"1787\"><span role=\"text\"><strong data-start=\"1769\" data-end=\"1787\">Produktdetails<\/strong><\/span><\/h3>\n<div class=\"TyagGW_tableContainer\">\n<div class=\"group TyagGW_tableWrapper flex flex-col-reverse w-fit\" tabindex=\"-1\">\n<table class=\"w-fit min-w-(--thread-content-width)\" data-start=\"1789\" data-end=\"2147\">\n<thead data-start=\"1789\" data-end=\"1826\">\n<tr data-start=\"1789\" data-end=\"1826\">\n<th class=\"\" data-start=\"1789\" data-end=\"1810\" data-col-size=\"sm\">Eigenschaft<\/th>\n<th class=\"\" data-start=\"1810\" data-end=\"1826\" data-col-size=\"sm\">Beschreibung<\/th>\n<\/tr>\n<\/thead>\n<tbody data-start=\"1863\" data-end=\"2147\">\n<tr data-start=\"1863\" data-end=\"1920\">\n<td data-start=\"1863\" data-end=\"1883\" data-col-size=\"sm\"><strong data-start=\"1865\" data-end=\"1879\">Produktart<\/strong><\/td>\n<td data-start=\"1883\" data-end=\"1920\" data-col-size=\"sm\">Cannabis-Konzentrat (Live Badder)<\/td>\n<\/tr>\n<tr data-start=\"1921\" data-end=\"1948\">\n<td data-start=\"1921\" data-end=\"1941\" data-col-size=\"sm\"><strong data-start=\"1923\" data-end=\"1933\">Inhalt<\/strong><\/td>\n<td data-col-size=\"sm\" data-start=\"1941\" data-end=\"1948\">1 g<\/td>\n<\/tr>\n<tr data-start=\"1949\" data-end=\"1981\">\n<td data-start=\"1949\" data-end=\"1969\" data-col-size=\"sm\"><strong data-start=\"1951\" data-end=\"1965\">THC-Gehalt<\/strong><\/td>\n<td data-start=\"1969\" data-end=\"1981\" data-col-size=\"sm\">ca. 74 %<\/td>\n<\/tr>\n<tr data-start=\"1982\" data-end=\"2015\">\n<td data-start=\"1982\" data-end=\"2002\" data-col-size=\"sm\"><strong data-start=\"1984\" data-end=\"1998\">CBD-Gehalt<\/strong><\/td>\n<td data-start=\"2002\" data-end=\"2015\" data-col-size=\"sm\">ca. 0,2 %<\/td>\n<\/tr>\n<tr data-start=\"2016\" data-end=\"2059\">\n<td data-start=\"2016\" data-end=\"2036\" data-col-size=\"sm\"><strong data-start=\"2018\" data-end=\"2028\">Strain<\/strong><\/td>\n<td data-col-size=\"sm\" data-start=\"2036\" data-end=\"2059\">Blue Dream (Hybrid)<\/td>\n<\/tr>\n<tr data-start=\"2060\" data-end=\"2109\">\n<td data-start=\"2060\" data-end=\"2080\" data-col-size=\"sm\"><strong data-start=\"2062\" data-end=\"2071\">Aroma<\/strong><\/td>\n<td data-start=\"2080\" data-end=\"2109\" data-col-size=\"sm\">S\u00fc\u00dfe Beeren, leicht erdig<\/td>\n<\/tr>\n<tr data-start=\"2110\" data-end=\"2147\">\n<td data-start=\"2110\" data-end=\"2130\" data-col-size=\"sm\"><strong data-start=\"2112\" data-end=\"2126\">Konsistenz<\/strong><\/td>\n<td data-start=\"2130\" data-end=\"2147\" data-col-size=\"sm\">Cremig, weich<\/td>\n<\/tr>\n<\/tbody>\n<\/table>\n<\/div>\n<\/div>\n<hr data-start=\"2149\" data-end=\"2152\" \/>\n<h3 data-section-id=\"1ptxicl\" data-start=\"2154\" data-end=\"2172\"><span role=\"text\"><strong data-start=\"2158\" data-end=\"2172\">Highlights<\/strong><\/span><\/h3>\n<ul data-start=\"2174\" data-end=\"2376\">\n<li data-section-id=\"1lj1wh0\" data-start=\"2174\" data-end=\"2221\">\ud83c\udf3f Hochpotentes Konzentrat mit <strong data-start=\"2207\" data-end=\"2219\">74 % THC<\/strong><\/li>\n<li data-section-id=\"1g6uzff\" data-start=\"2222\" data-end=\"2269\">\ud83e\uddea Schonend hergestellt \u2013 reich an Terpenen<\/li>\n<li data-section-id=\"549g8e\" data-start=\"2270\" data-end=\"2303\">\ud83c\udf53 Intensives <strong data-start=\"2286\" data-end=\"2301\">Beerenaroma<\/strong><\/li>\n<li data-section-id=\"1b022u7\" data-start=\"2304\" data-end=\"2337\">\u2696\ufe0f Ausgewogene Hybrid-Wirkung<\/li>\n<li data-section-id=\"vd858h\" data-start=\"2338\" data-end=\"2376\">\ud83d\udca8 Ideal f\u00fcr erfahrene Konsumenten<\/li>\n<\/ul>\n<hr data-start=\"2378\" data-end=\"2381\" \/>\n<h3 data-section-id=\"1sbq0ch\" data-start=\"2383\" data-end=\"2409\"><span role=\"text\"><strong data-start=\"2387\" data-end=\"2409\">Wirkung &amp; Vorteile<\/strong><\/span><\/h3>\n<ul data-start=\"2411\" data-end=\"2621\">\n<li data-section-id=\"uysevr\" data-start=\"2411\" data-end=\"2459\">F\u00f6rdert <strong data-start=\"2421\" data-end=\"2457\">mentale Klarheit und Kreativit\u00e4t<\/strong><\/li>\n<li data-section-id=\"1cj6svq\" data-start=\"2460\" data-end=\"2513\">Unterst\u00fctzt <strong data-start=\"2474\" data-end=\"2511\">Entspannung ohne starke Sedierung<\/strong><\/li>\n<li data-section-id=\"9huua9\" data-start=\"2514\" data-end=\"2577\">Kann bei <strong data-start=\"2525\" data-end=\"2568\">Stress, Angst und Stimmungsschwankungen<\/strong> helfen<\/li>\n<li data-section-id=\"io3ozi\" data-start=\"2578\" data-end=\"2621\">Langanhaltendes und intensives Erlebnis<\/li>\n<\/ul>\n<hr data-start=\"2623\" data-end=\"2626\" \/>\n<h3 data-section-id=\"93vfmf\" data-start=\"2628\" data-end=\"2657\"><span role=\"text\"><strong data-start=\"2632\" data-end=\"2657\">Hinweis zur Anwendung<\/strong><\/span><\/h3>\n<p data-start=\"2659\" data-end=\"2808\" data-is-last-node=\"\" data-is-only-node=\"\">Nur f\u00fcr erfahrene Nutzer geeignet. Bitte verantwortungsvoll konsumieren.<br data-start=\"2731\" data-end=\"2734\" \/>Au\u00dferhalb der Reichweite von Kindern aufbewahren. K\u00fchl und trocken lagern.<\/p>\n<\/div>\n<\/div>\n<\/div>\n<\/div>\n<div class=\"z-0 flex min-h-[46px] justify-start\"><\/div>\n<div class=\"mt-3 w-full empty:hidden\">\n<div class=\"text-center\">\n<div class=\"mx-auto\">\n<div>\n<div class=\"inline-flex rounded-xl border border-gray-100 dark:border-gray-700\">\n<div class=\"me-12 flex items-center px-4 py-3 text-start\">\n<div class=\"ms-4\">\n<div class=\"text-token-main-surface-primary-inverse text-sm font-semibold\"><\/div>\n<\/div>\n<\/div>\n<\/div>\n<\/div>\n<\/div>\n<\/div>\n<\/div>\n","protected":false},"excerpt":{"rendered":"<p>Hochwertiges <strong data-start=\"161\" data-end=\"187\">Live Badder Konzentrat<\/strong> von Alchemist mit der beliebten Sorte <strong data-start=\"226\" data-end=\"240\">Blue Dream<\/strong>. Hybrid-Strain mit ca. <strong data-start=\"264\" data-end=\"276\">74 % THC<\/strong> und <strong data-start=\"281\" data-end=\"294\">0,2 % CBD<\/strong> \u2013 f\u00fcr ein ausgewogenes, intensives Erlebnis.<\/p>","protected":false},"featured_media":3788,"comment_status":"open","ping_status":"closed","template":"","meta":[],"product_brand":[],"product_cat":[29],"product_tag":[],"class_list":{"0":"post-3784","1":"product","2":"type-product","3":"status-publish","4":"has-post-thumbnail","6":"product_cat-konzentrate","8":"first","9":"instock","10":"shipping-taxable","11":"purchasable","12":"product-type-simple"},"_links":{"self":[{"href":"https:\/\/premiumthcshop.de\/en\/wp-json\/wp\/v2\/product\/3784","targetHints":{"allow":["GET"]}}],"collection":[{"href":"https:\/\/premiumthcshop.de\/en\/wp-json\/wp\/v2\/product"}],"about":[{"href":"https:\/\/premiumthcshop.de\/en\/wp-json\/wp\/v2\/types\/product"}],"replies":[{"embeddable":true,"href":"https:\/\/premiumthcshop.de\/en\/wp-json\/wp\/v2\/comments?post=3784"}],"wp:featuredmedia":[{"embeddable":true,"href":"https:\/\/premiumthcshop.de\/en\/wp-json\/wp\/v2\/media\/3788"}],"wp:attachment":[{"href":"https:\/\/premiumthcshop.de\/en\/wp-json\/wp\/v2\/media?parent=3784"}],"wp:term":[{"taxonomy":"product_brand","embeddable":true,"href":"https:\/\/premiumthcshop.de\/en\/wp-json\/wp\/v2\/product_brand?post=3784"},{"taxonomy":"product_cat","embeddable":true,"href":"https:\/\/premiumthcshop.de\/en\/wp-json\/wp\/v2\/product_cat?post=3784"},{"taxonomy":"product_tag","embeddable":true,"href":"https:\/\/premiumthcshop.de\/en\/wp-json\/wp\/v2\/product_tag?post=3784"}],"curies":[{"name":"wp","href":"https:\/\/api.w.org\/{rel}","templated":true}]}}