{"id":3792,"date":"2026-04-03T10:21:03","date_gmt":"2026-04-03T10:21:03","guid":{"rendered":"https:\/\/premiumthcshop.de\/?post_type=product&#038;p=3792"},"modified":"2026-04-03T10:21:03","modified_gmt":"2026-04-03T10:21:03","slug":"luigi-einweg-vape-alien-blood-v5-doppelpack-2g-vape","status":"publish","type":"product","link":"https:\/\/premiumthcshop.de\/en\/product\/luigi-einweg-vape-alien-blood-v5-doppelpack-2g-vape\/","title":{"rendered":"Luigi | Einweg-Vape | Alien Blood V5 Doppelpack | 2G Vape"},"content":{"rendered":"<p data-start=\"63\" data-end=\"86\"><strong data-start=\"63\" data-end=\"77\">Sortentyp:<\/strong> Hybrid<\/p>\n<p data-start=\"88\" data-end=\"644\">Alien Blood entf\u00fchrt dich in eine andere Dimension. Beim Inhalieren entfalten sich tiefe, intensive Beerennoten, bei denen dunkle Trauben und schwarze Johannisbeere harmonisch ineinander \u00fcbergehen. Eine dezente Erdigkeit im Hintergrund sorgt f\u00fcr zus\u00e4tzliche Tiefe und eine geheimnisvolle Note. Beim Ausatmen entsteht eine rauchige S\u00fc\u00dfe \u2013 wie ger\u00f6stete rote Fr\u00fcchte im Mondlicht \u2013 abgerundet durch einen sanften, kr\u00e4uterigen Nachgeschmack. Eine kraftvolle Mischung aus Mystik und Geschmack, ideal f\u00fcr alle, die etwas Intensives und Au\u00dfergew\u00f6hnliches suchen.<\/p>\n<p data-start=\"646\" data-end=\"890\" data-is-last-node=\"\" data-is-only-node=\"\"><strong data-start=\"646\" data-end=\"655\">Luigi<\/strong><br data-start=\"655\" data-end=\"658\" \/>495 Favoriten<br data-start=\"671\" data-end=\"674\" \/>In Los Angeles zu 100 % entwickelt und produziert. Luigi ist in \u00fcber 150 Apotheken in Kalifornien erh\u00e4ltlich. Nutze Weedmaps, um einen Shop in deiner N\u00e4he zu finden, oder frage in deinem bevorzugten Store nach Luigi!<\/p>","protected":false},"excerpt":{"rendered":"<p>Sortentyp: Hybrid Alien Blood entf\u00fchrt dich in eine andere Dimension. Beim Inhalieren entfalten sich tiefe, intensive Beerennoten, bei denen dunkle Trauben und schwarze Johannisbeere harmonisch ineinander \u00fcbergehen. Eine dezente Erdigkeit im Hintergrund sorgt f\u00fcr zus\u00e4tzliche Tiefe und eine geheimnisvolle Note. Beim Ausatmen entsteht eine rauchige S\u00fc\u00dfe \u2013 wie ger\u00f6stete rote Fr\u00fcchte im Mondlicht \u2013 abgerundet [&hellip;]<\/p>\n","protected":false},"featured_media":3800,"comment_status":"open","ping_status":"closed","template":"","meta":[],"product_brand":[],"product_cat":[28],"product_tag":[],"class_list":{"0":"post-3792","1":"product","2":"type-product","3":"status-publish","4":"has-post-thumbnail","6":"product_cat-einweg-vapes","8":"first","9":"instock","10":"shipping-taxable","11":"purchasable","12":"product-type-simple"},"_links":{"self":[{"href":"https:\/\/premiumthcshop.de\/en\/wp-json\/wp\/v2\/product\/3792","targetHints":{"allow":["GET"]}}],"collection":[{"href":"https:\/\/premiumthcshop.de\/en\/wp-json\/wp\/v2\/product"}],"about":[{"href":"https:\/\/premiumthcshop.de\/en\/wp-json\/wp\/v2\/types\/product"}],"replies":[{"embeddable":true,"href":"https:\/\/premiumthcshop.de\/en\/wp-json\/wp\/v2\/comments?post=3792"}],"wp:featuredmedia":[{"embeddable":true,"href":"https:\/\/premiumthcshop.de\/en\/wp-json\/wp\/v2\/media\/3800"}],"wp:attachment":[{"href":"https:\/\/premiumthcshop.de\/en\/wp-json\/wp\/v2\/media?parent=3792"}],"wp:term":[{"taxonomy":"product_brand","embeddable":true,"href":"https:\/\/premiumthcshop.de\/en\/wp-json\/wp\/v2\/product_brand?post=3792"},{"taxonomy":"product_cat","embeddable":true,"href":"https:\/\/premiumthcshop.de\/en\/wp-json\/wp\/v2\/product_cat?post=3792"},{"taxonomy":"product_tag","embeddable":true,"href":"https:\/\/premiumthcshop.de\/en\/wp-json\/wp\/v2\/product_tag?post=3792"}],"curies":[{"name":"wp","href":"https:\/\/api.w.org\/{rel}","templated":true}]}}