{"id":3793,"date":"2026-04-03T10:20:01","date_gmt":"2026-04-03T10:20:01","guid":{"rendered":"https:\/\/premiumthcshop.de\/?post_type=product&#038;p=3793"},"modified":"2026-04-03T10:20:01","modified_gmt":"2026-04-03T10:20:01","slug":"luigi-einweg-vape-cucu-melon-v5-doppelpack-2g-vape","status":"publish","type":"product","link":"https:\/\/premiumthcshop.de\/en\/product\/luigi-einweg-vape-cucu-melon-v5-doppelpack-2g-vape\/","title":{"rendered":"Luigi | Einweg-Vape | CUCU Melon V5 Doppelpack | 2G Vape"},"content":{"rendered":"<p data-start=\"62\" data-end=\"92\"><strong data-start=\"62\" data-end=\"76\">Sortentyp:<\/strong> Indica-Hybrid<\/p>\n<p data-start=\"94\" data-end=\"544\">CUCU Melon sorgt f\u00fcr pure Melonen-Explosion. Beim Inhalieren entfaltet sich die samtige S\u00fc\u00dfe von Honigmelone, kombiniert mit der frischen, w\u00e4ssrigen K\u00fchle von Gurke. Eine feine Note von Melonenschale verleiht dem Profil eine leichte Sch\u00e4rfe und sorgt f\u00fcr Balance. Beim Ausatmen zeigt sich ein klarer, erfrischender Abschluss mit einer fast minzigen Frische und sanften cremigen Untert\u00f6nen. Wie ein k\u00fchler Melonen-Snack an einem entspannten Sommertag.<\/p>\n<p data-start=\"546\" data-end=\"790\" data-is-last-node=\"\" data-is-only-node=\"\"><strong data-start=\"546\" data-end=\"555\">Luigi<\/strong><br data-start=\"555\" data-end=\"558\" \/>495 Favoriten<br data-start=\"571\" data-end=\"574\" \/>In Los Angeles zu 100 % entwickelt und produziert. Luigi ist in \u00fcber 150 Apotheken in Kalifornien erh\u00e4ltlich. Nutze Weedmaps, um einen Shop in deiner N\u00e4he zu finden, oder frage in deinem bevorzugten Store nach Luigi!<\/p>","protected":false},"excerpt":{"rendered":"<p>Sortentyp: Indica-Hybrid CUCU Melon sorgt f\u00fcr pure Melonen-Explosion. Beim Inhalieren entfaltet sich die samtige S\u00fc\u00dfe von Honigmelone, kombiniert mit der frischen, w\u00e4ssrigen K\u00fchle von Gurke. Eine feine Note von Melonenschale verleiht dem Profil eine leichte Sch\u00e4rfe und sorgt f\u00fcr Balance. Beim Ausatmen zeigt sich ein klarer, erfrischender Abschluss mit einer fast minzigen Frische und sanften [&hellip;]<\/p>\n","protected":false},"featured_media":3801,"comment_status":"open","ping_status":"closed","template":"","meta":[],"product_brand":[],"product_cat":[28],"product_tag":[],"class_list":{"0":"post-3793","1":"product","2":"type-product","3":"status-publish","4":"has-post-thumbnail","6":"product_cat-einweg-vapes","8":"first","9":"instock","10":"shipping-taxable","11":"purchasable","12":"product-type-simple"},"_links":{"self":[{"href":"https:\/\/premiumthcshop.de\/en\/wp-json\/wp\/v2\/product\/3793","targetHints":{"allow":["GET"]}}],"collection":[{"href":"https:\/\/premiumthcshop.de\/en\/wp-json\/wp\/v2\/product"}],"about":[{"href":"https:\/\/premiumthcshop.de\/en\/wp-json\/wp\/v2\/types\/product"}],"replies":[{"embeddable":true,"href":"https:\/\/premiumthcshop.de\/en\/wp-json\/wp\/v2\/comments?post=3793"}],"wp:featuredmedia":[{"embeddable":true,"href":"https:\/\/premiumthcshop.de\/en\/wp-json\/wp\/v2\/media\/3801"}],"wp:attachment":[{"href":"https:\/\/premiumthcshop.de\/en\/wp-json\/wp\/v2\/media?parent=3793"}],"wp:term":[{"taxonomy":"product_brand","embeddable":true,"href":"https:\/\/premiumthcshop.de\/en\/wp-json\/wp\/v2\/product_brand?post=3793"},{"taxonomy":"product_cat","embeddable":true,"href":"https:\/\/premiumthcshop.de\/en\/wp-json\/wp\/v2\/product_cat?post=3793"},{"taxonomy":"product_tag","embeddable":true,"href":"https:\/\/premiumthcshop.de\/en\/wp-json\/wp\/v2\/product_tag?post=3793"}],"curies":[{"name":"wp","href":"https:\/\/api.w.org\/{rel}","templated":true}]}}