{"id":3794,"date":"2026-04-03T10:18:29","date_gmt":"2026-04-03T10:18:29","guid":{"rendered":"https:\/\/premiumthcshop.de\/?post_type=product&#038;p=3794"},"modified":"2026-04-03T10:18:29","modified_gmt":"2026-04-03T10:18:29","slug":"luigi-einweg-vape-jungle-dew-v5-doppelpack-2g-vape","status":"publish","type":"product","link":"https:\/\/premiumthcshop.de\/en\/product\/luigi-einweg-vape-jungle-dew-v5-doppelpack-2g-vape\/","title":{"rendered":"Luigi | Einweg-Vape | Jungle Dew V5 Doppelpack | 2G Vape"},"content":{"rendered":"<p data-start=\"62\" data-end=\"85\"><strong data-start=\"62\" data-end=\"76\">Sortentyp:<\/strong> Hybrid<\/p>\n<p data-start=\"87\" data-end=\"605\">Jungle Dew entfaltet von Anfang an ein wildes, tropisches Aroma. Beim Inhalieren dominieren saftige Mango und Passionsfrucht, begleitet von frischen, gr\u00fcnen Noten \u2013 wie ein Spaziergang durch einen Regenwald nach einem Regenschauer. Eine s\u00fc\u00dfliche, taufrische S\u00e4ure belebt den Gaumen und sorgt f\u00fcr einen erfrischenden Kick. Beim Ausatmen kommen sanfte holzige Nuancen, leichte Kiefernoten und ein fruchtiger Abgang zum Vorschein, der gleichzeitig saftig und geerdet wirkt. Ein intensives Dschungel-Erlebnis in Vape-Form.<\/p>\n<p data-start=\"607\" data-end=\"851\" data-is-last-node=\"\" data-is-only-node=\"\"><strong data-start=\"607\" data-end=\"616\">Luigi<\/strong><br data-start=\"616\" data-end=\"619\" \/>495 Favoriten<br data-start=\"632\" data-end=\"635\" \/>In Los Angeles zu 100 % entwickelt und produziert. Luigi ist in \u00fcber 150 Apotheken in Kalifornien erh\u00e4ltlich. Nutze Weedmaps, um einen Shop in deiner N\u00e4he zu finden, oder frage in deinem bevorzugten Store nach Luigi!<\/p>","protected":false},"excerpt":{"rendered":"<p>Sortentyp: Hybrid Jungle Dew entfaltet von Anfang an ein wildes, tropisches Aroma. Beim Inhalieren dominieren saftige Mango und Passionsfrucht, begleitet von frischen, gr\u00fcnen Noten \u2013 wie ein Spaziergang durch einen Regenwald nach einem Regenschauer. Eine s\u00fc\u00dfliche, taufrische S\u00e4ure belebt den Gaumen und sorgt f\u00fcr einen erfrischenden Kick. Beim Ausatmen kommen sanfte holzige Nuancen, leichte Kiefernoten [&hellip;]<\/p>\n","protected":false},"featured_media":3802,"comment_status":"open","ping_status":"closed","template":"","meta":[],"product_brand":[],"product_cat":[28],"product_tag":[],"class_list":{"0":"post-3794","1":"product","2":"type-product","3":"status-publish","4":"has-post-thumbnail","6":"product_cat-einweg-vapes","8":"first","9":"instock","10":"shipping-taxable","11":"purchasable","12":"product-type-simple"},"_links":{"self":[{"href":"https:\/\/premiumthcshop.de\/en\/wp-json\/wp\/v2\/product\/3794","targetHints":{"allow":["GET"]}}],"collection":[{"href":"https:\/\/premiumthcshop.de\/en\/wp-json\/wp\/v2\/product"}],"about":[{"href":"https:\/\/premiumthcshop.de\/en\/wp-json\/wp\/v2\/types\/product"}],"replies":[{"embeddable":true,"href":"https:\/\/premiumthcshop.de\/en\/wp-json\/wp\/v2\/comments?post=3794"}],"wp:featuredmedia":[{"embeddable":true,"href":"https:\/\/premiumthcshop.de\/en\/wp-json\/wp\/v2\/media\/3802"}],"wp:attachment":[{"href":"https:\/\/premiumthcshop.de\/en\/wp-json\/wp\/v2\/media?parent=3794"}],"wp:term":[{"taxonomy":"product_brand","embeddable":true,"href":"https:\/\/premiumthcshop.de\/en\/wp-json\/wp\/v2\/product_brand?post=3794"},{"taxonomy":"product_cat","embeddable":true,"href":"https:\/\/premiumthcshop.de\/en\/wp-json\/wp\/v2\/product_cat?post=3794"},{"taxonomy":"product_tag","embeddable":true,"href":"https:\/\/premiumthcshop.de\/en\/wp-json\/wp\/v2\/product_tag?post=3794"}],"curies":[{"name":"wp","href":"https:\/\/api.w.org\/{rel}","templated":true}]}}