{"id":3795,"date":"2026-04-03T10:17:33","date_gmt":"2026-04-03T10:17:33","guid":{"rendered":"https:\/\/premiumthcshop.de\/?post_type=product&#038;p=3795"},"modified":"2026-04-03T10:17:33","modified_gmt":"2026-04-03T10:17:33","slug":"luigi-einweg-vape-strapple-dawg-v5-doppelpack-2g-vape","status":"publish","type":"product","link":"https:\/\/premiumthcshop.de\/en\/product\/luigi-einweg-vape-strapple-dawg-v5-doppelpack-2g-vape\/","title":{"rendered":"Luigi | Einweg-Vape | Strapple Dawg V5 Doppelpack | 2G Vape"},"content":{"rendered":"<p data-start=\"65\" data-end=\"88\"><strong data-start=\"65\" data-end=\"79\">Sortentyp:<\/strong> Hybrid<\/p>\n<p data-start=\"90\" data-end=\"574\">Strapple Dawg ist spritzig, lebendig und voller Spa\u00df. Der Name h\u00e4lt, was er verspricht: eine explosive Kombination aus Erdbeere und Apfel \u2013 frisch, knackig und bonbons\u00fc\u00df. Beim Inhalieren dominiert der saftige Biss eines roten Apfels, gefolgt von der s\u00fc\u00dfen Intensit\u00e4t von Erdbeermarmelade. Im Hintergrund sorgt eine leicht s\u00e4uerliche gr\u00fcne Apfelnote f\u00fcr zus\u00e4tzliche Frische und Dynamik. Der Ausatem endet in einem zuckrigen Candy-Finish mit einer feinen S\u00e4ure, die Lust auf mehr macht.<\/p>\n<p data-start=\"576\" data-end=\"820\" data-is-last-node=\"\" data-is-only-node=\"\"><strong data-start=\"576\" data-end=\"585\">Luigi<\/strong><br data-start=\"585\" data-end=\"588\" \/>495 Favoriten<br data-start=\"601\" data-end=\"604\" \/>In Los Angeles zu 100 % entwickelt und produziert. Luigi ist in \u00fcber 150 Apotheken in Kalifornien erh\u00e4ltlich. Nutze Weedmaps, um einen Shop in deiner N\u00e4he zu finden, oder frage in deinem bevorzugten Store nach Luigi!<\/p>","protected":false},"excerpt":{"rendered":"<p>Sortentyp: Hybrid Strapple Dawg ist spritzig, lebendig und voller Spa\u00df. Der Name h\u00e4lt, was er verspricht: eine explosive Kombination aus Erdbeere und Apfel \u2013 frisch, knackig und bonbons\u00fc\u00df. Beim Inhalieren dominiert der saftige Biss eines roten Apfels, gefolgt von der s\u00fc\u00dfen Intensit\u00e4t von Erdbeermarmelade. Im Hintergrund sorgt eine leicht s\u00e4uerliche gr\u00fcne Apfelnote f\u00fcr zus\u00e4tzliche Frische [&hellip;]<\/p>\n","protected":false},"featured_media":3803,"comment_status":"open","ping_status":"closed","template":"","meta":[],"product_brand":[],"product_cat":[28],"product_tag":[],"class_list":{"0":"post-3795","1":"product","2":"type-product","3":"status-publish","4":"has-post-thumbnail","6":"product_cat-einweg-vapes","8":"first","9":"instock","10":"shipping-taxable","11":"purchasable","12":"product-type-simple"},"_links":{"self":[{"href":"https:\/\/premiumthcshop.de\/en\/wp-json\/wp\/v2\/product\/3795","targetHints":{"allow":["GET"]}}],"collection":[{"href":"https:\/\/premiumthcshop.de\/en\/wp-json\/wp\/v2\/product"}],"about":[{"href":"https:\/\/premiumthcshop.de\/en\/wp-json\/wp\/v2\/types\/product"}],"replies":[{"embeddable":true,"href":"https:\/\/premiumthcshop.de\/en\/wp-json\/wp\/v2\/comments?post=3795"}],"wp:featuredmedia":[{"embeddable":true,"href":"https:\/\/premiumthcshop.de\/en\/wp-json\/wp\/v2\/media\/3803"}],"wp:attachment":[{"href":"https:\/\/premiumthcshop.de\/en\/wp-json\/wp\/v2\/media?parent=3795"}],"wp:term":[{"taxonomy":"product_brand","embeddable":true,"href":"https:\/\/premiumthcshop.de\/en\/wp-json\/wp\/v2\/product_brand?post=3795"},{"taxonomy":"product_cat","embeddable":true,"href":"https:\/\/premiumthcshop.de\/en\/wp-json\/wp\/v2\/product_cat?post=3795"},{"taxonomy":"product_tag","embeddable":true,"href":"https:\/\/premiumthcshop.de\/en\/wp-json\/wp\/v2\/product_tag?post=3795"}],"curies":[{"name":"wp","href":"https:\/\/api.w.org\/{rel}","templated":true}]}}