{"id":3796,"date":"2026-04-03T10:16:47","date_gmt":"2026-04-03T10:16:47","guid":{"rendered":"https:\/\/premiumthcshop.de\/?post_type=product&#038;p=3796"},"modified":"2026-04-03T10:16:47","modified_gmt":"2026-04-03T10:16:47","slug":"luigi-einweg-vape-og-blue-kiwi-v5-doppelpack-2g-vape","status":"publish","type":"product","link":"https:\/\/premiumthcshop.de\/en\/product\/luigi-einweg-vape-og-blue-kiwi-v5-doppelpack-2g-vape\/","title":{"rendered":"Luigi | Einweg-Vape | OG Blue Kiwi V5 Doppelpack | 2G Vape"},"content":{"rendered":"<p data-start=\"64\" data-end=\"87\"><strong data-start=\"64\" data-end=\"78\">Sortentyp:<\/strong> Hybrid<\/p>\n<p data-start=\"89\" data-end=\"531\">OG Blue Kiwi er\u00f6ffnet mit einer intensiven Kiwi-S\u00e4ure \u2013 lebendig, tropisch und leicht herb. Danach entfaltet sich saftige Blaubeere, die dem Profil eine angenehme S\u00fc\u00dfe und weiche Note verleiht. Der Zug ist frisch, kr\u00e4ftig und fruchtbetont, w\u00e4hrend der Ausatem mit cremiger Sanftheit und einem dezenten Kr\u00e4uter-Kick ausbalanciert wird. Eine verspielte Kombination aus spritziger Frische und beeriger S\u00fc\u00dfe \u2013 erfrischend und zugleich vollmundig.<\/p>\n<p data-start=\"533\" data-end=\"777\" data-is-last-node=\"\" data-is-only-node=\"\"><strong data-start=\"533\" data-end=\"542\">Luigi<\/strong><br data-start=\"542\" data-end=\"545\" \/>495 Favoriten<br data-start=\"558\" data-end=\"561\" \/>In Los Angeles zu 100 % entwickelt und produziert. Luigi ist in \u00fcber 150 Apotheken in Kalifornien erh\u00e4ltlich. Nutze Weedmaps, um einen Shop in deiner N\u00e4he zu finden, oder frage in deinem bevorzugten Store nach Luigi!<\/p>","protected":false},"excerpt":{"rendered":"<p>Sortentyp: Hybrid OG Blue Kiwi er\u00f6ffnet mit einer intensiven Kiwi-S\u00e4ure \u2013 lebendig, tropisch und leicht herb. Danach entfaltet sich saftige Blaubeere, die dem Profil eine angenehme S\u00fc\u00dfe und weiche Note verleiht. Der Zug ist frisch, kr\u00e4ftig und fruchtbetont, w\u00e4hrend der Ausatem mit cremiger Sanftheit und einem dezenten Kr\u00e4uter-Kick ausbalanciert wird. Eine verspielte Kombination aus spritziger [&hellip;]<\/p>\n","protected":false},"featured_media":3804,"comment_status":"open","ping_status":"closed","template":"","meta":[],"product_brand":[],"product_cat":[28],"product_tag":[],"class_list":{"0":"post-3796","1":"product","2":"type-product","3":"status-publish","4":"has-post-thumbnail","6":"product_cat-einweg-vapes","8":"first","9":"instock","10":"shipping-taxable","11":"purchasable","12":"product-type-simple"},"_links":{"self":[{"href":"https:\/\/premiumthcshop.de\/en\/wp-json\/wp\/v2\/product\/3796","targetHints":{"allow":["GET"]}}],"collection":[{"href":"https:\/\/premiumthcshop.de\/en\/wp-json\/wp\/v2\/product"}],"about":[{"href":"https:\/\/premiumthcshop.de\/en\/wp-json\/wp\/v2\/types\/product"}],"replies":[{"embeddable":true,"href":"https:\/\/premiumthcshop.de\/en\/wp-json\/wp\/v2\/comments?post=3796"}],"wp:featuredmedia":[{"embeddable":true,"href":"https:\/\/premiumthcshop.de\/en\/wp-json\/wp\/v2\/media\/3804"}],"wp:attachment":[{"href":"https:\/\/premiumthcshop.de\/en\/wp-json\/wp\/v2\/media?parent=3796"}],"wp:term":[{"taxonomy":"product_brand","embeddable":true,"href":"https:\/\/premiumthcshop.de\/en\/wp-json\/wp\/v2\/product_brand?post=3796"},{"taxonomy":"product_cat","embeddable":true,"href":"https:\/\/premiumthcshop.de\/en\/wp-json\/wp\/v2\/product_cat?post=3796"},{"taxonomy":"product_tag","embeddable":true,"href":"https:\/\/premiumthcshop.de\/en\/wp-json\/wp\/v2\/product_tag?post=3796"}],"curies":[{"name":"wp","href":"https:\/\/api.w.org\/{rel}","templated":true}]}}