{"id":3797,"date":"2026-04-03T10:15:57","date_gmt":"2026-04-03T10:15:57","guid":{"rendered":"https:\/\/premiumthcshop.de\/?post_type=product&#038;p=3797"},"modified":"2026-04-03T10:15:57","modified_gmt":"2026-04-03T10:15:57","slug":"luigi-einweg-vape-lavash-breath-v5-doppelpack-2g-vape","status":"publish","type":"product","link":"https:\/\/premiumthcshop.de\/en\/product\/luigi-einweg-vape-lavash-breath-v5-doppelpack-2g-vape\/","title":{"rendered":"Luigi | Einweg-Vape | Lavash Breath V5 Doppelpack | 2G Vape"},"content":{"rendered":"<p data-start=\"65\" data-end=\"88\"><strong data-start=\"65\" data-end=\"79\">Sortentyp:<\/strong> Indica<\/p>\n<p data-start=\"90\" data-end=\"640\">Lavash Breath \u00fcberzeugt mit einem tiefen, rauchigen Profil und herzhaften Nuancen. Beim Inhalieren entfaltet sich zun\u00e4chst eine warme Note von ger\u00f6stetem Fladenbrot, begleitet von gegrilltem Knoblauch. Anschlie\u00dfend folgen cremige Akzente und eine leichte, teigige Weichheit. Eine markante Mischung aus Diesel und Kr\u00e4utern verleiht dem Ganzen Charakter und Intensit\u00e4t. Beim Ausatmen zeigt sich ein rauchiges Finish mit harzig-erdigen Untert\u00f6nen, das eine anhaltende W\u00e4rme hinterl\u00e4sst. Perfekt f\u00fcr alle, die ausdrucksstarke und kantige Aromen sch\u00e4tzen.<\/p>\n<p data-start=\"642\" data-end=\"886\" data-is-last-node=\"\" data-is-only-node=\"\"><strong data-start=\"642\" data-end=\"651\">Luigi<\/strong><br data-start=\"651\" data-end=\"654\" \/>495 Favoriten<br data-start=\"667\" data-end=\"670\" \/>In Los Angeles zu 100 % entwickelt und produziert. Luigi ist in \u00fcber 150 Apotheken in Kalifornien erh\u00e4ltlich. Nutze Weedmaps, um einen Shop in deiner N\u00e4he zu finden, oder frage in deinem bevorzugten Store nach Luigi!<\/p>","protected":false},"excerpt":{"rendered":"<p>Sortentyp: Indica Lavash Breath \u00fcberzeugt mit einem tiefen, rauchigen Profil und herzhaften Nuancen. Beim Inhalieren entfaltet sich zun\u00e4chst eine warme Note von ger\u00f6stetem Fladenbrot, begleitet von gegrilltem Knoblauch. Anschlie\u00dfend folgen cremige Akzente und eine leichte, teigige Weichheit. Eine markante Mischung aus Diesel und Kr\u00e4utern verleiht dem Ganzen Charakter und Intensit\u00e4t. Beim Ausatmen zeigt sich ein [&hellip;]<\/p>\n","protected":false},"featured_media":3805,"comment_status":"open","ping_status":"closed","template":"","meta":[],"product_brand":[],"product_cat":[28],"product_tag":[],"class_list":{"0":"post-3797","1":"product","2":"type-product","3":"status-publish","4":"has-post-thumbnail","6":"product_cat-einweg-vapes","8":"first","9":"instock","10":"shipping-taxable","11":"purchasable","12":"product-type-simple"},"_links":{"self":[{"href":"https:\/\/premiumthcshop.de\/en\/wp-json\/wp\/v2\/product\/3797","targetHints":{"allow":["GET"]}}],"collection":[{"href":"https:\/\/premiumthcshop.de\/en\/wp-json\/wp\/v2\/product"}],"about":[{"href":"https:\/\/premiumthcshop.de\/en\/wp-json\/wp\/v2\/types\/product"}],"replies":[{"embeddable":true,"href":"https:\/\/premiumthcshop.de\/en\/wp-json\/wp\/v2\/comments?post=3797"}],"wp:featuredmedia":[{"embeddable":true,"href":"https:\/\/premiumthcshop.de\/en\/wp-json\/wp\/v2\/media\/3805"}],"wp:attachment":[{"href":"https:\/\/premiumthcshop.de\/en\/wp-json\/wp\/v2\/media?parent=3797"}],"wp:term":[{"taxonomy":"product_brand","embeddable":true,"href":"https:\/\/premiumthcshop.de\/en\/wp-json\/wp\/v2\/product_brand?post=3797"},{"taxonomy":"product_cat","embeddable":true,"href":"https:\/\/premiumthcshop.de\/en\/wp-json\/wp\/v2\/product_cat?post=3797"},{"taxonomy":"product_tag","embeddable":true,"href":"https:\/\/premiumthcshop.de\/en\/wp-json\/wp\/v2\/product_tag?post=3797"}],"curies":[{"name":"wp","href":"https:\/\/api.w.org\/{rel}","templated":true}]}}