{"id":3798,"date":"2026-04-03T10:15:03","date_gmt":"2026-04-03T10:15:03","guid":{"rendered":"https:\/\/premiumthcshop.de\/?post_type=product&#038;p=3798"},"modified":"2026-04-03T10:15:03","modified_gmt":"2026-04-03T10:15:03","slug":"luigi-einweg-vape-red-clouds-v5-doppelpack-2g-vape","status":"publish","type":"product","link":"https:\/\/premiumthcshop.de\/en\/product\/luigi-einweg-vape-red-clouds-v5-doppelpack-2g-vape\/","title":{"rendered":"Luigi | Einweg-Vape | Red Clouds V5 Doppelpack | 2G Vape"},"content":{"rendered":"<p data-start=\"62\" data-end=\"92\"><strong data-start=\"62\" data-end=\"76\">Sortentyp:<\/strong> Indica-Hybrid<\/p>\n<p data-start=\"94\" data-end=\"539\">Red Clouds sorgt f\u00fcr entspannte Stimmung und s\u00fc\u00dfe Dessert-Vibes. Beim Inhalieren dominieren rote Fr\u00fcchte \u2013 Kirsche und Erdbeere \u2013 begleitet von cremigen Vanille-Noten, die das Profil harmonisch abrunden. Ein Hauch von Karamell verleiht zus\u00e4tzliche Tiefe und S\u00fc\u00dfe. Der Ausatem ist weich und wolkenartig, mit sanft ausklingenden Beerennoten und einem subtilen Anflug von ger\u00f6stetem Zucker. Ein traumhaftes Geschmackserlebnis \u2013 ideal f\u00fcr den Abend.<\/p>\n<p data-start=\"541\" data-end=\"785\" data-is-last-node=\"\" data-is-only-node=\"\"><strong data-start=\"541\" data-end=\"550\">Luigi<\/strong><br data-start=\"550\" data-end=\"553\" \/>495 Favoriten<br data-start=\"566\" data-end=\"569\" \/>In Los Angeles zu 100 % entwickelt und produziert. Luigi ist in \u00fcber 150 Apotheken in Kalifornien erh\u00e4ltlich. Nutze Weedmaps, um einen Shop in deiner N\u00e4he zu finden, oder frage in deinem bevorzugten Store nach Luigi!<\/p>","protected":false},"excerpt":{"rendered":"<p>Sortentyp: Indica-Hybrid Red Clouds sorgt f\u00fcr entspannte Stimmung und s\u00fc\u00dfe Dessert-Vibes. Beim Inhalieren dominieren rote Fr\u00fcchte \u2013 Kirsche und Erdbeere \u2013 begleitet von cremigen Vanille-Noten, die das Profil harmonisch abrunden. Ein Hauch von Karamell verleiht zus\u00e4tzliche Tiefe und S\u00fc\u00dfe. Der Ausatem ist weich und wolkenartig, mit sanft ausklingenden Beerennoten und einem subtilen Anflug von ger\u00f6stetem [&hellip;]<\/p>\n","protected":false},"featured_media":3808,"comment_status":"open","ping_status":"closed","template":"","meta":[],"product_brand":[],"product_cat":[28],"product_tag":[],"class_list":{"0":"post-3798","1":"product","2":"type-product","3":"status-publish","4":"has-post-thumbnail","6":"product_cat-einweg-vapes","8":"first","9":"instock","10":"shipping-taxable","11":"purchasable","12":"product-type-simple"},"_links":{"self":[{"href":"https:\/\/premiumthcshop.de\/en\/wp-json\/wp\/v2\/product\/3798","targetHints":{"allow":["GET"]}}],"collection":[{"href":"https:\/\/premiumthcshop.de\/en\/wp-json\/wp\/v2\/product"}],"about":[{"href":"https:\/\/premiumthcshop.de\/en\/wp-json\/wp\/v2\/types\/product"}],"replies":[{"embeddable":true,"href":"https:\/\/premiumthcshop.de\/en\/wp-json\/wp\/v2\/comments?post=3798"}],"wp:featuredmedia":[{"embeddable":true,"href":"https:\/\/premiumthcshop.de\/en\/wp-json\/wp\/v2\/media\/3808"}],"wp:attachment":[{"href":"https:\/\/premiumthcshop.de\/en\/wp-json\/wp\/v2\/media?parent=3798"}],"wp:term":[{"taxonomy":"product_brand","embeddable":true,"href":"https:\/\/premiumthcshop.de\/en\/wp-json\/wp\/v2\/product_brand?post=3798"},{"taxonomy":"product_cat","embeddable":true,"href":"https:\/\/premiumthcshop.de\/en\/wp-json\/wp\/v2\/product_cat?post=3798"},{"taxonomy":"product_tag","embeddable":true,"href":"https:\/\/premiumthcshop.de\/en\/wp-json\/wp\/v2\/product_tag?post=3798"}],"curies":[{"name":"wp","href":"https:\/\/api.w.org\/{rel}","templated":true}]}}