{"id":3799,"date":"2026-04-03T10:13:50","date_gmt":"2026-04-03T10:13:50","guid":{"rendered":"https:\/\/premiumthcshop.de\/?post_type=product&#038;p=3799"},"modified":"2026-04-03T10:13:50","modified_gmt":"2026-04-03T10:13:50","slug":"luigi-einweg-vape-candy-berry-lemonade-v5-doppelpack-2g-vape","status":"publish","type":"product","link":"https:\/\/premiumthcshop.de\/en\/product\/luigi-einweg-vape-candy-berry-lemonade-v5-doppelpack-2g-vape\/","title":{"rendered":"Luigi | Einweg-Vape | Candy Berry Lemonade V5 Doppelpack | 2G Vape"},"content":{"rendered":"<p data-start=\"72\" data-end=\"95\"><strong data-start=\"72\" data-end=\"86\">Sortentyp:<\/strong> Hybrid<\/p>\n<p data-start=\"97\" data-end=\"484\" data-is-last-node=\"\" data-is-only-node=\"\">Candy Berry Lemonade bringt sommerliche Nostalgie in jeden Zug. Zuerst entfaltet sich eine Explosion saftiger gemischter Beeren \u2013 Erdbeere, Himbeere, vielleicht sogar ein Hauch von Blaubeere \u2013 umh\u00fcllt von s\u00fc\u00dfer Kandiszucker-Note. Anschlie\u00dfend sorgt ein spritziger, erfrischender Zitronenkick f\u00fcr lebendige Frische. Beim Ausatmen zeigt sich ein knackig-herber Geschmack, der eine s\u00fc\u00df-zitr<\/p>","protected":false},"excerpt":{"rendered":"<p>Sortentyp: Hybrid Candy Berry Lemonade bringt sommerliche Nostalgie in jeden Zug. Zuerst entfaltet sich eine Explosion saftiger gemischter Beeren \u2013 Erdbeere, Himbeere, vielleicht sogar ein Hauch von Blaubeere \u2013 umh\u00fcllt von s\u00fc\u00dfer Kandiszucker-Note. Anschlie\u00dfend sorgt ein spritziger, erfrischender Zitronenkick f\u00fcr lebendige Frische. Beim Ausatmen zeigt sich ein knackig-herber Geschmack, der eine s\u00fc\u00df-zitr<\/p>","protected":false},"featured_media":3811,"comment_status":"open","ping_status":"closed","template":"","meta":[],"product_brand":[],"product_cat":[28],"product_tag":[],"class_list":{"0":"post-3799","1":"product","2":"type-product","3":"status-publish","4":"has-post-thumbnail","6":"product_cat-einweg-vapes","8":"first","9":"instock","10":"shipping-taxable","11":"purchasable","12":"product-type-simple"},"_links":{"self":[{"href":"https:\/\/premiumthcshop.de\/en\/wp-json\/wp\/v2\/product\/3799","targetHints":{"allow":["GET"]}}],"collection":[{"href":"https:\/\/premiumthcshop.de\/en\/wp-json\/wp\/v2\/product"}],"about":[{"href":"https:\/\/premiumthcshop.de\/en\/wp-json\/wp\/v2\/types\/product"}],"replies":[{"embeddable":true,"href":"https:\/\/premiumthcshop.de\/en\/wp-json\/wp\/v2\/comments?post=3799"}],"wp:featuredmedia":[{"embeddable":true,"href":"https:\/\/premiumthcshop.de\/en\/wp-json\/wp\/v2\/media\/3811"}],"wp:attachment":[{"href":"https:\/\/premiumthcshop.de\/en\/wp-json\/wp\/v2\/media?parent=3799"}],"wp:term":[{"taxonomy":"product_brand","embeddable":true,"href":"https:\/\/premiumthcshop.de\/en\/wp-json\/wp\/v2\/product_brand?post=3799"},{"taxonomy":"product_cat","embeddable":true,"href":"https:\/\/premiumthcshop.de\/en\/wp-json\/wp\/v2\/product_cat?post=3799"},{"taxonomy":"product_tag","embeddable":true,"href":"https:\/\/premiumthcshop.de\/en\/wp-json\/wp\/v2\/product_tag?post=3799"}],"curies":[{"name":"wp","href":"https:\/\/api.w.org\/{rel}","templated":true}]}}