{"id":3840,"date":"2026-04-03T10:46:10","date_gmt":"2026-04-03T10:46:10","guid":{"rendered":"https:\/\/premiumthcshop.de\/?post_type=product&#038;p=3840"},"modified":"2026-04-03T10:46:10","modified_gmt":"2026-04-03T10:46:10","slug":"backpackboyz-lemonz-cherriez-live-resin-einweg-vape-1g-1-000-mg","status":"publish","type":"product","link":"https:\/\/premiumthcshop.de\/en\/product\/backpackboyz-lemonz-cherriez-live-resin-einweg-vape-1g-1-000-mg\/","title":{"rendered":"Backpackboyz | Lemonz &amp; Cherriez | Live Resin Disposable Vape | 1G (1.000 mg)"},"content":{"rendered":"<div class=\"flex max-w-full flex-col gap-4 grow\">\n<div class=\"min-h-8 text-message relative flex w-full flex-col items-end gap-2 text-start break-words whitespace-normal outline-none keyboard-focused:focus-ring [.text-message+&amp;]:mt-1\" dir=\"auto\" tabindex=\"0\" data-message-author-role=\"assistant\" data-message-id=\"0543d71d-0d3d-47f9-b8ed-7116eb95f0bc\" data-message-model-slug=\"gpt-5-mini\" data-turn-start-message=\"true\">\n<div class=\"flex w-full flex-col gap-1 empty:hidden\">\n<div class=\"markdown prose dark:prose-invert w-full wrap-break-word light markdown-new-styling\">\n<p data-start=\"529\" data-end=\"815\"><strong data-start=\"529\" data-end=\"545\">Backpackboyz<\/strong>, eine f\u00fchrende Cannabis-Marke aus Kalifornien, ist bekannt f\u00fcr hochwertige Sorten und innovative Extraktionsmethoden. <strong data-start=\"664\" data-end=\"685\">Lemonz &amp; Cherriez<\/strong> vereint <strong data-start=\"694\" data-end=\"725\">Lemon Cherry Gelato x Zcube<\/strong> zu einem k\u00f6stlich ausgewogenen Hybrid-High mit fruchtigen, cremigen und w\u00fcrzigen Noten.<\/p>\n<ul data-start=\"817\" data-end=\"1016\">\n<li data-section-id=\"1po395q\" data-start=\"817\" data-end=\"884\"><strong data-start=\"819\" data-end=\"830\">Aromen:<\/strong> Zitrone, Kirsche, Guave, leicht erdige Diesel-Noten<\/li>\n<li data-section-id=\"32uis7\" data-start=\"885\" data-end=\"948\"><strong data-start=\"887\" data-end=\"901\">Geschmack:<\/strong> Frische Zitrone, s\u00fc\u00dfe Kirsche, cremige Guave<\/li>\n<li data-section-id=\"g4y945\" data-start=\"949\" data-end=\"1016\"><strong data-start=\"951\" data-end=\"967\">Erscheinung:<\/strong> Gold-bernsteinfarbener Harz in elegantem Ger\u00e4t<\/li>\n<\/ul>\n<hr data-start=\"1018\" data-end=\"1021\" \/>\n<h3 data-section-id=\"1ilvx8l\" data-start=\"1023\" data-end=\"1047\"><span role=\"text\"><strong data-start=\"1027\" data-end=\"1047\">Wirkung &amp; Nutzen<\/strong><\/span><\/h3>\n<p data-start=\"1049\" data-end=\"1091\">Bietet ein <strong data-start=\"1060\" data-end=\"1088\">ausgewogenes Hybrid-High<\/strong>:<\/p>\n<ul data-start=\"1093\" data-end=\"1299\">\n<li data-section-id=\"n798qh\" data-start=\"1093\" data-end=\"1133\">Euphorische, aufhellende Kopfwirkung<\/li>\n<li data-section-id=\"1yod28x\" data-start=\"1134\" data-end=\"1168\">Sanfte k\u00f6rperliche Entspannung<\/li>\n<li data-section-id=\"1gdsgju\" data-start=\"1169\" data-end=\"1299\">Ideal f\u00fcr:\n<ul data-start=\"1186\" data-end=\"1299\">\n<li data-section-id=\"1kplfjs\" data-start=\"1186\" data-end=\"1214\">Stress- &amp; Angstlinderung<\/li>\n<li data-section-id=\"1xt3z2i\" data-start=\"1217\" data-end=\"1240\">Stimmungsaufhellung<\/li>\n<li data-section-id=\"ywhufy\" data-start=\"1243\" data-end=\"1272\">Leichte Schmerzbehandlung<\/li>\n<li data-section-id=\"11noqop\" data-start=\"1275\" data-end=\"1299\">Kreative Inspiration<\/li>\n<\/ul>\n<\/li>\n<\/ul>\n<hr data-start=\"1301\" data-end=\"1304\" \/>\n<h3 data-section-id=\"3f97xt\" data-start=\"1306\" data-end=\"1329\"><span role=\"text\"><strong data-start=\"1310\" data-end=\"1329\">Produktmerkmale<\/strong><\/span><\/h3>\n<p data-start=\"1331\" data-end=\"1623\">\u2705 <strong data-start=\"1333\" data-end=\"1355\">Premium Live Resin<\/strong> \u2013 Erhalt von Terpenen und Cannabinoiden<br data-start=\"1395\" data-end=\"1398\" \/>\u2705 <strong data-start=\"1400\" data-end=\"1429\">Ergonomisches Einwegger\u00e4t<\/strong> \u2013 USB-C wiederaufladbar, Preheat-Funktion, wartungsfrei<br data-start=\"1485\" data-end=\"1488\" \/>\u2705 <strong data-start=\"1490\" data-end=\"1510\">Schnelle Wirkung<\/strong> \u2013 2\u20133 Z\u00fcge f\u00fcr effektives High<br data-start=\"1541\" data-end=\"1544\" \/>\u2705 <strong data-start=\"1546\" data-end=\"1567\">Sicher &amp; getestet<\/strong> \u2013 Laborgepr\u00fcft, enth\u00e4lt Myrcen, Limonen, Caryophyllen<\/p>\n<hr data-start=\"1625\" data-end=\"1628\" \/>\n<h3 data-section-id=\"a005oj\" data-start=\"1630\" data-end=\"1662\"><span role=\"text\"><strong data-start=\"1634\" data-end=\"1662\">Herkunft &amp; Verf\u00fcgbarkeit<\/strong><\/span><\/h3>\n<ul data-start=\"1664\" data-end=\"1917\">\n<li data-section-id=\"17hlnoz\" data-start=\"1664\" data-end=\"1731\"><strong data-start=\"1666\" data-end=\"1676\">Preis:<\/strong> $33\u2013$45 pro 1g; gelegentliche Angebote wie 3 f\u00fcr $30<\/li>\n<li data-section-id=\"1mtt9b7\" data-start=\"1732\" data-end=\"1854\"><strong data-start=\"1734\" data-end=\"1746\">Verkauf:<\/strong> Dispensaries (z.\u202fB. Bargain Budd DC &amp; Jaderoom, CA) und Online-Shops (z.\u202fB. Compound DC, Buy My Weed USA)<\/li>\n<li data-section-id=\"1fatjbo\" data-start=\"1855\" data-end=\"1917\"><strong data-start=\"1857\" data-end=\"1869\">Hinweis:<\/strong> Authentizit\u00e4t in unregulierten M\u00e4rkten pr\u00fcfen<\/li>\n<\/ul>\n<hr data-start=\"1919\" data-end=\"1922\" \/>\n<p data-start=\"1924\" data-end=\"2110\" data-is-last-node=\"\" data-is-only-node=\"\"><strong data-start=\"1924\" data-end=\"1958\">Backpackboyz Lemonz &amp; Cherriez<\/strong> ist ein Highlight der Live Resin Linie \u2013 verbindet intensiven Geschmack, hohe Potenz und praktische Handhabung, ideal f\u00fcr Freizeit- und Medizin-Nutzer.<\/p>\n<\/div>\n<\/div>\n<\/div>\n<\/div>\n<div class=\"z-0 flex min-h-[46px] justify-start\"><\/div>\n<div class=\"mt-3 w-full empty:hidden\">\n<div class=\"text-center\">\n<div class=\"mx-auto\">\n<div>\n<div class=\"inline-flex rounded-xl border border-gray-100 dark:border-gray-700\">\n<div class=\"me-12 flex items-center px-4 py-3 text-start\">\n<div class=\"ms-4\">\n<div class=\"text-token-main-surface-primary-inverse text-sm font-semibold\"><\/div>\n<\/div>\n<\/div>\n<\/div>\n<\/div>\n<\/div>\n<\/div>\n<\/div>\n","protected":false},"excerpt":{"rendered":"<p data-start=\"121\" data-end=\"322\">Erlebe den ultimativen Hybrid-Genuss mit <strong data-start=\"162\" data-end=\"196\">Backpackboyz Lemonz &amp; Cherriez<\/strong> \u2013 ein <strong data-start=\"203\" data-end=\"236\">1G Live Resin Disposable Vape<\/strong> f\u00fcr intensive, aromatische Z\u00fcge. Perfekt f\u00fcr Entspannung, Kreativit\u00e4t und Euphorie.<\/p>\n<ul data-start=\"324\" data-end=\"493\">\n<li data-section-id=\"1xfhejc\" data-start=\"324\" data-end=\"365\"><strong data-start=\"326\" data-end=\"336\">Stamm:<\/strong> Lemonz &amp; Cherriez (Hybrid)<\/li>\n<li data-section-id=\"d9w837\" data-start=\"366\" data-end=\"399\"><strong data-start=\"368\" data-end=\"383\">THC-Gehalt:<\/strong> Bis zu 94,3 %<\/li>\n<li data-section-id=\"1etz38u\" data-start=\"400\" data-end=\"462\"><strong data-start=\"402\" data-end=\"413\">Format:<\/strong> 1 g Einwegger\u00e4t mit Liquid Live Resin Diamonds<\/li>\n<li data-section-id=\"1bg94je\" data-start=\"463\" data-end=\"493\"><strong data-start=\"465\" data-end=\"485\">Wiederaufladbar:<\/strong> USB-C<\/li>\n<\/ul>","protected":false},"featured_media":3825,"comment_status":"open","ping_status":"closed","template":"","meta":[],"product_brand":[],"product_cat":[28],"product_tag":[],"class_list":{"0":"post-3840","1":"product","2":"type-product","3":"status-publish","4":"has-post-thumbnail","6":"product_cat-einweg-vapes","8":"first","9":"instock","10":"shipping-taxable","11":"purchasable","12":"product-type-simple"},"_links":{"self":[{"href":"https:\/\/premiumthcshop.de\/en\/wp-json\/wp\/v2\/product\/3840","targetHints":{"allow":["GET"]}}],"collection":[{"href":"https:\/\/premiumthcshop.de\/en\/wp-json\/wp\/v2\/product"}],"about":[{"href":"https:\/\/premiumthcshop.de\/en\/wp-json\/wp\/v2\/types\/product"}],"replies":[{"embeddable":true,"href":"https:\/\/premiumthcshop.de\/en\/wp-json\/wp\/v2\/comments?post=3840"}],"wp:featuredmedia":[{"embeddable":true,"href":"https:\/\/premiumthcshop.de\/en\/wp-json\/wp\/v2\/media\/3825"}],"wp:attachment":[{"href":"https:\/\/premiumthcshop.de\/en\/wp-json\/wp\/v2\/media?parent=3840"}],"wp:term":[{"taxonomy":"product_brand","embeddable":true,"href":"https:\/\/premiumthcshop.de\/en\/wp-json\/wp\/v2\/product_brand?post=3840"},{"taxonomy":"product_cat","embeddable":true,"href":"https:\/\/premiumthcshop.de\/en\/wp-json\/wp\/v2\/product_cat?post=3840"},{"taxonomy":"product_tag","embeddable":true,"href":"https:\/\/premiumthcshop.de\/en\/wp-json\/wp\/v2\/product_tag?post=3840"}],"curies":[{"name":"wp","href":"https:\/\/api.w.org\/{rel}","templated":true}]}}