{"id":3870,"date":"2026-04-03T11:11:39","date_gmt":"2026-04-03T11:11:39","guid":{"rendered":"https:\/\/premiumthcshop.de\/?post_type=product&#038;p=3870"},"modified":"2026-04-03T11:11:39","modified_gmt":"2026-04-03T11:11:39","slug":"choice-labs-juicy-watermelon-raspberry-cough-dual-flavor-einweg-vape-2g","status":"publish","type":"product","link":"https:\/\/premiumthcshop.de\/en\/product\/choice-labs-juicy-watermelon-raspberry-cough-dual-flavor-einweg-vape-2g\/","title":{"rendered":"Choice Labs | Juicy Watermelon &#038; Raspberry Cough | Dual Flavor Einweg Vape | 2G"},"content":{"rendered":"<div class=\"flex flex-col text-sm pb-25\">\n<section class=\"text-token-text-primary w-full focus:outline-none [--shadow-height:45px] has-data-writing-block:pointer-events-none has-data-writing-block:-mt-(--shadow-height) has-data-writing-block:pt-(--shadow-height) [&amp;:has([data-writing-block])&gt;*]:pointer-events-auto scroll-mt-[calc(var(--header-height)+min(200px,max(70px,20svh)))]\" dir=\"auto\" data-turn-id=\"request-69cf7b68-3ad0-8328-9ff8-47bcc476e54d-3\" data-testid=\"conversation-turn-60\" data-scroll-anchor=\"true\" data-turn=\"assistant\">\n<div class=\"text-base my-auto mx-auto pb-10 [--thread-content-margin:var(--thread-content-margin-xs,calc(var(--spacing)*4))] @w-sm\/main:[--thread-content-margin:var(--thread-content-margin-sm,calc(var(--spacing)*6))] @w-lg\/main:[--thread-content-margin:var(--thread-content-margin-lg,calc(var(--spacing)*16))] px-(--thread-content-margin)\">\n<div class=\"[--thread-content-max-width:40rem] @w-lg\/main:[--thread-content-max-width:48rem] mx-auto max-w-(--thread-content-max-width) flex-1 group\/turn-messages focus-visible:outline-hidden relative flex w-full min-w-0 flex-col agent-turn\">\n<div class=\"flex max-w-full flex-col gap-4 grow\">\n<div class=\"min-h-8 text-message relative flex w-full flex-col items-end gap-2 text-start break-words whitespace-normal outline-none keyboard-focused:focus-ring [.text-message+&amp;]:mt-1\" dir=\"auto\" tabindex=\"0\" data-message-author-role=\"assistant\" data-message-id=\"553fdd5d-20fa-4b87-bbfd-1a174f5cd2f2\" data-message-model-slug=\"gpt-5-mini\" data-turn-start-message=\"true\">\n<div class=\"flex w-full flex-col gap-1 empty:hidden\">\n<div class=\"markdown prose dark:prose-invert w-full wrap-break-word light markdown-new-styling\">\n<p data-start=\"485\" data-end=\"752\">Der <strong data-start=\"489\" data-end=\"567\">Choice Labs Juicy Watermelon &amp; Raspberry Cough Dual Flavor Disposable Vape<\/strong> vereint zwei einzigartige Geschmacksrichtungen in einem Ger\u00e4t. Dieses innovative Dual-Flavor-System erm\u00f6glicht dir ein vielseitiges Vaping-Erlebnis mit perfekt abgestimmten Effekten.<\/p>\n<p data-start=\"754\" data-end=\"906\"><strong data-start=\"754\" data-end=\"774\">Juicy Watermelon<\/strong> liefert eine s\u00fc\u00dfe, saftige Frische mit leicht tropischen und kr\u00e4uterigen \u043d\u043e\u0442\u0435\u043d, die f\u00fcr sanfte Entspannung und Stressabbau sorgt.<\/p>\n<p data-start=\"908\" data-end=\"1086\"><strong data-start=\"908\" data-end=\"927\">Raspberry Cough<\/strong> erg\u00e4nzt das Ganze mit einer leicht s\u00e4uerlichen Himbeernote und erdigen Untert\u00f6nen. Diese sativa-dominante Sorte bringt Energie, Fokus und kreative Klarheit.<\/p>\n<p data-start=\"1088\" data-end=\"1211\">Gemeinsam bieten beide Profile ein harmonisches Gleichgewicht aus Entspannung und mentaler Aktivit\u00e4t \u2013 ideal f\u00fcr den Tag.<\/p>\n<hr data-start=\"1213\" data-end=\"1216\" \/>\n<h3 data-section-id=\"kra2ha\" data-start=\"1218\" data-end=\"1243\"><span role=\"text\"><strong data-start=\"1222\" data-end=\"1243\">Aroma &amp; Geschmack<\/strong><\/span><\/h3>\n<p data-start=\"1245\" data-end=\"1271\">\ud83c\udf49 <strong data-start=\"1248\" data-end=\"1269\">Juicy Watermelon:<\/strong><\/p>\n<ul data-start=\"1272\" data-end=\"1327\">\n<li data-section-id=\"1mbil32\" data-start=\"1272\" data-end=\"1297\">S\u00fc\u00df, saftig, tropisch<\/li>\n<li data-section-id=\"4g1kej\" data-start=\"1298\" data-end=\"1327\">Leicht kr\u00e4uterige Nuancen<\/li>\n<\/ul>\n<p data-start=\"1329\" data-end=\"1354\">\ud83c\udf53 <strong data-start=\"1332\" data-end=\"1352\">Raspberry Cough:<\/strong><\/p>\n<ul data-start=\"1355\" data-end=\"1426\">\n<li data-section-id=\"t78faq\" data-start=\"1355\" data-end=\"1387\">Fruchtig-s\u00e4uerliche Himbeere<\/li>\n<li data-section-id=\"oew5vy\" data-start=\"1388\" data-end=\"1426\">Erdige &amp; leicht pinienartige Noten<\/li>\n<\/ul>\n<hr data-start=\"1428\" data-end=\"1431\" \/>\n<h3 data-section-id=\"10wuny9\" data-start=\"1433\" data-end=\"1458\"><span role=\"text\"><strong data-start=\"1437\" data-end=\"1458\">Wirkung &amp; Effekte<\/strong><\/span><\/h3>\n<ul data-start=\"1460\" data-end=\"1588\">\n<li data-section-id=\"2p34fr\" data-start=\"1460\" data-end=\"1506\">Ausgewogenes High (entspannend &amp; belebend)<\/li>\n<li data-section-id=\"1y4elll\" data-start=\"1507\" data-end=\"1530\">Stimmungsaufhellend<\/li>\n<li data-section-id=\"f8kggk\" data-start=\"1531\" data-end=\"1562\">F\u00f6rdert Fokus &amp; Kreativit\u00e4t<\/li>\n<li data-section-id=\"2juo7p\" data-start=\"1563\" data-end=\"1588\">Leicht stresslindernd<\/li>\n<\/ul>\n<p data-start=\"1590\" data-end=\"1640\">\u27a1\ufe0f Perfekt f\u00fcr tags\u00fcber oder soziale Aktivit\u00e4ten<\/p>\n<hr data-start=\"1642\" data-end=\"1645\" \/>\n<h3 data-section-id=\"3f97xt\" data-start=\"1647\" data-end=\"1670\"><span role=\"text\"><strong data-start=\"1651\" data-end=\"1670\">Produktmerkmale<\/strong><\/span><\/h3>\n<p data-start=\"1672\" data-end=\"1894\">\u2705 <strong data-start=\"1674\" data-end=\"1696\">Dual Flavor System<\/strong> \u2013 Zwei Geschmacksrichtungen in einem Ger\u00e4t<br data-start=\"1739\" data-end=\"1742\" \/>\u2705 <strong data-start=\"1744\" data-end=\"1772\">Hoher THC-Gehalt (~90%+)<\/strong><br data-start=\"1772\" data-end=\"1775\" \/>\u2705 <strong data-start=\"1777\" data-end=\"1793\">2G Kapazit\u00e4t<\/strong> f\u00fcr langanhaltenden Genuss<br data-start=\"1820\" data-end=\"1823\" \/>\u2705 <strong data-start=\"1825\" data-end=\"1855\">Sanfte &amp; gleichm\u00e4\u00dfige Z\u00fcge<\/strong><br data-start=\"1855\" data-end=\"1858\" \/>\u2705 <strong data-start=\"1860\" data-end=\"1892\">Kompakt &amp; benutzerfreundlich<\/strong><\/p>\n<hr data-start=\"1896\" data-end=\"1899\" \/>\n<h3 data-section-id=\"ea60yj\" data-start=\"1901\" data-end=\"1922\"><span role=\"text\"><strong data-start=\"1905\" data-end=\"1922\">Nutzungsdauer<\/strong><\/span><\/h3>\n<ul data-start=\"1924\" data-end=\"1973\">\n<li data-section-id=\"18amgh\" data-start=\"1924\" data-end=\"1946\">Gro\u00dfe 2G Kapazit\u00e4t<\/li>\n<li data-section-id=\"sfar72\" data-start=\"1947\" data-end=\"1973\">Effiziente Verdampfung<\/li>\n<\/ul>\n<p data-start=\"1975\" data-end=\"2024\">\u27a1\ufe0f H\u00e4lt je nach Nutzung mehrere Tage bis Wochen<\/p>\n<hr data-start=\"2026\" data-end=\"2029\" \/>\n<h3 data-section-id=\"dnlw6l\" data-start=\"2031\" data-end=\"2048\"><span role=\"text\"><strong data-start=\"2035\" data-end=\"2048\">Anwendung<\/strong><\/span><\/h3>\n<p data-start=\"2050\" data-end=\"2152\">1\ufe0f\u20e3 Auspacken<br data-start=\"2063\" data-end=\"2066\" \/>2\ufe0f\u20e3 Gew\u00fcnschten Geschmack w\u00e4hlen (falls einstellbar)<br data-start=\"2118\" data-end=\"2121\" \/>3\ufe0f\u20e3 Inhalieren<br data-start=\"2135\" data-end=\"2138\" \/>4\ufe0f\u20e3 Genie\u00dfen<\/p>\n<hr data-start=\"2154\" data-end=\"2157\" \/>\n<h3 data-section-id=\"yjrp9g\" data-start=\"2159\" data-end=\"2175\"><span role=\"text\"><strong data-start=\"2163\" data-end=\"2175\">Hinweise<\/strong><\/span><\/h3>\n<p data-start=\"2177\" data-end=\"2335\">\u26a0\ufe0f Wirkung kann je nach Toleranz variieren<br data-start=\"2219\" data-end=\"2222\" \/>\u26a0\ufe0f F\u00fcr Einsteiger mit kleinen Z\u00fcgen beginnen<br data-start=\"2266\" data-end=\"2269\" \/>\u26a0\ufe0f K\u00fchl und trocken lagern, au\u00dferhalb der Reichweite von Kindern<\/p>\n<hr data-start=\"2337\" data-end=\"2340\" \/>\n<p data-start=\"2342\" data-end=\"2491\" data-is-last-node=\"\" data-is-only-node=\"\">\ud83d\ude80 <strong data-start=\"2345\" data-end=\"2394\">Jetzt Choice Labs Dual Flavor Vape entdecken!<\/strong><br data-start=\"2394\" data-end=\"2397\" \/>\ud83d\uded2 Genie\u00dfe die perfekte Kombination aus fruchtiger S\u00fc\u00dfe und belebender Frische in einem Ger\u00e4t.<\/p>\n<\/div>\n<\/div>\n<\/div>\n<\/div>\n<div class=\"z-0 flex min-h-[46px] justify-start\"><\/div>\n<div class=\"mt-3 w-full empty:hidden\">\n<div class=\"text-center\"><\/div>\n<\/div>\n<\/div>\n<\/div>\n<\/section>\n<\/div>\n<div class=\"pointer-events-none h-px w-px absolute bottom-0\" aria-hidden=\"true\" data-edge=\"true\"><\/div>\n","protected":false},"excerpt":{"rendered":"<p data-start=\"127\" data-end=\"316\">Erlebe doppelten Geschmack mit dem <strong data-start=\"162\" data-end=\"194\">Choice Labs Dual Flavor Vape<\/strong> \u2013 eine erfrischende Kombination aus <strong data-start=\"231\" data-end=\"251\">Juicy Watermelon<\/strong> und <strong data-start=\"256\" data-end=\"275\">Raspberry Cough<\/strong> f\u00fcr ein ausgewogenes, belebendes High.<\/p>\n<ul data-start=\"318\" data-end=\"449\">\n<li data-section-id=\"zvhqzc\" data-start=\"318\" data-end=\"346\"><strong data-start=\"320\" data-end=\"335\">THC-Gehalt:<\/strong> ca. 90%+<\/li>\n<li data-section-id=\"f6y87g\" data-start=\"347\" data-end=\"391\"><strong data-start=\"349\" data-end=\"360\">Format:<\/strong> Dual Flavor Einweg Vape (2G)<\/li>\n<li data-section-id=\"gkl5d4\" data-start=\"392\" data-end=\"449\"><strong data-start=\"394\" data-end=\"402\">Typ:<\/strong> Hybrid (Indica- &amp; Sativa-Effekte kombiniert)<\/li>\n<\/ul>","protected":false},"featured_media":3852,"comment_status":"open","ping_status":"closed","template":"","meta":[],"product_brand":[],"product_cat":[28],"product_tag":[],"class_list":{"0":"post-3870","1":"product","2":"type-product","3":"status-publish","4":"has-post-thumbnail","6":"product_cat-einweg-vapes","8":"first","9":"instock","10":"shipping-taxable","11":"purchasable","12":"product-type-simple"},"_links":{"self":[{"href":"https:\/\/premiumthcshop.de\/en\/wp-json\/wp\/v2\/product\/3870","targetHints":{"allow":["GET"]}}],"collection":[{"href":"https:\/\/premiumthcshop.de\/en\/wp-json\/wp\/v2\/product"}],"about":[{"href":"https:\/\/premiumthcshop.de\/en\/wp-json\/wp\/v2\/types\/product"}],"replies":[{"embeddable":true,"href":"https:\/\/premiumthcshop.de\/en\/wp-json\/wp\/v2\/comments?post=3870"}],"wp:featuredmedia":[{"embeddable":true,"href":"https:\/\/premiumthcshop.de\/en\/wp-json\/wp\/v2\/media\/3852"}],"wp:attachment":[{"href":"https:\/\/premiumthcshop.de\/en\/wp-json\/wp\/v2\/media?parent=3870"}],"wp:term":[{"taxonomy":"product_brand","embeddable":true,"href":"https:\/\/premiumthcshop.de\/en\/wp-json\/wp\/v2\/product_brand?post=3870"},{"taxonomy":"product_cat","embeddable":true,"href":"https:\/\/premiumthcshop.de\/en\/wp-json\/wp\/v2\/product_cat?post=3870"},{"taxonomy":"product_tag","embeddable":true,"href":"https:\/\/premiumthcshop.de\/en\/wp-json\/wp\/v2\/product_tag?post=3870"}],"curies":[{"name":"wp","href":"https:\/\/api.w.org\/{rel}","templated":true}]}}