{"id":3875,"date":"2026-04-03T11:19:27","date_gmt":"2026-04-03T11:19:27","guid":{"rendered":"https:\/\/premiumthcshop.de\/?post_type=product&#038;p=3875"},"modified":"2026-04-03T11:19:27","modified_gmt":"2026-04-03T11:19:27","slug":"stiiizy-pen-purple-punch-einweg-vape-1g","status":"publish","type":"product","link":"https:\/\/premiumthcshop.de\/en\/product\/stiiizy-pen-purple-punch-einweg-vape-1g\/","title":{"rendered":"STIIIZY Pen | Purple Punch | Einweg Vape | 1G"},"content":{"rendered":"<div class=\"flex flex-col text-sm pb-25\">\n<section class=\"text-token-text-primary w-full focus:outline-none [--shadow-height:45px] has-data-writing-block:pointer-events-none has-data-writing-block:-mt-(--shadow-height) has-data-writing-block:pt-(--shadow-height) [&amp;:has([data-writing-block])&gt;*]:pointer-events-auto scroll-mt-[calc(var(--header-height)+min(200px,max(70px,20svh)))]\" dir=\"auto\" data-turn-id=\"request-69cf7b68-3ad0-8328-9ff8-47bcc476e54d-1\" data-testid=\"conversation-turn-64\" data-scroll-anchor=\"true\" data-turn=\"assistant\">\n<div class=\"text-base my-auto mx-auto pb-10 [--thread-content-margin:var(--thread-content-margin-xs,calc(var(--spacing)*4))] @w-sm\/main:[--thread-content-margin:var(--thread-content-margin-sm,calc(var(--spacing)*6))] @w-lg\/main:[--thread-content-margin:var(--thread-content-margin-lg,calc(var(--spacing)*16))] px-(--thread-content-margin)\">\n<div class=\"[--thread-content-max-width:40rem] @w-lg\/main:[--thread-content-max-width:48rem] mx-auto max-w-(--thread-content-max-width) flex-1 group\/turn-messages focus-visible:outline-hidden relative flex w-full min-w-0 flex-col agent-turn\">\n<div class=\"flex max-w-full flex-col gap-4 grow\">\n<div class=\"min-h-8 text-message relative flex w-full flex-col items-end gap-2 text-start break-words whitespace-normal outline-none keyboard-focused:focus-ring [.text-message+&amp;]:mt-1\" dir=\"auto\" tabindex=\"0\" data-message-author-role=\"assistant\" data-message-id=\"e754f51c-dffa-4755-8de1-c8cd1727ea5f\" data-message-model-slug=\"gpt-5-mini\" data-turn-start-message=\"true\">\n<div class=\"flex w-full flex-col gap-1 empty:hidden\">\n<div class=\"markdown prose dark:prose-invert w-full wrap-break-word light markdown-new-styling\">\n<p data-start=\"418\" data-end=\"710\">Der <strong data-start=\"422\" data-end=\"462\">STIIIZY Purple Punch Disposable Vape<\/strong> kombiniert modernes Design mit hochwertigem Cannabis-Extrakt f\u00fcr ein intensives und geschmackvolles Vaping-Erlebnis. Entwickelt von <strong data-start=\"595\" data-end=\"606\">STIIIZY<\/strong>, einer der f\u00fchrenden Marken aus Kalifornien, steht dieses Ger\u00e4t f\u00fcr Innovation, Qualit\u00e4t und Komfort.<\/p>\n<p data-start=\"712\" data-end=\"959\">Die Sorte <strong data-start=\"722\" data-end=\"738\">Purple Punch<\/strong> ist eine Kreuzung aus <strong data-start=\"761\" data-end=\"773\">Larry OG<\/strong> und <strong data-start=\"778\" data-end=\"799\">Granddaddy Purple<\/strong> und bekannt f\u00fcr ihr s\u00fc\u00dfes, dessertartiges Aroma. Jeder Zug liefert eine harmonische Mischung aus Trauben- und Beerenaromen mit einem angenehm sanften Finish.<\/p>\n<p data-start=\"961\" data-end=\"1121\">Dank des kompakten <strong data-start=\"980\" data-end=\"1005\">LIIIL STIIIZY Designs<\/strong> ist dieses Ger\u00e4t perfekt f\u00fcr unterwegs geeignet und bietet eine einfache Nutzung ohne Einstellungen oder Wartung.<\/p>\n<hr data-start=\"1123\" data-end=\"1126\" \/>\n<h3 data-section-id=\"kra2ha\" data-start=\"1128\" data-end=\"1153\"><span role=\"text\"><strong data-start=\"1132\" data-end=\"1153\">Aroma &amp; Geschmack<\/strong><\/span><\/h3>\n<ul data-start=\"1155\" data-end=\"1270\">\n<li data-section-id=\"1vcbtiv\" data-start=\"1155\" data-end=\"1201\"><strong data-start=\"1157\" data-end=\"1167\">Aroma:<\/strong> S\u00fc\u00dfe Trauben mit beerigen Noten<\/li>\n<li data-section-id=\"kby6b3\" data-start=\"1202\" data-end=\"1270\"><strong data-start=\"1204\" data-end=\"1218\">Geschmack:<\/strong> Fruchtig, weich, leicht tropisch und dessertartig<\/li>\n<\/ul>\n<hr data-start=\"1272\" data-end=\"1275\" \/>\n<h3 data-section-id=\"10wuny9\" data-start=\"1277\" data-end=\"1302\"><span role=\"text\"><strong data-start=\"1281\" data-end=\"1302\">Wirkung &amp; Effekte<\/strong><\/span><\/h3>\n<ul data-start=\"1304\" data-end=\"1420\">\n<li data-section-id=\"1bzm604\" data-start=\"1304\" data-end=\"1324\">Tief entspannend<\/li>\n<li data-section-id=\"z50vcr\" data-start=\"1325\" data-end=\"1361\">Euphorisch &amp; stimmungsaufhellend<\/li>\n<li data-section-id=\"12jqj3b\" data-start=\"1362\" data-end=\"1387\">K\u00f6rperlich beruhigend<\/li>\n<li data-section-id=\"82l5kn\" data-start=\"1388\" data-end=\"1420\">Kann beim Einschlafen helfen<\/li>\n<\/ul>\n<p data-start=\"1422\" data-end=\"1466\">\u27a1\ufe0f Ideal f\u00fcr den Abend oder nach dem Essen<\/p>\n<hr data-start=\"1468\" data-end=\"1471\" \/>\n<h3 data-section-id=\"v8j37j\" data-start=\"1473\" data-end=\"1501\"><span role=\"text\"><strong data-start=\"1477\" data-end=\"1501\">Strain-Informationen<\/strong><\/span><\/h3>\n<ul data-start=\"1503\" data-end=\"1641\">\n<li data-section-id=\"18n0vca\" data-start=\"1503\" data-end=\"1548\"><strong data-start=\"1505\" data-end=\"1517\">Genetik:<\/strong> Larry OG \u00d7 Granddaddy Purple<\/li>\n<li data-section-id=\"1qg0i34\" data-start=\"1549\" data-end=\"1577\"><strong data-start=\"1551\" data-end=\"1559\">Typ:<\/strong> Indica-dominant<\/li>\n<li data-section-id=\"xcnetc\" data-start=\"1578\" data-end=\"1641\"><strong data-start=\"1580\" data-end=\"1597\">Besonderheit:<\/strong> Stark harzige Bl\u00fcten mit intensivem Aroma<\/li>\n<\/ul>\n<p data-start=\"1643\" data-end=\"1788\">Purple Punch ist bekannt f\u00fcr seine schnell einsetzende Wirkung, die zun\u00e4chst den Kopf trifft und sich anschlie\u00dfend im ganzen K\u00f6rper ausbreitet.<\/p>\n<hr data-start=\"1790\" data-end=\"1793\" \/>\n<h3 data-section-id=\"3f97xt\" data-start=\"1795\" data-end=\"1818\"><span role=\"text\"><strong data-start=\"1799\" data-end=\"1818\">Produktmerkmale<\/strong><\/span><\/h3>\n<p data-start=\"1820\" data-end=\"2016\">\u2705 <strong data-start=\"1822\" data-end=\"1858\">1G hochwertiger Cannabis-Extrakt<\/strong><br data-start=\"1858\" data-end=\"1861\" \/>\u2705 <strong data-start=\"1863\" data-end=\"1882\">Einweg Vape Pen<\/strong> \u2013 sofort einsatzbereit<br data-start=\"1905\" data-end=\"1908\" \/>\u2705 <strong data-start=\"1910\" data-end=\"1931\">Kompakt &amp; tragbar<\/strong><br data-start=\"1931\" data-end=\"1934\" \/>\u2705 <strong data-start=\"1936\" data-end=\"1964\">Sanfte, aromatische Z\u00fcge<\/strong><br data-start=\"1964\" data-end=\"1967\" \/>\u2705 <strong data-start=\"1969\" data-end=\"2014\">Keine Kn\u00f6pfe oder Einstellungen notwendig<\/strong><\/p>\n<hr data-start=\"2018\" data-end=\"2021\" \/>\n<h3 data-section-id=\"dnlw6l\" data-start=\"2023\" data-end=\"2040\"><span role=\"text\"><strong data-start=\"2027\" data-end=\"2040\">Anwendung<\/strong><\/span><\/h3>\n<p data-start=\"2042\" data-end=\"2105\">1\ufe0f\u20e3 Verpackung \u00f6ffnen<br data-start=\"2063\" data-end=\"2066\" \/>2\ufe0f\u20e3 Einfach inhalieren<br data-start=\"2088\" data-end=\"2091\" \/>3\ufe0f\u20e3 Genie\u00dfen<\/p>\n<p data-start=\"2107\" data-end=\"2155\">\ud83d\udc49 Perfekt f\u00fcr Einsteiger und erfahrene Nutzer<\/p>\n<hr data-start=\"2157\" data-end=\"2160\" \/>\n<h3 data-section-id=\"vwk0xu\" data-start=\"2162\" data-end=\"2182\"><span role=\"text\"><strong data-start=\"2166\" data-end=\"2182\">\u00dcber STIIIZY<\/strong><\/span><\/h3>\n<p data-start=\"2184\" data-end=\"2389\"><strong data-start=\"2184\" data-end=\"2195\">STIIIZY<\/strong> ist eine preisgekr\u00f6nte Cannabis-Marke aus Kalifornien, gegr\u00fcndet 2017. Bekannt f\u00fcr innovative Vape-Technologie, hochwertige Bl\u00fcten und Extrakte, setzt die Marke neue Standards in der Branche.<\/p>\n<hr data-start=\"2391\" data-end=\"2394\" \/>\n<h3 data-section-id=\"yjrp9g\" data-start=\"2396\" data-end=\"2412\"><span role=\"text\"><strong data-start=\"2400\" data-end=\"2412\">Hinweise<\/strong><\/span><\/h3>\n<p data-start=\"2414\" data-end=\"2626\">\u26a0\ufe0f Wirkung kann je nach Toleranz variieren<br data-start=\"2456\" data-end=\"2459\" \/>\u26a0\ufe0f F\u00fcr Anf\u00e4nger mit kleinen Z\u00fcgen beginnen<br data-start=\"2501\" data-end=\"2504\" \/>\u26a0\ufe0f Kann schl\u00e4frig machen \u2013 nicht beim Fahren verwenden<br data-start=\"2558\" data-end=\"2561\" \/>\u26a0\ufe0f K\u00fchl und sicher lagern, au\u00dferhalb der Reichweite von Kindern<\/p>\n<hr data-start=\"2628\" data-end=\"2631\" \/>\n<p data-start=\"2633\" data-end=\"2781\" data-is-last-node=\"\" data-is-only-node=\"\">\ud83d\ude80 <strong data-start=\"2636\" data-end=\"2677\">Jetzt STIIIZY Purple Punch entdecken!<\/strong><br data-start=\"2677\" data-end=\"2680\" \/>\ud83d\uded2 Genie\u00dfe ein s\u00fc\u00dfes, entspannendes Vape-Erlebnis mit intensiven Fruchtaromen und angenehmer Wirkung.<\/p>\n<\/div>\n<\/div>\n<\/div>\n<\/div>\n<div class=\"z-0 flex min-h-[46px] justify-start\"><\/div>\n<div class=\"mt-3 w-full empty:hidden\">\n<div class=\"text-center\"><\/div>\n<\/div>\n<\/div>\n<\/div>\n<\/section>\n<\/div>\n<div class=\"pointer-events-none h-px w-px absolute bottom-0\" aria-hidden=\"true\" data-edge=\"true\"><\/div>\n","protected":false},"excerpt":{"rendered":"<p data-start=\"93\" data-end=\"263\">Der <strong data-start=\"97\" data-end=\"125\">STIIIZY Pen Purple Punch<\/strong> bietet ein s\u00fc\u00dfes, fruchtiges Geschmackserlebnis mit entspannender <strong data-start=\"192\" data-end=\"210\">Indica-Wirkung<\/strong> \u2013 perfekt f\u00fcr ruhige Abende und tiefes Abschalten.<\/p>\n<ul data-start=\"265\" data-end=\"382\">\n<li data-section-id=\"17uztrm\" data-start=\"265\" data-end=\"283\"><strong data-start=\"267\" data-end=\"278\">Inhalt:<\/strong> 1G<\/li>\n<li data-section-id=\"1qg0i34\" data-start=\"284\" data-end=\"312\"><strong data-start=\"286\" data-end=\"294\">Typ:<\/strong> Indica-dominant<\/li>\n<li data-section-id=\"172b1wf\" data-start=\"313\" data-end=\"344\"><strong data-start=\"315\" data-end=\"326\">Format:<\/strong> Einweg Vape Pen<\/li>\n<li data-section-id=\"1txljcs\" data-start=\"345\" data-end=\"382\"><strong data-start=\"347\" data-end=\"361\">Geschmack:<\/strong> Traube, Beere, s\u00fc\u00df<\/li>\n<\/ul>","protected":false},"featured_media":3850,"comment_status":"open","ping_status":"closed","template":"","meta":[],"product_brand":[],"product_cat":[28],"product_tag":[],"class_list":{"0":"post-3875","1":"product","2":"type-product","3":"status-publish","4":"has-post-thumbnail","6":"product_cat-einweg-vapes","8":"first","9":"instock","10":"shipping-taxable","11":"purchasable","12":"product-type-simple"},"_links":{"self":[{"href":"https:\/\/premiumthcshop.de\/en\/wp-json\/wp\/v2\/product\/3875","targetHints":{"allow":["GET"]}}],"collection":[{"href":"https:\/\/premiumthcshop.de\/en\/wp-json\/wp\/v2\/product"}],"about":[{"href":"https:\/\/premiumthcshop.de\/en\/wp-json\/wp\/v2\/types\/product"}],"replies":[{"embeddable":true,"href":"https:\/\/premiumthcshop.de\/en\/wp-json\/wp\/v2\/comments?post=3875"}],"wp:featuredmedia":[{"embeddable":true,"href":"https:\/\/premiumthcshop.de\/en\/wp-json\/wp\/v2\/media\/3850"}],"wp:attachment":[{"href":"https:\/\/premiumthcshop.de\/en\/wp-json\/wp\/v2\/media?parent=3875"}],"wp:term":[{"taxonomy":"product_brand","embeddable":true,"href":"https:\/\/premiumthcshop.de\/en\/wp-json\/wp\/v2\/product_brand?post=3875"},{"taxonomy":"product_cat","embeddable":true,"href":"https:\/\/premiumthcshop.de\/en\/wp-json\/wp\/v2\/product_cat?post=3875"},{"taxonomy":"product_tag","embeddable":true,"href":"https:\/\/premiumthcshop.de\/en\/wp-json\/wp\/v2\/product_tag?post=3875"}],"curies":[{"name":"wp","href":"https:\/\/api.w.org\/{rel}","templated":true}]}}