{"id":3879,"date":"2026-04-03T12:32:56","date_gmt":"2026-04-03T12:32:56","guid":{"rendered":"https:\/\/premiumthcshop.de\/?post_type=product&#038;p=3879"},"modified":"2026-04-03T12:32:56","modified_gmt":"2026-04-03T12:32:56","slug":"sunset-sherbet","status":"publish","type":"product","link":"https:\/\/premiumthcshop.de\/en\/product\/sunset-sherbet\/","title":{"rendered":"Sunset Sherbet"},"content":{"rendered":"<p data-start=\"0\" data-end=\"66\"><strong data-start=\"0\" data-end=\"64\">Sunset Sherbet (aka Sherbet, Sherbert OG) \u2013 Premium THC Shop<\/strong><\/p>\n<p data-start=\"68\" data-end=\"324\">Sunset Sherbet ist eine indica-dominante Hybrid-Sorte (Indica\/Sativa 60\/40) aus der Kreuzung von Pink Panties und Girl Scout Cookies. Mit ihrem ausgewogenen High und fruchtig-s\u00fc\u00dfen Aroma geh\u00f6rt sie zu den Favoriten f\u00fcr Genie\u00dfer und erfahrene Konsumenten.<\/p>\n<hr data-start=\"326\" data-end=\"329\" \/>\n<h3 data-section-id=\"bw2iix\" data-start=\"331\" data-end=\"355\"><span role=\"text\"><strong data-start=\"335\" data-end=\"355\">Produkt\u00fcbersicht<\/strong><\/span><\/h3>\n<div class=\"TyagGW_tableContainer\">\n<div class=\"group TyagGW_tableWrapper flex flex-col-reverse w-fit\" tabindex=\"-1\">\n<table class=\"w-fit min-w-(--thread-content-width)\" data-start=\"357\" data-end=\"915\">\n<thead data-start=\"357\" data-end=\"418\">\n<tr data-start=\"357\" data-end=\"418\">\n<th class=\"\" data-start=\"357\" data-end=\"382\" data-col-size=\"sm\">Eigenschaft<\/th>\n<th class=\"\" data-start=\"382\" data-end=\"418\" data-col-size=\"sm\">Details<\/th>\n<\/tr>\n<\/thead>\n<tbody data-start=\"479\" data-end=\"915\">\n<tr data-start=\"479\" data-end=\"545\">\n<td data-start=\"479\" data-end=\"503\" data-col-size=\"sm\">Typ<\/td>\n<td data-start=\"503\" data-end=\"545\" data-col-size=\"sm\">Indica-dominant Hybrid (60% I \/ 40% S)<\/td>\n<\/tr>\n<tr data-start=\"546\" data-end=\"605\">\n<td data-start=\"546\" data-end=\"570\" data-col-size=\"sm\">Dominantes Terpen<\/td>\n<td data-start=\"570\" data-end=\"605\" data-col-size=\"sm\">Caryophyllen (0,26 %)<\/td>\n<\/tr>\n<tr data-start=\"606\" data-end=\"666\">\n<td data-start=\"606\" data-end=\"630\" data-col-size=\"sm\">THC-Gehalt<\/td>\n<td data-start=\"630\" data-end=\"666\" data-col-size=\"sm\">17 \u2013 20 %<\/td>\n<\/tr>\n<tr data-start=\"667\" data-end=\"726\">\n<td data-start=\"667\" data-end=\"691\" data-col-size=\"sm\">CBD-Gehalt<\/td>\n<td data-col-size=\"sm\" data-start=\"691\" data-end=\"726\">0,48 \u2013 0,79 %<\/td>\n<\/tr>\n<tr data-start=\"727\" data-end=\"787\">\n<td data-start=\"727\" data-end=\"751\" data-col-size=\"sm\">Wirkung<\/td>\n<td data-start=\"751\" data-end=\"787\" data-col-size=\"sm\">Schl\u00e4frig, entspannt<\/td>\n<\/tr>\n<tr data-start=\"788\" data-end=\"854\">\n<td data-start=\"788\" data-end=\"812\" data-col-size=\"sm\">Nebenwirkungen<\/td>\n<td data-col-size=\"sm\" data-start=\"812\" data-end=\"854\">Durst &amp; trockener Mund, trockene Augen<\/td>\n<\/tr>\n<tr data-start=\"855\" data-end=\"915\">\n<td data-start=\"855\" data-end=\"879\" data-col-size=\"sm\">Geschmack<\/td>\n<td data-start=\"879\" data-end=\"915\" data-col-size=\"sm\">Zitrus, s\u00fc\u00df, erdig<\/td>\n<\/tr>\n<\/tbody>\n<\/table>\n<\/div>\n<\/div>\n<hr data-start=\"917\" data-end=\"920\" \/>\n<h3 data-section-id=\"kra2ha\" data-start=\"922\" data-end=\"947\"><span role=\"text\"><strong data-start=\"926\" data-end=\"947\">Aroma &amp; Geschmack<\/strong><\/span><\/h3>\n<p data-start=\"949\" data-end=\"1111\">Sunset Sherbet \u00fcberzeugt mit einem komplexen Aroma: fruchtige Zitrusnoten, s\u00fc\u00dfe Orangent\u00f6ne und Gourmand-\/Sherbet-Noten verbinden sich zu einem k\u00f6stlichen Duft.<\/p>\n<p data-start=\"1113\" data-end=\"1134\"><strong data-start=\"1113\" data-end=\"1134\">Geschmacksprofil:<\/strong><\/p>\n<ul data-start=\"1135\" data-end=\"1233\">\n<li data-section-id=\"axo11l\" data-start=\"1135\" data-end=\"1160\">Frische Zitrusfr\u00fcchte<\/li>\n<li data-section-id=\"auezlp\" data-start=\"1161\" data-end=\"1182\">S\u00fc\u00dfe Orangennoten<\/li>\n<li data-section-id=\"cmne64\" data-start=\"1183\" data-end=\"1204\">Leichte Erdigkeit<\/li>\n<li data-section-id=\"5n203r\" data-start=\"1205\" data-end=\"1233\">Candy- und Sherbet-Noten<\/li>\n<\/ul>\n<p data-start=\"1235\" data-end=\"1257\"><strong data-start=\"1235\" data-end=\"1257\">Dominante Terpene:<\/strong><\/p>\n<ul data-start=\"1258\" data-end=\"1362\">\n<li data-section-id=\"ji0h55\" data-start=\"1258\" data-end=\"1275\">Pinene 0,23 %<\/li>\n<li data-section-id=\"v2m4mv\" data-start=\"1276\" data-end=\"1295\">Limonene 0,23 %<\/li>\n<li data-section-id=\"15i6k4c\" data-start=\"1296\" data-end=\"1320\">Caryophyllene 0,26 %<\/li>\n<li data-section-id=\"8abxc\" data-start=\"1321\" data-end=\"1343\">Terpinolene 0,19 %<\/li>\n<li data-section-id=\"12upi3r\" data-start=\"1344\" data-end=\"1362\">Humulene 0,1 %<\/li>\n<\/ul>\n<p data-start=\"1364\" data-end=\"1400\"><strong data-start=\"1364\" data-end=\"1387\">Gesamtterpengehalt:<\/strong> ca. 1,01 %<\/p>\n<hr data-start=\"1402\" data-end=\"1405\" \/>\n<h3 data-section-id=\"mugcyp\" data-start=\"1407\" data-end=\"1431\"><span role=\"text\"><strong data-start=\"1411\" data-end=\"1431\">Wirkung &amp; Potenz<\/strong><\/span><\/h3>\n<p data-start=\"1433\" data-end=\"1666\">Mit 17\u201320 % THC bietet Sunset Sherbet ein starkes, entspannendes High. Es beginnt mit Euphorie und gesteigerter Kreativit\u00e4t, bevor sich eine tiefe k\u00f6rperliche Entspannung einstellt \u2013 perfekt f\u00fcr den Abend oder zur Schmerzlinderung.<\/p>\n<p data-start=\"1668\" data-end=\"1689\"><strong data-start=\"1668\" data-end=\"1689\">Typische Effekte:<\/strong><\/p>\n<ul data-start=\"1690\" data-end=\"1806\">\n<li data-section-id=\"kkfp3j\" data-start=\"1690\" data-end=\"1724\">Schl\u00e4frigkeit (92% der Nutzer)<\/li>\n<li data-section-id=\"1f3chc6\" data-start=\"1725\" data-end=\"1746\">Entspannung (83%)<\/li>\n<li data-section-id=\"1am2hjq\" data-start=\"1747\" data-end=\"1765\">Euphorie (65%)<\/li>\n<li data-section-id=\"am0hjq\" data-start=\"1766\" data-end=\"1806\">Kreativit\u00e4t und gesteigerte Stimmung<\/li>\n<\/ul>\n<p data-start=\"1808\" data-end=\"1836\"><strong data-start=\"1808\" data-end=\"1836\">M\u00f6gliche Nebenwirkungen:<\/strong><\/p>\n<ul data-start=\"1837\" data-end=\"1956\">\n<li data-section-id=\"1948xcw\" data-start=\"1837\" data-end=\"1865\">Trockener Mund und Augen<\/li>\n<li data-section-id=\"1nbb0t\" data-start=\"1866\" data-end=\"1921\">Panikattacken oder Angst bei empfindlichen Personen<\/li>\n<li data-section-id=\"ehwnv6\" data-start=\"1922\" data-end=\"1956\">Leichte Koordinationsst\u00f6rungen<\/li>\n<\/ul>\n<hr data-start=\"1958\" data-end=\"1961\" \/>\n<h3 data-section-id=\"1hmzsga\" data-start=\"1963\" data-end=\"1995\"><span role=\"text\"><strong data-start=\"1967\" data-end=\"1995\">Medizinische Anwendungen<\/strong><\/span><\/h3>\n<p data-start=\"1997\" data-end=\"2055\">Sunset Sherbet eignet sich f\u00fcr verschiedene Beschwerden:<\/p>\n<ul data-start=\"2056\" data-end=\"2154\">\n<li data-section-id=\"1k99jyc\" data-start=\"2056\" data-end=\"2080\">Depressionen &amp; Angst<\/li>\n<li data-section-id=\"9yi651\" data-start=\"2081\" data-end=\"2099\">Schlafprobleme<\/li>\n<li data-section-id=\"1d2onkr\" data-start=\"2100\" data-end=\"2113\">Schmerzen<\/li>\n<li data-section-id=\"1e9ixi0\" data-start=\"2114\" data-end=\"2124\">Stress<\/li>\n<li data-section-id=\"z55zl4\" data-start=\"2125\" data-end=\"2145\">Appetitlosigkeit<\/li>\n<li data-section-id=\"1vn6fi9\" data-start=\"2146\" data-end=\"2154\">ADHD<\/li>\n<\/ul>\n<hr data-start=\"2156\" data-end=\"2159\" \/>\n<h3 data-section-id=\"17mmarl\" data-start=\"2161\" data-end=\"2187\"><span role=\"text\"><strong data-start=\"2165\" data-end=\"2187\">Cannabinoid-Profil<\/strong><\/span><\/h3>\n<div class=\"TyagGW_tableContainer\">\n<div class=\"group TyagGW_tableWrapper flex flex-col-reverse w-fit\" tabindex=\"-1\">\n<table class=\"w-fit min-w-(--thread-content-width)\" data-start=\"2189\" data-end=\"2460\">\n<thead data-start=\"2189\" data-end=\"2223\">\n<tr data-start=\"2189\" data-end=\"2223\">\n<th class=\"\" data-start=\"2189\" data-end=\"2203\" data-col-size=\"sm\">Cannabinoid<\/th>\n<th class=\"\" data-start=\"2203\" data-end=\"2223\" data-col-size=\"sm\">Gehalt<\/th>\n<\/tr>\n<\/thead>\n<tbody data-start=\"2257\" data-end=\"2460\">\n<tr data-start=\"2257\" data-end=\"2290\">\n<td data-start=\"2257\" data-end=\"2271\" data-col-size=\"sm\">THC<\/td>\n<td data-start=\"2271\" data-end=\"2290\" data-col-size=\"sm\">17 \u2013 20 %<\/td>\n<\/tr>\n<tr data-start=\"2291\" data-end=\"2324\">\n<td data-start=\"2291\" data-end=\"2305\" data-col-size=\"sm\">CBD<\/td>\n<td data-start=\"2305\" data-end=\"2324\" data-col-size=\"sm\">0,48 \u2013 0,79 %<\/td>\n<\/tr>\n<tr data-start=\"2325\" data-end=\"2358\">\n<td data-start=\"2325\" data-end=\"2339\" data-col-size=\"sm\">CBC<\/td>\n<td data-start=\"2339\" data-end=\"2358\" data-col-size=\"sm\">0,1 \u2013 1,16 %<\/td>\n<\/tr>\n<tr data-start=\"2359\" data-end=\"2392\">\n<td data-start=\"2359\" data-end=\"2373\" data-col-size=\"sm\">CBG<\/td>\n<td data-start=\"2373\" data-end=\"2392\" data-col-size=\"sm\">0,13 \u2013 2,32 %<\/td>\n<\/tr>\n<tr data-start=\"2393\" data-end=\"2426\">\n<td data-start=\"2393\" data-end=\"2407\" data-col-size=\"sm\">CBN<\/td>\n<td data-col-size=\"sm\" data-start=\"2407\" data-end=\"2426\">0,06 \u2013 0,16 %<\/td>\n<\/tr>\n<tr data-start=\"2427\" data-end=\"2460\">\n<td data-start=\"2427\" data-end=\"2441\" data-col-size=\"sm\">THCV<\/td>\n<td data-start=\"2441\" data-end=\"2460\" data-col-size=\"sm\">0,36 \u2013 1,41 %<\/td>\n<\/tr>\n<\/tbody>\n<\/table>\n<\/div>\n<\/div>\n<hr data-start=\"2462\" data-end=\"2465\" \/>\n<h3 data-section-id=\"49o9bs\" data-start=\"2467\" data-end=\"2493\"><span role=\"text\"><strong data-start=\"2471\" data-end=\"2493\">Anbauinformationen<\/strong><\/span><\/h3>\n<p data-start=\"2495\" data-end=\"2625\">Sunset Sherbet gedeiht sowohl Indoor als auch Outdoor und bevorzugt warme, schattige sowie feuchte mediterrane Klimabedingungen.<\/p>\n<div class=\"TyagGW_tableContainer\">\n<div class=\"group TyagGW_tableWrapper flex flex-col-reverse w-fit\" tabindex=\"-1\">\n<table class=\"w-fit min-w-(--thread-content-width)\" data-start=\"2627\" data-end=\"3199\">\n<thead data-start=\"2627\" data-end=\"2684\">\n<tr data-start=\"2627\" data-end=\"2684\">\n<th class=\"\" data-start=\"2627\" data-end=\"2650\" data-col-size=\"sm\">Faktor<\/th>\n<th class=\"\" data-start=\"2650\" data-end=\"2684\" data-col-size=\"sm\">Details<\/th>\n<\/tr>\n<\/thead>\n<tbody data-start=\"2742\" data-end=\"3199\">\n<tr data-start=\"2742\" data-end=\"2798\">\n<td data-start=\"2742\" data-end=\"2764\" data-col-size=\"sm\">Schwierigkeitsgrad<\/td>\n<td data-start=\"2764\" data-end=\"2798\" data-col-size=\"sm\">Einfach<\/td>\n<\/tr>\n<tr data-start=\"2799\" data-end=\"2855\">\n<td data-start=\"2799\" data-end=\"2821\" data-col-size=\"sm\">Bl\u00fctezeit<\/td>\n<td data-start=\"2821\" data-end=\"2855\" data-col-size=\"sm\">49 \u2013 63 Tage<\/td>\n<\/tr>\n<tr data-start=\"2856\" data-end=\"2913\">\n<td data-start=\"2856\" data-end=\"2878\" data-col-size=\"sm\">Erntezeit<\/td>\n<td data-start=\"2878\" data-end=\"2913\" data-col-size=\"sm\">ca. 72 Tage<\/td>\n<\/tr>\n<tr data-start=\"2914\" data-end=\"2970\">\n<td data-start=\"2914\" data-end=\"2936\" data-col-size=\"sm\">Ertrag Indoor<\/td>\n<td data-start=\"2936\" data-end=\"2970\" data-col-size=\"sm\">1 \u2013 2 Oz\/Ft\u00b2 (~400 g\/m\u00b2)<\/td>\n<\/tr>\n<tr data-start=\"2971\" data-end=\"3027\">\n<td data-start=\"2971\" data-end=\"2993\" data-col-size=\"sm\">Ertrag Outdoor<\/td>\n<td data-start=\"2993\" data-end=\"3027\" data-col-size=\"sm\">15 \u2013 20 Oz\/Pflanze (~550 g)<\/td>\n<\/tr>\n<tr data-start=\"3028\" data-end=\"3084\">\n<td data-start=\"3028\" data-end=\"3050\" data-col-size=\"sm\">H\u00f6he Indoor<\/td>\n<td data-col-size=\"sm\" data-start=\"3050\" data-end=\"3084\">60 \u2013 80 cm<\/td>\n<\/tr>\n<tr data-start=\"3085\" data-end=\"3141\">\n<td data-start=\"3085\" data-end=\"3107\" data-col-size=\"sm\">H\u00f6he Outdoor<\/td>\n<td data-start=\"3107\" data-end=\"3141\" data-col-size=\"sm\">60 \u2013 80 cm<\/td>\n<\/tr>\n<tr data-start=\"3142\" data-end=\"3199\">\n<td data-start=\"3142\" data-end=\"3164\" data-col-size=\"sm\">Bl\u00fctetyp<\/td>\n<td data-start=\"3164\" data-end=\"3199\" data-col-size=\"sm\">Photoperiodisch<\/td>\n<\/tr>\n<\/tbody>\n<\/table>\n<\/div>\n<\/div>\n<p data-start=\"3201\" data-end=\"3324\"><strong data-start=\"3201\" data-end=\"3211\">Tipps:<\/strong> Regelm\u00e4\u00dfiges Beschneiden gro\u00dfer Bl\u00e4tter und k\u00fchle N\u00e4chte vor der Ernte steigern Aroma und Qualit\u00e4t der Bl\u00fcten.<\/p>","protected":false},"excerpt":{"rendered":"<p>Sunset Sherbet (aka Sherbet, Sherbert OG) \u2013 Premium THC Shop Sunset Sherbet ist eine indica-dominante Hybrid-Sorte (Indica\/Sativa 60\/40) aus der Kreuzung von Pink Panties und Girl Scout Cookies. Mit ihrem ausgewogenen High und fruchtig-s\u00fc\u00dfen Aroma geh\u00f6rt sie zu den Favoriten f\u00fcr Genie\u00dfer und erfahrene Konsumenten. Produkt\u00fcbersicht Eigenschaft Details Typ Indica-dominant Hybrid (60% I \/ 40% [&hellip;]<\/p>\n","protected":false},"featured_media":3893,"comment_status":"open","ping_status":"closed","template":"","meta":[],"product_brand":[],"product_cat":[15],"product_tag":[],"class_list":{"0":"post-3879","1":"product","2":"type-product","3":"status-publish","4":"has-post-thumbnail","6":"product_cat-gras","8":"first","9":"instock","10":"shipping-taxable","11":"purchasable","12":"product-type-variable"},"_links":{"self":[{"href":"https:\/\/premiumthcshop.de\/en\/wp-json\/wp\/v2\/product\/3879","targetHints":{"allow":["GET"]}}],"collection":[{"href":"https:\/\/premiumthcshop.de\/en\/wp-json\/wp\/v2\/product"}],"about":[{"href":"https:\/\/premiumthcshop.de\/en\/wp-json\/wp\/v2\/types\/product"}],"replies":[{"embeddable":true,"href":"https:\/\/premiumthcshop.de\/en\/wp-json\/wp\/v2\/comments?post=3879"}],"wp:featuredmedia":[{"embeddable":true,"href":"https:\/\/premiumthcshop.de\/en\/wp-json\/wp\/v2\/media\/3893"}],"wp:attachment":[{"href":"https:\/\/premiumthcshop.de\/en\/wp-json\/wp\/v2\/media?parent=3879"}],"wp:term":[{"taxonomy":"product_brand","embeddable":true,"href":"https:\/\/premiumthcshop.de\/en\/wp-json\/wp\/v2\/product_brand?post=3879"},{"taxonomy":"product_cat","embeddable":true,"href":"https:\/\/premiumthcshop.de\/en\/wp-json\/wp\/v2\/product_cat?post=3879"},{"taxonomy":"product_tag","embeddable":true,"href":"https:\/\/premiumthcshop.de\/en\/wp-json\/wp\/v2\/product_tag?post=3879"}],"curies":[{"name":"wp","href":"https:\/\/api.w.org\/{rel}","templated":true}]}}