{"id":3880,"date":"2026-04-03T12:30:33","date_gmt":"2026-04-03T12:30:33","guid":{"rendered":"https:\/\/premiumthcshop.de\/?post_type=product&#038;p=3880"},"modified":"2026-04-03T12:30:33","modified_gmt":"2026-04-03T12:30:33","slug":"mac-1-100g","status":"publish","type":"product","link":"https:\/\/premiumthcshop.de\/en\/product\/mac-1-100g\/","title":{"rendered":"MAC 1 | 100g"},"content":{"rendered":"<section class=\"text-token-text-primary w-full focus:outline-none [--shadow-height:45px] has-data-writing-block:pointer-events-none has-data-writing-block:-mt-(--shadow-height) has-data-writing-block:pt-(--shadow-height) [&amp;:has([data-writing-block])&gt;*]:pointer-events-auto scroll-mt-(--header-height)\" dir=\"auto\" data-turn-id=\"8a5515d7-8e3c-46fc-ad01-c6974441aa99\" data-testid=\"conversation-turn-17\" data-scroll-anchor=\"false\" data-turn=\"user\"><\/section>\n<section class=\"text-token-text-primary w-full focus:outline-none [--shadow-height:45px] has-data-writing-block:pointer-events-none has-data-writing-block:-mt-(--shadow-height) has-data-writing-block:pt-(--shadow-height) [&amp;:has([data-writing-block])&gt;*]:pointer-events-auto scroll-mt-[calc(var(--header-height)+min(200px,max(70px,20svh)))]\" dir=\"auto\" data-turn-id=\"request-WEB:426ffd9c-4b9b-4f06-8578-c4b0d1a12f72-9\" data-testid=\"conversation-turn-18\" data-scroll-anchor=\"true\" data-turn=\"assistant\">\n<div class=\"text-base my-auto mx-auto pb-10 [--thread-content-margin:var(--thread-content-margin-xs,calc(var(--spacing)*4))] @w-sm\/main:[--thread-content-margin:var(--thread-content-margin-sm,calc(var(--spacing)*6))] @w-lg\/main:[--thread-content-margin:var(--thread-content-margin-lg,calc(var(--spacing)*16))] px-(--thread-content-margin)\">\n<div class=\"[--thread-content-max-width:40rem] @w-lg\/main:[--thread-content-max-width:48rem] mx-auto max-w-(--thread-content-max-width) flex-1 group\/turn-messages focus-visible:outline-hidden relative flex w-full min-w-0 flex-col agent-turn\">\n<div class=\"flex max-w-full flex-col gap-4 grow\">\n<div class=\"min-h-8 text-message relative flex w-full flex-col items-end gap-2 text-start break-words whitespace-normal outline-none keyboard-focused:focus-ring [.text-message+&amp;]:mt-1\" dir=\"auto\" tabindex=\"0\" data-message-author-role=\"assistant\" data-message-id=\"f13d2638-8667-4c28-a602-dde97b79c48f\" data-message-model-slug=\"gpt-5-mini\" data-turn-start-message=\"true\">\n<div class=\"flex w-full flex-col gap-1 empty:hidden\">\n<div class=\"markdown prose dark:prose-invert w-full wrap-break-word light markdown-new-styling\">\n<p data-start=\"0\" data-end=\"55\"><strong data-start=\"0\" data-end=\"55\">MAC 1 (Miracle Alien Cookies X1) \u2013 Premium THC Shop<\/strong><\/p>\n<p data-start=\"57\" data-end=\"378\">MAC 1, auch bekannt als \u201eThe MAC\u201c, ist ein perfekt ausbalancierter Hybrid (50% Sativa \/ 50% Indica), der f\u00fcr seine starke, euphorische Wirkung und sein komplexes Aroma gesch\u00e4tzt wird. Als veredelter Backcross der legend\u00e4ren MAC-Genetik bietet diese Sorte ein intensives, kreatives und gleichzeitig entspannendes Erlebnis.<\/p>\n<hr data-start=\"380\" data-end=\"383\" \/>\n<h3 data-section-id=\"bw2iix\" data-start=\"385\" data-end=\"409\"><span role=\"text\"><strong data-start=\"389\" data-end=\"409\">Produkt\u00fcbersicht<\/strong><\/span><\/h3>\n<div class=\"TyagGW_tableContainer\">\n<div class=\"group TyagGW_tableWrapper flex flex-col-reverse w-fit\" tabindex=\"-1\">\n<table class=\"w-fit min-w-(--thread-content-width)\" data-start=\"411\" data-end=\"953\">\n<thead data-start=\"411\" data-end=\"472\">\n<tr data-start=\"411\" data-end=\"472\">\n<th class=\"\" data-start=\"411\" data-end=\"436\" data-col-size=\"sm\">Eigenschaft<\/th>\n<th class=\"\" data-start=\"436\" data-end=\"472\" data-col-size=\"sm\">Details<\/th>\n<\/tr>\n<\/thead>\n<tbody data-start=\"533\" data-end=\"953\">\n<tr data-start=\"533\" data-end=\"593\">\n<td data-start=\"533\" data-end=\"557\" data-col-size=\"sm\">Typ<\/td>\n<td data-start=\"557\" data-end=\"593\" data-col-size=\"sm\">Hybrid (50% Sativa \/ 50% Indica)<\/td>\n<\/tr>\n<tr data-start=\"594\" data-end=\"653\">\n<td data-start=\"594\" data-end=\"618\" data-col-size=\"sm\">Dominantes Terpen<\/td>\n<td data-start=\"618\" data-end=\"653\" data-col-size=\"sm\">Limonen (0,32 %)<\/td>\n<\/tr>\n<tr data-start=\"654\" data-end=\"713\">\n<td data-start=\"654\" data-end=\"678\" data-col-size=\"sm\">THC-Gehalt<\/td>\n<td data-start=\"678\" data-end=\"713\" data-col-size=\"sm\">20 \u2013 23 %<\/td>\n<\/tr>\n<tr data-start=\"714\" data-end=\"773\">\n<td data-start=\"714\" data-end=\"738\" data-col-size=\"sm\">CBD-Gehalt<\/td>\n<td data-start=\"738\" data-end=\"773\" data-col-size=\"sm\">0,1 \u2013 0,32 %<\/td>\n<\/tr>\n<tr data-start=\"774\" data-end=\"833\">\n<td data-start=\"774\" data-end=\"798\" data-col-size=\"sm\">CBG-Gehalt<\/td>\n<td data-start=\"798\" data-end=\"833\" data-col-size=\"sm\">0,08 \u2013 0,11 %<\/td>\n<\/tr>\n<tr data-start=\"834\" data-end=\"893\">\n<td data-start=\"834\" data-end=\"858\" data-col-size=\"sm\">Geschmack<\/td>\n<td data-start=\"858\" data-end=\"893\" data-col-size=\"sm\">W\u00fcrzig, s\u00fc\u00df, zitrusartig<\/td>\n<\/tr>\n<tr data-start=\"894\" data-end=\"953\">\n<td data-start=\"894\" data-end=\"918\" data-col-size=\"sm\">Wirkung<\/td>\n<td data-start=\"918\" data-end=\"953\" data-col-size=\"sm\">Gl\u00fccklich, kreativ, euphorisch<\/td>\n<\/tr>\n<\/tbody>\n<\/table>\n<\/div>\n<\/div>\n<hr data-start=\"955\" data-end=\"958\" \/>\n<h3 data-section-id=\"1mbofie\" data-start=\"960\" data-end=\"988\"><span role=\"text\"><strong data-start=\"964\" data-end=\"988\">Aroma &amp; Terpenprofil<\/strong><\/span><\/h3>\n<p data-start=\"990\" data-end=\"1148\">MAC 1 \u00fcberzeugt mit einem intensiven und vielschichtigen Terpenprofil. Dominant sind frische Zitrusnoten, kombiniert mit s\u00fc\u00dfen Beeren und w\u00fcrzigen Untert\u00f6nen.<\/p>\n<p data-start=\"1150\" data-end=\"1171\"><strong data-start=\"1150\" data-end=\"1171\">Geschmacksprofil:<\/strong><\/p>\n<ul data-start=\"1172\" data-end=\"1321\">\n<li data-section-id=\"1rzevzi\" data-start=\"1172\" data-end=\"1205\">Zitrone &amp; saure Zitrusfr\u00fcchte<\/li>\n<li data-section-id=\"pi3ubq\" data-start=\"1206\" data-end=\"1221\">S\u00fc\u00dfe Beeren<\/li>\n<li data-section-id=\"1n4y3ya\" data-start=\"1222\" data-end=\"1250\">W\u00fcrzige &amp; erdige Nuancen<\/li>\n<li data-section-id=\"hrzbcp\" data-start=\"1251\" data-end=\"1287\">Dezente florale (Lavendel-)Noten<\/li>\n<li data-section-id=\"upjz9y\" data-start=\"1288\" data-end=\"1321\">Leicht dieselartiger Unterton<\/li>\n<\/ul>\n<p data-start=\"1323\" data-end=\"1345\"><strong data-start=\"1323\" data-end=\"1345\">Dominante Terpene:<\/strong><\/p>\n<ul data-start=\"1346\" data-end=\"1398\">\n<li data-section-id=\"1smtq16\" data-start=\"1346\" data-end=\"1357\">Limonen<\/li>\n<li data-section-id=\"1qk5nfo\" data-start=\"1358\" data-end=\"1374\">Caryophyllen<\/li>\n<li data-section-id=\"vlm3z6\" data-start=\"1375\" data-end=\"1387\">Linalool<\/li>\n<li data-section-id=\"qxc91i\" data-start=\"1388\" data-end=\"1398\">Myrcen<\/li>\n<\/ul>\n<p data-start=\"1400\" data-end=\"1434\"><strong data-start=\"1400\" data-end=\"1423\">Gesamtterpengehalt:<\/strong> ca. 0,99 %<\/p>\n<hr data-start=\"1436\" data-end=\"1439\" \/>\n<h3 data-section-id=\"mugcyp\" data-start=\"1441\" data-end=\"1465\"><span role=\"text\"><strong data-start=\"1445\" data-end=\"1465\">Wirkung &amp; Potenz<\/strong><\/span><\/h3>\n<p data-start=\"1467\" data-end=\"1616\">Mit einem THC-Gehalt von bis zu 23 % liefert MAC 1 ein starkes, ausgewogenes High, das sowohl geistig anregend als auch k\u00f6rperlich entspannend wirkt.<\/p>\n<p data-start=\"1618\" data-end=\"1639\"><strong data-start=\"1618\" data-end=\"1639\">Typische Effekte:<\/strong><\/p>\n<ul data-start=\"1640\" data-end=\"1752\">\n<li data-section-id=\"xk1isi\" data-start=\"1640\" data-end=\"1668\">Euphorie &amp; Gl\u00fccksgef\u00fchle<\/li>\n<li data-section-id=\"1r5g44h\" data-start=\"1669\" data-end=\"1697\">Kreativit\u00e4t &amp; Motivation<\/li>\n<li data-section-id=\"163slva\" data-start=\"1698\" data-end=\"1718\">Mentale Klarheit<\/li>\n<li data-section-id=\"1jdvq8h\" data-start=\"1719\" data-end=\"1752\">Tiefe k\u00f6rperliche Entspannung<\/li>\n<\/ul>\n<p data-start=\"1754\" data-end=\"1924\">Die Wirkung beginnt mit einem energetischen Kopf-High und geht anschlie\u00dfend in ein angenehmes Body-High \u00fcber \u2013 ideal f\u00fcr kreative T\u00e4tigkeiten oder entspanntes Abschalten.<\/p>\n<p data-start=\"1926\" data-end=\"1954\"><strong data-start=\"1926\" data-end=\"1954\">M\u00f6gliche Nebenwirkungen:<\/strong><\/p>\n<ul data-start=\"1955\" data-end=\"2053\">\n<li data-section-id=\"13l0m0m\" data-start=\"1955\" data-end=\"1990\">Trockener Mund &amp; trockene Augen<\/li>\n<li data-section-id=\"vxw3gt\" data-start=\"1991\" data-end=\"2004\">Schwindel<\/li>\n<li data-section-id=\"1wnnkao\" data-start=\"2005\" data-end=\"2018\">M\u00fcdigkeit<\/li>\n<li data-section-id=\"x6n90u\" data-start=\"2019\" data-end=\"2053\">Paranoia (bei hoher Dosierung)<\/li>\n<\/ul>\n<hr data-start=\"2055\" data-end=\"2058\" \/>\n<h3 data-section-id=\"17mmarl\" data-start=\"2060\" data-end=\"2086\"><span role=\"text\"><strong data-start=\"2064\" data-end=\"2086\">Cannabinoid-Profil<\/strong><\/span><\/h3>\n<div class=\"TyagGW_tableContainer\">\n<div class=\"group TyagGW_tableWrapper flex flex-col-reverse w-fit\" tabindex=\"-1\">\n<table class=\"w-fit min-w-(--thread-content-width)\" data-start=\"2088\" data-end=\"2361\">\n<thead data-start=\"2088\" data-end=\"2123\">\n<tr data-start=\"2088\" data-end=\"2123\">\n<th class=\"\" data-start=\"2088\" data-end=\"2102\" data-col-size=\"sm\">Cannabinoid<\/th>\n<th class=\"\" data-start=\"2102\" data-end=\"2123\" data-col-size=\"sm\">Gehalt<\/th>\n<\/tr>\n<\/thead>\n<tbody data-start=\"2158\" data-end=\"2361\">\n<tr data-start=\"2158\" data-end=\"2191\">\n<td data-start=\"2158\" data-end=\"2171\" data-col-size=\"sm\">THC<\/td>\n<td data-start=\"2171\" data-end=\"2191\" data-col-size=\"sm\">20 \u2013 23 %<\/td>\n<\/tr>\n<tr data-start=\"2192\" data-end=\"2225\">\n<td data-start=\"2192\" data-end=\"2205\" data-col-size=\"sm\">CBD<\/td>\n<td data-start=\"2205\" data-end=\"2225\" data-col-size=\"sm\">0,1 \u2013 0,32 %<\/td>\n<\/tr>\n<tr data-start=\"2226\" data-end=\"2259\">\n<td data-start=\"2226\" data-end=\"2239\" data-col-size=\"sm\">CBC<\/td>\n<td data-start=\"2239\" data-end=\"2259\" data-col-size=\"sm\">0,09 \u2013 0,14 %<\/td>\n<\/tr>\n<tr data-start=\"2260\" data-end=\"2293\">\n<td data-start=\"2260\" data-end=\"2273\" data-col-size=\"sm\">CBG<\/td>\n<td data-start=\"2273\" data-end=\"2293\" data-col-size=\"sm\">0,08 \u2013 0,11 %<\/td>\n<\/tr>\n<tr data-start=\"2294\" data-end=\"2327\">\n<td data-start=\"2294\" data-end=\"2307\" data-col-size=\"sm\">CBN<\/td>\n<td data-start=\"2307\" data-end=\"2327\" data-col-size=\"sm\">0,09 \u2013 0,17 %<\/td>\n<\/tr>\n<tr data-start=\"2328\" data-end=\"2361\">\n<td data-start=\"2328\" data-end=\"2341\" data-col-size=\"sm\">THCV<\/td>\n<td data-start=\"2341\" data-end=\"2361\" data-col-size=\"sm\">0,04 \u2013 0,17 %<\/td>\n<\/tr>\n<\/tbody>\n<\/table>\n<\/div>\n<\/div>\n<hr data-start=\"2363\" data-end=\"2366\" \/>\n<h3 data-section-id=\"163lqf\" data-start=\"2368\" data-end=\"2399\"><span role=\"text\"><strong data-start=\"2372\" data-end=\"2399\">Medizinisches Potenzial<\/strong><\/span><\/h3>\n<p data-start=\"2401\" data-end=\"2478\">MAC 1 wird h\u00e4ufig zur Unterst\u00fctzung bei verschiedenen Beschwerden eingesetzt:<\/p>\n<ul data-start=\"2480\" data-end=\"2578\">\n<li data-section-id=\"8svw45\" data-start=\"2480\" data-end=\"2510\">Stress &amp; mentale Belastung<\/li>\n<li data-section-id=\"l3khxp\" data-start=\"2511\" data-end=\"2527\">Depressionen<\/li>\n<li data-section-id=\"1wnnkao\" data-start=\"2528\" data-end=\"2541\">M\u00fcdigkeit<\/li>\n<li data-section-id=\"1inj0aa\" data-start=\"2542\" data-end=\"2555\">Arthritis<\/li>\n<li data-section-id=\"5odno2\" data-start=\"2556\" data-end=\"2578\">Bipolare St\u00f6rungen<\/li>\n<\/ul>\n<hr data-start=\"2580\" data-end=\"2583\" \/>\n<h3 data-section-id=\"49o9bs\" data-start=\"2585\" data-end=\"2611\"><span role=\"text\"><strong data-start=\"2589\" data-end=\"2611\">Anbauinformationen<\/strong><\/span><\/h3>\n<p data-start=\"2613\" data-end=\"2707\">Diese Sorte ist relativ pflegeleicht und eignet sich sowohl f\u00fcr Indoor- als auch Outdoor-Grow.<\/p>\n<div class=\"TyagGW_tableContainer\">\n<div class=\"group TyagGW_tableWrapper flex flex-col-reverse w-fit\" tabindex=\"-1\">\n<table class=\"w-fit min-w-(--thread-content-width)\" data-start=\"2709\" data-end=\"3284\">\n<thead data-start=\"2709\" data-end=\"2767\">\n<tr data-start=\"2709\" data-end=\"2767\">\n<th class=\"\" data-start=\"2709\" data-end=\"2731\" data-col-size=\"sm\">Faktor<\/th>\n<th class=\"\" data-start=\"2731\" data-end=\"2767\" data-col-size=\"sm\">Details<\/th>\n<\/tr>\n<\/thead>\n<tbody data-start=\"2826\" data-end=\"3284\">\n<tr data-start=\"2826\" data-end=\"2883\">\n<td data-start=\"2826\" data-end=\"2848\" data-col-size=\"sm\">Schwierigkeitsgrad<\/td>\n<td data-start=\"2848\" data-end=\"2883\" data-col-size=\"sm\">Einfach<\/td>\n<\/tr>\n<tr data-start=\"2884\" data-end=\"2941\">\n<td data-start=\"2884\" data-end=\"2906\" data-col-size=\"sm\">Bl\u00fctezeit<\/td>\n<td data-col-size=\"sm\" data-start=\"2906\" data-end=\"2941\">55 \u2013 64 Tage<\/td>\n<\/tr>\n<tr data-start=\"2942\" data-end=\"2999\">\n<td data-start=\"2942\" data-end=\"2964\" data-col-size=\"sm\">Erntezeit<\/td>\n<td data-start=\"2964\" data-end=\"2999\" data-col-size=\"sm\">ca. 59 Tage<\/td>\n<\/tr>\n<tr data-start=\"3000\" data-end=\"3056\">\n<td data-start=\"3000\" data-end=\"3022\" data-col-size=\"sm\">Ertrag Indoor<\/td>\n<td data-start=\"3022\" data-end=\"3056\" data-col-size=\"sm\">ca. 400 g\/m\u00b2<\/td>\n<\/tr>\n<tr data-start=\"3057\" data-end=\"3113\">\n<td data-start=\"3057\" data-end=\"3079\" data-col-size=\"sm\">Ertrag Outdoor<\/td>\n<td data-start=\"3079\" data-end=\"3113\" data-col-size=\"sm\">ca. 400 g\/Pflanze<\/td>\n<\/tr>\n<tr data-start=\"3114\" data-end=\"3170\">\n<td data-start=\"3114\" data-end=\"3136\" data-col-size=\"sm\">H\u00f6he Indoor<\/td>\n<td data-start=\"3136\" data-end=\"3170\" data-col-size=\"sm\">30 \u2013 60 cm<\/td>\n<\/tr>\n<tr data-start=\"3171\" data-end=\"3227\">\n<td data-start=\"3171\" data-end=\"3193\" data-col-size=\"sm\">H\u00f6he Outdoor<\/td>\n<td data-start=\"3193\" data-end=\"3227\" data-col-size=\"sm\">60 \u2013 80 cm<\/td>\n<\/tr>\n<tr data-start=\"3228\" data-end=\"3284\">\n<td data-start=\"3228\" data-end=\"3250\" data-col-size=\"sm\">Bl\u00fctetyp<\/td>\n<td data-start=\"3250\" data-end=\"3284\" data-col-size=\"sm\">Photoperiodisch<\/td>\n<\/tr>\n<\/tbody>\n<\/table>\n<\/div>\n<\/div>\n<p data-start=\"3286\" data-end=\"3409\">Die Buds sind dicht, harzig und zeigen oft violette Untert\u00f6ne mit orangefarbenen H\u00e4rchen und einer dicken Schicht Trichome.<\/p>\n<\/div>\n<\/div>\n<\/div>\n<\/div>\n<\/div>\n<\/div>\n<\/section>\n","protected":false},"excerpt":{"rendered":"<p>MAC 1 (Miracle Alien Cookies X1) \u2013 Premium THC Shop MAC 1, auch bekannt als \u201eThe MAC\u201c, ist ein perfekt ausbalancierter Hybrid (50% Sativa \/ 50% Indica), der f\u00fcr seine starke, euphorische Wirkung und sein komplexes Aroma gesch\u00e4tzt wird. Als veredelter Backcross der legend\u00e4ren MAC-Genetik bietet diese Sorte ein intensives, kreatives und gleichzeitig entspannendes Erlebnis. [&hellip;]<\/p>\n","protected":false},"featured_media":3894,"comment_status":"open","ping_status":"closed","template":"","meta":[],"product_brand":[],"product_cat":[15],"product_tag":[],"class_list":{"0":"post-3880","1":"product","2":"type-product","3":"status-publish","4":"has-post-thumbnail","6":"product_cat-gras","8":"first","9":"instock","10":"shipping-taxable","11":"purchasable","12":"product-type-simple"},"_links":{"self":[{"href":"https:\/\/premiumthcshop.de\/en\/wp-json\/wp\/v2\/product\/3880","targetHints":{"allow":["GET"]}}],"collection":[{"href":"https:\/\/premiumthcshop.de\/en\/wp-json\/wp\/v2\/product"}],"about":[{"href":"https:\/\/premiumthcshop.de\/en\/wp-json\/wp\/v2\/types\/product"}],"replies":[{"embeddable":true,"href":"https:\/\/premiumthcshop.de\/en\/wp-json\/wp\/v2\/comments?post=3880"}],"wp:featuredmedia":[{"embeddable":true,"href":"https:\/\/premiumthcshop.de\/en\/wp-json\/wp\/v2\/media\/3894"}],"wp:attachment":[{"href":"https:\/\/premiumthcshop.de\/en\/wp-json\/wp\/v2\/media?parent=3880"}],"wp:term":[{"taxonomy":"product_brand","embeddable":true,"href":"https:\/\/premiumthcshop.de\/en\/wp-json\/wp\/v2\/product_brand?post=3880"},{"taxonomy":"product_cat","embeddable":true,"href":"https:\/\/premiumthcshop.de\/en\/wp-json\/wp\/v2\/product_cat?post=3880"},{"taxonomy":"product_tag","embeddable":true,"href":"https:\/\/premiumthcshop.de\/en\/wp-json\/wp\/v2\/product_tag?post=3880"}],"curies":[{"name":"wp","href":"https:\/\/api.w.org\/{rel}","templated":true}]}}