{"id":3884,"date":"2026-04-03T12:19:06","date_gmt":"2026-04-03T12:19:06","guid":{"rendered":"https:\/\/premiumthcshop.de\/?post_type=product&#038;p=3884"},"modified":"2026-04-03T12:19:06","modified_gmt":"2026-04-03T12:19:06","slug":"lemon-cherry-gelato","status":"publish","type":"product","link":"https:\/\/premiumthcshop.de\/en\/product\/lemon-cherry-gelato\/","title":{"rendered":"Lemon Cherry Gelato"},"content":{"rendered":"<p data-start=\"0\" data-end=\"42\"><strong data-start=\"0\" data-end=\"42\">Lemon Cherry Gelato \u2013 Premium THC Shop<\/strong><\/p>\n<p data-start=\"44\" data-end=\"376\">Lemon Cherry Gelato ist ein indica-dominanter Hybrid (60\/40), der f\u00fcr sein intensives Fruchtaroma und seine kraftvoll entspannende Wirkung bekannt ist. Diese exklusive Kreuzung aus Sunset Sherbet, Girl Scout Cookies und einer weiteren geheimen Genetik liefert ein harmonisches Zusammenspiel aus s\u00fc\u00dfer Frische und tiefer Entspannung.<\/p>\n<hr data-start=\"378\" data-end=\"381\" \/>\n<h3 data-section-id=\"bw2iix\" data-start=\"383\" data-end=\"407\"><span role=\"text\"><strong data-start=\"387\" data-end=\"407\">Produkt\u00fcbersicht<\/strong><\/span><\/h3>\n<div class=\"TyagGW_tableContainer\">\n<div class=\"group TyagGW_tableWrapper flex flex-col-reverse w-fit\" tabindex=\"-1\">\n<table class=\"w-fit min-w-(--thread-content-width)\" data-start=\"409\" data-end=\"957\">\n<thead data-start=\"409\" data-end=\"470\">\n<tr data-start=\"409\" data-end=\"470\">\n<th class=\"\" data-start=\"409\" data-end=\"434\" data-col-size=\"sm\">Eigenschaft<\/th>\n<th class=\"\" data-start=\"434\" data-end=\"470\" data-col-size=\"sm\">Details<\/th>\n<\/tr>\n<\/thead>\n<tbody data-start=\"531\" data-end=\"957\">\n<tr data-start=\"531\" data-end=\"591\">\n<td data-start=\"531\" data-end=\"555\" data-col-size=\"sm\">Typ<\/td>\n<td data-start=\"555\" data-end=\"591\" data-col-size=\"sm\">Hybrid (60% Indica \/ 40% Sativa)<\/td>\n<\/tr>\n<tr data-start=\"592\" data-end=\"651\">\n<td data-start=\"592\" data-end=\"616\" data-col-size=\"sm\">Cannabinoid<\/td>\n<td data-start=\"616\" data-end=\"651\" data-col-size=\"sm\">THC-dominant<\/td>\n<\/tr>\n<tr data-start=\"652\" data-end=\"711\">\n<td data-start=\"652\" data-end=\"676\" data-col-size=\"sm\">THC-Gehalt<\/td>\n<td data-start=\"676\" data-end=\"711\" data-col-size=\"sm\">21 \u2013 25,5 %<\/td>\n<\/tr>\n<tr data-start=\"712\" data-end=\"771\">\n<td data-start=\"712\" data-end=\"736\" data-col-size=\"sm\">CBD-Gehalt<\/td>\n<td data-start=\"736\" data-end=\"771\" data-col-size=\"sm\">0,46 \u2013 0,72 %<\/td>\n<\/tr>\n<tr data-start=\"772\" data-end=\"831\">\n<td data-start=\"772\" data-end=\"796\" data-col-size=\"sm\">Geschmack<\/td>\n<td data-start=\"796\" data-end=\"831\" data-col-size=\"sm\">S\u00fc\u00df, Zitrus, Beeren<\/td>\n<\/tr>\n<tr data-start=\"832\" data-end=\"893\">\n<td data-start=\"832\" data-end=\"856\" data-col-size=\"sm\">Wirkung<\/td>\n<td data-col-size=\"sm\" data-start=\"856\" data-end=\"893\">Kribbelnd, entspannend, gl\u00fccklich<\/td>\n<\/tr>\n<tr data-start=\"894\" data-end=\"957\">\n<td data-start=\"894\" data-end=\"918\" data-col-size=\"sm\">Nebenwirkungen<\/td>\n<td data-start=\"918\" data-end=\"957\" data-col-size=\"sm\">Trockener Mund, niedriger Blutdruck<\/td>\n<\/tr>\n<\/tbody>\n<\/table>\n<\/div>\n<\/div>\n<hr data-start=\"959\" data-end=\"962\" \/>\n<h3 data-section-id=\"kra2ha\" data-start=\"964\" data-end=\"989\"><span role=\"text\"><strong data-start=\"968\" data-end=\"989\">Aroma &amp; Geschmack<\/strong><\/span><\/h3>\n<p data-start=\"991\" data-end=\"1108\">Lemon Cherry Gelato \u00fcberzeugt mit einem fruchtig-s\u00fc\u00dfen Profil, das sofort an Zitrusfr\u00fcchte und reife Beeren erinnert.<\/p>\n<p data-start=\"1110\" data-end=\"1131\"><strong data-start=\"1110\" data-end=\"1131\">Geschmacksprofil:<\/strong><\/p>\n<ul data-start=\"1132\" data-end=\"1230\">\n<li data-section-id=\"1j89exq\" data-start=\"1132\" data-end=\"1159\">Zitrone &amp; Zitrusfr\u00fcchte<\/li>\n<li data-section-id=\"ve9aan\" data-start=\"1160\" data-end=\"1195\">S\u00fc\u00dfe Beeren (Kirsche, Himbeere)<\/li>\n<li data-section-id=\"naning\" data-start=\"1196\" data-end=\"1230\">Dezente Kiefern- und Holznoten<\/li>\n<\/ul>\n<p data-start=\"1232\" data-end=\"1359\">Das Aroma kombiniert s\u00e4uerliche Frische mit s\u00fc\u00dfen und leicht erdigen Untert\u00f6nen \u2013 ein rundes und intensives Geschmackserlebnis.<\/p>\n<p data-start=\"1361\" data-end=\"1383\"><strong data-start=\"1361\" data-end=\"1383\">Dominante Terpene:<\/strong><\/p>\n<ul data-start=\"1384\" data-end=\"1431\">\n<li data-section-id=\"vlm3z6\" data-start=\"1384\" data-end=\"1396\">Linalool<\/li>\n<li data-section-id=\"1d897lc\" data-start=\"1397\" data-end=\"1409\">Valencen<\/li>\n<li data-section-id=\"7jj1pv\" data-start=\"1410\" data-end=\"1419\">Caren<\/li>\n<li data-section-id=\"5xj10\" data-start=\"1420\" data-end=\"1431\">Sabinen<\/li>\n<\/ul>\n<p data-start=\"1433\" data-end=\"1467\"><strong data-start=\"1433\" data-end=\"1456\">Gesamtterpengehalt:<\/strong> ca. 1,01 %<\/p>\n<hr data-start=\"1469\" data-end=\"1472\" \/>\n<h3 data-section-id=\"mugcyp\" data-start=\"1474\" data-end=\"1498\"><span role=\"text\"><strong data-start=\"1478\" data-end=\"1498\">Wirkung &amp; Potenz<\/strong><\/span><\/h3>\n<p data-start=\"1500\" data-end=\"1642\">Mit einem THC-Gehalt von bis zu 25,5 % z\u00e4hlt Lemon Cherry Gelato zu den st\u00e4rkeren Sorten und ist besonders f\u00fcr erfahrene Konsumenten geeignet.<\/p>\n<p data-start=\"1644\" data-end=\"1665\"><strong data-start=\"1644\" data-end=\"1665\">Typische Effekte:<\/strong><\/p>\n<ul data-start=\"1666\" data-end=\"1759\">\n<li data-section-id=\"1hnge1\" data-start=\"1666\" data-end=\"1694\">Kribbelndes K\u00f6rpergef\u00fchl<\/li>\n<li data-section-id=\"1viho1z\" data-start=\"1695\" data-end=\"1720\">Euphorie &amp; gute Laune<\/li>\n<li data-section-id=\"16krraq\" data-start=\"1721\" data-end=\"1742\">Tiefe Entspannung<\/li>\n<li data-section-id=\"1lk5frs\" data-start=\"1743\" data-end=\"1759\">Mentale Ruhe<\/li>\n<\/ul>\n<p data-start=\"1761\" data-end=\"1906\">Die Wirkung beginnt mit einem stimmungsaufhellenden Kick und geht anschlie\u00dfend in ein beruhigendes, k\u00f6rperliches High \u00fcber \u2013 ideal f\u00fcr den Abend.<\/p>\n<p data-start=\"1908\" data-end=\"1936\"><strong data-start=\"1908\" data-end=\"1936\">M\u00f6gliche Nebenwirkungen:<\/strong><\/p>\n<ul data-start=\"1937\" data-end=\"2043\">\n<li data-section-id=\"1ghrtd1\" data-start=\"1937\" data-end=\"1963\">Trockener Mund &amp; Durst<\/li>\n<li data-section-id=\"vxw3gt\" data-start=\"1964\" data-end=\"1977\">Schwindel<\/li>\n<li data-section-id=\"my0etd\" data-start=\"1978\" data-end=\"2001\">Niedriger Blutdruck<\/li>\n<li data-section-id=\"yyggsr\" data-start=\"2002\" data-end=\"2043\">In seltenen F\u00e4llen gedr\u00fcckte Stimmung<\/li>\n<\/ul>\n<hr data-start=\"2045\" data-end=\"2048\" \/>\n<h3 data-section-id=\"17mmarl\" data-start=\"2050\" data-end=\"2076\"><span role=\"text\"><strong data-start=\"2054\" data-end=\"2076\">Cannabinoid-Profil<\/strong><\/span><\/h3>\n<div class=\"TyagGW_tableContainer\">\n<div class=\"group TyagGW_tableWrapper flex flex-col-reverse w-fit\" tabindex=\"-1\">\n<table class=\"w-fit min-w-(--thread-content-width)\" data-start=\"2078\" data-end=\"2351\">\n<thead data-start=\"2078\" data-end=\"2113\">\n<tr data-start=\"2078\" data-end=\"2113\">\n<th class=\"\" data-start=\"2078\" data-end=\"2092\" data-col-size=\"sm\">Cannabinoid<\/th>\n<th class=\"\" data-start=\"2092\" data-end=\"2113\" data-col-size=\"sm\">Gehalt<\/th>\n<\/tr>\n<\/thead>\n<tbody data-start=\"2148\" data-end=\"2351\">\n<tr data-start=\"2148\" data-end=\"2181\">\n<td data-start=\"2148\" data-end=\"2161\" data-col-size=\"sm\">THC<\/td>\n<td data-col-size=\"sm\" data-start=\"2161\" data-end=\"2181\">21 \u2013 25,5 %<\/td>\n<\/tr>\n<tr data-start=\"2182\" data-end=\"2215\">\n<td data-start=\"2182\" data-end=\"2195\" data-col-size=\"sm\">CBD<\/td>\n<td data-start=\"2195\" data-end=\"2215\" data-col-size=\"sm\">0,46 \u2013 0,72 %<\/td>\n<\/tr>\n<tr data-start=\"2216\" data-end=\"2249\">\n<td data-start=\"2216\" data-end=\"2229\" data-col-size=\"sm\">CBC<\/td>\n<td data-start=\"2229\" data-end=\"2249\" data-col-size=\"sm\">0,16 \u2013 0,42 %<\/td>\n<\/tr>\n<tr data-start=\"2250\" data-end=\"2283\">\n<td data-start=\"2250\" data-end=\"2263\" data-col-size=\"sm\">CBG<\/td>\n<td data-start=\"2263\" data-end=\"2283\" data-col-size=\"sm\">0,16 \u2013 0,26 %<\/td>\n<\/tr>\n<tr data-start=\"2284\" data-end=\"2317\">\n<td data-start=\"2284\" data-end=\"2297\" data-col-size=\"sm\">CBN<\/td>\n<td data-start=\"2297\" data-end=\"2317\" data-col-size=\"sm\">0,20 %<\/td>\n<\/tr>\n<tr data-start=\"2318\" data-end=\"2351\">\n<td data-start=\"2318\" data-end=\"2331\" data-col-size=\"sm\">THCV<\/td>\n<td data-start=\"2331\" data-end=\"2351\" data-col-size=\"sm\">0,35 \u2013 0,94 %<\/td>\n<\/tr>\n<\/tbody>\n<\/table>\n<\/div>\n<\/div>\n<hr data-start=\"2353\" data-end=\"2356\" \/>\n<h3 data-section-id=\"163lqf\" data-start=\"2358\" data-end=\"2389\"><span role=\"text\"><strong data-start=\"2362\" data-end=\"2389\">Medizinisches Potenzial<\/strong><\/span><\/h3>\n<p data-start=\"2391\" data-end=\"2505\">Dank ihrer beruhigenden Eigenschaften wird diese Sorte h\u00e4ufig zur Unterst\u00fctzung bei folgenden Beschwerden genutzt:<\/p>\n<ul data-start=\"2507\" data-end=\"2601\">\n<li data-section-id=\"j7yvh3\" data-start=\"2507\" data-end=\"2531\">Chronische Schmerzen<\/li>\n<li data-section-id=\"1kb316a\" data-start=\"2532\" data-end=\"2558\">Stress &amp; Angstzust\u00e4nde<\/li>\n<li data-section-id=\"l3khxp\" data-start=\"2559\" data-end=\"2575\">Depressionen<\/li>\n<li data-section-id=\"zswlsl\" data-start=\"2576\" data-end=\"2601\">Stimmungsschwankungen<\/li>\n<\/ul>\n<hr data-start=\"2603\" data-end=\"2606\" \/>\n<h3 data-section-id=\"49o9bs\" data-start=\"2608\" data-end=\"2634\"><span role=\"text\"><strong data-start=\"2612\" data-end=\"2634\">Anbauinformationen<\/strong><\/span><\/h3>\n<p data-start=\"2636\" data-end=\"2738\">Lemon Cherry Gelato ist relativ einfach anzubauen und eignet sich f\u00fcr Anf\u00e4nger sowie erfahrene Grower.<\/p>\n<div class=\"TyagGW_tableContainer\">\n<div class=\"group TyagGW_tableWrapper flex flex-col-reverse w-fit\" tabindex=\"-1\">\n<table class=\"w-fit min-w-(--thread-content-width)\" data-start=\"2740\" data-end=\"3266\">\n<thead data-start=\"2740\" data-end=\"2798\">\n<tr data-start=\"2740\" data-end=\"2798\">\n<th class=\"\" data-start=\"2740\" data-end=\"2762\" data-col-size=\"sm\">Faktor<\/th>\n<th class=\"\" data-start=\"2762\" data-end=\"2798\" data-col-size=\"sm\">Details<\/th>\n<\/tr>\n<\/thead>\n<tbody data-start=\"2857\" data-end=\"3266\">\n<tr data-start=\"2857\" data-end=\"2914\">\n<td data-start=\"2857\" data-end=\"2879\" data-col-size=\"sm\">Schwierigkeitsgrad<\/td>\n<td data-col-size=\"sm\" data-start=\"2879\" data-end=\"2914\">Einfach<\/td>\n<\/tr>\n<tr data-start=\"2915\" data-end=\"2972\">\n<td data-start=\"2915\" data-end=\"2937\" data-col-size=\"sm\">Bl\u00fctezeit<\/td>\n<td data-start=\"2937\" data-end=\"2972\" data-col-size=\"sm\">57 \u2013 62 Tage<\/td>\n<\/tr>\n<tr data-start=\"2973\" data-end=\"3030\">\n<td data-start=\"2973\" data-end=\"2995\" data-col-size=\"sm\">Erntezeit<\/td>\n<td data-start=\"2995\" data-end=\"3030\" data-col-size=\"sm\">ca. 64 Tage<\/td>\n<\/tr>\n<tr data-start=\"3031\" data-end=\"3087\">\n<td data-start=\"3031\" data-end=\"3053\" data-col-size=\"sm\">Ertrag Indoor<\/td>\n<td data-col-size=\"sm\" data-start=\"3053\" data-end=\"3087\">ca. 550 g\/m\u00b2<\/td>\n<\/tr>\n<tr data-start=\"3088\" data-end=\"3144\">\n<td data-start=\"3088\" data-end=\"3110\" data-col-size=\"sm\">Ertrag Outdoor<\/td>\n<td data-start=\"3110\" data-end=\"3144\" data-col-size=\"sm\">ca. 400 g\/Pflanze<\/td>\n<\/tr>\n<tr data-start=\"3145\" data-end=\"3201\">\n<td data-start=\"3145\" data-end=\"3167\" data-col-size=\"sm\">H\u00f6he<\/td>\n<td data-start=\"3167\" data-end=\"3201\" data-col-size=\"sm\">60 \u2013 80 cm<\/td>\n<\/tr>\n<tr data-start=\"3202\" data-end=\"3266\">\n<td data-start=\"3202\" data-end=\"3224\" data-col-size=\"sm\">Bl\u00fctetyp<\/td>\n<td data-start=\"3224\" data-end=\"3266\" data-col-size=\"sm\">Photoperiodisch \/ Autoflower verf\u00fcgbar<\/td>\n<\/tr>\n<\/tbody>\n<\/table>\n<\/div>\n<\/div>\n<hr data-start=\"3268\" data-end=\"3271\" \/>\n<h3 data-section-id=\"10syapy\" data-start=\"3273\" data-end=\"3286\"><span role=\"text\"><strong data-start=\"3277\" data-end=\"3286\">Fazit<\/strong><\/span><\/h3>\n<p data-start=\"3288\" data-end=\"3514\">Lemon Cherry Gelato ist eine Premium-Sorte f\u00fcr alle, die ein intensives Fruchtaroma mit starker, entspannender Wirkung kombinieren m\u00f6chten. Perfekt f\u00fcr den Abend, um Stress abzubauen und den Tag entspannt ausklingen zu lassen.<\/p>\n<hr data-start=\"3516\" data-end=\"3519\" \/>\n<p data-start=\"3521\" data-end=\"3666\" data-is-last-node=\"\" data-is-only-node=\"\"><strong data-start=\"3521\" data-end=\"3533\">Hinweis:<\/strong><br data-start=\"3533\" data-end=\"3536\" \/>Dieses Produkt dient ausschlie\u00dflich zu Informations- und Aromazwecken. Bitte beachte die gesetzlichen Bestimmungen in deinem Land.<\/p>","protected":false},"excerpt":{"rendered":"<p>Lemon Cherry Gelato \u2013 Premium THC Shop Lemon Cherry Gelato ist ein indica-dominanter Hybrid (60\/40), der f\u00fcr sein intensives Fruchtaroma und seine kraftvoll entspannende Wirkung bekannt ist. Diese exklusive Kreuzung aus Sunset Sherbet, Girl Scout Cookies und einer weiteren geheimen Genetik liefert ein harmonisches Zusammenspiel aus s\u00fc\u00dfer Frische und tiefer Entspannung. Produkt\u00fcbersicht Eigenschaft Details Typ [&hellip;]<\/p>\n","protected":false},"featured_media":3903,"comment_status":"open","ping_status":"closed","template":"","meta":[],"product_brand":[],"product_cat":[15],"product_tag":[],"class_list":{"0":"post-3884","1":"product","2":"type-product","3":"status-publish","4":"has-post-thumbnail","6":"product_cat-gras","8":"first","9":"instock","10":"shipping-taxable","11":"purchasable","12":"product-type-variable"},"_links":{"self":[{"href":"https:\/\/premiumthcshop.de\/en\/wp-json\/wp\/v2\/product\/3884","targetHints":{"allow":["GET"]}}],"collection":[{"href":"https:\/\/premiumthcshop.de\/en\/wp-json\/wp\/v2\/product"}],"about":[{"href":"https:\/\/premiumthcshop.de\/en\/wp-json\/wp\/v2\/types\/product"}],"replies":[{"embeddable":true,"href":"https:\/\/premiumthcshop.de\/en\/wp-json\/wp\/v2\/comments?post=3884"}],"wp:featuredmedia":[{"embeddable":true,"href":"https:\/\/premiumthcshop.de\/en\/wp-json\/wp\/v2\/media\/3903"}],"wp:attachment":[{"href":"https:\/\/premiumthcshop.de\/en\/wp-json\/wp\/v2\/media?parent=3884"}],"wp:term":[{"taxonomy":"product_brand","embeddable":true,"href":"https:\/\/premiumthcshop.de\/en\/wp-json\/wp\/v2\/product_brand?post=3884"},{"taxonomy":"product_cat","embeddable":true,"href":"https:\/\/premiumthcshop.de\/en\/wp-json\/wp\/v2\/product_cat?post=3884"},{"taxonomy":"product_tag","embeddable":true,"href":"https:\/\/premiumthcshop.de\/en\/wp-json\/wp\/v2\/product_tag?post=3884"}],"curies":[{"name":"wp","href":"https:\/\/api.w.org\/{rel}","templated":true}]}}