{"id":3885,"date":"2026-04-03T12:15:22","date_gmt":"2026-04-03T12:15:22","guid":{"rendered":"https:\/\/premiumthcshop.de\/?post_type=product&#038;p=3885"},"modified":"2026-04-03T12:15:40","modified_gmt":"2026-04-03T12:15:40","slug":"apple-fritter","status":"publish","type":"product","link":"https:\/\/premiumthcshop.de\/en\/product\/apple-fritter\/","title":{"rendered":"Apple Fritter"},"content":{"rendered":"<p data-start=\"38\" data-end=\"335\">Apple Fritter ist eine preisgekr\u00f6nte, ausgewogene Hybrid-Sorte (50\/50 Indica\/Sativa), die f\u00fcr ihre au\u00dfergew\u00f6hnliche Potenz und ihr s\u00fc\u00dfes, dessertartiges Aroma bekannt ist. Mit extrem hohen THC-Werten und einem komplexen Geschmacksprofil geh\u00f6rt sie zu den Premium-Strains f\u00fcr erfahrene Konsumenten.<\/p>\n<hr data-start=\"337\" data-end=\"340\" \/>\n<h3 data-section-id=\"bw2iix\" data-start=\"342\" data-end=\"366\"><span role=\"text\"><strong data-start=\"346\" data-end=\"366\">Produkt\u00fcbersicht<\/strong><\/span><\/h3>\n<div class=\"TyagGW_tableContainer\">\n<div class=\"group TyagGW_tableWrapper flex flex-col-reverse w-fit\" tabindex=\"-1\">\n<table class=\"w-fit min-w-(--thread-content-width)\" data-start=\"368\" data-end=\"911\">\n<thead data-start=\"368\" data-end=\"429\">\n<tr data-start=\"368\" data-end=\"429\">\n<th class=\"\" data-start=\"368\" data-end=\"393\" data-col-size=\"sm\">Eigenschaft<\/th>\n<th class=\"\" data-start=\"393\" data-end=\"429\" data-col-size=\"sm\">Details<\/th>\n<\/tr>\n<\/thead>\n<tbody data-start=\"490\" data-end=\"911\">\n<tr data-start=\"490\" data-end=\"550\">\n<td data-start=\"490\" data-end=\"514\" data-col-size=\"sm\">Typ<\/td>\n<td data-start=\"514\" data-end=\"550\" data-col-size=\"sm\">Hybrid (50% Indica \/ 50% Sativa)<\/td>\n<\/tr>\n<tr data-start=\"551\" data-end=\"610\">\n<td data-start=\"551\" data-end=\"575\" data-col-size=\"sm\">Cannabinoid<\/td>\n<td data-col-size=\"sm\" data-start=\"575\" data-end=\"610\">THC-dominant<\/td>\n<\/tr>\n<tr data-start=\"611\" data-end=\"670\">\n<td data-start=\"611\" data-end=\"635\" data-col-size=\"sm\">THC-Gehalt<\/td>\n<td data-col-size=\"sm\" data-start=\"635\" data-end=\"670\">27,5 \u2013 30,5 %<\/td>\n<\/tr>\n<tr data-start=\"671\" data-end=\"730\">\n<td data-start=\"671\" data-end=\"695\" data-col-size=\"sm\">CBD-Gehalt<\/td>\n<td data-col-size=\"sm\" data-start=\"695\" data-end=\"730\">0,38 \u2013 0,65 %<\/td>\n<\/tr>\n<tr data-start=\"731\" data-end=\"790\">\n<td data-start=\"731\" data-end=\"755\" data-col-size=\"sm\">Geschmack<\/td>\n<td data-start=\"755\" data-end=\"790\" data-col-size=\"sm\">Apfel, s\u00fc\u00df, fruchtig, Vanille<\/td>\n<\/tr>\n<tr data-start=\"791\" data-end=\"851\">\n<td data-start=\"791\" data-end=\"815\" data-col-size=\"sm\">Wirkung<\/td>\n<td data-col-size=\"sm\" data-start=\"815\" data-end=\"851\">Gl\u00fccklich, entspannt, euphorisch<\/td>\n<\/tr>\n<tr data-start=\"852\" data-end=\"911\">\n<td data-start=\"852\" data-end=\"876\" data-col-size=\"sm\">Nebenwirkungen<\/td>\n<td data-start=\"876\" data-end=\"911\" data-col-size=\"sm\">Durst, trockener Mund<\/td>\n<\/tr>\n<\/tbody>\n<\/table>\n<\/div>\n<\/div>\n<hr data-start=\"913\" data-end=\"916\" \/>\n<h3 data-section-id=\"kra2ha\" data-start=\"918\" data-end=\"943\"><span role=\"text\"><strong data-start=\"922\" data-end=\"943\">Aroma &amp; Geschmack<\/strong><\/span><\/h3>\n<p data-start=\"945\" data-end=\"1045\">Apple Fritter \u00fcberzeugt mit einem intensiven, s\u00fc\u00dfen Aroma, das an frisch gebackenes Geb\u00e4ck erinnert.<\/p>\n<p data-start=\"1047\" data-end=\"1068\"><strong data-start=\"1047\" data-end=\"1068\">Geschmacksprofil:<\/strong><\/p>\n<ul data-start=\"1069\" data-end=\"1166\">\n<li data-section-id=\"1qj92qs\" data-start=\"1069\" data-end=\"1087\">Frischer Apfel<\/li>\n<li data-section-id=\"1fnwyfj\" data-start=\"1088\" data-end=\"1114\">S\u00fc\u00dfes Geb\u00e4ck \/ Dessert<\/li>\n<li data-section-id=\"iztg2q\" data-start=\"1115\" data-end=\"1140\">Leichte Erdbeer-Noten<\/li>\n<li data-section-id=\"1u4ewlr\" data-start=\"1141\" data-end=\"1166\">Vanilleartiger Abgang<\/li>\n<\/ul>\n<p data-start=\"1168\" data-end=\"1305\">Das Aroma ist \u00e4hnlich aufgebaut, erg\u00e4nzt durch eine dezente, kr\u00e4uterartige Note. Verantwortlich daf\u00fcr ist ein reichhaltiges Terpenprofil.<\/p>\n<p data-start=\"1307\" data-end=\"1329\"><strong data-start=\"1307\" data-end=\"1329\">Dominante Terpene:<\/strong><\/p>\n<ul data-start=\"1330\" data-end=\"1409\">\n<li data-section-id=\"1lby1rb\" data-start=\"1330\" data-end=\"1345\">Phellandren<\/li>\n<li data-section-id=\"1smtq16\" data-start=\"1346\" data-end=\"1357\">Limonen<\/li>\n<li data-section-id=\"1qk5nfo\" data-start=\"1358\" data-end=\"1374\">Caryophyllen<\/li>\n<li data-section-id=\"qxc91i\" data-start=\"1375\" data-end=\"1385\">Myrcen<\/li>\n<li data-section-id=\"16jirgx\" data-start=\"1386\" data-end=\"1396\">Pinene<\/li>\n<li data-section-id=\"vlm3z6\" data-start=\"1397\" data-end=\"1409\">Linalool<\/li>\n<\/ul>\n<p data-start=\"1411\" data-end=\"1445\"><strong data-start=\"1411\" data-end=\"1434\">Gesamtterpengehalt:<\/strong> ca. 1,00 %<\/p>\n<hr data-start=\"1447\" data-end=\"1450\" \/>\n<h3 data-section-id=\"mugcyp\" data-start=\"1452\" data-end=\"1476\"><span role=\"text\"><strong data-start=\"1456\" data-end=\"1476\">Wirkung &amp; Potenz<\/strong><\/span><\/h3>\n<p data-start=\"1478\" data-end=\"1625\">Apple Fritter geh\u00f6rt zu den st\u00e4rkeren Sorten auf dem Markt. Mit einem THC-Gehalt von bis zu 30,5 % entfaltet sich die Wirkung schnell und intensiv.<\/p>\n<p data-start=\"1627\" data-end=\"1648\"><strong data-start=\"1627\" data-end=\"1648\">Typische Effekte:<\/strong><\/p>\n<ul data-start=\"1649\" data-end=\"1773\">\n<li data-section-id=\"dqzhl7\" data-start=\"1649\" data-end=\"1668\">Starke Euphorie<\/li>\n<li data-section-id=\"h1tw8b\" data-start=\"1669\" data-end=\"1703\">Kreativit\u00e4t &amp; mentale Klarheit<\/li>\n<li data-section-id=\"1jdvq8h\" data-start=\"1704\" data-end=\"1737\">Tiefe k\u00f6rperliche Entspannung<\/li>\n<li data-section-id=\"m7nmx2\" data-start=\"1738\" data-end=\"1773\">Leicht kribbelndes K\u00f6rpergef\u00fchl<\/li>\n<\/ul>\n<p data-start=\"1775\" data-end=\"1924\">Nach einem energetischen Start geht die Wirkung in ein entspannendes Body-High \u00fcber, das h\u00e4ufig zu Ruhe und Wohlbefinden f\u00fchrt \u2013 ideal f\u00fcr den Abend.<\/p>\n<p data-start=\"1926\" data-end=\"2007\"><strong data-start=\"1926\" data-end=\"1938\">Hinweis:<\/strong><br data-start=\"1938\" data-end=\"1941\" \/>Aufgrund der hohen Potenz eher f\u00fcr erfahrene Konsumenten geeignet.<\/p>\n<p data-start=\"2009\" data-end=\"2037\"><strong data-start=\"2009\" data-end=\"2037\">M\u00f6gliche Nebenwirkungen:<\/strong><\/p>\n<ul data-start=\"2038\" data-end=\"2107\">\n<li data-section-id=\"1ghrtd1\" data-start=\"2038\" data-end=\"2064\">Trockener Mund &amp; Durst<\/li>\n<li data-section-id=\"pglht5\" data-start=\"2065\" data-end=\"2082\">Kopfschmerzen<\/li>\n<li data-section-id=\"nhj5gf\" data-start=\"2083\" data-end=\"2107\">Gesteigerter Appetit<\/li>\n<\/ul>\n<hr data-start=\"2109\" data-end=\"2112\" \/>\n<h3 data-section-id=\"17mmarl\" data-start=\"2114\" data-end=\"2140\"><span role=\"text\"><strong data-start=\"2118\" data-end=\"2140\">Cannabinoid-Profil<\/strong><\/span><\/h3>\n<div class=\"TyagGW_tableContainer\">\n<div class=\"group TyagGW_tableWrapper flex flex-col-reverse w-fit\" tabindex=\"-1\">\n<table class=\"w-fit min-w-(--thread-content-width)\" data-start=\"2142\" data-end=\"2415\">\n<thead data-start=\"2142\" data-end=\"2177\">\n<tr data-start=\"2142\" data-end=\"2177\">\n<th class=\"\" data-start=\"2142\" data-end=\"2156\" data-col-size=\"sm\">Cannabinoid<\/th>\n<th class=\"\" data-start=\"2156\" data-end=\"2177\" data-col-size=\"sm\">Gehalt<\/th>\n<\/tr>\n<\/thead>\n<tbody data-start=\"2212\" data-end=\"2415\">\n<tr data-start=\"2212\" data-end=\"2245\">\n<td data-start=\"2212\" data-end=\"2225\" data-col-size=\"sm\">THC<\/td>\n<td data-start=\"2225\" data-end=\"2245\" data-col-size=\"sm\">27,5 \u2013 30,5 %<\/td>\n<\/tr>\n<tr data-start=\"2246\" data-end=\"2279\">\n<td data-start=\"2246\" data-end=\"2259\" data-col-size=\"sm\">CBD<\/td>\n<td data-start=\"2259\" data-end=\"2279\" data-col-size=\"sm\">0,38 \u2013 0,65 %<\/td>\n<\/tr>\n<tr data-start=\"2280\" data-end=\"2313\">\n<td data-start=\"2280\" data-end=\"2293\" data-col-size=\"sm\">CBC<\/td>\n<td data-start=\"2293\" data-end=\"2313\" data-col-size=\"sm\">0,11 \u2013 0,78 %<\/td>\n<\/tr>\n<tr data-start=\"2314\" data-end=\"2347\">\n<td data-start=\"2314\" data-end=\"2327\" data-col-size=\"sm\">CBG<\/td>\n<td data-start=\"2327\" data-end=\"2347\" data-col-size=\"sm\">0,25 \u2013 0,76 %<\/td>\n<\/tr>\n<tr data-start=\"2348\" data-end=\"2381\">\n<td data-start=\"2348\" data-end=\"2361\" data-col-size=\"sm\">CBN<\/td>\n<td data-start=\"2361\" data-end=\"2381\" data-col-size=\"sm\">0,08 \u2013 0,27 %<\/td>\n<\/tr>\n<tr data-start=\"2382\" data-end=\"2415\">\n<td data-start=\"2382\" data-end=\"2395\" data-col-size=\"sm\">THCV<\/td>\n<td data-start=\"2395\" data-end=\"2415\" data-col-size=\"sm\">0,34 \u2013 1,23 %<\/td>\n<\/tr>\n<\/tbody>\n<\/table>\n<\/div>\n<\/div>\n<hr data-start=\"2417\" data-end=\"2420\" \/>\n<h3 data-section-id=\"163lqf\" data-start=\"2422\" data-end=\"2453\"><span role=\"text\"><strong data-start=\"2426\" data-end=\"2453\">Medizinisches Potenzial<\/strong><\/span><\/h3>\n<p data-start=\"2455\" data-end=\"2538\">Diese Sorte wird h\u00e4ufig zur Unterst\u00fctzung bei verschiedenen Beschwerden eingesetzt:<\/p>\n<ul data-start=\"2540\" data-end=\"2630\">\n<li data-section-id=\"j7yvh3\" data-start=\"2540\" data-end=\"2564\">Chronische Schmerzen<\/li>\n<li data-section-id=\"1mmzpk4\" data-start=\"2565\" data-end=\"2582\">Angstzust\u00e4nde<\/li>\n<li data-section-id=\"l3khxp\" data-start=\"2583\" data-end=\"2599\">Depressionen<\/li>\n<li data-section-id=\"1fb7ru\" data-start=\"2600\" data-end=\"2630\">Schlafst\u00f6rungen (Insomnie)<\/li>\n<\/ul>\n<hr data-start=\"2632\" data-end=\"2635\" \/>\n<h3 data-section-id=\"49o9bs\" data-start=\"2637\" data-end=\"2663\"><span role=\"text\"><strong data-start=\"2641\" data-end=\"2663\">Anbauinformationen<\/strong><\/span><\/h3>\n<p data-start=\"2665\" data-end=\"2764\">Apple Fritter eignet sich sowohl f\u00fcr den Indoor- als auch Outdoor-Anbau und liefert solide Ertr\u00e4ge.<\/p>\n<div class=\"TyagGW_tableContainer\">\n<div class=\"group TyagGW_tableWrapper flex flex-col-reverse w-fit\" tabindex=\"-1\">\n<table class=\"w-fit min-w-(--thread-content-width)\" data-start=\"2766\" data-end=\"3341\">\n<thead data-start=\"2766\" data-end=\"2824\">\n<tr data-start=\"2766\" data-end=\"2824\">\n<th class=\"\" data-start=\"2766\" data-end=\"2788\" data-col-size=\"sm\">Faktor<\/th>\n<th class=\"\" data-start=\"2788\" data-end=\"2824\" data-col-size=\"sm\">Details<\/th>\n<\/tr>\n<\/thead>\n<tbody data-start=\"2883\" data-end=\"3341\">\n<tr data-start=\"2883\" data-end=\"2940\">\n<td data-start=\"2883\" data-end=\"2905\" data-col-size=\"sm\">Schwierigkeitsgrad<\/td>\n<td data-col-size=\"sm\" data-start=\"2905\" data-end=\"2940\">Einfach bis Mittel<\/td>\n<\/tr>\n<tr data-start=\"2941\" data-end=\"2998\">\n<td data-start=\"2941\" data-end=\"2963\" data-col-size=\"sm\">Bl\u00fctezeit<\/td>\n<td data-start=\"2963\" data-end=\"2998\" data-col-size=\"sm\">44 \u2013 51 Tage (ca. 8\u201310 Wochen)<\/td>\n<\/tr>\n<tr data-start=\"2999\" data-end=\"3056\">\n<td data-start=\"2999\" data-end=\"3021\" data-col-size=\"sm\">Erntezeit<\/td>\n<td data-start=\"3021\" data-end=\"3056\" data-col-size=\"sm\">ca. 59 Tage<\/td>\n<\/tr>\n<tr data-start=\"3057\" data-end=\"3113\">\n<td data-start=\"3057\" data-end=\"3079\" data-col-size=\"sm\">Ertrag Indoor<\/td>\n<td data-start=\"3079\" data-end=\"3113\" data-col-size=\"sm\">ca. 300 g\/m\u00b2<\/td>\n<\/tr>\n<tr data-start=\"3114\" data-end=\"3170\">\n<td data-start=\"3114\" data-end=\"3136\" data-col-size=\"sm\">Ertrag Outdoor<\/td>\n<td data-col-size=\"sm\" data-start=\"3136\" data-end=\"3170\">ca. 400 g\/Pflanze<\/td>\n<\/tr>\n<tr data-start=\"3171\" data-end=\"3227\">\n<td data-start=\"3171\" data-end=\"3193\" data-col-size=\"sm\">H\u00f6he<\/td>\n<td data-start=\"3193\" data-end=\"3227\" data-col-size=\"sm\">30 \u2013 60 cm<\/td>\n<\/tr>\n<tr data-start=\"3228\" data-end=\"3284\">\n<td data-start=\"3228\" data-end=\"3250\" data-col-size=\"sm\">Klima<\/td>\n<td data-col-size=\"sm\" data-start=\"3250\" data-end=\"3284\">Flexibel (Indoor &amp; Outdoor)<\/td>\n<\/tr>\n<tr data-start=\"3285\" data-end=\"3341\">\n<td data-start=\"3285\" data-end=\"3307\" data-col-size=\"sm\">Bl\u00fctetyp<\/td>\n<td data-start=\"3307\" data-end=\"3341\" data-col-size=\"sm\">Photoperiodisch<\/td>\n<\/tr>\n<\/tbody>\n<\/table>\n<\/div>\n<\/div>\n<hr data-start=\"3343\" data-end=\"3346\" \/>\n<h3 data-section-id=\"10syapy\" data-start=\"3348\" data-end=\"3361\"><span role=\"text\"><strong data-start=\"3352\" data-end=\"3361\">Fazit<\/strong><\/span><\/h3>\n<p data-start=\"3363\" data-end=\"3617\">Apple Fritter ist eine erstklassige Hybrid-Sorte mit au\u00dfergew\u00f6hnlicher St\u00e4rke und einem unverwechselbaren Dessert-Aroma. Perfekt f\u00fcr alle, die intensive Effekte mit s\u00fc\u00dfem Geschmack kombinieren m\u00f6chten \u2013 ein echtes Highlight im Premium THC Shop Sortiment.<\/p>\n<hr data-start=\"3619\" data-end=\"3622\" \/>\n<p data-start=\"3624\" data-end=\"3769\" data-is-last-node=\"\" data-is-only-node=\"\"><strong data-start=\"3624\" data-end=\"3636\">Hinweis:<\/strong><br data-start=\"3636\" data-end=\"3639\" \/>Dieses Produkt dient ausschlie\u00dflich zu Informations- und Aromazwecken. Bitte beachte die gesetzlichen Bestimmungen in deinem Land.<\/p>","protected":false},"excerpt":{"rendered":"<p>Apple Fritter ist eine preisgekr\u00f6nte, ausgewogene Hybrid-Sorte (50\/50 Indica\/Sativa), die f\u00fcr ihre au\u00dfergew\u00f6hnliche Potenz und ihr s\u00fc\u00dfes, dessertartiges Aroma bekannt ist. Mit extrem hohen THC-Werten und einem komplexen Geschmacksprofil geh\u00f6rt sie zu den Premium-Strains f\u00fcr erfahrene Konsumenten. Produkt\u00fcbersicht Eigenschaft Details Typ Hybrid (50% Indica \/ 50% Sativa) Cannabinoid THC-dominant THC-Gehalt 27,5 \u2013 30,5 % CBD-Gehalt [&hellip;]<\/p>\n","protected":false},"featured_media":3905,"comment_status":"open","ping_status":"closed","template":"","meta":[],"product_brand":[],"product_cat":[15],"product_tag":[],"class_list":{"0":"post-3885","1":"product","2":"type-product","3":"status-publish","4":"has-post-thumbnail","6":"product_cat-gras","8":"first","9":"instock","10":"shipping-taxable","11":"purchasable","12":"product-type-variable"},"_links":{"self":[{"href":"https:\/\/premiumthcshop.de\/en\/wp-json\/wp\/v2\/product\/3885","targetHints":{"allow":["GET"]}}],"collection":[{"href":"https:\/\/premiumthcshop.de\/en\/wp-json\/wp\/v2\/product"}],"about":[{"href":"https:\/\/premiumthcshop.de\/en\/wp-json\/wp\/v2\/types\/product"}],"replies":[{"embeddable":true,"href":"https:\/\/premiumthcshop.de\/en\/wp-json\/wp\/v2\/comments?post=3885"}],"wp:featuredmedia":[{"embeddable":true,"href":"https:\/\/premiumthcshop.de\/en\/wp-json\/wp\/v2\/media\/3905"}],"wp:attachment":[{"href":"https:\/\/premiumthcshop.de\/en\/wp-json\/wp\/v2\/media?parent=3885"}],"wp:term":[{"taxonomy":"product_brand","embeddable":true,"href":"https:\/\/premiumthcshop.de\/en\/wp-json\/wp\/v2\/product_brand?post=3885"},{"taxonomy":"product_cat","embeddable":true,"href":"https:\/\/premiumthcshop.de\/en\/wp-json\/wp\/v2\/product_cat?post=3885"},{"taxonomy":"product_tag","embeddable":true,"href":"https:\/\/premiumthcshop.de\/en\/wp-json\/wp\/v2\/product_tag?post=3885"}],"curies":[{"name":"wp","href":"https:\/\/api.w.org\/{rel}","templated":true}]}}