{"id":3886,"date":"2026-04-03T12:11:59","date_gmt":"2026-04-03T12:11:59","guid":{"rendered":"https:\/\/premiumthcshop.de\/?post_type=product&#038;p=3886"},"modified":"2026-04-03T12:11:59","modified_gmt":"2026-04-03T12:11:59","slug":"super-silver-haze","status":"publish","type":"product","link":"https:\/\/premiumthcshop.de\/en\/product\/super-silver-haze\/","title":{"rendered":"Super Silver Haze"},"content":{"rendered":"<p data-start=\"42\" data-end=\"322\">Super Silver Haze (auch bekannt als SSH) ist eine preisgekr\u00f6nte, sativadominierte Hybrid-Sorte mit legend\u00e4rer Genetik. Die Kreuzung aus Skunk #1, Northern Lights #5 und Haze vereint kraftvolle Energie mit sanfter Entspannung \u2013 eine perfekte Balance f\u00fcr anspruchsvolle Konsumenten.<\/p>\n<hr data-start=\"324\" data-end=\"327\" \/>\n<h3 data-section-id=\"bw2iix\" data-start=\"329\" data-end=\"353\"><span role=\"text\"><strong data-start=\"333\" data-end=\"353\">Produkt\u00fcbersicht<\/strong><\/span><\/h3>\n<div class=\"TyagGW_tableContainer\">\n<div class=\"group TyagGW_tableWrapper flex flex-col-reverse w-fit\" tabindex=\"-1\">\n<table class=\"w-fit min-w-(--thread-content-width)\" data-start=\"355\" data-end=\"900\">\n<thead data-start=\"355\" data-end=\"416\">\n<tr data-start=\"355\" data-end=\"416\">\n<th class=\"\" data-start=\"355\" data-end=\"380\" data-col-size=\"sm\">Eigenschaft<\/th>\n<th class=\"\" data-start=\"380\" data-end=\"416\" data-col-size=\"sm\">Details<\/th>\n<\/tr>\n<\/thead>\n<tbody data-start=\"477\" data-end=\"900\">\n<tr data-start=\"477\" data-end=\"537\">\n<td data-start=\"477\" data-end=\"501\" data-col-size=\"sm\">Typ<\/td>\n<td data-col-size=\"sm\" data-start=\"501\" data-end=\"537\">Hybrid (90% Sativa \/ 10% Indica)<\/td>\n<\/tr>\n<tr data-start=\"538\" data-end=\"597\">\n<td data-start=\"538\" data-end=\"562\" data-col-size=\"sm\">Dominantes Terpen<\/td>\n<td data-col-size=\"sm\" data-start=\"562\" data-end=\"597\">Caren (0,18 %)<\/td>\n<\/tr>\n<tr data-start=\"598\" data-end=\"657\">\n<td data-start=\"598\" data-end=\"622\" data-col-size=\"sm\">THC-Gehalt<\/td>\n<td data-col-size=\"sm\" data-start=\"622\" data-end=\"657\">18,2 \u2013 20,8 %<\/td>\n<\/tr>\n<tr data-start=\"658\" data-end=\"717\">\n<td data-start=\"658\" data-end=\"682\" data-col-size=\"sm\">CBD-Gehalt<\/td>\n<td data-col-size=\"sm\" data-start=\"682\" data-end=\"717\">0,44 \u2013 0,65 %<\/td>\n<\/tr>\n<tr data-start=\"718\" data-end=\"777\">\n<td data-start=\"718\" data-end=\"742\" data-col-size=\"sm\">CBG-Gehalt<\/td>\n<td data-start=\"742\" data-end=\"777\" data-col-size=\"sm\">0,29 \u2013 1,27 %<\/td>\n<\/tr>\n<tr data-start=\"778\" data-end=\"837\">\n<td data-start=\"778\" data-end=\"802\" data-col-size=\"sm\">Geschmack<\/td>\n<td data-start=\"802\" data-end=\"837\" data-col-size=\"sm\">W\u00fcrzig, herbal, s\u00fc\u00dflich<\/td>\n<\/tr>\n<tr data-start=\"838\" data-end=\"900\">\n<td data-start=\"838\" data-end=\"862\" data-col-size=\"sm\">Wirkung<\/td>\n<td data-start=\"862\" data-end=\"900\" data-col-size=\"sm\">Gl\u00fccklich, euphorisch, energetisch<\/td>\n<\/tr>\n<\/tbody>\n<\/table>\n<\/div>\n<\/div>\n<hr data-start=\"902\" data-end=\"905\" \/>\n<h3 data-section-id=\"1a5vkle\" data-start=\"907\" data-end=\"933\"><span role=\"text\"><strong data-start=\"911\" data-end=\"933\">Herkunft &amp; Genetik<\/strong><\/span><\/h3>\n<p data-start=\"935\" data-end=\"1118\">Gez\u00fcchtet in den 1990er-Jahren von Green House Seeds durch die renommierten Breeder Neville Schoenmaker und Shantibaba, gewann Super Silver Haze mehrfach Auszeichnungen (1997\u20131999).<\/p>\n<p data-start=\"1120\" data-end=\"1140\">Die Kombination aus:<\/p>\n<ul data-start=\"1141\" data-end=\"1185\">\n<li data-section-id=\"14agvv6\" data-start=\"1141\" data-end=\"1153\">Skunk #1<\/li>\n<li data-section-id=\"17g64at\" data-start=\"1154\" data-end=\"1176\">Northern Lights #5<\/li>\n<li data-section-id=\"1mp8jq6\" data-start=\"1177\" data-end=\"1185\">Haze<\/li>\n<\/ul>\n<p data-start=\"1187\" data-end=\"1299\">verleiht dieser Sorte ihre starke, langanhaltende Sativa-Wirkung mit einem angenehm entspannenden Indica-Finish.<\/p>\n<hr data-start=\"1301\" data-end=\"1304\" \/>\n<h3 data-section-id=\"kra2ha\" data-start=\"1306\" data-end=\"1331\"><span role=\"text\"><strong data-start=\"1310\" data-end=\"1331\">Aroma &amp; Geschmack<\/strong><\/span><\/h3>\n<p data-start=\"1333\" data-end=\"1483\">Super Silver Haze bietet ein intensives und komplexes Geschmacksprofil. Statt s\u00fc\u00dfer Noten dominieren w\u00fcrzige, leicht dieselartige und skunkige Aromen.<\/p>\n<p data-start=\"1485\" data-end=\"1506\"><strong data-start=\"1485\" data-end=\"1506\">Geschmacksprofil:<\/strong><\/p>\n<ul data-start=\"1507\" data-end=\"1626\">\n<li data-section-id=\"1qcy0g1\" data-start=\"1507\" data-end=\"1532\">W\u00fcrzig &amp; kr\u00e4uterartig<\/li>\n<li data-section-id=\"17p95pn\" data-start=\"1533\" data-end=\"1552\">Zitrus &amp; Kiefer<\/li>\n<li data-section-id=\"zvhmv5\" data-start=\"1553\" data-end=\"1580\">Leichte Eukalyptusnoten<\/li>\n<li data-section-id=\"1gotq8i\" data-start=\"1581\" data-end=\"1626\">Cremiger Rauch mit leicht bitterem Abgang<\/li>\n<\/ul>\n<hr data-start=\"1628\" data-end=\"1631\" \/>\n<h3 data-section-id=\"mugcyp\" data-start=\"1633\" data-end=\"1657\"><span role=\"text\"><strong data-start=\"1637\" data-end=\"1657\">Wirkung &amp; Potenz<\/strong><\/span><\/h3>\n<p data-start=\"1659\" data-end=\"1769\">Mit einem THC-Gehalt von bis zu 20,8 % liefert Super Silver Haze ein starkes, klares und langanhaltendes High.<\/p>\n<p data-start=\"1771\" data-end=\"1792\"><strong data-start=\"1771\" data-end=\"1792\">Typische Effekte:<\/strong><\/p>\n<ul data-start=\"1793\" data-end=\"1905\">\n<li data-section-id=\"1viho1z\" data-start=\"1793\" data-end=\"1818\">Euphorie &amp; gute Laune<\/li>\n<li data-section-id=\"165yyq8\" data-start=\"1819\" data-end=\"1835\">Energieschub<\/li>\n<li data-section-id=\"16xa5ro\" data-start=\"1836\" data-end=\"1864\">Fokus &amp; mentale Klarheit<\/li>\n<li data-section-id=\"c2qoj\" data-start=\"1865\" data-end=\"1880\">Kreativit\u00e4t<\/li>\n<li data-section-id=\"uhyrst\" data-start=\"1881\" data-end=\"1905\">Antrieb &amp; Motivation<\/li>\n<\/ul>\n<p data-start=\"1907\" data-end=\"1998\">Die Wirkung setzt schnell ein und h\u00e4lt lange an, wodurch sie sich ideal f\u00fcr den Tag eignet.<\/p>\n<p data-start=\"2000\" data-end=\"2028\"><strong data-start=\"2000\" data-end=\"2028\">M\u00f6gliche Nebenwirkungen:<\/strong><\/p>\n<ul data-start=\"2029\" data-end=\"2131\">\n<li data-section-id=\"13l0m0m\" data-start=\"2029\" data-end=\"2064\">Trockener Mund &amp; trockene Augen<\/li>\n<li data-section-id=\"vxw3gt\" data-start=\"2065\" data-end=\"2078\">Schwindel<\/li>\n<li data-section-id=\"xwcf8k\" data-start=\"2079\" data-end=\"2131\">Angstgef\u00fchle oder Paranoia (bei hoher Dosierung)<\/li>\n<\/ul>\n<hr data-start=\"2133\" data-end=\"2136\" \/>\n<h3 data-section-id=\"163lqf\" data-start=\"2138\" data-end=\"2169\"><span role=\"text\"><strong data-start=\"2142\" data-end=\"2169\">Medizinisches Potenzial<\/strong><\/span><\/h3>\n<p data-start=\"2171\" data-end=\"2275\">Super Silver Haze wird h\u00e4ufig zur Unterst\u00fctzung bei psychischen und k\u00f6rperlichen Beschwerden eingesetzt:<\/p>\n<ul data-start=\"2277\" data-end=\"2401\">\n<li data-section-id=\"1kb316a\" data-start=\"2277\" data-end=\"2303\">Stress &amp; Angstzust\u00e4nde<\/li>\n<li data-section-id=\"l3khxp\" data-start=\"2304\" data-end=\"2320\">Depressionen<\/li>\n<li data-section-id=\"j7yvh3\" data-start=\"2321\" data-end=\"2345\">Chronische Schmerzen<\/li>\n<li data-section-id=\"ihm4k6\" data-start=\"2346\" data-end=\"2357\">Migr\u00e4ne<\/li>\n<li data-section-id=\"1wnnkao\" data-start=\"2358\" data-end=\"2371\">M\u00fcdigkeit<\/li>\n<li data-section-id=\"z55zl4\" data-start=\"2372\" data-end=\"2392\">Appetitlosigkeit<\/li>\n<li data-section-id=\"1vn6ys6\" data-start=\"2393\" data-end=\"2401\">ADHS<\/li>\n<\/ul>\n<hr data-start=\"2403\" data-end=\"2406\" \/>\n<h3 data-section-id=\"49o9bs\" data-start=\"2408\" data-end=\"2434\"><span role=\"text\"><strong data-start=\"2412\" data-end=\"2434\">Anbauinformationen<\/strong><\/span><\/h3>\n<p data-start=\"2436\" data-end=\"2535\">Diese Sorte ist bei Growern sehr beliebt und liefert hohe Ertr\u00e4ge, ben\u00f6tigt jedoch etwas Erfahrung.<\/p>\n<div class=\"TyagGW_tableContainer\">\n<div class=\"group TyagGW_tableWrapper flex flex-col-reverse w-fit\" tabindex=\"-1\">\n<table class=\"w-fit min-w-(--thread-content-width)\" data-start=\"2537\" data-end=\"3002\">\n<thead data-start=\"2537\" data-end=\"2595\">\n<tr data-start=\"2537\" data-end=\"2595\">\n<th class=\"\" data-start=\"2537\" data-end=\"2559\" data-col-size=\"sm\">Faktor<\/th>\n<th class=\"\" data-start=\"2559\" data-end=\"2595\" data-col-size=\"sm\">Details<\/th>\n<\/tr>\n<\/thead>\n<tbody data-start=\"2654\" data-end=\"3002\">\n<tr data-start=\"2654\" data-end=\"2711\">\n<td data-start=\"2654\" data-end=\"2676\" data-col-size=\"sm\">Schwierigkeitsgrad<\/td>\n<td data-col-size=\"sm\" data-start=\"2676\" data-end=\"2711\">Mittel<\/td>\n<\/tr>\n<tr data-start=\"2712\" data-end=\"2769\">\n<td data-start=\"2712\" data-end=\"2734\" data-col-size=\"sm\">Bl\u00fctezeit<\/td>\n<td data-col-size=\"sm\" data-start=\"2734\" data-end=\"2769\">9 \u2013 11 Wochen<\/td>\n<\/tr>\n<tr data-start=\"2770\" data-end=\"2827\">\n<td data-start=\"2770\" data-end=\"2792\" data-col-size=\"sm\">Ertrag<\/td>\n<td data-col-size=\"sm\" data-start=\"2792\" data-end=\"2827\">ca. 450 \u2013 550 g\/m\u00b2<\/td>\n<\/tr>\n<tr data-start=\"2828\" data-end=\"2885\">\n<td data-start=\"2828\" data-end=\"2850\" data-col-size=\"sm\">Anbau<\/td>\n<td data-col-size=\"sm\" data-start=\"2850\" data-end=\"2885\">Indoor &amp; Outdoor m\u00f6glich<\/td>\n<\/tr>\n<tr data-start=\"2886\" data-end=\"2944\">\n<td data-start=\"2886\" data-end=\"2908\" data-col-size=\"sm\">Klima<\/td>\n<td data-col-size=\"sm\" data-start=\"2908\" data-end=\"2944\">Warm bis gem\u00e4\u00dfigt, leicht feucht<\/td>\n<\/tr>\n<tr data-start=\"2945\" data-end=\"3002\">\n<td data-start=\"2945\" data-end=\"2967\" data-col-size=\"sm\">Pflanzenh\u00f6he<\/td>\n<td data-col-size=\"sm\" data-start=\"2967\" data-end=\"3002\">Hoch (viel Platz erforderlich)<\/td>\n<\/tr>\n<\/tbody>\n<\/table>\n<\/div>\n<\/div>\n<p data-start=\"3004\" data-end=\"3028\"><strong data-start=\"3004\" data-end=\"3028\">Tipps f\u00fcr den Anbau:<\/strong><\/p>\n<ul data-start=\"3029\" data-end=\"3214\">\n<li data-section-id=\"1kpg0ga\" data-start=\"3029\" data-end=\"3069\">Hohe R\u00e4ume f\u00fcr Indoor-Grow einplanen<\/li>\n<li data-section-id=\"mrtt73\" data-start=\"3070\" data-end=\"3118\">Ausreichend Abstand zwischen Pflanzen lassen<\/li>\n<li data-section-id=\"1v7vt0t\" data-start=\"3119\" data-end=\"3160\">Gew\u00e4chshaus-Anbau steigert den Ertrag<\/li>\n<li data-section-id=\"gt7t14\" data-start=\"3161\" data-end=\"3214\">Widerstandsf\u00e4hig gegen Sch\u00e4dlinge und Krankheiten<\/li>\n<\/ul>\n<hr data-start=\"3216\" data-end=\"3219\" \/>\n<h3 data-section-id=\"10syapy\" data-start=\"3221\" data-end=\"3234\"><span role=\"text\"><strong data-start=\"3225\" data-end=\"3234\">Fazit<\/strong><\/span><\/h3>\n<p data-start=\"3236\" data-end=\"3474\">Super Silver Haze ist eine echte Premium-Sorte f\u00fcr Liebhaber sativadominierter Strains. Sie \u00fcberzeugt durch starke, langanhaltende Effekte, hohe Ertr\u00e4ge und ein einzigartig w\u00fcrziges Aroma \u2013 perfekt f\u00fcr Energie, Fokus und kreative Momente.<\/p>\n<hr data-start=\"3476\" data-end=\"3479\" \/>\n<p data-start=\"3481\" data-end=\"3626\" data-is-last-node=\"\" data-is-only-node=\"\"><strong data-start=\"3481\" data-end=\"3493\">Hinweis:<\/strong><br data-start=\"3493\" data-end=\"3496\" \/>Dieses Produkt dient ausschlie\u00dflich zu Informations- und Aromazwecken. Bitte beachte die gesetzlichen Bestimmungen in deinem Land.<\/p>","protected":false},"excerpt":{"rendered":"<p>Super Silver Haze (auch bekannt als SSH) ist eine preisgekr\u00f6nte, sativadominierte Hybrid-Sorte mit legend\u00e4rer Genetik. Die Kreuzung aus Skunk #1, Northern Lights #5 und Haze vereint kraftvolle Energie mit sanfter Entspannung \u2013 eine perfekte Balance f\u00fcr anspruchsvolle Konsumenten. Produkt\u00fcbersicht Eigenschaft Details Typ Hybrid (90% Sativa \/ 10% Indica) Dominantes Terpen Caren (0,18 %) THC-Gehalt 18,2 [&hellip;]<\/p>\n","protected":false},"featured_media":3906,"comment_status":"open","ping_status":"closed","template":"","meta":[],"product_brand":[],"product_cat":[15],"product_tag":[],"class_list":{"0":"post-3886","1":"product","2":"type-product","3":"status-publish","4":"has-post-thumbnail","6":"product_cat-gras","8":"first","9":"instock","10":"shipping-taxable","11":"purchasable","12":"product-type-variable"},"_links":{"self":[{"href":"https:\/\/premiumthcshop.de\/en\/wp-json\/wp\/v2\/product\/3886","targetHints":{"allow":["GET"]}}],"collection":[{"href":"https:\/\/premiumthcshop.de\/en\/wp-json\/wp\/v2\/product"}],"about":[{"href":"https:\/\/premiumthcshop.de\/en\/wp-json\/wp\/v2\/types\/product"}],"replies":[{"embeddable":true,"href":"https:\/\/premiumthcshop.de\/en\/wp-json\/wp\/v2\/comments?post=3886"}],"wp:featuredmedia":[{"embeddable":true,"href":"https:\/\/premiumthcshop.de\/en\/wp-json\/wp\/v2\/media\/3906"}],"wp:attachment":[{"href":"https:\/\/premiumthcshop.de\/en\/wp-json\/wp\/v2\/media?parent=3886"}],"wp:term":[{"taxonomy":"product_brand","embeddable":true,"href":"https:\/\/premiumthcshop.de\/en\/wp-json\/wp\/v2\/product_brand?post=3886"},{"taxonomy":"product_cat","embeddable":true,"href":"https:\/\/premiumthcshop.de\/en\/wp-json\/wp\/v2\/product_cat?post=3886"},{"taxonomy":"product_tag","embeddable":true,"href":"https:\/\/premiumthcshop.de\/en\/wp-json\/wp\/v2\/product_tag?post=3886"}],"curies":[{"name":"wp","href":"https:\/\/api.w.org\/{rel}","templated":true}]}}