{"id":3887,"date":"2026-04-03T12:07:42","date_gmt":"2026-04-03T12:07:42","guid":{"rendered":"https:\/\/premiumthcshop.de\/?post_type=product&#038;p=3887"},"modified":"2026-04-03T12:07:42","modified_gmt":"2026-04-03T12:07:42","slug":"lemon-haze","status":"publish","type":"product","link":"https:\/\/premiumthcshop.de\/en\/product\/lemon-haze\/","title":{"rendered":"Lemon Haze"},"content":{"rendered":"<p data-start=\"35\" data-end=\"366\">Lemon Haze ist eine erfrischende, sativadominierte Cannabis-Sorte, die f\u00fcr ihr intensives Zitrusaroma, ihre belebende Wirkung und ihre ausgewogene Potenz bekannt ist. Diese beliebte Kreuzung aus Silver Haze und Lemon Skunk kombiniert Energie, Kreativit\u00e4t und ein unverwechselbares Geschmacksprofil \u2013 ideal f\u00fcr den t\u00e4glichen Genuss.<\/p>\n<hr data-start=\"368\" data-end=\"371\" \/>\n<h3 data-section-id=\"bw2iix\" data-start=\"373\" data-end=\"397\"><span role=\"text\"><strong data-start=\"377\" data-end=\"397\">Produkt\u00fcbersicht<\/strong><\/span><\/h3>\n<div class=\"TyagGW_tableContainer\">\n<div class=\"group TyagGW_tableWrapper flex flex-col-reverse w-fit\" tabindex=\"-1\">\n<table class=\"w-fit min-w-(--thread-content-width)\" data-start=\"399\" data-end=\"949\">\n<thead data-start=\"399\" data-end=\"460\">\n<tr data-start=\"399\" data-end=\"460\">\n<th class=\"\" data-start=\"399\" data-end=\"424\" data-col-size=\"sm\">Eigenschaft<\/th>\n<th class=\"\" data-start=\"424\" data-end=\"460\" data-col-size=\"sm\">Details<\/th>\n<\/tr>\n<\/thead>\n<tbody data-start=\"521\" data-end=\"949\">\n<tr data-start=\"521\" data-end=\"586\">\n<td data-start=\"521\" data-end=\"545\" data-col-size=\"sm\">Typ<\/td>\n<td data-col-size=\"sm\" data-start=\"545\" data-end=\"586\">Sativa-dominanter Hybrid (60% Sativa)<\/td>\n<\/tr>\n<tr data-start=\"587\" data-end=\"646\">\n<td data-start=\"587\" data-end=\"611\" data-col-size=\"sm\">Cannabinoid<\/td>\n<td data-col-size=\"sm\" data-start=\"611\" data-end=\"646\">THC-dominant<\/td>\n<\/tr>\n<tr data-start=\"647\" data-end=\"706\">\n<td data-start=\"647\" data-end=\"671\" data-col-size=\"sm\">THC-Gehalt<\/td>\n<td data-col-size=\"sm\" data-start=\"671\" data-end=\"706\">20 \u2013 23 %<\/td>\n<\/tr>\n<tr data-start=\"707\" data-end=\"766\">\n<td data-start=\"707\" data-end=\"731\" data-col-size=\"sm\">CBD-Gehalt<\/td>\n<td data-col-size=\"sm\" data-start=\"731\" data-end=\"766\">0,15 \u2013 0,4 %<\/td>\n<\/tr>\n<tr data-start=\"767\" data-end=\"826\">\n<td data-start=\"767\" data-end=\"791\" data-col-size=\"sm\">Geschmack<\/td>\n<td data-col-size=\"sm\" data-start=\"791\" data-end=\"826\">Zitrone, s\u00fc\u00df, fruchtig<\/td>\n<\/tr>\n<tr data-start=\"827\" data-end=\"889\">\n<td data-start=\"827\" data-end=\"851\" data-col-size=\"sm\">Wirkung<\/td>\n<td data-col-size=\"sm\" data-start=\"851\" data-end=\"889\">Gl\u00fccklich, euphorisch, energetisch<\/td>\n<\/tr>\n<tr data-start=\"890\" data-end=\"949\">\n<td data-start=\"890\" data-end=\"914\" data-col-size=\"sm\">Nebenwirkungen<\/td>\n<td data-col-size=\"sm\" data-start=\"914\" data-end=\"949\">Durst, trockener Mund<\/td>\n<\/tr>\n<\/tbody>\n<\/table>\n<\/div>\n<\/div>\n<hr data-start=\"951\" data-end=\"954\" \/>\n<h3 data-section-id=\"1mbofie\" data-start=\"956\" data-end=\"984\"><span role=\"text\"><strong data-start=\"960\" data-end=\"984\">Aroma &amp; Terpenprofil<\/strong><\/span><\/h3>\n<p data-start=\"986\" data-end=\"1192\">Lemon Haze macht seinem Namen alle Ehre: Ein intensiver Zitronenduft trifft auf s\u00fc\u00dfe, fruchtige Nuancen. Beim Konsum entfaltet sich ein leicht holziger, teilweise kr\u00e4ftiger Rauch mit frischem Zitrus-Finish.<\/p>\n<p data-start=\"1194\" data-end=\"1216\"><strong data-start=\"1194\" data-end=\"1216\">Dominante Terpene:<\/strong><\/p>\n<ul data-start=\"1217\" data-end=\"1294\">\n<li data-section-id=\"1smtq16\" data-start=\"1217\" data-end=\"1228\">Limonen<\/li>\n<li data-section-id=\"jh1bsb\" data-start=\"1229\" data-end=\"1239\">Ocimen<\/li>\n<li data-section-id=\"1lby1rb\" data-start=\"1240\" data-end=\"1255\">Phellandren<\/li>\n<li data-section-id=\"1qk5nfo\" data-start=\"1256\" data-end=\"1272\">Caryophyllen<\/li>\n<li data-section-id=\"qxc91i\" data-start=\"1273\" data-end=\"1283\">Myrcen<\/li>\n<li data-section-id=\"16jirgx\" data-start=\"1284\" data-end=\"1294\">Pinene<\/li>\n<\/ul>\n<p data-start=\"1296\" data-end=\"1330\"><strong data-start=\"1296\" data-end=\"1319\">Gesamtterpengehalt:<\/strong> ca. 1,02 %<\/p>\n<hr data-start=\"1332\" data-end=\"1335\" \/>\n<h3 data-section-id=\"mugcyp\" data-start=\"1337\" data-end=\"1361\"><span role=\"text\"><strong data-start=\"1341\" data-end=\"1361\">Wirkung &amp; Potenz<\/strong><\/span><\/h3>\n<p data-start=\"1363\" data-end=\"1558\">Mit einem THC-Gehalt von bis zu 23 % bietet Lemon Haze ein starkes, aber angenehmes High. Die Wirkung setzt schnell ein und sorgt zun\u00e4chst f\u00fcr ein Gef\u00fchl von Gl\u00fcck, Energie und mentaler Klarheit.<\/p>\n<p data-start=\"1560\" data-end=\"1581\"><strong data-start=\"1560\" data-end=\"1581\">Typische Effekte:<\/strong><\/p>\n<ul data-start=\"1582\" data-end=\"1708\">\n<li data-section-id=\"1viho1z\" data-start=\"1582\" data-end=\"1607\">Euphorie &amp; gute Laune<\/li>\n<li data-section-id=\"165yyq8\" data-start=\"1608\" data-end=\"1624\">Energieschub<\/li>\n<li data-section-id=\"1dt1bc\" data-start=\"1625\" data-end=\"1654\">Verbesserte Konzentration<\/li>\n<li data-section-id=\"1tkw78n\" data-start=\"1655\" data-end=\"1681\">Kreativit\u00e4tssteigerung<\/li>\n<li data-section-id=\"1bqtjts\" data-start=\"1682\" data-end=\"1708\">Kommunikationsf\u00f6rdernd<\/li>\n<\/ul>\n<p data-start=\"1710\" data-end=\"1813\">Im sp\u00e4teren Verlauf kann die Wirkung entspannender werden und in seltenen F\u00e4llen auch schl\u00e4frig machen.<\/p>\n<p data-start=\"1815\" data-end=\"1843\"><strong data-start=\"1815\" data-end=\"1843\">M\u00f6gliche Nebenwirkungen:<\/strong><\/p>\n<ul data-start=\"1844\" data-end=\"1955\">\n<li data-section-id=\"1ghrtd1\" data-start=\"1844\" data-end=\"1870\">Trockener Mund &amp; Durst<\/li>\n<li data-section-id=\"134huin\" data-start=\"1871\" data-end=\"1889\">Trockene Augen<\/li>\n<li data-section-id=\"z5ejnk\" data-start=\"1890\" data-end=\"1925\">Schwindel (bei hoher Dosierung)<\/li>\n<li data-section-id=\"13ainfn\" data-start=\"1926\" data-end=\"1955\">Gelegentlich Angstgef\u00fchle<\/li>\n<\/ul>\n<hr data-start=\"1957\" data-end=\"1960\" \/>\n<h3 data-section-id=\"17mmarl\" data-start=\"1962\" data-end=\"1988\"><span role=\"text\"><strong data-start=\"1966\" data-end=\"1988\">Cannabinoid-Profil<\/strong><\/span><\/h3>\n<div class=\"TyagGW_tableContainer\">\n<div class=\"group TyagGW_tableWrapper flex flex-col-reverse w-fit\" tabindex=\"-1\">\n<table class=\"w-fit min-w-(--thread-content-width)\" data-start=\"1990\" data-end=\"2263\">\n<thead data-start=\"1990\" data-end=\"2025\">\n<tr data-start=\"1990\" data-end=\"2025\">\n<th class=\"\" data-start=\"1990\" data-end=\"2004\" data-col-size=\"sm\">Cannabinoid<\/th>\n<th class=\"\" data-start=\"2004\" data-end=\"2025\" data-col-size=\"sm\">Gehalt<\/th>\n<\/tr>\n<\/thead>\n<tbody data-start=\"2060\" data-end=\"2263\">\n<tr data-start=\"2060\" data-end=\"2093\">\n<td data-start=\"2060\" data-end=\"2073\" data-col-size=\"sm\">THC<\/td>\n<td data-start=\"2073\" data-end=\"2093\" data-col-size=\"sm\">20 \u2013 23 %<\/td>\n<\/tr>\n<tr data-start=\"2094\" data-end=\"2127\">\n<td data-start=\"2094\" data-end=\"2107\" data-col-size=\"sm\">CBD<\/td>\n<td data-col-size=\"sm\" data-start=\"2107\" data-end=\"2127\">0,15 \u2013 0,4 %<\/td>\n<\/tr>\n<tr data-start=\"2128\" data-end=\"2161\">\n<td data-start=\"2128\" data-end=\"2141\" data-col-size=\"sm\">CBC<\/td>\n<td data-start=\"2141\" data-end=\"2161\" data-col-size=\"sm\">0,32 \u2013 0,66 %<\/td>\n<\/tr>\n<tr data-start=\"2162\" data-end=\"2195\">\n<td data-start=\"2162\" data-end=\"2175\" data-col-size=\"sm\">CBG<\/td>\n<td data-col-size=\"sm\" data-start=\"2175\" data-end=\"2195\">0,24 \u2013 0,81 %<\/td>\n<\/tr>\n<tr data-start=\"2196\" data-end=\"2229\">\n<td data-start=\"2196\" data-end=\"2209\" data-col-size=\"sm\">CBN<\/td>\n<td data-start=\"2209\" data-end=\"2229\" data-col-size=\"sm\">0,02 \u2013 0,28 %<\/td>\n<\/tr>\n<tr data-start=\"2230\" data-end=\"2263\">\n<td data-start=\"2230\" data-end=\"2243\" data-col-size=\"sm\">THCV<\/td>\n<td data-start=\"2243\" data-end=\"2263\" data-col-size=\"sm\">0,28 \u2013 1,06 %<\/td>\n<\/tr>\n<\/tbody>\n<\/table>\n<\/div>\n<\/div>\n<hr data-start=\"2265\" data-end=\"2268\" \/>\n<h3 data-section-id=\"163lqf\" data-start=\"2270\" data-end=\"2301\"><span role=\"text\"><strong data-start=\"2274\" data-end=\"2301\">Medizinisches Potenzial<\/strong><\/span><\/h3>\n<p data-start=\"2303\" data-end=\"2385\">Lemon Haze wird h\u00e4ufig zur Unterst\u00fctzung bei verschiedenen Beschwerden eingesetzt:<\/p>\n<ul data-start=\"2387\" data-end=\"2472\">\n<li data-section-id=\"1236mqj\" data-start=\"2387\" data-end=\"2412\">Stress &amp; Depressionen<\/li>\n<li data-section-id=\"1vn6ys6\" data-start=\"2413\" data-end=\"2421\">ADHS<\/li>\n<li data-section-id=\"5odno2\" data-start=\"2422\" data-end=\"2444\">Bipolare St\u00f6rungen<\/li>\n<li data-section-id=\"1inj0aa\" data-start=\"2445\" data-end=\"2458\">Arthritis<\/li>\n<li data-section-id=\"5mdr6a\" data-start=\"2459\" data-end=\"2472\">Epilepsie<\/li>\n<\/ul>\n<hr data-start=\"2474\" data-end=\"2477\" \/>\n<h3 data-section-id=\"49o9bs\" data-start=\"2479\" data-end=\"2505\"><span role=\"text\"><strong data-start=\"2483\" data-end=\"2505\">Anbauinformationen<\/strong><\/span><\/h3>\n<p data-start=\"2507\" data-end=\"2595\">Diese Sorte ist besonders anf\u00e4ngerfreundlich und widerstandsf\u00e4hig gegen\u00fcber Krankheiten.<\/p>\n<div class=\"TyagGW_tableContainer\">\n<div class=\"group TyagGW_tableWrapper flex flex-col-reverse w-fit\" tabindex=\"-1\">\n<table class=\"w-fit min-w-(--thread-content-width)\" data-start=\"2597\" data-end=\"3229\">\n<thead data-start=\"2597\" data-end=\"2655\">\n<tr data-start=\"2597\" data-end=\"2655\">\n<th class=\"\" data-start=\"2597\" data-end=\"2619\" data-col-size=\"sm\">Faktor<\/th>\n<th class=\"\" data-start=\"2619\" data-end=\"2655\" data-col-size=\"sm\">Details<\/th>\n<\/tr>\n<\/thead>\n<tbody data-start=\"2714\" data-end=\"3229\">\n<tr data-start=\"2714\" data-end=\"2771\">\n<td data-start=\"2714\" data-end=\"2736\" data-col-size=\"sm\">Schwierigkeitsgrad<\/td>\n<td data-start=\"2736\" data-end=\"2771\" data-col-size=\"sm\">Einfach<\/td>\n<\/tr>\n<tr data-start=\"2772\" data-end=\"2829\">\n<td data-start=\"2772\" data-end=\"2794\" data-col-size=\"sm\">Bl\u00fctezeit<\/td>\n<td data-col-size=\"sm\" data-start=\"2794\" data-end=\"2829\">8 \u2013 9 Wochen (54 \u2013 64 Tage)<\/td>\n<\/tr>\n<tr data-start=\"2830\" data-end=\"2887\">\n<td data-start=\"2830\" data-end=\"2852\" data-col-size=\"sm\">Erntezeit<\/td>\n<td data-col-size=\"sm\" data-start=\"2852\" data-end=\"2887\">ca. 71 Tage<\/td>\n<\/tr>\n<tr data-start=\"2888\" data-end=\"2944\">\n<td data-start=\"2888\" data-end=\"2910\" data-col-size=\"sm\">Ertrag Indoor<\/td>\n<td data-col-size=\"sm\" data-start=\"2910\" data-end=\"2944\">ca. 400 g\/m\u00b2<\/td>\n<\/tr>\n<tr data-start=\"2945\" data-end=\"3001\">\n<td data-start=\"2945\" data-end=\"2967\" data-col-size=\"sm\">Ertrag Outdoor<\/td>\n<td data-start=\"2967\" data-end=\"3001\" data-col-size=\"sm\">ca. 550 g\/Pflanze<\/td>\n<\/tr>\n<tr data-start=\"3002\" data-end=\"3058\">\n<td data-start=\"3002\" data-end=\"3024\" data-col-size=\"sm\">H\u00f6he Indoor<\/td>\n<td data-col-size=\"sm\" data-start=\"3024\" data-end=\"3058\">30 \u2013 60 cm<\/td>\n<\/tr>\n<tr data-start=\"3059\" data-end=\"3115\">\n<td data-start=\"3059\" data-end=\"3081\" data-col-size=\"sm\">H\u00f6he Outdoor<\/td>\n<td data-start=\"3081\" data-end=\"3115\" data-col-size=\"sm\">60 \u2013 80 cm<\/td>\n<\/tr>\n<tr data-start=\"3116\" data-end=\"3172\">\n<td data-start=\"3116\" data-end=\"3138\" data-col-size=\"sm\">Klima<\/td>\n<td data-col-size=\"sm\" data-start=\"3138\" data-end=\"3172\">Warm<\/td>\n<\/tr>\n<tr data-start=\"3173\" data-end=\"3229\">\n<td data-start=\"3173\" data-end=\"3195\" data-col-size=\"sm\">Bl\u00fctetyp<\/td>\n<td data-col-size=\"sm\" data-start=\"3195\" data-end=\"3229\">Photoperiodisch<\/td>\n<\/tr>\n<\/tbody>\n<\/table>\n<\/div>\n<\/div>\n<p data-start=\"3231\" data-end=\"3398\">F\u00fcr optimale Ertr\u00e4ge ben\u00f6tigt Lemon Haze ausreichend Platz und ein warmes Klima. Samen sind weit verbreitet und leicht erh\u00e4ltlich, einschlie\u00dflich Autoflower-Varianten.<\/p>\n<hr data-start=\"3400\" data-end=\"3403\" \/>\n<h3 data-section-id=\"10syapy\" data-start=\"3405\" data-end=\"3418\"><span role=\"text\"><strong data-start=\"3409\" data-end=\"3418\">Fazit<\/strong><\/span><\/h3>\n<p data-start=\"3420\" data-end=\"3623\">Lemon Haze ist die perfekte Wahl f\u00fcr alle, die ein frisches, zitroniges Aroma mit einer energetischen und kreativen Wirkung suchen. Eine ideale Sorte f\u00fcr den Tag \u2013 belebend, geschmackvoll und vielseitig.<\/p>\n<hr data-start=\"3625\" data-end=\"3628\" \/>\n<p data-start=\"3630\" data-end=\"3775\" data-is-last-node=\"\" data-is-only-node=\"\"><strong data-start=\"3630\" data-end=\"3642\">Hinweis:<\/strong><br data-start=\"3642\" data-end=\"3645\" \/>Dieses Produkt dient ausschlie\u00dflich zu Informations- und Aromazwecken. Bitte beachte die gesetzlichen Bestimmungen in deinem Land.<\/p>","protected":false},"excerpt":{"rendered":"<p>Lemon Haze ist eine erfrischende, sativadominierte Cannabis-Sorte, die f\u00fcr ihr intensives Zitrusaroma, ihre belebende Wirkung und ihre ausgewogene Potenz bekannt ist. Diese beliebte Kreuzung aus Silver Haze und Lemon Skunk kombiniert Energie, Kreativit\u00e4t und ein unverwechselbares Geschmacksprofil \u2013 ideal f\u00fcr den t\u00e4glichen Genuss. Produkt\u00fcbersicht Eigenschaft Details Typ Sativa-dominanter Hybrid (60% Sativa) Cannabinoid THC-dominant THC-Gehalt 20 [&hellip;]<\/p>\n","protected":false},"featured_media":3908,"comment_status":"open","ping_status":"closed","template":"","meta":[],"product_brand":[],"product_cat":[15],"product_tag":[],"class_list":{"0":"post-3887","1":"product","2":"type-product","3":"status-publish","4":"has-post-thumbnail","6":"product_cat-gras","8":"first","9":"instock","10":"shipping-taxable","11":"purchasable","12":"product-type-variable"},"_links":{"self":[{"href":"https:\/\/premiumthcshop.de\/en\/wp-json\/wp\/v2\/product\/3887","targetHints":{"allow":["GET"]}}],"collection":[{"href":"https:\/\/premiumthcshop.de\/en\/wp-json\/wp\/v2\/product"}],"about":[{"href":"https:\/\/premiumthcshop.de\/en\/wp-json\/wp\/v2\/types\/product"}],"replies":[{"embeddable":true,"href":"https:\/\/premiumthcshop.de\/en\/wp-json\/wp\/v2\/comments?post=3887"}],"wp:featuredmedia":[{"embeddable":true,"href":"https:\/\/premiumthcshop.de\/en\/wp-json\/wp\/v2\/media\/3908"}],"wp:attachment":[{"href":"https:\/\/premiumthcshop.de\/en\/wp-json\/wp\/v2\/media?parent=3887"}],"wp:term":[{"taxonomy":"product_brand","embeddable":true,"href":"https:\/\/premiumthcshop.de\/en\/wp-json\/wp\/v2\/product_brand?post=3887"},{"taxonomy":"product_cat","embeddable":true,"href":"https:\/\/premiumthcshop.de\/en\/wp-json\/wp\/v2\/product_cat?post=3887"},{"taxonomy":"product_tag","embeddable":true,"href":"https:\/\/premiumthcshop.de\/en\/wp-json\/wp\/v2\/product_tag?post=3887"}],"curies":[{"name":"wp","href":"https:\/\/api.w.org\/{rel}","templated":true}]}}