{"id":3888,"date":"2026-04-03T11:59:08","date_gmt":"2026-04-03T11:59:08","guid":{"rendered":"https:\/\/premiumthcshop.de\/?post_type=product&#038;p=3888"},"modified":"2026-04-03T11:59:08","modified_gmt":"2026-04-03T11:59:08","slug":"purple-haze","status":"publish","type":"product","link":"https:\/\/premiumthcshop.de\/en\/product\/purple-haze\/","title":{"rendered":"Purple Haze"},"content":{"rendered":"<p data-start=\"36\" data-end=\"389\">Purple Haze ist eine legend\u00e4re, sativadominierte Hybrid-Sorte, die f\u00fcr ihre kraftvolle Wirkung, ihr intensives Aroma und ihren kreativen, euphorischen Effekt bekannt ist. Entstanden aus der Kreuzung von Haze und Purple Thai, geh\u00f6rt sie zu den Klassikern unter Cannabis-Kennern und \u00fcberzeugt durch ihre einzigartige Kombination aus Geschmack und Wirkung.<\/p>\n<hr data-start=\"391\" data-end=\"394\" \/>\n<h3 data-section-id=\"bw2iix\" data-start=\"396\" data-end=\"420\"><span role=\"text\"><strong data-start=\"400\" data-end=\"420\">Produkt\u00fcbersicht<\/strong><\/span><\/h3>\n<div class=\"TyagGW_tableContainer\">\n<div class=\"group TyagGW_tableWrapper flex flex-col-reverse w-fit\" tabindex=\"-1\">\n<table class=\"w-fit min-w-(--thread-content-width)\" data-start=\"422\" data-end=\"956\">\n<thead data-start=\"422\" data-end=\"482\">\n<tr data-start=\"422\" data-end=\"482\">\n<th class=\"\" data-start=\"422\" data-end=\"447\" data-col-size=\"sm\">Eigenschaft<\/th>\n<th class=\"\" data-start=\"447\" data-end=\"482\" data-col-size=\"sm\">Details<\/th>\n<\/tr>\n<\/thead>\n<tbody data-start=\"542\" data-end=\"956\">\n<tr data-start=\"542\" data-end=\"602\">\n<td data-start=\"542\" data-end=\"566\" data-col-size=\"sm\">Typ<\/td>\n<td data-col-size=\"sm\" data-start=\"566\" data-end=\"602\">Hybrid (80% Sativa \/ 20% Indica)<\/td>\n<\/tr>\n<tr data-start=\"603\" data-end=\"661\">\n<td data-start=\"603\" data-end=\"627\" data-col-size=\"sm\">Dominantes Terpen<\/td>\n<td data-col-size=\"sm\" data-start=\"627\" data-end=\"661\">Myrcen<\/td>\n<\/tr>\n<tr data-start=\"662\" data-end=\"720\">\n<td data-start=\"662\" data-end=\"686\" data-col-size=\"sm\">THC-Gehalt<\/td>\n<td data-col-size=\"sm\" data-start=\"686\" data-end=\"720\">19,33 \u2013 21,5 %<\/td>\n<\/tr>\n<tr data-start=\"721\" data-end=\"779\">\n<td data-start=\"721\" data-end=\"745\" data-col-size=\"sm\">CBD-Gehalt<\/td>\n<td data-col-size=\"sm\" data-start=\"745\" data-end=\"779\">0,46 \u2013 0,74 %<\/td>\n<\/tr>\n<tr data-start=\"780\" data-end=\"838\">\n<td data-start=\"780\" data-end=\"804\" data-col-size=\"sm\">CBG-Gehalt<\/td>\n<td data-col-size=\"sm\" data-start=\"804\" data-end=\"838\">0,08 \u2013 0,88 %<\/td>\n<\/tr>\n<tr data-start=\"839\" data-end=\"897\">\n<td data-start=\"839\" data-end=\"863\" data-col-size=\"sm\">Geschmack<\/td>\n<td data-col-size=\"sm\" data-start=\"863\" data-end=\"897\">S\u00fc\u00df, Traube<\/td>\n<\/tr>\n<tr data-start=\"898\" data-end=\"956\">\n<td data-start=\"898\" data-end=\"922\" data-col-size=\"sm\">Wirkung<\/td>\n<td data-col-size=\"sm\" data-start=\"922\" data-end=\"956\">Gl\u00fccklich, euphorisch, kreativ<\/td>\n<\/tr>\n<\/tbody>\n<\/table>\n<\/div>\n<\/div>\n<hr data-start=\"958\" data-end=\"961\" \/>\n<h3 data-section-id=\"kra2ha\" data-start=\"963\" data-end=\"988\"><span role=\"text\"><strong data-start=\"967\" data-end=\"988\">Aroma &amp; Geschmack<\/strong><\/span><\/h3>\n<p data-start=\"990\" data-end=\"1291\">Purple Haze begeistert mit einem komplexen Terpenprofil. Der Duft vereint frische Minznoten mit w\u00fcrzigen, leicht pfeffrigen und erdigen Nuancen. Beim Rauchen entfaltet sich ein s\u00fc\u00dflich-traubiger Geschmack mit einem w\u00fcrzigen Abgang. Feine Noten von Lavendel runden das Geschmackserlebnis harmonisch ab.<\/p>\n<p data-start=\"1293\" data-end=\"1316\"><strong data-start=\"1293\" data-end=\"1316\">Enthaltene Terpene:<\/strong><\/p>\n<ul data-start=\"1317\" data-end=\"1390\">\n<li data-section-id=\"6tqnz1\" data-start=\"1317\" data-end=\"1329\">Geraniol<\/li>\n<li data-section-id=\"6mhzwa\" data-start=\"1330\" data-end=\"1343\">Terpineol<\/li>\n<li data-section-id=\"1smtq16\" data-start=\"1344\" data-end=\"1355\">Limonen<\/li>\n<li data-section-id=\"1072l5f\" data-start=\"1356\" data-end=\"1366\">Cedren<\/li>\n<li data-section-id=\"7egu5v\" data-start=\"1367\" data-end=\"1380\">Bisabolol<\/li>\n<li data-section-id=\"7jj1pv\" data-start=\"1381\" data-end=\"1390\">Caren<\/li>\n<\/ul>\n<hr data-start=\"1392\" data-end=\"1395\" \/>\n<h3 data-section-id=\"mugcyp\" data-start=\"1397\" data-end=\"1421\"><span role=\"text\"><strong data-start=\"1401\" data-end=\"1421\">Wirkung &amp; Potenz<\/strong><\/span><\/h3>\n<p data-start=\"1423\" data-end=\"1663\">Die Wirkung von Purple Haze ist vor allem zerebral gepr\u00e4gt. Konsumenten berichten von intensiver Euphorie, gesteigerter Kreativit\u00e4t und einem energetischen High. Diese Sorte eignet sich ideal f\u00fcr den Tagesgebrauch oder kreative Aktivit\u00e4ten.<\/p>\n<p data-start=\"1665\" data-end=\"1781\">Mit einem THC-Gehalt von bis zu 23 % ist Purple Haze sehr potent \u2013 besonders Einsteiger sollten vorsichtig dosieren.<\/p>\n<p data-start=\"1783\" data-end=\"1804\"><strong data-start=\"1783\" data-end=\"1804\">Typische Effekte:<\/strong><\/p>\n<ul data-start=\"1805\" data-end=\"1902\">\n<li data-section-id=\"xdfdnh\" data-start=\"1805\" data-end=\"1822\">Gl\u00fccksgef\u00fchle<\/li>\n<li data-section-id=\"1e740ot\" data-start=\"1823\" data-end=\"1842\">Energie &amp; Fokus<\/li>\n<li data-section-id=\"1tkw78n\" data-start=\"1843\" data-end=\"1869\">Kreativit\u00e4tssteigerung<\/li>\n<li data-section-id=\"1wjrggg\" data-start=\"1870\" data-end=\"1902\">Verst\u00e4rkte Sinneswahrnehmung<\/li>\n<\/ul>\n<p data-start=\"1904\" data-end=\"1932\"><strong data-start=\"1904\" data-end=\"1932\">M\u00f6gliche Nebenwirkungen:<\/strong><\/p>\n<ul data-start=\"1933\" data-end=\"2008\">\n<li data-section-id=\"1t1ana8\" data-start=\"1933\" data-end=\"1952\">Mundtrockenheit<\/li>\n<li data-section-id=\"np40ux\" data-start=\"1953\" data-end=\"1973\">Leichte Paranoia<\/li>\n<li data-section-id=\"efgpi9\" data-start=\"1974\" data-end=\"2008\">\u00dcbelkeit (bei hoher Dosierung)<\/li>\n<\/ul>\n<hr data-start=\"2010\" data-end=\"2013\" \/>\n<h3 data-section-id=\"163lqf\" data-start=\"2015\" data-end=\"2046\"><span role=\"text\"><strong data-start=\"2019\" data-end=\"2046\">Medizinisches Potenzial<\/strong><\/span><\/h3>\n<p data-start=\"2048\" data-end=\"2149\">Purple Haze wird h\u00e4ufig zur unterst\u00fctzenden Linderung verschiedener Beschwerden eingesetzt, darunter:<\/p>\n<ul data-start=\"2151\" data-end=\"2246\">\n<li data-section-id=\"1kb316a\" data-start=\"2151\" data-end=\"2177\">Stress &amp; Angstzust\u00e4nde<\/li>\n<li data-section-id=\"l3khxp\" data-start=\"2178\" data-end=\"2194\">Depressionen<\/li>\n<li data-section-id=\"1l2wmu8\" data-start=\"2195\" data-end=\"2212\">Bluthochdruck<\/li>\n<li data-section-id=\"5eciny\" data-start=\"2213\" data-end=\"2224\">Glaukom<\/li>\n<li data-section-id=\"1uqhltu\" data-start=\"2225\" data-end=\"2246\">Multiple Sklerose<\/li>\n<\/ul>\n<hr data-start=\"2248\" data-end=\"2251\" \/>\n<h3 data-section-id=\"49o9bs\" data-start=\"2253\" data-end=\"2279\"><span role=\"text\"><strong data-start=\"2257\" data-end=\"2279\">Anbauinformationen<\/strong><\/span><\/h3>\n<p data-start=\"2281\" data-end=\"2378\">Purple Haze ist eine beliebte Sorte unter Growern und eignet sich besonders f\u00fcr den Indoor-Anbau.<\/p>\n<ul data-start=\"2380\" data-end=\"2604\">\n<li data-section-id=\"vl5lgk\" data-start=\"2380\" data-end=\"2412\"><strong data-start=\"2382\" data-end=\"2396\">Bl\u00fctezeit:<\/strong> ca. 12 Wochen<\/li>\n<li data-section-id=\"1ucc9w7\" data-start=\"2413\" data-end=\"2466\"><strong data-start=\"2415\" data-end=\"2433\">Outdoor-Ernte:<\/strong> Ende Oktober \u2013 Anfang November<\/li>\n<li data-section-id=\"tus9gm\" data-start=\"2467\" data-end=\"2518\"><strong data-start=\"2469\" data-end=\"2492\">Empfohlene Methode:<\/strong> SCROG (Screen of Green)<\/li>\n<li data-section-id=\"15301re\" data-start=\"2519\" data-end=\"2604\"><strong data-start=\"2521\" data-end=\"2531\">Tipps:<\/strong> Gro\u00dfe T\u00f6pfe und hochwertige Beleuchtung verbessern Ertrag und Qualit\u00e4t<\/li>\n<\/ul>\n<p data-start=\"2606\" data-end=\"2765\">F\u00fcr beste Ergebnisse sollten Samen ausschlie\u00dflich von vertrauensw\u00fcrdigen Z\u00fcchtern bezogen werden. Es gibt sowohl feminisierte als auch autoflowering Varianten.<\/p>\n<hr data-start=\"2767\" data-end=\"2770\" \/>\n<h3 data-section-id=\"1l5drzk\" data-start=\"2772\" data-end=\"2783\"><span role=\"text\"><strong data-start=\"2776\" data-end=\"2783\">FAQ<\/strong><\/span><\/h3>\n<p data-start=\"2785\" data-end=\"2973\"><strong data-start=\"2785\" data-end=\"2827\">Wie baut man Purple Haze am besten an?<\/strong><br data-start=\"2827\" data-end=\"2830\" \/>In k\u00e4lteren Klimazonen empfiehlt sich der Indoor-Anbau aufgrund der l\u00e4ngeren Bl\u00fctezeit. Outdoor kann die Ernte bis in den sp\u00e4ten Herbst dauern.<\/p>","protected":false},"excerpt":{"rendered":"<p>Purple Haze ist eine legend\u00e4re, sativadominierte Hybrid-Sorte, die f\u00fcr ihre kraftvolle Wirkung, ihr intensives Aroma und ihren kreativen, euphorischen Effekt bekannt ist. Entstanden aus der Kreuzung von Haze und Purple Thai, geh\u00f6rt sie zu den Klassikern unter Cannabis-Kennern und \u00fcberzeugt durch ihre einzigartige Kombination aus Geschmack und Wirkung. Produkt\u00fcbersicht Eigenschaft Details Typ Hybrid (80% Sativa [&hellip;]<\/p>\n","protected":false},"featured_media":3909,"comment_status":"open","ping_status":"closed","template":"","meta":[],"product_brand":[],"product_cat":[15],"product_tag":[],"class_list":{"0":"post-3888","1":"product","2":"type-product","3":"status-publish","4":"has-post-thumbnail","6":"product_cat-gras","8":"first","9":"instock","10":"shipping-taxable","11":"purchasable","12":"product-type-variable"},"_links":{"self":[{"href":"https:\/\/premiumthcshop.de\/en\/wp-json\/wp\/v2\/product\/3888","targetHints":{"allow":["GET"]}}],"collection":[{"href":"https:\/\/premiumthcshop.de\/en\/wp-json\/wp\/v2\/product"}],"about":[{"href":"https:\/\/premiumthcshop.de\/en\/wp-json\/wp\/v2\/types\/product"}],"replies":[{"embeddable":true,"href":"https:\/\/premiumthcshop.de\/en\/wp-json\/wp\/v2\/comments?post=3888"}],"wp:featuredmedia":[{"embeddable":true,"href":"https:\/\/premiumthcshop.de\/en\/wp-json\/wp\/v2\/media\/3909"}],"wp:attachment":[{"href":"https:\/\/premiumthcshop.de\/en\/wp-json\/wp\/v2\/media?parent=3888"}],"wp:term":[{"taxonomy":"product_brand","embeddable":true,"href":"https:\/\/premiumthcshop.de\/en\/wp-json\/wp\/v2\/product_brand?post=3888"},{"taxonomy":"product_cat","embeddable":true,"href":"https:\/\/premiumthcshop.de\/en\/wp-json\/wp\/v2\/product_cat?post=3888"},{"taxonomy":"product_tag","embeddable":true,"href":"https:\/\/premiumthcshop.de\/en\/wp-json\/wp\/v2\/product_tag?post=3888"}],"curies":[{"name":"wp","href":"https:\/\/api.w.org\/{rel}","templated":true}]}}