{"id":3944,"date":"2026-04-03T12:48:33","date_gmt":"2026-04-03T12:48:33","guid":{"rendered":"https:\/\/premiumthcshop.de\/?post_type=product&#038;p=3944"},"modified":"2026-04-03T12:48:33","modified_gmt":"2026-04-03T12:48:33","slug":"forbidden-fruit","status":"publish","type":"product","link":"https:\/\/premiumthcshop.de\/en\/product\/forbidden-fruit\/","title":{"rendered":"Forbidden Fruit"},"content":{"rendered":"<p data-start=\"0\" data-end=\"38\"><strong data-start=\"0\" data-end=\"38\">Forbidden Fruit \u2013 Premium THC Shop<\/strong><\/p>\n<p data-start=\"40\" data-end=\"312\">Forbidden Fruit ist eine indica-dominierte Premium-Sorte, die f\u00fcr ihr intensives Fruchtaroma und ihre stark entspannende Wirkung bekannt ist. Diese exotische Kreuzung aus Cherry Pie und Tangie bietet ein tiefes, beruhigendes High \u2013 perfekt f\u00fcr entspannte Momente am Abend.<\/p>\n<hr data-start=\"314\" data-end=\"317\" \/>\n<h3 data-section-id=\"bw2iix\" data-start=\"319\" data-end=\"343\"><span role=\"text\"><strong data-start=\"323\" data-end=\"343\">Produkt\u00fcbersicht<\/strong><\/span><\/h3>\n<div class=\"TyagGW_tableContainer\">\n<div class=\"group TyagGW_tableWrapper flex flex-col-reverse w-fit\" tabindex=\"-1\">\n<table class=\"w-fit min-w-(--thread-content-width)\" data-start=\"345\" data-end=\"908\">\n<thead data-start=\"345\" data-end=\"406\">\n<tr data-start=\"345\" data-end=\"406\">\n<th class=\"\" data-start=\"345\" data-end=\"370\" data-col-size=\"sm\">Eigenschaft<\/th>\n<th class=\"\" data-start=\"370\" data-end=\"406\" data-col-size=\"md\">Details<\/th>\n<\/tr>\n<\/thead>\n<tbody data-start=\"467\" data-end=\"908\">\n<tr data-start=\"467\" data-end=\"545\">\n<td data-start=\"467\" data-end=\"491\" data-col-size=\"sm\">Typ<\/td>\n<td data-start=\"491\" data-end=\"545\" data-col-size=\"md\">Indica-dominanter Hybrid (70% Indica \/ 30% Sativa)<\/td>\n<\/tr>\n<tr data-start=\"546\" data-end=\"605\">\n<td data-start=\"546\" data-end=\"570\" data-col-size=\"sm\">Cannabinoid<\/td>\n<td data-col-size=\"md\" data-start=\"570\" data-end=\"605\">THC-dominant<\/td>\n<\/tr>\n<tr data-start=\"606\" data-end=\"665\">\n<td data-start=\"606\" data-end=\"630\" data-col-size=\"sm\">THC-Gehalt<\/td>\n<td data-start=\"630\" data-end=\"665\" data-col-size=\"md\">20,75 \u2013 23 %<\/td>\n<\/tr>\n<tr data-start=\"666\" data-end=\"725\">\n<td data-start=\"666\" data-end=\"690\" data-col-size=\"sm\">CBD-Gehalt<\/td>\n<td data-start=\"690\" data-end=\"725\" data-col-size=\"md\">0,39 \u2013 0,64 %<\/td>\n<\/tr>\n<tr data-start=\"726\" data-end=\"785\">\n<td data-start=\"726\" data-end=\"750\" data-col-size=\"sm\">Geschmack<\/td>\n<td data-start=\"750\" data-end=\"785\" data-col-size=\"md\">S\u00fc\u00df, fruchtig<\/td>\n<\/tr>\n<tr data-start=\"786\" data-end=\"848\">\n<td data-start=\"786\" data-end=\"810\" data-col-size=\"sm\">Wirkung<\/td>\n<td data-col-size=\"md\" data-start=\"810\" data-end=\"848\">Entspannend, euphorisch, schl\u00e4frig<\/td>\n<\/tr>\n<tr data-start=\"849\" data-end=\"908\">\n<td data-start=\"849\" data-end=\"873\" data-col-size=\"sm\">Nebenwirkungen<\/td>\n<td data-start=\"873\" data-end=\"908\" data-col-size=\"md\">Trockener Mund &amp; Durst<\/td>\n<\/tr>\n<\/tbody>\n<\/table>\n<\/div>\n<\/div>\n<hr data-start=\"910\" data-end=\"913\" \/>\n<h3 data-section-id=\"kra2ha\" data-start=\"915\" data-end=\"940\"><span role=\"text\"><strong data-start=\"919\" data-end=\"940\">Aroma &amp; Geschmack<\/strong><\/span><\/h3>\n<p data-start=\"942\" data-end=\"1091\">Forbidden Fruit begeistert mit einem intensiven, tropisch-fruchtigen Duftprofil. Schon beim \u00d6ffnen entfalten sich s\u00fc\u00dfe, blumige und fruchtige Aromen.<\/p>\n<p data-start=\"1093\" data-end=\"1114\"><strong data-start=\"1093\" data-end=\"1114\">Geschmacksprofil:<\/strong><\/p>\n<ul data-start=\"1115\" data-end=\"1229\">\n<li data-section-id=\"1ikb4h9\" data-start=\"1115\" data-end=\"1140\">S\u00fc\u00dfe Beeren &amp; Kirsche<\/li>\n<li data-section-id=\"d09ws2\" data-start=\"1141\" data-end=\"1171\">Zitrusfr\u00fcchte &amp; Grapefruit<\/li>\n<li data-section-id=\"xnb4or\" data-start=\"1172\" data-end=\"1191\">Tropische Noten<\/li>\n<li data-section-id=\"1293s3u\" data-start=\"1192\" data-end=\"1229\">Leicht erdige &amp; zitronige Nuancen<\/li>\n<\/ul>\n<p data-start=\"1231\" data-end=\"1305\">Die Kombination sorgt f\u00fcr ein vollmundiges, exotisches Geschmackserlebnis.<\/p>\n<hr data-start=\"1307\" data-end=\"1310\" \/>\n<h3 data-section-id=\"mugcyp\" data-start=\"1312\" data-end=\"1336\"><span role=\"text\"><strong data-start=\"1316\" data-end=\"1336\">Wirkung &amp; Potenz<\/strong><\/span><\/h3>\n<p data-start=\"1338\" data-end=\"1431\">Mit einem THC-Gehalt von bis zu 23 % bietet Forbidden Fruit ein starkes, k\u00f6rperbetontes High.<\/p>\n<p data-start=\"1433\" data-end=\"1454\"><strong data-start=\"1433\" data-end=\"1454\">Typische Effekte:<\/strong><\/p>\n<ul data-start=\"1455\" data-end=\"1606\">\n<li data-section-id=\"1jdvq8h\" data-start=\"1455\" data-end=\"1488\">Tiefe k\u00f6rperliche Entspannung<\/li>\n<li data-section-id=\"xk1isi\" data-start=\"1489\" data-end=\"1517\">Euphorie &amp; Gl\u00fccksgef\u00fchle<\/li>\n<li data-section-id=\"14w1axp\" data-start=\"1518\" data-end=\"1548\">Meditativer Geisteszustand<\/li>\n<li data-section-id=\"9h9892\" data-start=\"1549\" data-end=\"1581\">Schl\u00e4frigkeit (\u201eCouch-Lock\u201c)<\/li>\n<li data-section-id=\"nhj5gf\" data-start=\"1582\" data-end=\"1606\">Gesteigerter Appetit<\/li>\n<\/ul>\n<p data-start=\"1608\" data-end=\"1695\">Diese Sorte eignet sich besonders f\u00fcr den Abend, wenn Entspannung im Vordergrund steht.<\/p>\n<p data-start=\"1697\" data-end=\"1725\"><strong data-start=\"1697\" data-end=\"1725\">M\u00f6gliche Nebenwirkungen:<\/strong><\/p>\n<ul data-start=\"1726\" data-end=\"1823\">\n<li data-section-id=\"14ljops\" data-start=\"1726\" data-end=\"1751\">Trockener Mund (30 %)<\/li>\n<li data-section-id=\"btke70\" data-start=\"1752\" data-end=\"1777\">Trockene Augen (16 %)<\/li>\n<li data-section-id=\"1yc8e72\" data-start=\"1778\" data-end=\"1797\">Schwindel (7 %)<\/li>\n<li data-section-id=\"16caqey\" data-start=\"1798\" data-end=\"1823\">Angstgef\u00fchle (selten)<\/li>\n<\/ul>\n<hr data-start=\"1825\" data-end=\"1828\" \/>\n<h3 data-section-id=\"17mmarl\" data-start=\"1830\" data-end=\"1856\"><span role=\"text\"><strong data-start=\"1834\" data-end=\"1856\">Cannabinoid-Profil<\/strong><\/span><\/h3>\n<div class=\"TyagGW_tableContainer\">\n<div class=\"group TyagGW_tableWrapper flex flex-col-reverse w-fit\" tabindex=\"-1\">\n<table class=\"w-fit min-w-(--thread-content-width)\" data-start=\"1858\" data-end=\"2131\">\n<thead data-start=\"1858\" data-end=\"1893\">\n<tr data-start=\"1858\" data-end=\"1893\">\n<th class=\"\" data-start=\"1858\" data-end=\"1872\" data-col-size=\"sm\">Cannabinoid<\/th>\n<th class=\"\" data-start=\"1872\" data-end=\"1893\" data-col-size=\"sm\">Gehalt<\/th>\n<\/tr>\n<\/thead>\n<tbody data-start=\"1928\" data-end=\"2131\">\n<tr data-start=\"1928\" data-end=\"1961\">\n<td data-start=\"1928\" data-end=\"1941\" data-col-size=\"sm\">THC<\/td>\n<td data-start=\"1941\" data-end=\"1961\" data-col-size=\"sm\">20,75 \u2013 23 %<\/td>\n<\/tr>\n<tr data-start=\"1962\" data-end=\"1995\">\n<td data-start=\"1962\" data-end=\"1975\" data-col-size=\"sm\">CBD<\/td>\n<td data-start=\"1975\" data-end=\"1995\" data-col-size=\"sm\">0,39 \u2013 0,64 %<\/td>\n<\/tr>\n<tr data-start=\"1996\" data-end=\"2029\">\n<td data-start=\"1996\" data-end=\"2009\" data-col-size=\"sm\">CBC<\/td>\n<td data-start=\"2009\" data-end=\"2029\" data-col-size=\"sm\">0,3 \u2013 0,74 %<\/td>\n<\/tr>\n<tr data-start=\"2030\" data-end=\"2063\">\n<td data-start=\"2030\" data-end=\"2043\" data-col-size=\"sm\">CBG<\/td>\n<td data-start=\"2043\" data-end=\"2063\" data-col-size=\"sm\">0,3 \u2013 0,9 %<\/td>\n<\/tr>\n<tr data-start=\"2064\" data-end=\"2097\">\n<td data-start=\"2064\" data-end=\"2077\" data-col-size=\"sm\">CBN<\/td>\n<td data-start=\"2077\" data-end=\"2097\" data-col-size=\"sm\">0,16 \u2013 0,32 %<\/td>\n<\/tr>\n<tr data-start=\"2098\" data-end=\"2131\">\n<td data-start=\"2098\" data-end=\"2111\" data-col-size=\"sm\">THCV<\/td>\n<td data-start=\"2111\" data-end=\"2131\" data-col-size=\"sm\">0,16 \u2013 0,68 %<\/td>\n<\/tr>\n<\/tbody>\n<\/table>\n<\/div>\n<\/div>\n<hr data-start=\"2133\" data-end=\"2136\" \/>\n<h3 data-section-id=\"47zo5s\" data-start=\"2138\" data-end=\"2158\"><span role=\"text\"><strong data-start=\"2142\" data-end=\"2158\">Terpenprofil<\/strong><\/span><\/h3>\n<div class=\"TyagGW_tableContainer\">\n<div class=\"group TyagGW_tableWrapper flex flex-col-reverse w-fit\" tabindex=\"-1\">\n<table class=\"w-fit min-w-(--thread-content-width)\" data-start=\"2160\" data-end=\"2483\">\n<thead data-start=\"2160\" data-end=\"2186\">\n<tr data-start=\"2160\" data-end=\"2186\">\n<th class=\"\" data-start=\"2160\" data-end=\"2176\" data-col-size=\"sm\">Terpen<\/th>\n<th class=\"\" data-start=\"2176\" data-end=\"2186\" data-col-size=\"sm\">Anteil<\/th>\n<\/tr>\n<\/thead>\n<tbody data-start=\"2214\" data-end=\"2483\">\n<tr data-start=\"2214\" data-end=\"2240\">\n<td data-start=\"2214\" data-end=\"2230\" data-col-size=\"sm\">Myrcen<\/td>\n<td data-start=\"2230\" data-end=\"2240\" data-col-size=\"sm\">0,33 %<\/td>\n<\/tr>\n<tr data-start=\"2241\" data-end=\"2267\">\n<td data-start=\"2241\" data-end=\"2257\" data-col-size=\"sm\">Limonen<\/td>\n<td data-start=\"2257\" data-end=\"2267\" data-col-size=\"sm\">0,16 %<\/td>\n<\/tr>\n<tr data-start=\"2268\" data-end=\"2294\">\n<td data-start=\"2268\" data-end=\"2284\" data-col-size=\"sm\">Linalool<\/td>\n<td data-start=\"2284\" data-end=\"2294\" data-col-size=\"sm\">0,15 %<\/td>\n<\/tr>\n<tr data-start=\"2295\" data-end=\"2321\">\n<td data-start=\"2295\" data-end=\"2311\" data-col-size=\"sm\">Caryophyllen<\/td>\n<td data-start=\"2311\" data-end=\"2321\" data-col-size=\"sm\">0,09 %<\/td>\n<\/tr>\n<tr data-start=\"2322\" data-end=\"2348\">\n<td data-start=\"2322\" data-end=\"2338\" data-col-size=\"sm\">Ocimen<\/td>\n<td data-start=\"2338\" data-end=\"2348\" data-col-size=\"sm\">0,07 %<\/td>\n<\/tr>\n<tr data-start=\"2349\" data-end=\"2375\">\n<td data-start=\"2349\" data-end=\"2365\" data-col-size=\"sm\">Bisabolol<\/td>\n<td data-start=\"2365\" data-end=\"2375\" data-col-size=\"sm\">0,07 %<\/td>\n<\/tr>\n<tr data-start=\"2376\" data-end=\"2402\">\n<td data-start=\"2376\" data-end=\"2392\" data-col-size=\"sm\">Valencen<\/td>\n<td data-start=\"2392\" data-end=\"2402\" data-col-size=\"sm\">0,07 %<\/td>\n<\/tr>\n<tr data-start=\"2403\" data-end=\"2429\">\n<td data-start=\"2403\" data-end=\"2419\" data-col-size=\"sm\">Pinene<\/td>\n<td data-start=\"2419\" data-end=\"2429\" data-col-size=\"sm\">0,04 %<\/td>\n<\/tr>\n<tr data-start=\"2430\" data-end=\"2456\">\n<td data-start=\"2430\" data-end=\"2446\" data-col-size=\"sm\">Humulen<\/td>\n<td data-start=\"2446\" data-end=\"2456\" data-col-size=\"sm\">0,04 %<\/td>\n<\/tr>\n<tr data-start=\"2457\" data-end=\"2483\">\n<td data-start=\"2457\" data-end=\"2473\" data-col-size=\"sm\">Terpinolen<\/td>\n<td data-start=\"2473\" data-end=\"2483\" data-col-size=\"sm\">0,01 %<\/td>\n<\/tr>\n<\/tbody>\n<\/table>\n<\/div>\n<\/div>\n<p data-start=\"2485\" data-end=\"2519\"><strong data-start=\"2485\" data-end=\"2508\">Gesamtterpengehalt:<\/strong> ca. 1,03 %<\/p>\n<hr data-start=\"2521\" data-end=\"2524\" \/>\n<h3 data-section-id=\"163lqf\" data-start=\"2526\" data-end=\"2557\"><span role=\"text\"><strong data-start=\"2530\" data-end=\"2557\">Medizinisches Potenzial<\/strong><\/span><\/h3>\n<p data-start=\"2559\" data-end=\"2642\">Forbidden Fruit wird h\u00e4ufig zur Unterst\u00fctzung bei folgenden Beschwerden eingesetzt:<\/p>\n<ul data-start=\"2644\" data-end=\"2730\">\n<li data-section-id=\"1mmzpk4\" data-start=\"2644\" data-end=\"2661\">Angstzust\u00e4nde<\/li>\n<li data-section-id=\"1fb7ru\" data-start=\"2662\" data-end=\"2692\">Schlafst\u00f6rungen (Insomnie)<\/li>\n<li data-section-id=\"l3khxp\" data-start=\"2693\" data-end=\"2709\">Depressionen<\/li>\n<li data-section-id=\"z55zl4\" data-start=\"2710\" data-end=\"2730\">Appetitlosigkeit<\/li>\n<\/ul>\n<hr data-start=\"2732\" data-end=\"2735\" \/>\n<h3 data-section-id=\"49o9bs\" data-start=\"2737\" data-end=\"2763\"><span role=\"text\"><strong data-start=\"2741\" data-end=\"2763\">Anbauinformationen<\/strong><\/span><\/h3>\n<p data-start=\"2765\" data-end=\"2848\">Diese Sorte richtet sich eher an erfahrene Grower und erfordert sorgf\u00e4ltige Pflege.<\/p>\n<div class=\"TyagGW_tableContainer\">\n<div class=\"group TyagGW_tableWrapper flex flex-col-reverse w-fit\" tabindex=\"-1\">\n<table class=\"w-fit min-w-(--thread-content-width)\" data-start=\"2850\" data-end=\"3428\">\n<thead data-start=\"2850\" data-end=\"2908\">\n<tr data-start=\"2850\" data-end=\"2908\">\n<th class=\"\" data-start=\"2850\" data-end=\"2872\" data-col-size=\"sm\">Faktor<\/th>\n<th class=\"\" data-start=\"2872\" data-end=\"2908\" data-col-size=\"sm\">Details<\/th>\n<\/tr>\n<\/thead>\n<tbody data-start=\"2967\" data-end=\"3428\">\n<tr data-start=\"2967\" data-end=\"3024\">\n<td data-start=\"2967\" data-end=\"2989\" data-col-size=\"sm\">Schwierigkeitsgrad<\/td>\n<td data-start=\"2989\" data-end=\"3024\" data-col-size=\"sm\">Anspruchsvoll<\/td>\n<\/tr>\n<tr data-start=\"3025\" data-end=\"3082\">\n<td data-start=\"3025\" data-end=\"3047\" data-col-size=\"sm\">Bl\u00fctezeit<\/td>\n<td data-start=\"3047\" data-end=\"3082\" data-col-size=\"sm\">65 \u2013 72 Tage<\/td>\n<\/tr>\n<tr data-start=\"3083\" data-end=\"3140\">\n<td data-start=\"3083\" data-end=\"3105\" data-col-size=\"sm\">Erntezeit<\/td>\n<td data-start=\"3105\" data-end=\"3140\" data-col-size=\"sm\">ca. 76 Tage<\/td>\n<\/tr>\n<tr data-start=\"3141\" data-end=\"3198\">\n<td data-start=\"3141\" data-end=\"3163\" data-col-size=\"sm\">Ertrag Indoor<\/td>\n<td data-start=\"3163\" data-end=\"3198\" data-col-size=\"sm\">1 \u2013 2 Oz\/Ft\u00b2 (~400 g\/m\u00b2)<\/td>\n<\/tr>\n<tr data-start=\"3199\" data-end=\"3255\">\n<td data-start=\"3199\" data-end=\"3221\" data-col-size=\"sm\">H\u00f6he<\/td>\n<td data-start=\"3221\" data-end=\"3255\" data-col-size=\"sm\">60 \u2013 80 cm<\/td>\n<\/tr>\n<tr data-start=\"3256\" data-end=\"3313\">\n<td data-start=\"3256\" data-end=\"3278\" data-col-size=\"sm\">Anbau<\/td>\n<td data-start=\"3278\" data-end=\"3313\" data-col-size=\"sm\">Indoor &amp; Outdoor m\u00f6glich<\/td>\n<\/tr>\n<tr data-start=\"3314\" data-end=\"3371\">\n<td data-start=\"3314\" data-end=\"3336\" data-col-size=\"sm\">Klima<\/td>\n<td data-start=\"3336\" data-end=\"3371\" data-col-size=\"sm\">Warm, subtropisch<\/td>\n<\/tr>\n<tr data-start=\"3372\" data-end=\"3428\">\n<td data-start=\"3372\" data-end=\"3394\" data-col-size=\"sm\">Bl\u00fctetyp<\/td>\n<td data-start=\"3394\" data-end=\"3428\" data-col-size=\"sm\">Photoperiodisch<\/td>\n<\/tr>\n<\/tbody>\n<\/table>\n<\/div>\n<\/div>\n<hr data-start=\"3430\" data-end=\"3433\" \/>\n<h3 data-section-id=\"jfc70x\" data-start=\"3435\" data-end=\"3453\"><span role=\"text\"><strong data-start=\"3439\" data-end=\"3453\">Anbautipps<\/strong><\/span><\/h3>\n<ul data-start=\"3455\" data-end=\"3741\">\n<li data-section-id=\"19r6dg0\" data-start=\"3455\" data-end=\"3510\"><strong data-start=\"3457\" data-end=\"3467\">Klima:<\/strong> Konstante Temperaturen zwischen 20\u201326 \u00b0C<\/li>\n<li data-section-id=\"1onchid\" data-start=\"3511\" data-end=\"3583\"><strong data-start=\"3513\" data-end=\"3528\">N\u00e4hrstoffe:<\/strong> Ausgewogene D\u00fcngung, besonders in der Wachstumsphase<\/li>\n<li data-section-id=\"tto533\" data-start=\"3584\" data-end=\"3672\"><strong data-start=\"3586\" data-end=\"3602\">Beschneiden:<\/strong> Regelm\u00e4\u00dfiges Trimmen verbessert Luftzirkulation und Lichtverteilung<\/li>\n<li data-section-id=\"10x45w3\" data-start=\"3673\" data-end=\"3741\"><strong data-start=\"3675\" data-end=\"3699\">Sch\u00e4dlingskontrolle:<\/strong> Fr\u00fchzeitige Pr\u00e4vention ist entscheidend<\/li>\n<\/ul>\n<p data-start=\"3743\" data-end=\"3845\">Mit der richtigen Pflege belohnt Forbidden Fruit mit dichten, aromatischen Buds von h\u00f6chster Qualit\u00e4t.<\/p>","protected":false},"excerpt":{"rendered":"<p>Forbidden Fruit \u2013 Premium THC Shop Forbidden Fruit ist eine indica-dominierte Premium-Sorte, die f\u00fcr ihr intensives Fruchtaroma und ihre stark entspannende Wirkung bekannt ist. Diese exotische Kreuzung aus Cherry Pie und Tangie bietet ein tiefes, beruhigendes High \u2013 perfekt f\u00fcr entspannte Momente am Abend. Produkt\u00fcbersicht Eigenschaft Details Typ Indica-dominanter Hybrid (70% Indica \/ 30% Sativa) [&hellip;]<\/p>\n","protected":false},"featured_media":3981,"comment_status":"open","ping_status":"closed","template":"","meta":[],"product_brand":[],"product_cat":[15],"product_tag":[],"class_list":{"0":"post-3944","1":"product","2":"type-product","3":"status-publish","4":"has-post-thumbnail","6":"product_cat-gras","8":"first","9":"instock","10":"shipping-taxable","11":"purchasable","12":"product-type-variable"},"_links":{"self":[{"href":"https:\/\/premiumthcshop.de\/en\/wp-json\/wp\/v2\/product\/3944","targetHints":{"allow":["GET"]}}],"collection":[{"href":"https:\/\/premiumthcshop.de\/en\/wp-json\/wp\/v2\/product"}],"about":[{"href":"https:\/\/premiumthcshop.de\/en\/wp-json\/wp\/v2\/types\/product"}],"replies":[{"embeddable":true,"href":"https:\/\/premiumthcshop.de\/en\/wp-json\/wp\/v2\/comments?post=3944"}],"wp:featuredmedia":[{"embeddable":true,"href":"https:\/\/premiumthcshop.de\/en\/wp-json\/wp\/v2\/media\/3981"}],"wp:attachment":[{"href":"https:\/\/premiumthcshop.de\/en\/wp-json\/wp\/v2\/media?parent=3944"}],"wp:term":[{"taxonomy":"product_brand","embeddable":true,"href":"https:\/\/premiumthcshop.de\/en\/wp-json\/wp\/v2\/product_brand?post=3944"},{"taxonomy":"product_cat","embeddable":true,"href":"https:\/\/premiumthcshop.de\/en\/wp-json\/wp\/v2\/product_cat?post=3944"},{"taxonomy":"product_tag","embeddable":true,"href":"https:\/\/premiumthcshop.de\/en\/wp-json\/wp\/v2\/product_tag?post=3944"}],"curies":[{"name":"wp","href":"https:\/\/api.w.org\/{rel}","templated":true}]}}