{"id":3982,"date":"2026-04-03T12:52:13","date_gmt":"2026-04-03T12:52:13","guid":{"rendered":"https:\/\/premiumthcshop.de\/?post_type=product&#038;p=3982"},"modified":"2026-04-03T12:52:45","modified_gmt":"2026-04-03T12:52:45","slug":"gushers","status":"publish","type":"product","link":"https:\/\/premiumthcshop.de\/en\/product\/gushers\/","title":{"rendered":"Gushers"},"content":{"rendered":"<p data-start=\"0\" data-end=\"30\"><strong data-start=\"0\" data-end=\"30\">Gushers \u2013 Premium THC Shop<\/strong><\/p>\n<p data-start=\"32\" data-end=\"324\">Gushers ist eine ausgewogene Hybrid-Sorte (50% Indica \/ 50% Sativa), die durch ihr s\u00fc\u00df-fruchtiges Aroma und ihre tief entspannende Wirkung \u00fcberzeugt. Diese exklusive Kreuzung aus Triangle Kush und Gelato #41 bietet ein intensives Geschmackserlebnis kombiniert mit einem angenehm starken High.<\/p>\n<hr data-start=\"326\" data-end=\"329\" \/>\n<h3 data-section-id=\"bw2iix\" data-start=\"331\" data-end=\"355\"><span role=\"text\"><strong data-start=\"335\" data-end=\"355\">Produkt\u00fcbersicht<\/strong><\/span><\/h3>\n<div class=\"TyagGW_tableContainer\">\n<div class=\"group TyagGW_tableWrapper flex flex-col-reverse w-fit\" tabindex=\"-1\">\n<table class=\"w-fit min-w-(--thread-content-width)\" data-start=\"357\" data-end=\"902\">\n<thead data-start=\"357\" data-end=\"418\">\n<tr data-start=\"357\" data-end=\"418\">\n<th class=\"\" data-start=\"357\" data-end=\"382\" data-col-size=\"sm\">Eigenschaft<\/th>\n<th class=\"\" data-start=\"382\" data-end=\"418\" data-col-size=\"sm\">Details<\/th>\n<\/tr>\n<\/thead>\n<tbody data-start=\"479\" data-end=\"902\">\n<tr data-start=\"479\" data-end=\"539\">\n<td data-start=\"479\" data-end=\"503\" data-col-size=\"sm\">Typ<\/td>\n<td data-start=\"503\" data-end=\"539\" data-col-size=\"sm\">Hybrid (50% Indica \/ 50% Sativa)<\/td>\n<\/tr>\n<tr data-start=\"540\" data-end=\"599\">\n<td data-start=\"540\" data-end=\"564\" data-col-size=\"sm\">Cannabinoid<\/td>\n<td data-start=\"564\" data-end=\"599\" data-col-size=\"sm\">THC-dominant<\/td>\n<\/tr>\n<tr data-start=\"600\" data-end=\"659\">\n<td data-start=\"600\" data-end=\"624\" data-col-size=\"sm\">THC-Gehalt<\/td>\n<td data-start=\"624\" data-end=\"659\" data-col-size=\"sm\">19 \u2013 22 %<\/td>\n<\/tr>\n<tr data-start=\"660\" data-end=\"719\">\n<td data-start=\"660\" data-end=\"684\" data-col-size=\"sm\">CBD-Gehalt<\/td>\n<td data-start=\"684\" data-end=\"719\" data-col-size=\"sm\">0,3 \u2013 0,62 %<\/td>\n<\/tr>\n<tr data-start=\"720\" data-end=\"779\">\n<td data-start=\"720\" data-end=\"744\" data-col-size=\"sm\">Geschmack<\/td>\n<td data-start=\"744\" data-end=\"779\" data-col-size=\"sm\">S\u00fc\u00df, tropisch, cremig<\/td>\n<\/tr>\n<tr data-start=\"780\" data-end=\"842\">\n<td data-start=\"780\" data-end=\"804\" data-col-size=\"sm\">Wirkung<\/td>\n<td data-start=\"804\" data-end=\"842\" data-col-size=\"sm\">Entspannend, euphorisch, kribbelnd<\/td>\n<\/tr>\n<tr data-start=\"843\" data-end=\"902\">\n<td data-start=\"843\" data-end=\"867\" data-col-size=\"sm\">Nebenwirkungen<\/td>\n<td data-start=\"867\" data-end=\"902\" data-col-size=\"sm\">Trockene Augen<\/td>\n<\/tr>\n<\/tbody>\n<\/table>\n<\/div>\n<\/div>\n<hr data-start=\"904\" data-end=\"907\" \/>\n<h3 data-section-id=\"kra2ha\" data-start=\"909\" data-end=\"934\"><span role=\"text\"><strong data-start=\"913\" data-end=\"934\">Aroma &amp; Geschmack<\/strong><\/span><\/h3>\n<p data-start=\"936\" data-end=\"1050\">Gushers ist bekannt f\u00fcr sein einzigartiges, candyartiges Aroma, das an s\u00fc\u00dfe Snacks und tropische Fr\u00fcchte erinnert.<\/p>\n<p data-start=\"1052\" data-end=\"1073\"><strong data-start=\"1052\" data-end=\"1073\">Geschmacksprofil:<\/strong><\/p>\n<ul data-start=\"1074\" data-end=\"1178\">\n<li data-section-id=\"1m708dq\" data-start=\"1074\" data-end=\"1095\">S\u00fc\u00dfe Bonbon-Noten<\/li>\n<li data-section-id=\"1vua6l3\" data-start=\"1096\" data-end=\"1117\">Tropische Fr\u00fcchte<\/li>\n<li data-section-id=\"x7uwy5\" data-start=\"1118\" data-end=\"1142\">Cremige Cookie-Noten<\/li>\n<li data-section-id=\"11st1dp\" data-start=\"1143\" data-end=\"1178\">Leicht w\u00fcrzige &amp; erdige Nuancen<\/li>\n<\/ul>\n<p data-start=\"1180\" data-end=\"1285\">Das Aroma kombiniert s\u00fc\u00dfe, w\u00fcrzige und leicht erdige Elemente mit einem Hauch von Zimt und feuchter Erde.<\/p>\n<hr data-start=\"1287\" data-end=\"1290\" \/>\n<h3 data-section-id=\"mugcyp\" data-start=\"1292\" data-end=\"1316\"><span role=\"text\"><strong data-start=\"1296\" data-end=\"1316\">Wirkung &amp; Potenz<\/strong><\/span><\/h3>\n<p data-start=\"1318\" data-end=\"1406\">Mit einem THC-Gehalt von bis zu 22 % bietet Gushers ein starkes, aber ausgewogenes High.<\/p>\n<p data-start=\"1408\" data-end=\"1429\"><strong data-start=\"1408\" data-end=\"1429\">Typische Effekte:<\/strong><\/p>\n<ul data-start=\"1430\" data-end=\"1537\">\n<li data-section-id=\"16krraq\" data-start=\"1430\" data-end=\"1451\">Tiefe Entspannung<\/li>\n<li data-section-id=\"1viho1z\" data-start=\"1452\" data-end=\"1477\">Euphorie &amp; gute Laune<\/li>\n<li data-section-id=\"m7nmx2\" data-start=\"1478\" data-end=\"1513\">Leicht kribbelndes K\u00f6rpergef\u00fchl<\/li>\n<li data-section-id=\"1y4elll\" data-start=\"1514\" data-end=\"1537\">Stimmungsaufhellend<\/li>\n<\/ul>\n<p data-start=\"1539\" data-end=\"1647\">Die Wirkung setzt schnell ein und eignet sich sowohl zum Abschalten als auch f\u00fcr entspannte soziale Momente.<\/p>\n<p data-start=\"1649\" data-end=\"1677\"><strong data-start=\"1649\" data-end=\"1677\">M\u00f6gliche Nebenwirkungen:<\/strong><\/p>\n<ul data-start=\"1678\" data-end=\"1740\">\n<li data-section-id=\"134huin\" data-start=\"1678\" data-end=\"1696\">Trockene Augen<\/li>\n<li data-section-id=\"8d0ef\" data-start=\"1697\" data-end=\"1715\">Trockener Mund<\/li>\n<li data-section-id=\"nhj5gf\" data-start=\"1716\" data-end=\"1740\">Gesteigerter Appetit<\/li>\n<\/ul>\n<hr data-start=\"1742\" data-end=\"1745\" \/>\n<h3 data-section-id=\"17mmarl\" data-start=\"1747\" data-end=\"1773\"><span role=\"text\"><strong data-start=\"1751\" data-end=\"1773\">Cannabinoid-Profil<\/strong><\/span><\/h3>\n<div class=\"TyagGW_tableContainer\">\n<div class=\"group TyagGW_tableWrapper flex flex-col-reverse w-fit\" tabindex=\"-1\">\n<table class=\"w-fit min-w-(--thread-content-width)\" data-start=\"1775\" data-end=\"2048\">\n<thead data-start=\"1775\" data-end=\"1810\">\n<tr data-start=\"1775\" data-end=\"1810\">\n<th class=\"\" data-start=\"1775\" data-end=\"1789\" data-col-size=\"sm\">Cannabinoid<\/th>\n<th class=\"\" data-start=\"1789\" data-end=\"1810\" data-col-size=\"sm\">Gehalt<\/th>\n<\/tr>\n<\/thead>\n<tbody data-start=\"1845\" data-end=\"2048\">\n<tr data-start=\"1845\" data-end=\"1878\">\n<td data-start=\"1845\" data-end=\"1858\" data-col-size=\"sm\">THC<\/td>\n<td data-start=\"1858\" data-end=\"1878\" data-col-size=\"sm\">19 \u2013 22 %<\/td>\n<\/tr>\n<tr data-start=\"1879\" data-end=\"1912\">\n<td data-start=\"1879\" data-end=\"1892\" data-col-size=\"sm\">CBD<\/td>\n<td data-start=\"1892\" data-end=\"1912\" data-col-size=\"sm\">0,3 \u2013 0,62 %<\/td>\n<\/tr>\n<tr data-start=\"1913\" data-end=\"1946\">\n<td data-start=\"1913\" data-end=\"1926\" data-col-size=\"sm\">CBC<\/td>\n<td data-start=\"1926\" data-end=\"1946\" data-col-size=\"sm\">0,28 \u2013 0,69 %<\/td>\n<\/tr>\n<tr data-start=\"1947\" data-end=\"1980\">\n<td data-start=\"1947\" data-end=\"1960\" data-col-size=\"sm\">CBG<\/td>\n<td data-start=\"1960\" data-end=\"1980\" data-col-size=\"sm\">0,37 \u2013 1,3 %<\/td>\n<\/tr>\n<tr data-start=\"1981\" data-end=\"2014\">\n<td data-start=\"1981\" data-end=\"1994\" data-col-size=\"sm\">CBN<\/td>\n<td data-start=\"1994\" data-end=\"2014\" data-col-size=\"sm\">0,31 \u2013 0,48 %<\/td>\n<\/tr>\n<tr data-start=\"2015\" data-end=\"2048\">\n<td data-start=\"2015\" data-end=\"2028\" data-col-size=\"sm\">THCV<\/td>\n<td data-col-size=\"sm\" data-start=\"2028\" data-end=\"2048\">0,3 \u2013 0,78 %<\/td>\n<\/tr>\n<\/tbody>\n<\/table>\n<\/div>\n<\/div>\n<hr data-start=\"2050\" data-end=\"2053\" \/>\n<h3 data-section-id=\"47zo5s\" data-start=\"2055\" data-end=\"2075\"><span role=\"text\"><strong data-start=\"2059\" data-end=\"2075\">Terpenprofil<\/strong><\/span><\/h3>\n<div class=\"TyagGW_tableContainer\">\n<div class=\"group TyagGW_tableWrapper flex flex-col-reverse w-fit\" tabindex=\"-1\">\n<table class=\"w-fit min-w-(--thread-content-width)\" data-start=\"2077\" data-end=\"2400\">\n<thead data-start=\"2077\" data-end=\"2103\">\n<tr data-start=\"2077\" data-end=\"2103\">\n<th class=\"\" data-start=\"2077\" data-end=\"2093\" data-col-size=\"sm\">Terpen<\/th>\n<th class=\"\" data-start=\"2093\" data-end=\"2103\" data-col-size=\"sm\">Anteil<\/th>\n<\/tr>\n<\/thead>\n<tbody data-start=\"2131\" data-end=\"2400\">\n<tr data-start=\"2131\" data-end=\"2157\">\n<td data-start=\"2131\" data-end=\"2147\" data-col-size=\"sm\">Phellandren<\/td>\n<td data-start=\"2147\" data-end=\"2157\" data-col-size=\"sm\">0,21 %<\/td>\n<\/tr>\n<tr data-start=\"2158\" data-end=\"2184\">\n<td data-start=\"2158\" data-end=\"2174\" data-col-size=\"sm\">Limonen<\/td>\n<td data-start=\"2174\" data-end=\"2184\" data-col-size=\"sm\">0,19 %<\/td>\n<\/tr>\n<tr data-start=\"2185\" data-end=\"2211\">\n<td data-start=\"2185\" data-end=\"2201\" data-col-size=\"sm\">Valencen<\/td>\n<td data-start=\"2201\" data-end=\"2211\" data-col-size=\"sm\">0,19 %<\/td>\n<\/tr>\n<tr data-start=\"2212\" data-end=\"2238\">\n<td data-start=\"2212\" data-end=\"2228\" data-col-size=\"sm\">Caryophyllen<\/td>\n<td data-start=\"2228\" data-end=\"2238\" data-col-size=\"sm\">0,14 %<\/td>\n<\/tr>\n<tr data-start=\"2239\" data-end=\"2265\">\n<td data-start=\"2239\" data-end=\"2255\" data-col-size=\"sm\">Ocimen<\/td>\n<td data-start=\"2255\" data-end=\"2265\" data-col-size=\"sm\">0,07 %<\/td>\n<\/tr>\n<tr data-start=\"2266\" data-end=\"2292\">\n<td data-start=\"2266\" data-end=\"2282\" data-col-size=\"sm\">Myrcen<\/td>\n<td data-start=\"2282\" data-end=\"2292\" data-col-size=\"sm\">0,06 %<\/td>\n<\/tr>\n<tr data-start=\"2293\" data-end=\"2319\">\n<td data-start=\"2293\" data-end=\"2309\" data-col-size=\"sm\">Linalool<\/td>\n<td data-start=\"2309\" data-end=\"2319\" data-col-size=\"sm\">0,06 %<\/td>\n<\/tr>\n<tr data-start=\"2320\" data-end=\"2346\">\n<td data-start=\"2320\" data-end=\"2336\" data-col-size=\"sm\">Pinene<\/td>\n<td data-start=\"2336\" data-end=\"2346\" data-col-size=\"sm\">0,04 %<\/td>\n<\/tr>\n<tr data-start=\"2347\" data-end=\"2373\">\n<td data-start=\"2347\" data-end=\"2363\" data-col-size=\"sm\">Humulen<\/td>\n<td data-start=\"2363\" data-end=\"2373\" data-col-size=\"sm\">0,04 %<\/td>\n<\/tr>\n<tr data-start=\"2374\" data-end=\"2400\">\n<td data-start=\"2374\" data-end=\"2390\" data-col-size=\"sm\">Terpinolen<\/td>\n<td data-start=\"2390\" data-end=\"2400\" data-col-size=\"sm\">0,01 %<\/td>\n<\/tr>\n<\/tbody>\n<\/table>\n<\/div>\n<\/div>\n<p data-start=\"2402\" data-end=\"2436\"><strong data-start=\"2402\" data-end=\"2425\">Gesamtterpengehalt:<\/strong> ca. 1,01 %<\/p>\n<hr data-start=\"2438\" data-end=\"2441\" \/>\n<h3 data-section-id=\"163lqf\" data-start=\"2443\" data-end=\"2474\"><span role=\"text\"><strong data-start=\"2447\" data-end=\"2474\">Medizinisches Potenzial<\/strong><\/span><\/h3>\n<p data-start=\"2476\" data-end=\"2555\">Gushers wird h\u00e4ufig zur Unterst\u00fctzung bei verschiedenen Beschwerden eingesetzt:<\/p>\n<ul data-start=\"2557\" data-end=\"2642\">\n<li data-section-id=\"1kb316a\" data-start=\"2557\" data-end=\"2583\">Stress &amp; Angstzust\u00e4nde<\/li>\n<li data-section-id=\"l3khxp\" data-start=\"2584\" data-end=\"2600\">Depressionen<\/li>\n<li data-section-id=\"j7yvh3\" data-start=\"2601\" data-end=\"2625\">Chronische Schmerzen<\/li>\n<li data-section-id=\"w579e4\" data-start=\"2626\" data-end=\"2642\">Entz\u00fcndungen<\/li>\n<\/ul>\n<hr data-start=\"2644\" data-end=\"2647\" \/>\n<h3 data-section-id=\"49o9bs\" data-start=\"2649\" data-end=\"2675\"><span role=\"text\"><strong data-start=\"2653\" data-end=\"2675\">Anbauinformationen<\/strong><\/span><\/h3>\n<p data-start=\"2677\" data-end=\"2787\">Gushers ist eine anspruchsvollere Sorte, die sorgf\u00e4ltige Pflege ben\u00f6tigt, aber hochwertige Ergebnisse liefert.<\/p>\n<div class=\"TyagGW_tableContainer\">\n<div class=\"group TyagGW_tableWrapper flex flex-col-reverse w-fit\" tabindex=\"-1\">\n<table class=\"w-fit min-w-(--thread-content-width)\" data-start=\"2789\" data-end=\"3309\">\n<thead data-start=\"2789\" data-end=\"2847\">\n<tr data-start=\"2789\" data-end=\"2847\">\n<th class=\"\" data-start=\"2789\" data-end=\"2811\" data-col-size=\"sm\">Faktor<\/th>\n<th class=\"\" data-start=\"2811\" data-end=\"2847\" data-col-size=\"sm\">Details<\/th>\n<\/tr>\n<\/thead>\n<tbody data-start=\"2906\" data-end=\"3309\">\n<tr data-start=\"2906\" data-end=\"2963\">\n<td data-start=\"2906\" data-end=\"2928\" data-col-size=\"sm\">Schwierigkeitsgrad<\/td>\n<td data-start=\"2928\" data-end=\"2963\" data-col-size=\"sm\">Mittel bis anspruchsvoll<\/td>\n<\/tr>\n<tr data-start=\"2964\" data-end=\"3021\">\n<td data-start=\"2964\" data-end=\"2986\" data-col-size=\"sm\">Bl\u00fctezeit<\/td>\n<td data-start=\"2986\" data-end=\"3021\" data-col-size=\"sm\">51 \u2013 60 Tage<\/td>\n<\/tr>\n<tr data-start=\"3022\" data-end=\"3079\">\n<td data-start=\"3022\" data-end=\"3044\" data-col-size=\"sm\">Erntezeit<\/td>\n<td data-start=\"3044\" data-end=\"3079\" data-col-size=\"sm\">ca. 66 Tage<\/td>\n<\/tr>\n<tr data-start=\"3080\" data-end=\"3137\">\n<td data-start=\"3080\" data-end=\"3102\" data-col-size=\"sm\">Ertrag Indoor<\/td>\n<td data-start=\"3102\" data-end=\"3137\" data-col-size=\"sm\">1 \u2013 2 Oz\/Ft\u00b2 (~400 g\/m\u00b2)<\/td>\n<\/tr>\n<tr data-start=\"3138\" data-end=\"3195\">\n<td data-start=\"3138\" data-end=\"3160\" data-col-size=\"sm\">Ertrag Outdoor<\/td>\n<td data-start=\"3160\" data-end=\"3195\" data-col-size=\"sm\">15 \u2013 20 Oz\/Pflanze (~550 g)<\/td>\n<\/tr>\n<tr data-start=\"3196\" data-end=\"3252\">\n<td data-start=\"3196\" data-end=\"3218\" data-col-size=\"sm\">H\u00f6he<\/td>\n<td data-start=\"3218\" data-end=\"3252\" data-col-size=\"sm\">30 \u2013 60 cm<\/td>\n<\/tr>\n<tr data-start=\"3253\" data-end=\"3309\">\n<td data-start=\"3253\" data-end=\"3275\" data-col-size=\"sm\">Bl\u00fctetyp<\/td>\n<td data-start=\"3275\" data-end=\"3309\" data-col-size=\"sm\">Photoperiodisch<\/td>\n<\/tr>\n<\/tbody>\n<\/table>\n<\/div>\n<\/div>\n<hr data-start=\"3311\" data-end=\"3314\" \/>\n<h3 data-section-id=\"jfc70x\" data-start=\"3316\" data-end=\"3334\"><span role=\"text\"><strong data-start=\"3320\" data-end=\"3334\">Anbautipps<\/strong><\/span><\/h3>\n<ul data-start=\"3336\" data-end=\"3589\">\n<li data-section-id=\"oz2e0w\" data-start=\"3336\" data-end=\"3393\"><strong data-start=\"3338\" data-end=\"3348\">Licht:<\/strong> Starke LED- oder HID-Beleuchtung empfohlen<\/li>\n<li data-section-id=\"1qmd6xz\" data-start=\"3394\" data-end=\"3444\"><strong data-start=\"3396\" data-end=\"3406\">Klima:<\/strong> 20\u201325 \u00b0C, moderate Luftfeuchtigkeit<\/li>\n<li data-section-id=\"1cse38t\" data-start=\"3445\" data-end=\"3517\"><strong data-start=\"3447\" data-end=\"3459\">Support:<\/strong> Pflanzen k\u00f6nnen sich stark strecken \u2013 St\u00fctzen verwenden<\/li>\n<li data-section-id=\"drv9gj\" data-start=\"3518\" data-end=\"3589\"><strong data-start=\"3520\" data-end=\"3531\">Pflege:<\/strong> Regelm\u00e4\u00dfiges Beschneiden verbessert Ertrag und Qualit\u00e4t<\/li>\n<\/ul>\n<hr data-start=\"3591\" data-end=\"3594\" \/>\n<h3 data-section-id=\"10syapy\" data-start=\"3596\" data-end=\"3609\"><span role=\"text\"><strong data-start=\"3600\" data-end=\"3609\">Fazit<\/strong><\/span><\/h3>\n<p data-start=\"3611\" data-end=\"3818\">Gushers ist eine Premium-Hybrid-Sorte mit einzigartigem S\u00fc\u00dfigkeiten-Aroma und ausgewogener Wirkung. Ideal f\u00fcr Konsumenten, die ein intensives Geschmackserlebnis mit entspannender Wirkung kombinieren m\u00f6chten.<\/p>\n<hr data-start=\"3820\" data-end=\"3823\" \/>\n<p data-start=\"3825\" data-end=\"3970\" data-is-last-node=\"\" data-is-only-node=\"\"><strong data-start=\"3825\" data-end=\"3837\">Hinweis:<\/strong><br data-start=\"3837\" data-end=\"3840\" \/>Dieses Produkt dient ausschlie\u00dflich zu Informations- und Aromazwecken. Bitte beachte die gesetzlichen Bestimmungen in deinem Land.<\/p>","protected":false},"excerpt":{"rendered":"<p>Gushers \u2013 Premium THC Shop Gushers ist eine ausgewogene Hybrid-Sorte (50% Indica \/ 50% Sativa), die durch ihr s\u00fc\u00df-fruchtiges Aroma und ihre tief entspannende Wirkung \u00fcberzeugt. Diese exklusive Kreuzung aus Triangle Kush und Gelato #41 bietet ein intensives Geschmackserlebnis kombiniert mit einem angenehm starken High. Produkt\u00fcbersicht Eigenschaft Details Typ Hybrid (50% Indica \/ 50% Sativa) [&hellip;]<\/p>\n","protected":false},"featured_media":3978,"comment_status":"open","ping_status":"closed","template":"","meta":[],"product_brand":[],"product_cat":[15],"product_tag":[],"class_list":{"0":"post-3982","1":"product","2":"type-product","3":"status-publish","4":"has-post-thumbnail","6":"product_cat-gras","8":"first","9":"instock","10":"shipping-taxable","11":"purchasable","12":"product-type-variable"},"_links":{"self":[{"href":"https:\/\/premiumthcshop.de\/en\/wp-json\/wp\/v2\/product\/3982","targetHints":{"allow":["GET"]}}],"collection":[{"href":"https:\/\/premiumthcshop.de\/en\/wp-json\/wp\/v2\/product"}],"about":[{"href":"https:\/\/premiumthcshop.de\/en\/wp-json\/wp\/v2\/types\/product"}],"replies":[{"embeddable":true,"href":"https:\/\/premiumthcshop.de\/en\/wp-json\/wp\/v2\/comments?post=3982"}],"wp:featuredmedia":[{"embeddable":true,"href":"https:\/\/premiumthcshop.de\/en\/wp-json\/wp\/v2\/media\/3978"}],"wp:attachment":[{"href":"https:\/\/premiumthcshop.de\/en\/wp-json\/wp\/v2\/media?parent=3982"}],"wp:term":[{"taxonomy":"product_brand","embeddable":true,"href":"https:\/\/premiumthcshop.de\/en\/wp-json\/wp\/v2\/product_brand?post=3982"},{"taxonomy":"product_cat","embeddable":true,"href":"https:\/\/premiumthcshop.de\/en\/wp-json\/wp\/v2\/product_cat?post=3982"},{"taxonomy":"product_tag","embeddable":true,"href":"https:\/\/premiumthcshop.de\/en\/wp-json\/wp\/v2\/product_tag?post=3982"}],"curies":[{"name":"wp","href":"https:\/\/api.w.org\/{rel}","templated":true}]}}