{"id":3993,"date":"2026-04-03T13:00:11","date_gmt":"2026-04-03T13:00:11","guid":{"rendered":"https:\/\/premiumthcshop.de\/?post_type=product&#038;p=3993"},"modified":"2026-04-03T13:00:20","modified_gmt":"2026-04-03T13:00:20","slug":"granddaddy-purple","status":"publish","type":"product","link":"https:\/\/premiumthcshop.de\/en\/product\/granddaddy-purple\/","title":{"rendered":"Granddaddy Purple"},"content":{"rendered":"<p data-start=\"0\" data-end=\"40\"><strong data-start=\"0\" data-end=\"40\">Granddaddy Purple \u2013 Premium THC Shop<\/strong><\/p>\n<p data-start=\"42\" data-end=\"327\">Granddaddy Purple (GDP) ist eine legend\u00e4re, indica-dominante Sorte, bekannt f\u00fcr ihre tief entspannende Wirkung und ihr intensives Beerenaroma. Diese kraftvolle Kreuzung aus Big Bud und Purple Urkle geh\u00f6rt zu den Klassikern unter den Premium-Strains und ist ideal f\u00fcr entspannte Abende.<\/p>\n<hr data-start=\"329\" data-end=\"332\" \/>\n<h3 data-section-id=\"bw2iix\" data-start=\"334\" data-end=\"358\"><span role=\"text\"><strong data-start=\"338\" data-end=\"358\">Produkt\u00fcbersicht<\/strong><\/span><\/h3>\n<div class=\"TyagGW_tableContainer\">\n<div class=\"group TyagGW_tableWrapper flex flex-col-reverse w-fit\" tabindex=\"-1\">\n<table class=\"w-fit min-w-(--thread-content-width)\" data-start=\"360\" data-end=\"901\">\n<thead data-start=\"360\" data-end=\"421\">\n<tr data-start=\"360\" data-end=\"421\">\n<th class=\"\" data-start=\"360\" data-end=\"385\" data-col-size=\"sm\">Eigenschaft<\/th>\n<th class=\"\" data-start=\"385\" data-end=\"421\" data-col-size=\"sm\">Details<\/th>\n<\/tr>\n<\/thead>\n<tbody data-start=\"482\" data-end=\"901\">\n<tr data-start=\"482\" data-end=\"541\">\n<td data-start=\"482\" data-end=\"506\" data-col-size=\"sm\">Typ<\/td>\n<td data-start=\"506\" data-end=\"541\" data-col-size=\"sm\">Indica-dominanter Hybrid<\/td>\n<\/tr>\n<tr data-start=\"542\" data-end=\"601\">\n<td data-start=\"542\" data-end=\"566\" data-col-size=\"sm\">Cannabinoid<\/td>\n<td data-start=\"566\" data-end=\"601\" data-col-size=\"sm\">THC-dominant<\/td>\n<\/tr>\n<tr data-start=\"602\" data-end=\"661\">\n<td data-start=\"602\" data-end=\"626\" data-col-size=\"sm\">THC-Gehalt<\/td>\n<td data-start=\"626\" data-end=\"661\" data-col-size=\"sm\">19,67 \u2013 24,33 %<\/td>\n<\/tr>\n<tr data-start=\"662\" data-end=\"721\">\n<td data-start=\"662\" data-end=\"686\" data-col-size=\"sm\">CBD-Gehalt<\/td>\n<td data-start=\"686\" data-end=\"721\" data-col-size=\"sm\">0,54 \u2013 0,91 %<\/td>\n<\/tr>\n<tr data-start=\"722\" data-end=\"781\">\n<td data-start=\"722\" data-end=\"746\" data-col-size=\"sm\">Geschmack<\/td>\n<td data-start=\"746\" data-end=\"781\" data-col-size=\"sm\">Beere, s\u00fc\u00df, Traube<\/td>\n<\/tr>\n<tr data-start=\"782\" data-end=\"841\">\n<td data-start=\"782\" data-end=\"806\" data-col-size=\"sm\">Wirkung<\/td>\n<td data-start=\"806\" data-end=\"841\" data-col-size=\"sm\">Schl\u00e4frig, entspannend<\/td>\n<\/tr>\n<tr data-start=\"842\" data-end=\"901\">\n<td data-start=\"842\" data-end=\"866\" data-col-size=\"sm\">Nebenwirkungen<\/td>\n<td data-col-size=\"sm\" data-start=\"866\" data-end=\"901\">Trockener Mund &amp; Durst<\/td>\n<\/tr>\n<\/tbody>\n<\/table>\n<\/div>\n<\/div>\n<hr data-start=\"903\" data-end=\"906\" \/>\n<h3 data-section-id=\"kra2ha\" data-start=\"908\" data-end=\"933\"><span role=\"text\"><strong data-start=\"912\" data-end=\"933\">Aroma &amp; Geschmack<\/strong><\/span><\/h3>\n<p data-start=\"935\" data-end=\"1033\">Granddaddy Purple \u00fcberzeugt mit einem intensiven, fruchtigen Duftprofil, das sofort erkennbar ist.<\/p>\n<p data-start=\"1035\" data-end=\"1056\"><strong data-start=\"1035\" data-end=\"1056\">Geschmacksprofil:<\/strong><\/p>\n<ul data-start=\"1057\" data-end=\"1143\">\n<li data-section-id=\"pi3ubq\" data-start=\"1057\" data-end=\"1072\">S\u00fc\u00dfe Beeren<\/li>\n<li data-section-id=\"dmlxnn\" data-start=\"1073\" data-end=\"1101\">Trauben- und Candy-Noten<\/li>\n<li data-section-id=\"1jj20ht\" data-start=\"1102\" data-end=\"1143\">Erdige &amp; leicht kiefernartige Nuancen<\/li>\n<\/ul>\n<p data-start=\"1145\" data-end=\"1245\">Beim Rauchen entfaltet sich ein weicher, vollmundiger Geschmack mit einer angenehmen S\u00fc\u00dfe im Abgang.<\/p>\n<hr data-start=\"1247\" data-end=\"1250\" \/>\n<h3 data-section-id=\"mugcyp\" data-start=\"1252\" data-end=\"1276\"><span role=\"text\"><strong data-start=\"1256\" data-end=\"1276\">Wirkung &amp; Potenz<\/strong><\/span><\/h3>\n<p data-start=\"1278\" data-end=\"1357\">Mit einem THC-Gehalt von bis zu 24 % geh\u00f6rt GDP zu den st\u00e4rkeren Indica-Sorten.<\/p>\n<p data-start=\"1359\" data-end=\"1380\"><strong data-start=\"1359\" data-end=\"1380\">Typische Effekte:<\/strong><\/p>\n<ul data-start=\"1381\" data-end=\"1491\">\n<li data-section-id=\"1jdvq8h\" data-start=\"1381\" data-end=\"1414\">Tiefe k\u00f6rperliche Entspannung<\/li>\n<li data-section-id=\"9h9892\" data-start=\"1415\" data-end=\"1447\">Schl\u00e4frigkeit (\u201eCouch-Lock\u201c)<\/li>\n<li data-section-id=\"3cbr6v\" data-start=\"1448\" data-end=\"1475\">Euphorie &amp; mentale Ruhe<\/li>\n<li data-section-id=\"u1ibm5\" data-start=\"1476\" data-end=\"1491\">Stressabbau<\/li>\n<\/ul>\n<p data-start=\"1493\" data-end=\"1568\">Diese Sorte eignet sich besonders f\u00fcr den Abend oder vor dem Schlafengehen.<\/p>\n<p data-start=\"1570\" data-end=\"1598\"><strong data-start=\"1570\" data-end=\"1598\">M\u00f6gliche Nebenwirkungen:<\/strong><\/p>\n<ul data-start=\"1599\" data-end=\"1681\">\n<li data-section-id=\"8d0ef\" data-start=\"1599\" data-end=\"1617\">Trockener Mund<\/li>\n<li data-section-id=\"zwyakc\" data-start=\"1618\" data-end=\"1632\">Rote Augen<\/li>\n<li data-section-id=\"vxw3gt\" data-start=\"1633\" data-end=\"1646\">Schwindel<\/li>\n<li data-section-id=\"x6n90u\" data-start=\"1647\" data-end=\"1681\">Paranoia (bei hoher Dosierung)<\/li>\n<\/ul>\n<hr data-start=\"1683\" data-end=\"1686\" \/>\n<h3 data-section-id=\"17mmarl\" data-start=\"1688\" data-end=\"1714\"><span role=\"text\"><strong data-start=\"1692\" data-end=\"1714\">Cannabinoid-Profil<\/strong><\/span><\/h3>\n<div class=\"TyagGW_tableContainer\">\n<div class=\"group TyagGW_tableWrapper flex flex-col-reverse w-fit\" tabindex=\"-1\">\n<table class=\"w-fit min-w-(--thread-content-width)\" data-start=\"1716\" data-end=\"1989\">\n<thead data-start=\"1716\" data-end=\"1751\">\n<tr data-start=\"1716\" data-end=\"1751\">\n<th class=\"\" data-start=\"1716\" data-end=\"1730\" data-col-size=\"sm\">Cannabinoid<\/th>\n<th class=\"\" data-start=\"1730\" data-end=\"1751\" data-col-size=\"sm\">Gehalt<\/th>\n<\/tr>\n<\/thead>\n<tbody data-start=\"1786\" data-end=\"1989\">\n<tr data-start=\"1786\" data-end=\"1819\">\n<td data-start=\"1786\" data-end=\"1799\" data-col-size=\"sm\">THC<\/td>\n<td data-start=\"1799\" data-end=\"1819\" data-col-size=\"sm\">19,67 \u2013 24,33 %<\/td>\n<\/tr>\n<tr data-start=\"1820\" data-end=\"1853\">\n<td data-start=\"1820\" data-end=\"1833\" data-col-size=\"sm\">CBD<\/td>\n<td data-start=\"1833\" data-end=\"1853\" data-col-size=\"sm\">0,54 \u2013 0,91 %<\/td>\n<\/tr>\n<tr data-start=\"1854\" data-end=\"1887\">\n<td data-start=\"1854\" data-end=\"1867\" data-col-size=\"sm\">CBC<\/td>\n<td data-start=\"1867\" data-end=\"1887\" data-col-size=\"sm\">0,27 \u2013 0,89 %<\/td>\n<\/tr>\n<tr data-start=\"1888\" data-end=\"1921\">\n<td data-start=\"1888\" data-end=\"1901\" data-col-size=\"sm\">CBG<\/td>\n<td data-start=\"1901\" data-end=\"1921\" data-col-size=\"sm\">0,13 \u2013 1,54 %<\/td>\n<\/tr>\n<tr data-start=\"1922\" data-end=\"1955\">\n<td data-start=\"1922\" data-end=\"1935\" data-col-size=\"sm\">CBN<\/td>\n<td data-start=\"1935\" data-end=\"1955\" data-col-size=\"sm\">0,2 %<\/td>\n<\/tr>\n<tr data-start=\"1956\" data-end=\"1989\">\n<td data-start=\"1956\" data-end=\"1969\" data-col-size=\"sm\">THCV<\/td>\n<td data-start=\"1969\" data-end=\"1989\" data-col-size=\"sm\">0,3 \u2013 1,35 %<\/td>\n<\/tr>\n<\/tbody>\n<\/table>\n<\/div>\n<\/div>\n<hr data-start=\"1991\" data-end=\"1994\" \/>\n<h3 data-section-id=\"47zo5s\" data-start=\"1996\" data-end=\"2016\"><span role=\"text\"><strong data-start=\"2000\" data-end=\"2016\">Terpenprofil<\/strong><\/span><\/h3>\n<div class=\"TyagGW_tableContainer\">\n<div class=\"group TyagGW_tableWrapper flex flex-col-reverse w-fit\" tabindex=\"-1\">\n<table class=\"w-fit min-w-(--thread-content-width)\" data-start=\"2018\" data-end=\"2233\">\n<thead data-start=\"2018\" data-end=\"2044\">\n<tr data-start=\"2018\" data-end=\"2044\">\n<th class=\"\" data-start=\"2018\" data-end=\"2034\" data-col-size=\"sm\">Terpen<\/th>\n<th class=\"\" data-start=\"2034\" data-end=\"2044\" data-col-size=\"sm\">Anteil<\/th>\n<\/tr>\n<\/thead>\n<tbody data-start=\"2072\" data-end=\"2233\">\n<tr data-start=\"2072\" data-end=\"2098\">\n<td data-start=\"2072\" data-end=\"2088\" data-col-size=\"sm\">Camphen<\/td>\n<td data-start=\"2088\" data-end=\"2098\" data-col-size=\"sm\">0,28 %<\/td>\n<\/tr>\n<tr data-start=\"2099\" data-end=\"2125\">\n<td data-start=\"2099\" data-end=\"2115\" data-col-size=\"sm\">Linalool<\/td>\n<td data-start=\"2115\" data-end=\"2125\" data-col-size=\"sm\">0,28 %<\/td>\n<\/tr>\n<tr data-start=\"2126\" data-end=\"2152\">\n<td data-start=\"2126\" data-end=\"2142\" data-col-size=\"sm\">Pinene<\/td>\n<td data-start=\"2142\" data-end=\"2152\" data-col-size=\"sm\">0,14 %<\/td>\n<\/tr>\n<tr data-start=\"2153\" data-end=\"2179\">\n<td data-start=\"2153\" data-end=\"2169\" data-col-size=\"sm\">Geraniol<\/td>\n<td data-start=\"2169\" data-end=\"2179\" data-col-size=\"sm\">0,14 %<\/td>\n<\/tr>\n<tr data-start=\"2180\" data-end=\"2206\">\n<td data-start=\"2180\" data-end=\"2196\" data-col-size=\"sm\">Bisabolol<\/td>\n<td data-start=\"2196\" data-end=\"2206\" data-col-size=\"sm\">0,14 %<\/td>\n<\/tr>\n<tr data-start=\"2207\" data-end=\"2233\">\n<td data-start=\"2207\" data-end=\"2223\" data-col-size=\"sm\">Limonen<\/td>\n<td data-start=\"2223\" data-end=\"2233\" data-col-size=\"sm\">0,03 %<\/td>\n<\/tr>\n<\/tbody>\n<\/table>\n<\/div>\n<\/div>\n<p data-start=\"2235\" data-end=\"2269\"><strong data-start=\"2235\" data-end=\"2258\">Gesamtterpengehalt:<\/strong> ca. 1,01 %<\/p>\n<hr data-start=\"2271\" data-end=\"2274\" \/>\n<h3 data-section-id=\"163lqf\" data-start=\"2276\" data-end=\"2307\"><span role=\"text\"><strong data-start=\"2280\" data-end=\"2307\">Medizinisches Potenzial<\/strong><\/span><\/h3>\n<p data-start=\"2309\" data-end=\"2386\">Granddaddy Purple wird h\u00e4ufig zur Linderung folgender Beschwerden eingesetzt:<\/p>\n<ul data-start=\"2388\" data-end=\"2543\">\n<li data-section-id=\"1kb316a\" data-start=\"2388\" data-end=\"2414\">Stress &amp; Angstzust\u00e4nde<\/li>\n<li data-section-id=\"pjtdab\" data-start=\"2415\" data-end=\"2445\">Schlaflosigkeit (Insomnie)<\/li>\n<li data-section-id=\"j7yvh3\" data-start=\"2446\" data-end=\"2470\">Chronische Schmerzen<\/li>\n<li data-section-id=\"i7v6f6\" data-start=\"2471\" data-end=\"2488\">Muskelkr\u00e4mpfe<\/li>\n<li data-section-id=\"z55zl4\" data-start=\"2489\" data-end=\"2509\">Appetitlosigkeit<\/li>\n<li data-section-id=\"ihm4k6\" data-start=\"2510\" data-end=\"2521\">Migr\u00e4ne<\/li>\n<li data-section-id=\"8h2etv\" data-start=\"2522\" data-end=\"2543\">PTSD &amp; Depression<\/li>\n<\/ul>\n<hr data-start=\"2545\" data-end=\"2548\" \/>\n<h3 data-section-id=\"49o9bs\" data-start=\"2550\" data-end=\"2576\"><span role=\"text\"><strong data-start=\"2554\" data-end=\"2576\">Anbauinformationen<\/strong><\/span><\/h3>\n<p data-start=\"2578\" data-end=\"2674\">GDP ist relativ pflegeleicht, ben\u00f6tigt jedoch grundlegendes Wissen \u00fcber N\u00e4hrstoffe und Umgebung.<\/p>\n<div class=\"TyagGW_tableContainer\">\n<div class=\"group TyagGW_tableWrapper flex flex-col-reverse w-fit\" tabindex=\"-1\">\n<table class=\"w-fit min-w-(--thread-content-width)\" data-start=\"2676\" data-end=\"3196\">\n<thead data-start=\"2676\" data-end=\"2734\">\n<tr data-start=\"2676\" data-end=\"2734\">\n<th class=\"\" data-start=\"2676\" data-end=\"2698\" data-col-size=\"sm\">Faktor<\/th>\n<th class=\"\" data-start=\"2698\" data-end=\"2734\" data-col-size=\"sm\">Details<\/th>\n<\/tr>\n<\/thead>\n<tbody data-start=\"2793\" data-end=\"3196\">\n<tr data-start=\"2793\" data-end=\"2850\">\n<td data-start=\"2793\" data-end=\"2815\" data-col-size=\"sm\">Schwierigkeitsgrad<\/td>\n<td data-start=\"2815\" data-end=\"2850\" data-col-size=\"sm\">Mittel<\/td>\n<\/tr>\n<tr data-start=\"2851\" data-end=\"2908\">\n<td data-start=\"2851\" data-end=\"2873\" data-col-size=\"sm\">Bl\u00fctezeit<\/td>\n<td data-start=\"2873\" data-end=\"2908\" data-col-size=\"sm\">49 \u2013 63 Tage<\/td>\n<\/tr>\n<tr data-start=\"2909\" data-end=\"2966\">\n<td data-start=\"2909\" data-end=\"2931\" data-col-size=\"sm\">Erntezeit<\/td>\n<td data-start=\"2931\" data-end=\"2966\" data-col-size=\"sm\">ca. 69 Tage<\/td>\n<\/tr>\n<tr data-start=\"2967\" data-end=\"3024\">\n<td data-start=\"2967\" data-end=\"2989\" data-col-size=\"sm\">Ertrag Indoor<\/td>\n<td data-start=\"2989\" data-end=\"3024\" data-col-size=\"sm\">1 \u2013 2 Oz\/Ft\u00b2 (~400 g\/m\u00b2)<\/td>\n<\/tr>\n<tr data-start=\"3025\" data-end=\"3082\">\n<td data-start=\"3025\" data-end=\"3047\" data-col-size=\"sm\">Ertrag Outdoor<\/td>\n<td data-start=\"3047\" data-end=\"3082\" data-col-size=\"sm\">15 \u2013 20 Oz\/Pflanze (~550 g)<\/td>\n<\/tr>\n<tr data-start=\"3083\" data-end=\"3139\">\n<td data-start=\"3083\" data-end=\"3105\" data-col-size=\"sm\">H\u00f6he<\/td>\n<td data-start=\"3105\" data-end=\"3139\" data-col-size=\"sm\">30 \u2013 60 cm<\/td>\n<\/tr>\n<tr data-start=\"3140\" data-end=\"3196\">\n<td data-start=\"3140\" data-end=\"3162\" data-col-size=\"sm\">Bl\u00fctetyp<\/td>\n<td data-start=\"3162\" data-end=\"3196\" data-col-size=\"sm\">Photoperiodisch<\/td>\n<\/tr>\n<\/tbody>\n<\/table>\n<\/div>\n<\/div>\n<hr data-start=\"3198\" data-end=\"3201\" \/>\n<h3 data-section-id=\"jfc70x\" data-start=\"3203\" data-end=\"3221\"><span role=\"text\"><strong data-start=\"3207\" data-end=\"3221\">Anbautipps<\/strong><\/span><\/h3>\n<ul data-start=\"3223\" data-end=\"3466\">\n<li data-section-id=\"ofs4a0\" data-start=\"3223\" data-end=\"3282\"><strong data-start=\"3225\" data-end=\"3235\">Licht:<\/strong> Mindestens 600W Beleuchtung f\u00fcr Indoor-Anbau<\/li>\n<li data-section-id=\"6tokyf\" data-start=\"3283\" data-end=\"3340\"><strong data-start=\"3285\" data-end=\"3294\">Erde:<\/strong> Hochwertige, n\u00e4hrstoffreiche Erde verwenden<\/li>\n<li data-section-id=\"9dwkjl\" data-start=\"3341\" data-end=\"3400\"><strong data-start=\"3343\" data-end=\"3358\">N\u00e4hrstoffe:<\/strong> Ausgewogene Versorgung ist entscheidend<\/li>\n<li data-section-id=\"mvb439\" data-start=\"3401\" data-end=\"3466\"><strong data-start=\"3403\" data-end=\"3414\">Pflege:<\/strong> Regelm\u00e4\u00dfige Kontrolle verhindert Ungleichgewichte<\/li>\n<\/ul>\n<hr data-start=\"3468\" data-end=\"3471\" \/>\n<h3 data-section-id=\"10syapy\" data-start=\"3473\" data-end=\"3486\"><span role=\"text\"><strong data-start=\"3477\" data-end=\"3486\">Fazit<\/strong><\/span><\/h3>\n<p data-start=\"3488\" data-end=\"3683\">Granddaddy Purple ist eine ikonische Indica-Sorte mit stark beruhigender Wirkung und unverwechselbarem Beerenaroma. Perfekt f\u00fcr alle, die intensive Entspannung und einen erholsamen Schlaf suchen.<\/p>\n<hr data-start=\"3685\" data-end=\"3688\" \/>\n<p data-start=\"3690\" data-end=\"3835\" data-is-last-node=\"\" data-is-only-node=\"\"><strong data-start=\"3690\" data-end=\"3702\">Hinweis:<\/strong><br data-start=\"3702\" data-end=\"3705\" \/>Dieses Produkt dient ausschlie\u00dflich zu Informations- und Aromazwecken. Bitte beachte die gesetzlichen Bestimmungen in deinem Land.<\/p>","protected":false},"excerpt":{"rendered":"<p>Granddaddy Purple \u2013 Premium THC Shop Granddaddy Purple (GDP) ist eine legend\u00e4re, indica-dominante Sorte, bekannt f\u00fcr ihre tief entspannende Wirkung und ihr intensives Beerenaroma. Diese kraftvolle Kreuzung aus Big Bud und Purple Urkle geh\u00f6rt zu den Klassikern unter den Premium-Strains und ist ideal f\u00fcr entspannte Abende. Produkt\u00fcbersicht Eigenschaft Details Typ Indica-dominanter Hybrid Cannabinoid THC-dominant THC-Gehalt [&hellip;]<\/p>\n","protected":false},"featured_media":3970,"comment_status":"open","ping_status":"closed","template":"","meta":[],"product_brand":[],"product_cat":[15],"product_tag":[],"class_list":{"0":"post-3993","1":"product","2":"type-product","3":"status-publish","4":"has-post-thumbnail","6":"product_cat-gras","8":"first","9":"instock","10":"shipping-taxable","11":"purchasable","12":"product-type-variable"},"_links":{"self":[{"href":"https:\/\/premiumthcshop.de\/en\/wp-json\/wp\/v2\/product\/3993","targetHints":{"allow":["GET"]}}],"collection":[{"href":"https:\/\/premiumthcshop.de\/en\/wp-json\/wp\/v2\/product"}],"about":[{"href":"https:\/\/premiumthcshop.de\/en\/wp-json\/wp\/v2\/types\/product"}],"replies":[{"embeddable":true,"href":"https:\/\/premiumthcshop.de\/en\/wp-json\/wp\/v2\/comments?post=3993"}],"wp:featuredmedia":[{"embeddable":true,"href":"https:\/\/premiumthcshop.de\/en\/wp-json\/wp\/v2\/media\/3970"}],"wp:attachment":[{"href":"https:\/\/premiumthcshop.de\/en\/wp-json\/wp\/v2\/media?parent=3993"}],"wp:term":[{"taxonomy":"product_brand","embeddable":true,"href":"https:\/\/premiumthcshop.de\/en\/wp-json\/wp\/v2\/product_brand?post=3993"},{"taxonomy":"product_cat","embeddable":true,"href":"https:\/\/premiumthcshop.de\/en\/wp-json\/wp\/v2\/product_cat?post=3993"},{"taxonomy":"product_tag","embeddable":true,"href":"https:\/\/premiumthcshop.de\/en\/wp-json\/wp\/v2\/product_tag?post=3993"}],"curies":[{"name":"wp","href":"https:\/\/api.w.org\/{rel}","templated":true}]}}