{"id":4003,"date":"2026-04-03T13:07:57","date_gmt":"2026-04-03T13:07:57","guid":{"rendered":"https:\/\/premiumthcshop.de\/?post_type=product&#038;p=4003"},"modified":"2026-04-03T13:07:57","modified_gmt":"2026-04-03T13:07:57","slug":"tropicana-cherry","status":"publish","type":"product","link":"https:\/\/premiumthcshop.de\/en\/product\/tropicana-cherry\/","title":{"rendered":"Tropicana Cherry"},"content":{"rendered":"<p data-start=\"0\" data-end=\"39\"><strong data-start=\"0\" data-end=\"39\">Tropicana Cherry \u2013 Premium THC Shop<\/strong><\/p>\n<p data-start=\"41\" data-end=\"325\">Tropicana Cherry ist ein sativa-dominanter Hybrid (60% Sativa \/ 40% Indica), der f\u00fcr sein intensives Zitrusaroma und seine euphorische Wirkung bekannt ist. Diese exotische Kreuzung aus Tropicana Cookies und Cherry Cookies liefert ein fruchtiges Geschmackserlebnis mit belebendem High.<\/p>\n<hr data-start=\"327\" data-end=\"330\" \/>\n<h3 data-section-id=\"bw2iix\" data-start=\"332\" data-end=\"356\"><span role=\"text\"><strong data-start=\"336\" data-end=\"356\">Produkt\u00fcbersicht<\/strong><\/span><\/h3>\n<div class=\"TyagGW_tableContainer\">\n<div class=\"group TyagGW_tableWrapper flex flex-col-reverse w-fit\" tabindex=\"-1\">\n<table class=\"w-fit min-w-(--thread-content-width)\" data-start=\"358\" data-end=\"909\">\n<thead data-start=\"358\" data-end=\"419\">\n<tr data-start=\"358\" data-end=\"419\">\n<th class=\"\" data-start=\"358\" data-end=\"383\" data-col-size=\"sm\">Eigenschaft<\/th>\n<th class=\"\" data-start=\"383\" data-end=\"419\" data-col-size=\"sm\">Details<\/th>\n<\/tr>\n<\/thead>\n<tbody data-start=\"480\" data-end=\"909\">\n<tr data-start=\"480\" data-end=\"540\">\n<td data-start=\"480\" data-end=\"504\" data-col-size=\"sm\">Typ<\/td>\n<td data-start=\"504\" data-end=\"540\" data-col-size=\"sm\">Sativa-dominanter Hybrid (60\/40)<\/td>\n<\/tr>\n<tr data-start=\"541\" data-end=\"600\">\n<td data-start=\"541\" data-end=\"565\" data-col-size=\"sm\">Cannabinoid<\/td>\n<td data-start=\"565\" data-end=\"600\" data-col-size=\"sm\">THC-dominant<\/td>\n<\/tr>\n<tr data-start=\"601\" data-end=\"660\">\n<td data-start=\"601\" data-end=\"625\" data-col-size=\"sm\">THC-Gehalt<\/td>\n<td data-start=\"625\" data-end=\"660\" data-col-size=\"sm\">16 \u2013 21 %<\/td>\n<\/tr>\n<tr data-start=\"661\" data-end=\"720\">\n<td data-start=\"661\" data-end=\"685\" data-col-size=\"sm\">CBD-Gehalt<\/td>\n<td data-start=\"685\" data-end=\"720\" data-col-size=\"sm\">0,5 \u2013 0,64 %<\/td>\n<\/tr>\n<tr data-start=\"721\" data-end=\"780\">\n<td data-start=\"721\" data-end=\"745\" data-col-size=\"sm\">Geschmack<\/td>\n<td data-start=\"745\" data-end=\"780\" data-col-size=\"sm\">Orange, s\u00fc\u00df, fruchtig<\/td>\n<\/tr>\n<tr data-start=\"781\" data-end=\"849\">\n<td data-start=\"781\" data-end=\"805\" data-col-size=\"sm\">Wirkung<\/td>\n<td data-start=\"805\" data-end=\"849\" data-col-size=\"sm\">Euphorisch, erhebend, leicht entspannend<\/td>\n<\/tr>\n<tr data-start=\"850\" data-end=\"909\">\n<td data-start=\"850\" data-end=\"874\" data-col-size=\"sm\">Nebenwirkungen<\/td>\n<td data-start=\"874\" data-end=\"909\" data-col-size=\"sm\">Schwindel, trockener Mund<\/td>\n<\/tr>\n<\/tbody>\n<\/table>\n<\/div>\n<\/div>\n<hr data-start=\"911\" data-end=\"914\" \/>\n<h3 data-section-id=\"kra2ha\" data-start=\"916\" data-end=\"941\"><span role=\"text\"><strong data-start=\"920\" data-end=\"941\">Aroma &amp; Geschmack<\/strong><\/span><\/h3>\n<p data-start=\"943\" data-end=\"1041\">Tropicana Cherry begeistert mit einem intensiven, tropisch-fruchtigen Profil, das sofort auff\u00e4llt.<\/p>\n<p data-start=\"1043\" data-end=\"1064\"><strong data-start=\"1043\" data-end=\"1064\">Geschmacksprofil:<\/strong><\/p>\n<ul data-start=\"1065\" data-end=\"1180\">\n<li data-section-id=\"1ykoh3n\" data-start=\"1065\" data-end=\"1097\">Frische Orange &amp; Zitrusnoten<\/li>\n<li data-section-id=\"8pwogc\" data-start=\"1098\" data-end=\"1144\">S\u00fc\u00dfe Fr\u00fcchte (Pfirsich, Aprikose, Pflaume)<\/li>\n<li data-section-id=\"wpvyw5\" data-start=\"1145\" data-end=\"1180\">Leicht nussige &amp; erdige Nuancen<\/li>\n<\/ul>\n<p data-start=\"1182\" data-end=\"1314\">Die dominante Zitrusnote stammt haupts\u00e4chlich vom Terpen <strong data-start=\"1239\" data-end=\"1250\">Limonen<\/strong>, w\u00e4hrend <strong data-start=\"1260\" data-end=\"1270\">Myrcen<\/strong> und <strong data-start=\"1275\" data-end=\"1287\">Linalool<\/strong> f\u00fcr S\u00fc\u00dfe und Tiefe sorgen.<\/p>\n<hr data-start=\"1316\" data-end=\"1319\" \/>\n<h3 data-section-id=\"mugcyp\" data-start=\"1321\" data-end=\"1345\"><span role=\"text\"><strong data-start=\"1325\" data-end=\"1345\">Wirkung &amp; Potenz<\/strong><\/span><\/h3>\n<p data-start=\"1347\" data-end=\"1450\">Mit moderatem THC-Gehalt ist Tropicana Cherry sowohl f\u00fcr Einsteiger als auch erfahrene Nutzer geeignet.<\/p>\n<p data-start=\"1452\" data-end=\"1473\"><strong data-start=\"1452\" data-end=\"1473\">Typische Effekte:<\/strong><\/p>\n<ul data-start=\"1474\" data-end=\"1600\">\n<li data-section-id=\"1viho1z\" data-start=\"1474\" data-end=\"1499\">Euphorie &amp; gute Laune<\/li>\n<li data-section-id=\"7sdnd9\" data-start=\"1500\" data-end=\"1538\">Mentale Leichtigkeit &amp; Kreativit\u00e4t<\/li>\n<li data-section-id=\"mz5gzi\" data-start=\"1539\" data-end=\"1566\">Leichtes K\u00f6rperkribbeln<\/li>\n<li data-section-id=\"z2vijj\" data-start=\"1567\" data-end=\"1600\">Entspannter, aber klarer Kopf<\/li>\n<\/ul>\n<p data-start=\"1602\" data-end=\"1670\">Diese Sorte eignet sich gut f\u00fcr den Tag oder entspannte Aktivit\u00e4ten.<\/p>\n<p data-start=\"1672\" data-end=\"1700\"><strong data-start=\"1672\" data-end=\"1700\">M\u00f6gliche Nebenwirkungen:<\/strong><\/p>\n<ul data-start=\"1701\" data-end=\"1811\">\n<li data-section-id=\"vxw3gt\" data-start=\"1701\" data-end=\"1714\">Schwindel<\/li>\n<li data-section-id=\"13l0m0m\" data-start=\"1715\" data-end=\"1750\">Trockener Mund &amp; trockene Augen<\/li>\n<li data-section-id=\"ei5af0\" data-start=\"1751\" data-end=\"1775\">Herzklopfen (selten)<\/li>\n<li data-section-id=\"fglh6q\" data-start=\"1776\" data-end=\"1811\">M\u00fcdigkeit bei h\u00f6herer Dosierung<\/li>\n<\/ul>\n<hr data-start=\"1813\" data-end=\"1816\" \/>\n<h3 data-section-id=\"17mmarl\" data-start=\"1818\" data-end=\"1844\"><span role=\"text\"><strong data-start=\"1822\" data-end=\"1844\">Cannabinoid-Profil<\/strong><\/span><\/h3>\n<div class=\"TyagGW_tableContainer\">\n<div class=\"group TyagGW_tableWrapper flex flex-col-reverse w-fit\" tabindex=\"-1\">\n<table class=\"w-fit min-w-(--thread-content-width)\" data-start=\"1846\" data-end=\"2119\">\n<thead data-start=\"1846\" data-end=\"1881\">\n<tr data-start=\"1846\" data-end=\"1881\">\n<th class=\"\" data-start=\"1846\" data-end=\"1860\" data-col-size=\"sm\">Cannabinoid<\/th>\n<th class=\"\" data-start=\"1860\" data-end=\"1881\" data-col-size=\"sm\">Gehalt<\/th>\n<\/tr>\n<\/thead>\n<tbody data-start=\"1916\" data-end=\"2119\">\n<tr data-start=\"1916\" data-end=\"1949\">\n<td data-start=\"1916\" data-end=\"1929\" data-col-size=\"sm\">THC<\/td>\n<td data-start=\"1929\" data-end=\"1949\" data-col-size=\"sm\">16 \u2013 21 %<\/td>\n<\/tr>\n<tr data-start=\"1950\" data-end=\"1983\">\n<td data-start=\"1950\" data-end=\"1963\" data-col-size=\"sm\">CBD<\/td>\n<td data-col-size=\"sm\" data-start=\"1963\" data-end=\"1983\">0,5 \u2013 0,64 %<\/td>\n<\/tr>\n<tr data-start=\"1984\" data-end=\"2017\">\n<td data-start=\"1984\" data-end=\"1997\" data-col-size=\"sm\">CBC<\/td>\n<td data-start=\"1997\" data-end=\"2017\" data-col-size=\"sm\">0,19 \u2013 0,29 %<\/td>\n<\/tr>\n<tr data-start=\"2018\" data-end=\"2051\">\n<td data-start=\"2018\" data-end=\"2031\" data-col-size=\"sm\">CBG<\/td>\n<td data-start=\"2031\" data-end=\"2051\" data-col-size=\"sm\">0,04 \u2013 0,19 %<\/td>\n<\/tr>\n<tr data-start=\"2052\" data-end=\"2085\">\n<td data-start=\"2052\" data-end=\"2065\" data-col-size=\"sm\">CBN<\/td>\n<td data-start=\"2065\" data-end=\"2085\" data-col-size=\"sm\">0,15 \u2013 0,27 %<\/td>\n<\/tr>\n<tr data-start=\"2086\" data-end=\"2119\">\n<td data-start=\"2086\" data-end=\"2099\" data-col-size=\"sm\">THCV<\/td>\n<td data-start=\"2099\" data-end=\"2119\" data-col-size=\"sm\">0,1 \u2013 0,2 %<\/td>\n<\/tr>\n<\/tbody>\n<\/table>\n<\/div>\n<\/div>\n<hr data-start=\"2121\" data-end=\"2124\" \/>\n<h3 data-section-id=\"47zo5s\" data-start=\"2126\" data-end=\"2146\"><span role=\"text\"><strong data-start=\"2130\" data-end=\"2146\">Terpenprofil<\/strong><\/span><\/h3>\n<div class=\"TyagGW_tableContainer\">\n<div class=\"group TyagGW_tableWrapper flex flex-col-reverse w-fit\" tabindex=\"-1\">\n<table class=\"w-fit min-w-(--thread-content-width)\" data-start=\"2148\" data-end=\"2444\">\n<thead data-start=\"2148\" data-end=\"2174\">\n<tr data-start=\"2148\" data-end=\"2174\">\n<th class=\"\" data-start=\"2148\" data-end=\"2164\" data-col-size=\"sm\">Terpen<\/th>\n<th class=\"\" data-start=\"2164\" data-end=\"2174\" data-col-size=\"sm\">Anteil<\/th>\n<\/tr>\n<\/thead>\n<tbody data-start=\"2202\" data-end=\"2444\">\n<tr data-start=\"2202\" data-end=\"2228\">\n<td data-start=\"2202\" data-end=\"2218\" data-col-size=\"sm\">Myrcen<\/td>\n<td data-start=\"2218\" data-end=\"2228\" data-col-size=\"sm\">0,19 %<\/td>\n<\/tr>\n<tr data-start=\"2229\" data-end=\"2255\">\n<td data-start=\"2229\" data-end=\"2245\" data-col-size=\"sm\">Limonen<\/td>\n<td data-start=\"2245\" data-end=\"2255\" data-col-size=\"sm\">0,15 %<\/td>\n<\/tr>\n<tr data-start=\"2256\" data-end=\"2282\">\n<td data-start=\"2256\" data-end=\"2272\" data-col-size=\"sm\">Valencen<\/td>\n<td data-start=\"2272\" data-end=\"2282\" data-col-size=\"sm\">0,15 %<\/td>\n<\/tr>\n<tr data-start=\"2283\" data-end=\"2309\">\n<td data-start=\"2283\" data-end=\"2299\" data-col-size=\"sm\">Linalool<\/td>\n<td data-start=\"2299\" data-end=\"2309\" data-col-size=\"sm\">0,16 %<\/td>\n<\/tr>\n<tr data-start=\"2310\" data-end=\"2336\">\n<td data-start=\"2310\" data-end=\"2326\" data-col-size=\"sm\">Bisabolol<\/td>\n<td data-start=\"2326\" data-end=\"2336\" data-col-size=\"sm\">0,12 %<\/td>\n<\/tr>\n<tr data-start=\"2337\" data-end=\"2363\">\n<td data-start=\"2337\" data-end=\"2353\" data-col-size=\"sm\">Phellandren<\/td>\n<td data-start=\"2353\" data-end=\"2363\" data-col-size=\"sm\">0,08 %<\/td>\n<\/tr>\n<tr data-start=\"2364\" data-end=\"2390\">\n<td data-start=\"2364\" data-end=\"2380\" data-col-size=\"sm\">Geraniol<\/td>\n<td data-start=\"2380\" data-end=\"2390\" data-col-size=\"sm\">0,07 %<\/td>\n<\/tr>\n<tr data-start=\"2391\" data-end=\"2417\">\n<td data-start=\"2391\" data-end=\"2407\" data-col-size=\"sm\">Sabinen<\/td>\n<td data-col-size=\"sm\" data-start=\"2407\" data-end=\"2417\">0,07 %<\/td>\n<\/tr>\n<tr data-start=\"2418\" data-end=\"2444\">\n<td data-start=\"2418\" data-end=\"2434\" data-col-size=\"sm\">Terpineol<\/td>\n<td data-start=\"2434\" data-end=\"2444\" data-col-size=\"sm\">0,01 %<\/td>\n<\/tr>\n<\/tbody>\n<\/table>\n<\/div>\n<\/div>\n<p data-start=\"2446\" data-end=\"2480\"><strong data-start=\"2446\" data-end=\"2469\">Gesamtterpengehalt:<\/strong> ca. 1,00 %<\/p>\n<hr data-start=\"2482\" data-end=\"2485\" \/>\n<h3 data-section-id=\"163lqf\" data-start=\"2487\" data-end=\"2518\"><span role=\"text\"><strong data-start=\"2491\" data-end=\"2518\">Medizinisches Potenzial<\/strong><\/span><\/h3>\n<p data-start=\"2520\" data-end=\"2582\">Tropicana Cherry wird h\u00e4ufig eingesetzt zur Unterst\u00fctzung bei:<\/p>\n<ul data-start=\"2584\" data-end=\"2668\">\n<li data-section-id=\"bctdzw\" data-start=\"2584\" data-end=\"2611\">Stress &amp; Angstzust\u00e4nden<\/li>\n<li data-section-id=\"l3khxp\" data-start=\"2612\" data-end=\"2628\">Depressionen<\/li>\n<li data-section-id=\"1wnnkao\" data-start=\"2629\" data-end=\"2642\">M\u00fcdigkeit<\/li>\n<li data-section-id=\"zswlsl\" data-start=\"2643\" data-end=\"2668\">Stimmungsschwankungen<\/li>\n<\/ul>\n<hr data-start=\"2670\" data-end=\"2673\" \/>\n<h3 data-section-id=\"49o9bs\" data-start=\"2675\" data-end=\"2701\"><span role=\"text\"><strong data-start=\"2679\" data-end=\"2701\">Anbauinformationen<\/strong><\/span><\/h3>\n<p data-start=\"2703\" data-end=\"2772\">Diese Sorte ist relativ einfach anzubauen und liefert solide Ertr\u00e4ge.<\/p>\n<div class=\"TyagGW_tableContainer\">\n<div class=\"group TyagGW_tableWrapper flex flex-col-reverse w-fit\" tabindex=\"-1\">\n<table class=\"w-fit min-w-(--thread-content-width)\" data-start=\"2774\" data-end=\"3351\">\n<thead data-start=\"2774\" data-end=\"2832\">\n<tr data-start=\"2774\" data-end=\"2832\">\n<th class=\"\" data-start=\"2774\" data-end=\"2796\" data-col-size=\"sm\">Faktor<\/th>\n<th class=\"\" data-start=\"2796\" data-end=\"2832\" data-col-size=\"sm\">Details<\/th>\n<\/tr>\n<\/thead>\n<tbody data-start=\"2891\" data-end=\"3351\">\n<tr data-start=\"2891\" data-end=\"2948\">\n<td data-start=\"2891\" data-end=\"2913\" data-col-size=\"sm\">Schwierigkeitsgrad<\/td>\n<td data-col-size=\"sm\" data-start=\"2913\" data-end=\"2948\">Einfach<\/td>\n<\/tr>\n<tr data-start=\"2949\" data-end=\"3006\">\n<td data-start=\"2949\" data-end=\"2971\" data-col-size=\"sm\">Bl\u00fctezeit<\/td>\n<td data-start=\"2971\" data-end=\"3006\" data-col-size=\"sm\">53 \u2013 61 Tage<\/td>\n<\/tr>\n<tr data-start=\"3007\" data-end=\"3064\">\n<td data-start=\"3007\" data-end=\"3029\" data-col-size=\"sm\">Erntezeit<\/td>\n<td data-start=\"3029\" data-end=\"3064\" data-col-size=\"sm\">ca. 58 Tage<\/td>\n<\/tr>\n<tr data-start=\"3065\" data-end=\"3122\">\n<td data-start=\"3065\" data-end=\"3087\" data-col-size=\"sm\">Ertrag Indoor<\/td>\n<td data-start=\"3087\" data-end=\"3122\" data-col-size=\"sm\">1 \u2013 2 Oz\/Ft\u00b2 (~400 g\/m\u00b2)<\/td>\n<\/tr>\n<tr data-start=\"3123\" data-end=\"3180\">\n<td data-start=\"3123\" data-end=\"3145\" data-col-size=\"sm\">Ertrag Outdoor<\/td>\n<td data-start=\"3145\" data-end=\"3180\" data-col-size=\"sm\">10 \u2013 15 Oz\/Pflanze (~400 g)<\/td>\n<\/tr>\n<tr data-start=\"3181\" data-end=\"3237\">\n<td data-start=\"3181\" data-end=\"3203\" data-col-size=\"sm\">H\u00f6he Indoor<\/td>\n<td data-start=\"3203\" data-end=\"3237\" data-col-size=\"sm\">30 \u2013 60 cm<\/td>\n<\/tr>\n<tr data-start=\"3238\" data-end=\"3294\">\n<td data-start=\"3238\" data-end=\"3260\" data-col-size=\"sm\">H\u00f6he Outdoor<\/td>\n<td data-start=\"3260\" data-end=\"3294\" data-col-size=\"sm\">60 \u2013 80 cm<\/td>\n<\/tr>\n<tr data-start=\"3295\" data-end=\"3351\">\n<td data-start=\"3295\" data-end=\"3317\" data-col-size=\"sm\">Bl\u00fctetyp<\/td>\n<td data-col-size=\"sm\" data-start=\"3317\" data-end=\"3351\">Photoperiodisch<\/td>\n<\/tr>\n<\/tbody>\n<\/table>\n<\/div>\n<\/div>\n<hr data-start=\"3353\" data-end=\"3356\" \/>\n<h3 data-section-id=\"jfc70x\" data-start=\"3358\" data-end=\"3376\"><span role=\"text\"><strong data-start=\"3362\" data-end=\"3376\">Anbautipps<\/strong><\/span><\/h3>\n<ul data-start=\"3378\" data-end=\"3563\">\n<li data-section-id=\"myjnlw\" data-start=\"3378\" data-end=\"3418\"><strong data-start=\"3380\" data-end=\"3390\">Klima:<\/strong> Warm und sonnig bevorzugt<\/li>\n<li data-section-id=\"1adh18f\" data-start=\"3419\" data-end=\"3467\"><strong data-start=\"3421\" data-end=\"3432\">Pflege:<\/strong> Pflegeleicht, ideal f\u00fcr Anf\u00e4nger<\/li>\n<li data-section-id=\"ombsw5\" data-start=\"3468\" data-end=\"3511\"><strong data-start=\"3470\" data-end=\"3481\">Ertrag:<\/strong> Stabil bei Indoor &amp; Outdoor<\/li>\n<li data-section-id=\"1ujrsay\" data-start=\"3512\" data-end=\"3563\"><strong data-start=\"3514\" data-end=\"3532\">Verf\u00fcgbarkeit:<\/strong> Samen eher selten erh\u00e4ltlich<\/li>\n<\/ul>","protected":false},"excerpt":{"rendered":"<p>Tropicana Cherry \u2013 Premium THC Shop Tropicana Cherry ist ein sativa-dominanter Hybrid (60% Sativa \/ 40% Indica), der f\u00fcr sein intensives Zitrusaroma und seine euphorische Wirkung bekannt ist. Diese exotische Kreuzung aus Tropicana Cookies und Cherry Cookies liefert ein fruchtiges Geschmackserlebnis mit belebendem High. Produkt\u00fcbersicht Eigenschaft Details Typ Sativa-dominanter Hybrid (60\/40) Cannabinoid THC-dominant THC-Gehalt 16 [&hellip;]<\/p>\n","protected":false},"featured_media":3963,"comment_status":"open","ping_status":"closed","template":"","meta":[],"product_brand":[],"product_cat":[15],"product_tag":[],"class_list":{"0":"post-4003","1":"product","2":"type-product","3":"status-publish","4":"has-post-thumbnail","6":"product_cat-gras","8":"first","9":"instock","10":"shipping-taxable","11":"purchasable","12":"product-type-variable"},"_links":{"self":[{"href":"https:\/\/premiumthcshop.de\/en\/wp-json\/wp\/v2\/product\/4003","targetHints":{"allow":["GET"]}}],"collection":[{"href":"https:\/\/premiumthcshop.de\/en\/wp-json\/wp\/v2\/product"}],"about":[{"href":"https:\/\/premiumthcshop.de\/en\/wp-json\/wp\/v2\/types\/product"}],"replies":[{"embeddable":true,"href":"https:\/\/premiumthcshop.de\/en\/wp-json\/wp\/v2\/comments?post=4003"}],"wp:featuredmedia":[{"embeddable":true,"href":"https:\/\/premiumthcshop.de\/en\/wp-json\/wp\/v2\/media\/3963"}],"wp:attachment":[{"href":"https:\/\/premiumthcshop.de\/en\/wp-json\/wp\/v2\/media?parent=4003"}],"wp:term":[{"taxonomy":"product_brand","embeddable":true,"href":"https:\/\/premiumthcshop.de\/en\/wp-json\/wp\/v2\/product_brand?post=4003"},{"taxonomy":"product_cat","embeddable":true,"href":"https:\/\/premiumthcshop.de\/en\/wp-json\/wp\/v2\/product_cat?post=4003"},{"taxonomy":"product_tag","embeddable":true,"href":"https:\/\/premiumthcshop.de\/en\/wp-json\/wp\/v2\/product_tag?post=4003"}],"curies":[{"name":"wp","href":"https:\/\/api.w.org\/{rel}","templated":true}]}}