{"id":4006,"date":"2026-04-03T13:13:49","date_gmt":"2026-04-03T13:13:49","guid":{"rendered":"https:\/\/premiumthcshop.de\/?post_type=product&#038;p=4006"},"modified":"2026-04-03T13:13:49","modified_gmt":"2026-04-03T13:13:49","slug":"gorilla-glue","status":"publish","type":"product","link":"https:\/\/premiumthcshop.de\/en\/product\/gorilla-glue\/","title":{"rendered":"Gorilla Glue"},"content":{"rendered":"<div class=\"TyagGW_tableContainer\">\n<div class=\"group TyagGW_tableWrapper flex flex-col-reverse w-fit\" tabindex=\"-1\">\n<table class=\"w-fit min-w-(--thread-content-width)\" data-start=\"46\" data-end=\"390\">\n<thead data-start=\"46\" data-end=\"89\">\n<tr data-start=\"46\" data-end=\"89\">\n<th class=\"\" data-start=\"46\" data-end=\"65\" data-col-size=\"sm\">Eigenschaft<\/th>\n<th class=\"\" data-start=\"65\" data-end=\"89\" data-col-size=\"sm\">Details<\/th>\n<\/tr>\n<\/thead>\n<tbody data-start=\"133\" data-end=\"390\">\n<tr data-start=\"133\" data-end=\"175\">\n<td data-start=\"133\" data-end=\"152\" data-col-size=\"sm\">Cannabinoid<\/td>\n<td data-start=\"152\" data-end=\"175\" data-col-size=\"sm\">THC-dominant<\/td>\n<\/tr>\n<tr data-start=\"176\" data-end=\"218\">\n<td data-start=\"176\" data-end=\"195\" data-col-size=\"sm\">THC<\/td>\n<td data-start=\"195\" data-end=\"218\" data-col-size=\"sm\">19 \u2013 22%<\/td>\n<\/tr>\n<tr data-start=\"219\" data-end=\"261\">\n<td data-start=\"219\" data-end=\"238\" data-col-size=\"sm\">CBD<\/td>\n<td data-start=\"238\" data-end=\"261\" data-col-size=\"sm\">0,3 \u2013 0,62%<\/td>\n<\/tr>\n<tr data-start=\"262\" data-end=\"304\">\n<td data-start=\"262\" data-end=\"281\" data-col-size=\"sm\">Wirkung<\/td>\n<td data-start=\"281\" data-end=\"304\" data-col-size=\"sm\">Entspannend<\/td>\n<\/tr>\n<tr data-start=\"305\" data-end=\"347\">\n<td data-start=\"305\" data-end=\"324\" data-col-size=\"sm\">Nebenwirkung<\/td>\n<td data-start=\"324\" data-end=\"347\" data-col-size=\"sm\">Trockene Augen<\/td>\n<\/tr>\n<tr data-start=\"348\" data-end=\"390\">\n<td data-start=\"348\" data-end=\"367\" data-col-size=\"sm\">Geschmack<\/td>\n<td data-start=\"367\" data-end=\"390\" data-col-size=\"sm\">S\u00fc\u00df<\/td>\n<\/tr>\n<\/tbody>\n<\/table>\n<\/div>\n<\/div>\n<hr data-start=\"392\" data-end=\"395\" \/>\n<h2 data-section-id=\"17h1990\" data-start=\"397\" data-end=\"424\">Gushers Strain Bewertung<\/h2>\n<h3 data-section-id=\"wz2d9s\" data-start=\"426\" data-end=\"445\">Potenz\u00fcbersicht<\/h3>\n<div class=\"TyagGW_tableContainer\">\n<div class=\"group TyagGW_tableWrapper flex flex-col-reverse w-fit\" tabindex=\"-1\">\n<table class=\"w-fit min-w-(--thread-content-width)\" data-start=\"447\" data-end=\"637\">\n<thead data-start=\"447\" data-end=\"475\">\n<tr data-start=\"447\" data-end=\"475\">\n<th class=\"\" data-start=\"447\" data-end=\"459\" data-col-size=\"sm\">Kategorie<\/th>\n<th class=\"\" data-start=\"459\" data-end=\"475\" data-col-size=\"sm\">Wertebereich<\/th>\n<\/tr>\n<\/thead>\n<tbody data-start=\"503\" data-end=\"637\">\n<tr data-start=\"503\" data-end=\"551\">\n<td data-start=\"503\" data-end=\"514\" data-col-size=\"sm\">THC<\/td>\n<td data-start=\"514\" data-end=\"551\" data-col-size=\"sm\">20% \u2022 23% \u2022 26% \u2022 29% \u2022 32% \u2022 35%<\/td>\n<\/tr>\n<tr data-start=\"552\" data-end=\"602\">\n<td data-start=\"552\" data-end=\"563\" data-col-size=\"sm\">CBD<\/td>\n<td data-start=\"563\" data-end=\"602\" data-col-size=\"sm\">0% \u2022 0,4% \u2022 0,8% \u2022 1,2% \u2022 1,6% \u2022 2%<\/td>\n<\/tr>\n<tr data-start=\"603\" data-end=\"637\">\n<td data-start=\"603\" data-end=\"614\" data-col-size=\"sm\">Potenz<\/td>\n<td data-start=\"614\" data-end=\"637\" data-col-size=\"sm\">Anf\u00e4nger \u2013 Erfahren<\/td>\n<\/tr>\n<\/tbody>\n<\/table>\n<\/div>\n<\/div>\n<p data-start=\"639\" data-end=\"899\">Gushers ist ein ausgewogener Hybrid (50\/50), entstanden aus der Kreuzung von Triangle Kush und Gelato #41. Entwickelt wurde die Sorte von Cookie Fam Genetics in den USA. Mit etwa 24% THC und nahezu keinem CBD bietet sie eine starke, sofort einsetzende Wirkung.<\/p>\n<hr data-start=\"901\" data-end=\"904\" \/>\n<h2 data-section-id=\"7opqf0\" data-start=\"906\" data-end=\"927\">Typische Wirkungen<\/h2>\n<h3 data-section-id=\"q3tccc\" data-start=\"929\" data-end=\"940\">Effekte<\/h3>\n<div class=\"TyagGW_tableContainer\">\n<div class=\"group TyagGW_tableWrapper flex flex-col-reverse w-fit\" tabindex=\"-1\">\n<table class=\"w-fit min-w-(--thread-content-width)\" data-start=\"942\" data-end=\"1275\">\n<thead data-start=\"942\" data-end=\"989\">\n<tr data-start=\"942\" data-end=\"989\">\n<th class=\"\" data-start=\"942\" data-end=\"962\" data-col-size=\"sm\">Effekt<\/th>\n<th class=\"\" data-start=\"962\" data-end=\"989\" data-col-size=\"sm\">Beschreibung<\/th>\n<\/tr>\n<\/thead>\n<tbody data-start=\"1037\" data-end=\"1275\">\n<tr data-start=\"1037\" data-end=\"1087\">\n<td data-start=\"1037\" data-end=\"1057\" data-col-size=\"sm\">High<\/td>\n<td data-start=\"1057\" data-end=\"1087\" data-col-size=\"sm\">Schneller Wirkungseintritt<\/td>\n<\/tr>\n<tr data-start=\"1088\" data-end=\"1134\">\n<td data-start=\"1088\" data-end=\"1108\" data-col-size=\"sm\">Euphorie<\/td>\n<td data-start=\"1108\" data-end=\"1134\" data-col-size=\"sm\">Stimmungsaufhellend<\/td>\n<\/tr>\n<tr data-start=\"1135\" data-end=\"1181\">\n<td data-start=\"1135\" data-end=\"1155\" data-col-size=\"sm\">Entspannung<\/td>\n<td data-start=\"1155\" data-end=\"1181\" data-col-size=\"sm\">K\u00f6rperlich beruhigend<\/td>\n<\/tr>\n<tr data-start=\"1182\" data-end=\"1228\">\n<td data-start=\"1182\" data-end=\"1202\" data-col-size=\"sm\">Uplifted<\/td>\n<td data-col-size=\"sm\" data-start=\"1202\" data-end=\"1228\">Motivationssteigernd<\/td>\n<\/tr>\n<tr data-start=\"1229\" data-end=\"1275\">\n<td data-start=\"1229\" data-end=\"1249\" data-col-size=\"sm\">Kribbelnd<\/td>\n<td data-start=\"1249\" data-end=\"1275\" data-col-size=\"sm\">Leicht prickelnd<\/td>\n<\/tr>\n<\/tbody>\n<\/table>\n<\/div>\n<\/div>\n<h3 data-section-id=\"tptjc1\" data-start=\"1277\" data-end=\"1303\">Medizinische Anwendung<\/h3>\n<div class=\"TyagGW_tableContainer\">\n<div class=\"group TyagGW_tableWrapper flex flex-col-reverse w-fit\" tabindex=\"-1\">\n<table class=\"w-fit min-w-(--thread-content-width)\" data-start=\"1305\" data-end=\"1626\">\n<thead data-start=\"1305\" data-end=\"1351\">\n<tr data-start=\"1305\" data-end=\"1351\">\n<th class=\"\" data-start=\"1305\" data-end=\"1325\" data-col-size=\"sm\">Anwendung<\/th>\n<th class=\"\" data-start=\"1325\" data-end=\"1351\" data-col-size=\"sm\">Nutzen<\/th>\n<\/tr>\n<\/thead>\n<tbody data-start=\"1398\" data-end=\"1626\">\n<tr data-start=\"1398\" data-end=\"1443\">\n<td data-start=\"1398\" data-end=\"1418\" data-col-size=\"sm\">Angst<\/td>\n<td data-start=\"1418\" data-end=\"1443\" data-col-size=\"sm\">Beruhigend<\/td>\n<\/tr>\n<tr data-start=\"1444\" data-end=\"1489\">\n<td data-start=\"1444\" data-end=\"1464\" data-col-size=\"sm\">Depression<\/td>\n<td data-start=\"1464\" data-end=\"1489\" data-col-size=\"sm\">Stimmungsaufhellend<\/td>\n<\/tr>\n<tr data-start=\"1490\" data-end=\"1534\">\n<td data-start=\"1490\" data-end=\"1513\" data-col-size=\"sm\">Chronische Schmerzen<\/td>\n<td data-start=\"1513\" data-end=\"1534\" data-col-size=\"sm\">Schmerzlindernd<\/td>\n<\/tr>\n<tr data-start=\"1535\" data-end=\"1580\">\n<td data-start=\"1535\" data-end=\"1555\" data-col-size=\"sm\">Stress<\/td>\n<td data-start=\"1555\" data-end=\"1580\" data-col-size=\"sm\">Entspannend<\/td>\n<\/tr>\n<tr data-start=\"1581\" data-end=\"1626\">\n<td data-start=\"1581\" data-end=\"1601\" data-col-size=\"sm\">Entz\u00fcndungen<\/td>\n<td data-start=\"1601\" data-end=\"1626\" data-col-size=\"sm\">Reduzierend<\/td>\n<\/tr>\n<\/tbody>\n<\/table>\n<\/div>\n<\/div>\n<h3 data-section-id=\"1df88k4\" data-start=\"1628\" data-end=\"1646\">Nebenwirkungen<\/h3>\n<div class=\"TyagGW_tableContainer\">\n<div class=\"group TyagGW_tableWrapper flex flex-col-reverse w-fit\" tabindex=\"-1\">\n<table class=\"w-fit min-w-(--thread-content-width)\" data-start=\"1648\" data-end=\"1825\">\n<thead data-start=\"1648\" data-end=\"1693\">\n<tr data-start=\"1648\" data-end=\"1693\">\n<th class=\"\" data-start=\"1648\" data-end=\"1668\" data-col-size=\"sm\">Nebenwirkung<\/th>\n<th class=\"\" data-start=\"1668\" data-end=\"1693\" data-col-size=\"sm\">H\u00e4ufigkeit<\/th>\n<\/tr>\n<\/thead>\n<tbody data-start=\"1738\" data-end=\"1825\">\n<tr data-start=\"1738\" data-end=\"1781\">\n<td data-start=\"1738\" data-end=\"1757\" data-col-size=\"sm\">Trockener Mund<\/td>\n<td data-start=\"1757\" data-end=\"1781\" data-col-size=\"sm\">H\u00e4ufig<\/td>\n<\/tr>\n<tr data-start=\"1782\" data-end=\"1825\">\n<td data-start=\"1782\" data-end=\"1801\" data-col-size=\"sm\">Trockene Augen<\/td>\n<td data-start=\"1801\" data-end=\"1825\" data-col-size=\"sm\">H\u00e4ufig<\/td>\n<\/tr>\n<\/tbody>\n<\/table>\n<\/div>\n<\/div>\n<hr data-start=\"1827\" data-end=\"1830\" \/>\n<h2 data-section-id=\"izqfmc\" data-start=\"1832\" data-end=\"1854\">Aroma und Geschmack<\/h2>\n<div class=\"TyagGW_tableContainer\">\n<div class=\"group TyagGW_tableWrapper flex flex-col-reverse w-fit\" tabindex=\"-1\">\n<table class=\"w-fit min-w-(--thread-content-width)\" data-start=\"1856\" data-end=\"2026\">\n<thead data-start=\"1856\" data-end=\"1884\">\n<tr data-start=\"1856\" data-end=\"1884\">\n<th class=\"\" data-start=\"1856\" data-end=\"1868\" data-col-size=\"sm\">Kategorie<\/th>\n<th class=\"\" data-start=\"1868\" data-end=\"1884\" data-col-size=\"sm\">Beschreibung<\/th>\n<\/tr>\n<\/thead>\n<tbody data-start=\"1912\" data-end=\"2026\">\n<tr data-start=\"1912\" data-end=\"1951\">\n<td data-start=\"1912\" data-end=\"1923\" data-col-size=\"sm\">Geruch<\/td>\n<td data-start=\"1923\" data-end=\"1951\" data-col-size=\"sm\">S\u00fc\u00df, Zimt, erdig, w\u00fcrzig<\/td>\n<\/tr>\n<tr data-start=\"1952\" data-end=\"1988\">\n<td data-start=\"1952\" data-end=\"1972\" data-col-size=\"sm\">Geschmack (Haupt)<\/td>\n<td data-start=\"1972\" data-end=\"1988\" data-col-size=\"sm\">S\u00fc\u00df &amp; cremig<\/td>\n<\/tr>\n<tr data-start=\"1989\" data-end=\"2026\">\n<td data-start=\"1989\" data-end=\"2009\" data-col-size=\"sm\">Alternative Noten<\/td>\n<td data-start=\"2009\" data-end=\"2026\" data-col-size=\"sm\">W\u00fcrzig, erdig<\/td>\n<\/tr>\n<\/tbody>\n<\/table>\n<\/div>\n<\/div>\n<hr data-start=\"2028\" data-end=\"2031\" \/>\n<h2 data-section-id=\"1l7erw0\" data-start=\"2033\" data-end=\"2050\">Anbau\u00fcbersicht<\/h2>\n<h3 data-section-id=\"1qgvsmu\" data-start=\"2052\" data-end=\"2070\">Wichtige Daten<\/h3>\n<div class=\"TyagGW_tableContainer\">\n<div class=\"group TyagGW_tableWrapper flex flex-col-reverse w-fit\" tabindex=\"-1\">\n<table class=\"w-fit min-w-(--thread-content-width)\" data-start=\"2072\" data-end=\"2387\">\n<thead data-start=\"2072\" data-end=\"2117\">\n<tr data-start=\"2072\" data-end=\"2117\">\n<th class=\"\" data-start=\"2072\" data-end=\"2091\" data-col-size=\"sm\">Faktor<\/th>\n<th class=\"\" data-start=\"2091\" data-end=\"2117\" data-col-size=\"sm\">Details<\/th>\n<\/tr>\n<\/thead>\n<tbody data-start=\"2163\" data-end=\"2387\">\n<tr data-start=\"2163\" data-end=\"2207\">\n<td data-start=\"2163\" data-end=\"2182\" data-col-size=\"sm\">Schwierigkeit<\/td>\n<td data-start=\"2182\" data-end=\"2207\" data-col-size=\"sm\">Schwer<\/td>\n<\/tr>\n<tr data-start=\"2208\" data-end=\"2252\">\n<td data-start=\"2208\" data-end=\"2227\" data-col-size=\"sm\">H\u00f6he<\/td>\n<td data-col-size=\"sm\" data-start=\"2227\" data-end=\"2252\">150 \u2013 180 cm<\/td>\n<\/tr>\n<tr data-start=\"2253\" data-end=\"2297\">\n<td data-start=\"2253\" data-end=\"2272\" data-col-size=\"sm\">Ertrag<\/td>\n<td data-start=\"2272\" data-end=\"2297\" data-col-size=\"sm\">Durchschnittlich<\/td>\n<\/tr>\n<tr data-start=\"2298\" data-end=\"2342\">\n<td data-start=\"2298\" data-end=\"2317\" data-col-size=\"sm\">Bl\u00fctezeit<\/td>\n<td data-start=\"2317\" data-end=\"2342\" data-col-size=\"sm\">9 \u2013 11 Wochen<\/td>\n<\/tr>\n<tr data-start=\"2343\" data-end=\"2387\">\n<td data-start=\"2343\" data-end=\"2362\" data-col-size=\"sm\">Wachstum<\/td>\n<td data-start=\"2362\" data-end=\"2387\" data-col-size=\"sm\">Bis zu 150% Stretch<\/td>\n<\/tr>\n<\/tbody>\n<\/table>\n<\/div>\n<\/div>\n<hr data-start=\"2389\" data-end=\"2392\" \/>\n<h2 data-section-id=\"y3spjp\" data-start=\"2394\" data-end=\"2416\">Klima &amp; Bedingungen<\/h2>\n<div class=\"TyagGW_tableContainer\">\n<div class=\"group TyagGW_tableWrapper flex flex-col-reverse w-fit\" tabindex=\"-1\">\n<table class=\"w-fit min-w-(--thread-content-width)\" data-start=\"2418\" data-end=\"2678\">\n<thead data-start=\"2418\" data-end=\"2462\">\n<tr data-start=\"2418\" data-end=\"2462\">\n<th class=\"\" data-start=\"2418\" data-end=\"2437\" data-col-size=\"sm\">Parameter<\/th>\n<th class=\"\" data-start=\"2437\" data-end=\"2462\" data-col-size=\"sm\">Optimalbereich<\/th>\n<\/tr>\n<\/thead>\n<tbody data-start=\"2507\" data-end=\"2678\">\n<tr data-start=\"2507\" data-end=\"2549\">\n<td data-start=\"2507\" data-end=\"2525\" data-col-size=\"sm\">Temperatur<\/td>\n<td data-start=\"2525\" data-end=\"2549\" data-col-size=\"sm\">20 \u2013 25\u00b0C<\/td>\n<\/tr>\n<tr data-start=\"2550\" data-end=\"2592\">\n<td data-start=\"2550\" data-end=\"2568\" data-col-size=\"sm\">Luftfeuchtigkeit<\/td>\n<td data-start=\"2568\" data-end=\"2592\" data-col-size=\"sm\">40 \u2013 50%<\/td>\n<\/tr>\n<tr data-start=\"2593\" data-end=\"2635\">\n<td data-start=\"2593\" data-end=\"2611\" data-col-size=\"sm\">Klima<\/td>\n<td data-start=\"2611\" data-end=\"2635\" data-col-size=\"sm\">Mediterran<\/td>\n<\/tr>\n<tr data-start=\"2636\" data-end=\"2678\">\n<td data-start=\"2636\" data-end=\"2654\" data-col-size=\"sm\">Umgebung<\/td>\n<td data-start=\"2654\" data-end=\"2678\" data-col-size=\"sm\">Indoor bevorzugt<\/td>\n<\/tr>\n<\/tbody>\n<\/table>\n<\/div>\n<\/div>\n<hr data-start=\"2680\" data-end=\"2683\" \/>\n<h2 data-section-id=\"11nszcb\" data-start=\"2685\" data-end=\"2698\">Grow-Tipps<\/h2>\n<div class=\"TyagGW_tableContainer\">\n<div class=\"group TyagGW_tableWrapper flex flex-col-reverse w-fit\" tabindex=\"-1\">\n<table class=\"w-fit min-w-(--thread-content-width)\" data-start=\"2700\" data-end=\"2964\">\n<thead data-start=\"2700\" data-end=\"2744\">\n<tr data-start=\"2700\" data-end=\"2744\">\n<th class=\"\" data-start=\"2700\" data-end=\"2719\" data-col-size=\"sm\">Bereich<\/th>\n<th class=\"\" data-start=\"2719\" data-end=\"2744\" data-col-size=\"sm\">Empfehlung<\/th>\n<\/tr>\n<\/thead>\n<tbody data-start=\"2789\" data-end=\"2964\">\n<tr data-start=\"2789\" data-end=\"2832\">\n<td data-start=\"2789\" data-end=\"2808\" data-col-size=\"sm\">Beleuchtung<\/td>\n<td data-start=\"2808\" data-end=\"2832\" data-col-size=\"sm\">LED oder HID<\/td>\n<\/tr>\n<tr data-start=\"2833\" data-end=\"2876\">\n<td data-start=\"2833\" data-end=\"2852\" data-col-size=\"sm\">Unterst\u00fctzung<\/td>\n<td data-start=\"2852\" data-end=\"2876\" data-col-size=\"sm\">Netze \/ St\u00e4be<\/td>\n<\/tr>\n<tr data-start=\"2877\" data-end=\"2920\">\n<td data-start=\"2877\" data-end=\"2896\" data-col-size=\"sm\">Klimakontrolle<\/td>\n<td data-start=\"2896\" data-end=\"2920\" data-col-size=\"sm\">Stabil halten<\/td>\n<\/tr>\n<tr data-start=\"2921\" data-end=\"2964\">\n<td data-start=\"2921\" data-end=\"2940\" data-col-size=\"sm\">Platzplanung<\/td>\n<td data-start=\"2940\" data-end=\"2964\" data-col-size=\"sm\">Gro\u00dfz\u00fcgig planen<\/td>\n<\/tr>\n<\/tbody>\n<\/table>\n<\/div>\n<\/div>\n<hr data-start=\"2966\" data-end=\"2969\" \/>\n<h2 data-section-id=\"18551b6\" data-start=\"2971\" data-end=\"2992\">Cannabinoid-Profil<\/h2>\n<div class=\"TyagGW_tableContainer\">\n<div class=\"group TyagGW_tableWrapper flex flex-col-reverse w-fit\" tabindex=\"-1\">\n<table class=\"w-fit min-w-(--thread-content-width)\" data-start=\"2994\" data-end=\"3235\">\n<thead data-start=\"2994\" data-end=\"3025\">\n<tr data-start=\"2994\" data-end=\"3025\">\n<th class=\"\" data-start=\"2994\" data-end=\"3008\" data-col-size=\"sm\">Cannabinoid<\/th>\n<th class=\"\" data-start=\"3008\" data-end=\"3025\" data-col-size=\"sm\">Anteil<\/th>\n<\/tr>\n<\/thead>\n<tbody data-start=\"3056\" data-end=\"3235\">\n<tr data-start=\"3056\" data-end=\"3085\">\n<td data-start=\"3056\" data-end=\"3069\" data-col-size=\"sm\">THC<\/td>\n<td data-start=\"3069\" data-end=\"3085\" data-col-size=\"sm\">19 \u2013 22%<\/td>\n<\/tr>\n<tr data-start=\"3086\" data-end=\"3115\">\n<td data-start=\"3086\" data-end=\"3099\" data-col-size=\"sm\">CBD<\/td>\n<td data-start=\"3099\" data-end=\"3115\" data-col-size=\"sm\">0,3 \u2013 0,62%<\/td>\n<\/tr>\n<tr data-start=\"3116\" data-end=\"3145\">\n<td data-start=\"3116\" data-end=\"3129\" data-col-size=\"sm\">CBC<\/td>\n<td data-start=\"3129\" data-end=\"3145\" data-col-size=\"sm\">0,28 \u2013 0,69%<\/td>\n<\/tr>\n<tr data-start=\"3146\" data-end=\"3175\">\n<td data-start=\"3146\" data-end=\"3159\" data-col-size=\"sm\">CBG<\/td>\n<td data-start=\"3159\" data-end=\"3175\" data-col-size=\"sm\">0,37 \u2013 1,3%<\/td>\n<\/tr>\n<tr data-start=\"3176\" data-end=\"3205\">\n<td data-start=\"3176\" data-end=\"3189\" data-col-size=\"sm\">CBN<\/td>\n<td data-start=\"3189\" data-end=\"3205\" data-col-size=\"sm\">0,31 \u2013 0,48%<\/td>\n<\/tr>\n<tr data-start=\"3206\" data-end=\"3235\">\n<td data-start=\"3206\" data-end=\"3219\" data-col-size=\"sm\">THCV<\/td>\n<td data-start=\"3219\" data-end=\"3235\" data-col-size=\"sm\">0,3 \u2013 0,78%<\/td>\n<\/tr>\n<\/tbody>\n<\/table>\n<\/div>\n<\/div>\n<hr data-start=\"3237\" data-end=\"3240\" \/>\n<h2 data-section-id=\"tmq75f\" data-start=\"3242\" data-end=\"3257\">Terpenprofil<\/h2>\n<div class=\"TyagGW_tableContainer\">\n<div class=\"group TyagGW_tableWrapper flex flex-col-reverse w-fit\" tabindex=\"-1\">\n<table class=\"w-fit min-w-(--thread-content-width)\" data-start=\"3259\" data-end=\"3572\">\n<thead data-start=\"3259\" data-end=\"3286\">\n<tr data-start=\"3259\" data-end=\"3286\">\n<th class=\"\" data-start=\"3259\" data-end=\"3275\" data-col-size=\"sm\">Terpen<\/th>\n<th class=\"\" data-start=\"3275\" data-end=\"3286\" data-col-size=\"sm\">Anteil<\/th>\n<\/tr>\n<\/thead>\n<tbody data-start=\"3313\" data-end=\"3572\">\n<tr data-start=\"3313\" data-end=\"3338\">\n<td data-start=\"3313\" data-end=\"3328\" data-col-size=\"sm\">Pinene<\/td>\n<td data-start=\"3328\" data-end=\"3338\" data-col-size=\"sm\">0,04%<\/td>\n<\/tr>\n<tr data-start=\"3339\" data-end=\"3364\">\n<td data-start=\"3339\" data-end=\"3354\" data-col-size=\"sm\">Myrcen<\/td>\n<td data-start=\"3354\" data-end=\"3364\" data-col-size=\"sm\">0,06%<\/td>\n<\/tr>\n<tr data-start=\"3365\" data-end=\"3390\">\n<td data-start=\"3365\" data-end=\"3380\" data-col-size=\"sm\">Ocimen<\/td>\n<td data-start=\"3380\" data-end=\"3390\" data-col-size=\"sm\">0,07%<\/td>\n<\/tr>\n<tr data-start=\"3391\" data-end=\"3416\">\n<td data-start=\"3391\" data-end=\"3406\" data-col-size=\"sm\">Humulen<\/td>\n<td data-start=\"3406\" data-end=\"3416\" data-col-size=\"sm\">0,04%<\/td>\n<\/tr>\n<tr data-start=\"3417\" data-end=\"3442\">\n<td data-start=\"3417\" data-end=\"3432\" data-col-size=\"sm\">Limonen<\/td>\n<td data-col-size=\"sm\" data-start=\"3432\" data-end=\"3442\">0,19%<\/td>\n<\/tr>\n<tr data-start=\"3443\" data-end=\"3468\">\n<td data-start=\"3443\" data-end=\"3458\" data-col-size=\"sm\">Linalool<\/td>\n<td data-start=\"3458\" data-end=\"3468\" data-col-size=\"sm\">0,06%<\/td>\n<\/tr>\n<tr data-start=\"3469\" data-end=\"3494\">\n<td data-start=\"3469\" data-end=\"3484\" data-col-size=\"sm\">Valencen<\/td>\n<td data-start=\"3484\" data-end=\"3494\" data-col-size=\"sm\">0,19%<\/td>\n<\/tr>\n<tr data-start=\"3495\" data-end=\"3520\">\n<td data-start=\"3495\" data-end=\"3510\" data-col-size=\"sm\">Terpinolen<\/td>\n<td data-col-size=\"sm\" data-start=\"3510\" data-end=\"3520\">0,01%<\/td>\n<\/tr>\n<tr data-start=\"3521\" data-end=\"3546\">\n<td data-start=\"3521\" data-end=\"3536\" data-col-size=\"sm\">Phellandren<\/td>\n<td data-start=\"3536\" data-end=\"3546\" data-col-size=\"sm\">0,21%<\/td>\n<\/tr>\n<tr data-start=\"3547\" data-end=\"3572\">\n<td data-start=\"3547\" data-end=\"3562\" data-col-size=\"sm\">Caryophyllen<\/td>\n<td data-start=\"3562\" data-end=\"3572\" data-col-size=\"sm\">0,14%<\/td>\n<\/tr>\n<\/tbody>\n<\/table>\n<\/div>\n<\/div>\n<p data-start=\"3574\" data-end=\"3601\"><strong data-start=\"3574\" data-end=\"3593\">Gesamt-Terpene:<\/strong> 1,01%<\/p>\n<hr data-start=\"3603\" data-end=\"3606\" \/>\n<h2 data-section-id=\"7xy9cc\" data-start=\"3608\" data-end=\"3622\">Anbau-Infos<\/h2>\n<div class=\"TyagGW_tableContainer\">\n<div class=\"group TyagGW_tableWrapper flex flex-col-reverse w-fit\" tabindex=\"-1\">\n<table class=\"w-fit min-w-(--thread-content-width)\" data-start=\"3624\" data-end=\"4095\">\n<thead data-start=\"3624\" data-end=\"3671\">\n<tr data-start=\"3624\" data-end=\"3671\">\n<th class=\"\" data-start=\"3624\" data-end=\"3643\" data-col-size=\"sm\">Kategorie<\/th>\n<th class=\"\" data-start=\"3643\" data-end=\"3671\" data-col-size=\"sm\">Details<\/th>\n<\/tr>\n<\/thead>\n<tbody data-start=\"3720\" data-end=\"4095\">\n<tr data-start=\"3720\" data-end=\"3766\">\n<td data-start=\"3720\" data-end=\"3738\" data-col-size=\"sm\">Bl\u00fctezeit<\/td>\n<td data-start=\"3738\" data-end=\"3766\" data-col-size=\"sm\">51 \u2013 60 Tage<\/td>\n<\/tr>\n<tr data-start=\"3767\" data-end=\"3813\">\n<td data-start=\"3767\" data-end=\"3785\" data-col-size=\"sm\">Bl\u00fctetyp<\/td>\n<td data-start=\"3785\" data-end=\"3813\" data-col-size=\"sm\">Photoperiodisch<\/td>\n<\/tr>\n<tr data-start=\"3814\" data-end=\"3860\">\n<td data-start=\"3814\" data-end=\"3832\" data-col-size=\"sm\">Schwierigkeit<\/td>\n<td data-start=\"3832\" data-end=\"3860\" data-col-size=\"sm\">Einfach<\/td>\n<\/tr>\n<tr data-start=\"3861\" data-end=\"3907\">\n<td data-start=\"3861\" data-end=\"3879\" data-col-size=\"sm\">Erntezeit<\/td>\n<td data-start=\"3879\" data-end=\"3907\" data-col-size=\"sm\">66 Tage<\/td>\n<\/tr>\n<tr data-start=\"3908\" data-end=\"3954\">\n<td data-start=\"3908\" data-end=\"3926\" data-col-size=\"sm\">Ertrag Outdoor<\/td>\n<td data-start=\"3926\" data-end=\"3954\" data-col-size=\"sm\">15 \u2013 20 oz (~550 g)<\/td>\n<\/tr>\n<tr data-start=\"3955\" data-end=\"4001\">\n<td data-start=\"3955\" data-end=\"3973\" data-col-size=\"sm\">Ertrag Indoor<\/td>\n<td data-start=\"3973\" data-end=\"4001\" data-col-size=\"sm\">1 \u2013 2 oz\/ft\u00b2 (~400 g\/m\u00b2)<\/td>\n<\/tr>\n<tr data-start=\"4002\" data-end=\"4048\">\n<td data-start=\"4002\" data-end=\"4020\" data-col-size=\"sm\">H\u00f6he Indoor<\/td>\n<td data-start=\"4020\" data-end=\"4048\" data-col-size=\"sm\">30 \u2013 60<\/td>\n<\/tr>\n<tr data-start=\"4049\" data-end=\"4095\">\n<td data-start=\"4049\" data-end=\"4067\" data-col-size=\"sm\">H\u00f6he Outdoor<\/td>\n<td data-start=\"4067\" data-end=\"4095\" data-col-size=\"sm\">30 \u2013 60<\/td>\n<\/tr>\n<\/tbody>\n<\/table>\n<\/div>\n<\/div>\n<hr data-start=\"4097\" data-end=\"4100\" \/>\n<h2 data-section-id=\"x8o1ad\" data-start=\"4102\" data-end=\"4110\">Fazit<\/h2>\n<p data-start=\"4112\" data-end=\"4312\" data-is-last-node=\"\" data-is-only-node=\"\">Gushers ist eine seltene, potente Hybrid-Sorte mit intensiv s\u00fc\u00dfem Geschmack und starker entspannender Wirkung. Ideal f\u00fcr erfahrene Nutzer und ambitionierte Grower, die Qualit\u00e4t \u00fcber Quantit\u00e4t stellen.<\/p>","protected":false},"excerpt":{"rendered":"<p>Eigenschaft Details Cannabinoid THC-dominant THC 19 \u2013 22% CBD 0,3 \u2013 0,62% Wirkung Entspannend Nebenwirkung Trockene Augen Geschmack S\u00fc\u00df Gushers Strain Bewertung Potenz\u00fcbersicht Kategorie Wertebereich THC 20% \u2022 23% \u2022 26% \u2022 29% \u2022 32% \u2022 35% CBD 0% \u2022 0,4% \u2022 0,8% \u2022 1,2% \u2022 1,6% \u2022 2% Potenz Anf\u00e4nger \u2013 Erfahren Gushers ist [&hellip;]<\/p>\n","protected":false},"featured_media":3962,"comment_status":"open","ping_status":"closed","template":"","meta":[],"product_brand":[],"product_cat":[15],"product_tag":[],"class_list":{"0":"post-4006","1":"product","2":"type-product","3":"status-publish","4":"has-post-thumbnail","6":"product_cat-gras","8":"first","9":"instock","10":"shipping-taxable","11":"purchasable","12":"product-type-variable"},"_links":{"self":[{"href":"https:\/\/premiumthcshop.de\/en\/wp-json\/wp\/v2\/product\/4006","targetHints":{"allow":["GET"]}}],"collection":[{"href":"https:\/\/premiumthcshop.de\/en\/wp-json\/wp\/v2\/product"}],"about":[{"href":"https:\/\/premiumthcshop.de\/en\/wp-json\/wp\/v2\/types\/product"}],"replies":[{"embeddable":true,"href":"https:\/\/premiumthcshop.de\/en\/wp-json\/wp\/v2\/comments?post=4006"}],"wp:featuredmedia":[{"embeddable":true,"href":"https:\/\/premiumthcshop.de\/en\/wp-json\/wp\/v2\/media\/3962"}],"wp:attachment":[{"href":"https:\/\/premiumthcshop.de\/en\/wp-json\/wp\/v2\/media?parent=4006"}],"wp:term":[{"taxonomy":"product_brand","embeddable":true,"href":"https:\/\/premiumthcshop.de\/en\/wp-json\/wp\/v2\/product_brand?post=4006"},{"taxonomy":"product_cat","embeddable":true,"href":"https:\/\/premiumthcshop.de\/en\/wp-json\/wp\/v2\/product_cat?post=4006"},{"taxonomy":"product_tag","embeddable":true,"href":"https:\/\/premiumthcshop.de\/en\/wp-json\/wp\/v2\/product_tag?post=4006"}],"curies":[{"name":"wp","href":"https:\/\/api.w.org\/{rel}","templated":true}]}}