{"id":4016,"date":"2026-04-03T13:22:16","date_gmt":"2026-04-03T13:22:16","guid":{"rendered":"https:\/\/premiumthcshop.de\/?post_type=product&#038;p=4016"},"modified":"2026-04-03T13:22:16","modified_gmt":"2026-04-03T13:22:16","slug":"wedding-cake","status":"publish","type":"product","link":"https:\/\/premiumthcshop.de\/en\/product\/wedding-cake\/","title":{"rendered":"Wedding Cake"},"content":{"rendered":"<h2 data-section-id=\"7l5wb\" data-start=\"58\" data-end=\"77\"><span role=\"text\"><strong data-start=\"61\" data-end=\"77\">Wedding Cake<\/strong><\/span><\/h2>\n<p data-start=\"79\" data-end=\"111\"><strong data-start=\"79\" data-end=\"94\">Cannabinoid<\/strong><br data-start=\"94\" data-end=\"97\" \/>THC-dominant<\/p>\n<p data-start=\"113\" data-end=\"139\"><strong data-start=\"113\" data-end=\"120\">THC<\/strong><br data-start=\"120\" data-end=\"123\" \/>22,67 \u2013 25,33%<\/p>\n<p data-start=\"141\" data-end=\"164\"><strong data-start=\"141\" data-end=\"148\">CBD<\/strong><br data-start=\"148\" data-end=\"151\" \/>0,4 \u2013 0,68%<\/p>\n<p data-start=\"166\" data-end=\"193\"><strong data-start=\"166\" data-end=\"177\">Wirkung<\/strong><br data-start=\"177\" data-end=\"180\" \/>Entspannend<\/p>\n<p data-start=\"195\" data-end=\"240\"><strong data-start=\"195\" data-end=\"211\">Nebenwirkung<\/strong><br data-start=\"211\" data-end=\"214\" \/>Durst und trockener Mund<\/p>\n<p data-start=\"242\" data-end=\"263\"><strong data-start=\"242\" data-end=\"255\">Geschmack<\/strong><br data-start=\"255\" data-end=\"258\" \/>S\u00fc\u00df<\/p>\n<hr data-start=\"265\" data-end=\"268\" \/>\n<h2 data-section-id=\"12ty4wj\" data-start=\"270\" data-end=\"315\"><span role=\"text\"><strong data-start=\"273\" data-end=\"315\">Wedding Cake Sorte \u2013 Sp\u00fcre die Legende<\/strong><\/span><\/h2>\n<p data-start=\"317\" data-end=\"381\"><strong data-start=\"317\" data-end=\"324\">THC<\/strong><br data-start=\"324\" data-end=\"327\" \/>Hoch \u2013 Sehr hoch<br data-start=\"343\" data-end=\"346\" \/>20% \u2022 23% \u2022 26% \u2022 29% \u2022 32% \u2022 35%<\/p>\n<p data-start=\"383\" data-end=\"449\"><strong data-start=\"383\" data-end=\"390\">CBD<\/strong><br data-start=\"390\" data-end=\"393\" \/>Niedrig \u2013 Mittel<br data-start=\"409\" data-end=\"412\" \/>0% \u2022 0,4% \u2022 0,8% \u2022 1,2% \u2022 1,6% \u2022 2%<\/p>\n<p data-start=\"451\" data-end=\"485\"><strong data-start=\"451\" data-end=\"461\">Potenz<\/strong><br data-start=\"461\" data-end=\"464\" \/>Anf\u00e4nger \u2013 Erfahren<\/p>\n<p data-start=\"487\" data-end=\"722\">Wedding Cake Samen sind eine potente, indica-dominante Cannabissorte, die dich in eine andere Dimension versetzen kann. Sie entstand aus der Kreuzung von Girl Scout Cookies und Cherry Pie, die beide ebenfalls sehr starke Sorten sind.<\/p>\n<p data-start=\"724\" data-end=\"1105\">Beim Einatmen entfaltet sich zun\u00e4chst ein intensiver, erdiger Geruch, der durch die Terpene <strong data-start=\"816\" data-end=\"826\">Myrcen<\/strong> und <strong data-start=\"831\" data-end=\"842\">Camphen<\/strong> entsteht. Danach breitet sich ein zitrusartiges Aroma im Raum aus. Dieser Effekt wird durch <strong data-start=\"935\" data-end=\"947\">Valencen<\/strong> und <strong data-start=\"952\" data-end=\"964\">Linalool<\/strong> erzeugt, die zus\u00e4tzlich f\u00fcr einen vanilleartigen Geschmack sorgen. Durch <strong data-start=\"1038\" data-end=\"1054\">Caryophyllen<\/strong> entstehen s\u00fc\u00dfe, aber gleichzeitig w\u00fcrzige Noten.<\/p>\n<hr data-start=\"1107\" data-end=\"1110\" \/>\n<h2 data-section-id=\"srf5wy\" data-start=\"1112\" data-end=\"1145\"><span role=\"text\"><strong data-start=\"1115\" data-end=\"1145\">Geschmack von Wedding Cake<\/strong><\/span><\/h2>\n<p data-start=\"1147\" data-end=\"1259\">Die Buds der Wedding Cake Sorte sind dicht, leicht frostig, dunkelgr\u00fcn und mit orangefarbenen H\u00e4rchen bedeckt.<\/p>\n<p data-start=\"1261\" data-end=\"1471\">Der Geschmack kombiniert klassische Cannabisnoten mit fruchtigen Nuancen. Viele Nutzer berichten von einem dominanten s\u00fc\u00dfen Beerengeschmack, w\u00e4hrend andere ihn als w\u00fcrzig und angenehm zitrusartig beschreiben.<\/p>\n<hr data-start=\"1473\" data-end=\"1476\" \/>\n<h2 data-section-id=\"jme9lj\" data-start=\"1478\" data-end=\"1509\"><span role=\"text\"><strong data-start=\"1481\" data-end=\"1509\">Wirkung von Wedding Cake<\/strong><\/span><\/h2>\n<p data-start=\"1511\" data-end=\"1680\">Der THC-Gehalt liegt im Durchschnitt zwischen 20% und 23%. Trotz der stark entspannenden Wirkung sorgt die Sorte auch f\u00fcr intensive Euphorie und ein erhebendes Gef\u00fchl.<\/p>\n<p data-start=\"1682\" data-end=\"1761\">Gleichzeitig wird der Geist angeregt und kreativ \u2013 ideal f\u00fcr den Abendkonsum.<\/p>\n<p data-start=\"1763\" data-end=\"1858\">Allerdings kann die hohe Potenz bei falscher Dosierung auch unerw\u00fcnschte Effekte verursachen:<\/p>\n<ul data-start=\"1860\" data-end=\"1959\">\n<li data-section-id=\"gomdr7\" data-start=\"1860\" data-end=\"1872\">Paranoia<\/li>\n<li data-section-id=\"1xxsou4\" data-start=\"1873\" data-end=\"1901\">Durst und trockener Mund<\/li>\n<li data-section-id=\"c04hkr\" data-start=\"1902\" data-end=\"1926\">Schneller Herzschlag<\/li>\n<li data-section-id=\"1wjrggg\" data-start=\"1927\" data-end=\"1959\">Verst\u00e4rkte Sinneswahrnehmung<\/li>\n<\/ul>\n<p data-start=\"1961\" data-end=\"2146\">Dennoch regt Wedding Cake den Appetit an und hilft dadurch bei Appetitlosigkeit. Dank ihrer schmerzlindernden Eigenschaften kann sie au\u00dferdem bei Schmerzen und PMS-Beschwerden helfen.<\/p>\n<p data-start=\"2148\" data-end=\"2198\">Zus\u00e4tzlich wird sie verwendet zur Linderung von:<\/p>\n<ul data-start=\"2200\" data-end=\"2264\">\n<li data-section-id=\"1vn6ys6\" data-start=\"2200\" data-end=\"2208\">ADHS<\/li>\n<li data-section-id=\"1wnnkao\" data-start=\"2209\" data-end=\"2222\">M\u00fcdigkeit<\/li>\n<li data-section-id=\"194kmnm\" data-start=\"2223\" data-end=\"2243\">Muskeldystrophie<\/li>\n<li data-section-id=\"120ydx6\" data-start=\"2244\" data-end=\"2264\">Phantomschmerzen<\/li>\n<\/ul>\n<hr data-start=\"2266\" data-end=\"2269\" \/>\n<h2 data-section-id=\"1ifd4kw\" data-start=\"2271\" data-end=\"2302\"><span role=\"text\"><strong data-start=\"2274\" data-end=\"2302\">Informationen f\u00fcr Grower<\/strong><\/span><\/h2>\n<p data-start=\"2304\" data-end=\"2407\">Die beste Methode zum Anbau von Wedding Cake ist n\u00e4hrstoffreiche Erde oder ein hydroponisches System.<\/p>\n<p data-start=\"2409\" data-end=\"2495\">Trotz ihrer Indica-Dominanz kann die Pflanze \u00fcber 90 Zoll (ca. 230 cm) hoch wachsen.<\/p>\n<ul data-start=\"2497\" data-end=\"2592\">\n<li data-section-id=\"mn594e\" data-start=\"2497\" data-end=\"2529\"><strong data-start=\"2499\" data-end=\"2513\">Bl\u00fctezeit:<\/strong> 7 \u2013 10 Wochen<\/li>\n<li data-section-id=\"1r6l2ek\" data-start=\"2530\" data-end=\"2562\"><strong data-start=\"2532\" data-end=\"2546\">Erntezeit:<\/strong> ca. 11 Wochen<\/li>\n<li data-section-id=\"1xoelkx\" data-start=\"2563\" data-end=\"2592\"><strong data-start=\"2565\" data-end=\"2576\">Ertrag:<\/strong> etwa 150 g\/m\u00b2<\/li>\n<\/ul>\n<hr data-start=\"2594\" data-end=\"2597\" \/>\n<h2 data-section-id=\"1wa0erj\" data-start=\"2599\" data-end=\"2613\"><span role=\"text\"><strong data-start=\"2602\" data-end=\"2613\">Effekte<\/strong><\/span><\/h2>\n<ul data-start=\"2615\" data-end=\"2675\">\n<li data-section-id=\"lemjze\" data-start=\"2615\" data-end=\"2634\">Entspannt (96%)<\/li>\n<li data-section-id=\"cx81o3\" data-start=\"2635\" data-end=\"2654\">Gl\u00fccklich (79%)<\/li>\n<li data-section-id=\"645rop\" data-start=\"2655\" data-end=\"2675\">Euphorisch (67%)<\/li>\n<\/ul>\n<hr data-start=\"2677\" data-end=\"2680\" \/>\n<h2 data-section-id=\"1tp1iqj\" data-start=\"2682\" data-end=\"2698\"><span role=\"text\"><strong data-start=\"2685\" data-end=\"2698\">Geschmack<\/strong><\/span><\/h2>\n<ul data-start=\"2700\" data-end=\"2747\">\n<li data-section-id=\"n46s6o\" data-start=\"2700\" data-end=\"2713\">S\u00fc\u00df (84%)<\/li>\n<li data-section-id=\"1997w4\" data-start=\"2714\" data-end=\"2729\">Erdig (41%)<\/li>\n<li data-section-id=\"1ik8e1e\" data-start=\"2730\" data-end=\"2747\">Vanille (29%)<\/li>\n<\/ul>\n<hr data-start=\"2749\" data-end=\"2752\" \/>\n<h2 data-section-id=\"1nn0f3r\" data-start=\"2754\" data-end=\"2775\"><span role=\"text\"><strong data-start=\"2757\" data-end=\"2775\">Nebenwirkungen<\/strong><\/span><\/h2>\n<ul data-start=\"2777\" data-end=\"2854\">\n<li data-section-id=\"1khofrh\" data-start=\"2777\" data-end=\"2809\">Durst &amp; trockener Mund (95%)<\/li>\n<li data-section-id=\"1hi8xwc\" data-start=\"2810\" data-end=\"2834\">Trockene Augen (43%)<\/li>\n<li data-section-id=\"x0k32\" data-start=\"2835\" data-end=\"2854\">Schwindel (25%)<\/li>\n<\/ul>\n<hr data-start=\"2856\" data-end=\"2859\" \/>\n<h2 data-section-id=\"qb5ryu\" data-start=\"2861\" data-end=\"2903\"><span role=\"text\"><strong data-start=\"2864\" data-end=\"2903\">Cannabinoide der Wedding Cake Sorte<\/strong><\/span><\/h2>\n<ul data-start=\"2905\" data-end=\"3062\">\n<li data-section-id=\"1mjike5\" data-start=\"2905\" data-end=\"2932\"><strong data-start=\"2907\" data-end=\"2915\">THC:<\/strong> 22,67 \u2013 25,33%<\/li>\n<li data-section-id=\"po75i3\" data-start=\"2933\" data-end=\"2957\"><strong data-start=\"2935\" data-end=\"2943\">CBD:<\/strong> 0,4 \u2013 0,68%<\/li>\n<li data-section-id=\"2wg7uq\" data-start=\"2958\" data-end=\"2983\"><strong data-start=\"2960\" data-end=\"2968\">CBC:<\/strong> 0,28 \u2013 0,68%<\/li>\n<li data-section-id=\"fp8n38\" data-start=\"2984\" data-end=\"3009\"><strong data-start=\"2986\" data-end=\"2994\">CBG:<\/strong> 0,11 \u2013 1,16%<\/li>\n<li data-section-id=\"r38z42\" data-start=\"3010\" data-end=\"3035\"><strong data-start=\"3012\" data-end=\"3020\">CBN:<\/strong> 0,22 \u2013 0,18%<\/li>\n<li data-section-id=\"8xd66i\" data-start=\"3036\" data-end=\"3062\"><strong data-start=\"3038\" data-end=\"3047\">THCV:<\/strong> 0,18 \u2013 0,86%<\/li>\n<\/ul>\n<hr data-start=\"3064\" data-end=\"3067\" \/>\n<h2 data-section-id=\"lj6j6i\" data-start=\"3069\" data-end=\"3105\"><span role=\"text\"><strong data-start=\"3072\" data-end=\"3105\">Terpenprofil von Wedding Cake<\/strong><\/span><\/h2>\n<ul data-start=\"3107\" data-end=\"3302\">\n<li data-section-id=\"m8tvsn\" data-start=\"3107\" data-end=\"3124\">Pinene: 0,05%<\/li>\n<li data-section-id=\"3o5amb\" data-start=\"3125\" data-end=\"3142\">Myrcen: 0,17%<\/li>\n<li data-section-id=\"15a3ls9\" data-start=\"3143\" data-end=\"3160\">Ocimen: 0,01%<\/li>\n<li data-section-id=\"1grjgz7\" data-start=\"3161\" data-end=\"3179\">Camphen: 0,15%<\/li>\n<li data-section-id=\"1nk4nan\" data-start=\"3180\" data-end=\"3198\">Humulen: 0,06%<\/li>\n<li data-section-id=\"ymviz3\" data-start=\"3199\" data-end=\"3217\">Limonen: 0,17%<\/li>\n<li data-section-id=\"u3e4w\" data-start=\"3218\" data-end=\"3236\">Linalool: 0,1%<\/li>\n<li data-section-id=\"1k6cpiv\" data-start=\"3237\" data-end=\"3256\">Valencen: 0,15%<\/li>\n<li data-section-id=\"hzcp1x\" data-start=\"3257\" data-end=\"3278\">Terpinolen: 0,02%<\/li>\n<li data-section-id=\"ppjnd0\" data-start=\"3279\" data-end=\"3302\">Caryophyllen: 0,12%<\/li>\n<\/ul>\n<p data-start=\"3304\" data-end=\"3336\"><strong data-start=\"3304\" data-end=\"3328\">Gesamt-Terpengehalt:<\/strong> 1,00%<\/p>\n<hr data-start=\"3338\" data-end=\"3341\" \/>\n<h2 data-section-id=\"1rb236j\" data-start=\"3343\" data-end=\"3368\"><span role=\"text\"><strong data-start=\"3346\" data-end=\"3368\">Anbauinformationen<\/strong><\/span><\/h2>\n<ul data-start=\"3370\" data-end=\"3670\">\n<li data-section-id=\"f8cyxr\" data-start=\"3370\" data-end=\"3401\"><strong data-start=\"3372\" data-end=\"3386\">Bl\u00fctezeit:<\/strong> 49 \u2013 63 Tage<\/li>\n<li data-section-id=\"1k7cypg\" data-start=\"3402\" data-end=\"3435\"><strong data-start=\"3404\" data-end=\"3417\">Bl\u00fctetyp:<\/strong> Photoperiodisch<\/li>\n<li data-section-id=\"g9tuer\" data-start=\"3436\" data-end=\"3471\"><strong data-start=\"3438\" data-end=\"3461\">Schwierigkeitsgrad:<\/strong> Einfach<\/li>\n<li data-section-id=\"c41wv5\" data-start=\"3472\" data-end=\"3498\"><strong data-start=\"3474\" data-end=\"3488\">Erntezeit:<\/strong> 68 Tage<\/li>\n<li data-section-id=\"1lwh7ms\" data-start=\"3499\" data-end=\"3557\"><strong data-start=\"3501\" data-end=\"3520\">Ertrag Outdoor:<\/strong> 5 \u2013 10 oz\/Pflanze (~300 g\/Pflanze)<\/li>\n<li data-section-id=\"1isz37p\" data-start=\"3558\" data-end=\"3605\"><strong data-start=\"3560\" data-end=\"3578\">Ertrag Indoor:<\/strong> &lt; 0,5 oz\/ft\u00b2 (&lt;150 g\/m\u00b2)<\/li>\n<li data-section-id=\"hk8llv\" data-start=\"3606\" data-end=\"3637\"><strong data-start=\"3608\" data-end=\"3624\">H\u00f6he Indoor:<\/strong> 60 \u2013 80 cm<\/li>\n<li data-section-id=\"i188xj\" data-start=\"3638\" data-end=\"3670\"><strong data-start=\"3640\" data-end=\"3657\">H\u00f6he Outdoor:<\/strong> \u00fcber 90 cm<\/li>\n<\/ul>","protected":false},"excerpt":{"rendered":"<p>Wedding Cake CannabinoidTHC-dominant THC22,67 \u2013 25,33% CBD0,4 \u2013 0,68% WirkungEntspannend NebenwirkungDurst und trockener Mund GeschmackS\u00fc\u00df Wedding Cake Sorte \u2013 Sp\u00fcre die Legende THCHoch \u2013 Sehr hoch20% \u2022 23% \u2022 26% \u2022 29% \u2022 32% \u2022 35% CBDNiedrig \u2013 Mittel0% \u2022 0,4% \u2022 0,8% \u2022 1,2% \u2022 1,6% \u2022 2% PotenzAnf\u00e4nger \u2013 Erfahren Wedding Cake Samen [&hellip;]<\/p>\n","protected":false},"featured_media":3958,"comment_status":"open","ping_status":"closed","template":"","meta":[],"product_brand":[],"product_cat":[15],"product_tag":[],"class_list":{"0":"post-4016","1":"product","2":"type-product","3":"status-publish","4":"has-post-thumbnail","6":"product_cat-gras","8":"first","9":"instock","10":"shipping-taxable","11":"purchasable","12":"product-type-variable"},"_links":{"self":[{"href":"https:\/\/premiumthcshop.de\/en\/wp-json\/wp\/v2\/product\/4016","targetHints":{"allow":["GET"]}}],"collection":[{"href":"https:\/\/premiumthcshop.de\/en\/wp-json\/wp\/v2\/product"}],"about":[{"href":"https:\/\/premiumthcshop.de\/en\/wp-json\/wp\/v2\/types\/product"}],"replies":[{"embeddable":true,"href":"https:\/\/premiumthcshop.de\/en\/wp-json\/wp\/v2\/comments?post=4016"}],"wp:featuredmedia":[{"embeddable":true,"href":"https:\/\/premiumthcshop.de\/en\/wp-json\/wp\/v2\/media\/3958"}],"wp:attachment":[{"href":"https:\/\/premiumthcshop.de\/en\/wp-json\/wp\/v2\/media?parent=4016"}],"wp:term":[{"taxonomy":"product_brand","embeddable":true,"href":"https:\/\/premiumthcshop.de\/en\/wp-json\/wp\/v2\/product_brand?post=4016"},{"taxonomy":"product_cat","embeddable":true,"href":"https:\/\/premiumthcshop.de\/en\/wp-json\/wp\/v2\/product_cat?post=4016"},{"taxonomy":"product_tag","embeddable":true,"href":"https:\/\/premiumthcshop.de\/en\/wp-json\/wp\/v2\/product_tag?post=4016"}],"curies":[{"name":"wp","href":"https:\/\/api.w.org\/{rel}","templated":true}]}}