{"id":4017,"date":"2026-04-03T13:25:56","date_gmt":"2026-04-03T13:25:56","guid":{"rendered":"https:\/\/premiumthcshop.de\/?post_type=product&#038;p=4017"},"modified":"2026-04-03T13:26:14","modified_gmt":"2026-04-03T13:26:14","slug":"fruity-pebbles","status":"publish","type":"product","link":"https:\/\/premiumthcshop.de\/en\/product\/fruity-pebbles\/","title":{"rendered":"Fruity Pebbles"},"content":{"rendered":"<p data-start=\"123\" data-end=\"155\"><strong data-start=\"123\" data-end=\"138\">Cannabinoid<\/strong><br data-start=\"138\" data-end=\"141\" \/>THC-dominant<\/p>\n<p data-start=\"157\" data-end=\"177\"><strong data-start=\"157\" data-end=\"164\">THC<\/strong><br data-start=\"164\" data-end=\"167\" \/>24 \u2013 28%<\/p>\n<p data-start=\"179\" data-end=\"200\"><strong data-start=\"179\" data-end=\"186\">CBD<\/strong><br data-start=\"186\" data-end=\"189\" \/>0 \u2013 0,38%<\/p>\n<p data-start=\"202\" data-end=\"227\"><strong data-start=\"202\" data-end=\"213\">Wirkung<\/strong><br data-start=\"213\" data-end=\"216\" \/>Schl\u00e4frig<\/p>\n<p data-start=\"229\" data-end=\"274\"><strong data-start=\"229\" data-end=\"245\">Nebenwirkung<\/strong><br data-start=\"245\" data-end=\"248\" \/>Durst und trockener Mund<\/p>\n<p data-start=\"276\" data-end=\"300\"><strong data-start=\"276\" data-end=\"289\">Geschmack<\/strong><br data-start=\"289\" data-end=\"292\" \/>Holzig<\/p>\n<hr data-start=\"302\" data-end=\"305\" \/>\n<h2 data-section-id=\"14czz7o\" data-start=\"307\" data-end=\"350\"><span role=\"text\"><strong data-start=\"310\" data-end=\"350\">Fruity Pebbles Sorte \u2013 Informationen<\/strong><\/span><\/h2>\n<p data-start=\"352\" data-end=\"416\"><strong data-start=\"352\" data-end=\"359\">THC<\/strong><br data-start=\"359\" data-end=\"362\" \/>Hoch \u2013 Sehr hoch<br data-start=\"378\" data-end=\"381\" \/>20% \u2022 23% \u2022 26% \u2022 29% \u2022 32% \u2022 35%<\/p>\n<p data-start=\"418\" data-end=\"484\"><strong data-start=\"418\" data-end=\"425\">CBD<\/strong><br data-start=\"425\" data-end=\"428\" \/>Niedrig \u2013 Mittel<br data-start=\"444\" data-end=\"447\" \/>0% \u2022 0,4% \u2022 0,8% \u2022 1,2% \u2022 1,6% \u2022 2%<\/p>\n<p data-start=\"486\" data-end=\"520\"><strong data-start=\"486\" data-end=\"496\">Potenz<\/strong><br data-start=\"496\" data-end=\"499\" \/>Anf\u00e4nger \u2013 Erfahren<\/p>\n<p data-start=\"522\" data-end=\"717\">Fruity Pebbles ist eine ausgewogene Hybrid-Sorte, die angeblich aus Alaska stammt und erstmals 2006 in Dispensaries auftauchte. Gleichzeitig geh\u00f6rt sie zu den Sorten mit besonders hohem Ertrag.<\/p>\n<p data-start=\"719\" data-end=\"993\">Fruity Pebbles OG entstand aus der Kreuzung von <strong data-start=\"767\" data-end=\"783\">Green Ribbon<\/strong>, <strong data-start=\"785\" data-end=\"806\">Granddaddy Purple<\/strong> und <strong data-start=\"811\" data-end=\"826\">Tahoe Alien<\/strong>. Diese vielseitige Kombination \u2013 mit leicht indica-dominantem Ph\u00e4notyp \u2013 produziert stark aromatische Bl\u00fcten mit einer langanhaltenden Wirkung \u00fcber mehrere Stunden.<\/p>\n<p data-start=\"995\" data-end=\"1148\">Mit etwa 22% THC z\u00e4hlt diese Sorte zu den st\u00e4rkeren auf dem Markt. Allerdings ist sie heute nur noch schwer bei Growern oder in Dispensaries zu finden.<\/p>\n<hr data-start=\"1150\" data-end=\"1153\" \/>\n<h2 data-section-id=\"15p2o6i\" data-start=\"1155\" data-end=\"1199\"><span role=\"text\"><strong data-start=\"1158\" data-end=\"1199\">Allgemeine Wirkung von Fruity Pebbles<\/strong><\/span><\/h2>\n<p data-start=\"1201\" data-end=\"1306\">Die Sorte ist bekannt f\u00fcr ihre starken Effekte und ihren medizinischen Nutzen. Typische Wirkungen sind:<\/p>\n<ul data-start=\"1308\" data-end=\"1378\">\n<li data-section-id=\"v58omw\" data-start=\"1308\" data-end=\"1324\">Gl\u00fccksgef\u00fchl<\/li>\n<li data-section-id=\"15mpjn5\" data-start=\"1325\" data-end=\"1337\">Euphorie<\/li>\n<li data-section-id=\"1gdhxpl\" data-start=\"1338\" data-end=\"1353\">Entspannung<\/li>\n<li data-section-id=\"1ph394f\" data-start=\"1354\" data-end=\"1378\">Aufhellende Stimmung<\/li>\n<\/ul>\n<hr data-start=\"1380\" data-end=\"1383\" \/>\n<h2 data-section-id=\"84l6h1\" data-start=\"1385\" data-end=\"1412\"><span role=\"text\"><strong data-start=\"1388\" data-end=\"1412\">Medizinischer Nutzen<\/strong><\/span><\/h2>\n<p data-start=\"1414\" data-end=\"1474\">Als indica-dominante Sorte kann Fruity Pebbles helfen bei:<\/p>\n<ul data-start=\"1476\" data-end=\"1584\">\n<li data-section-id=\"1e9ixi0\" data-start=\"1476\" data-end=\"1486\">Stress<\/li>\n<li data-section-id=\"1llug7q\" data-start=\"1487\" data-end=\"1506\">Schlaflosigkeit<\/li>\n<li data-section-id=\"h8qkwa\" data-start=\"1507\" data-end=\"1525\">Angstzust\u00e4nden<\/li>\n<li data-section-id=\"ihm4k6\" data-start=\"1526\" data-end=\"1537\">Migr\u00e4ne<\/li>\n<li data-section-id=\"pglht5\" data-start=\"1538\" data-end=\"1555\">Kopfschmerzen<\/li>\n<li data-section-id=\"1ynpxba\" data-start=\"1556\" data-end=\"1570\">Depression<\/li>\n<li data-section-id=\"1d2onkr\" data-start=\"1571\" data-end=\"1584\">Schmerzen<\/li>\n<\/ul>\n<hr data-start=\"1586\" data-end=\"1589\" \/>\n<h2 data-section-id=\"1nn0f3r\" data-start=\"1591\" data-end=\"1612\"><span role=\"text\"><strong data-start=\"1594\" data-end=\"1612\">Nebenwirkungen<\/strong><\/span><\/h2>\n<p data-start=\"1614\" data-end=\"1695\">Obwohl sie meist gut vertr\u00e4glich ist, k\u00f6nnen typische Nebenwirkungen auftreten:<\/p>\n<ul data-start=\"1697\" data-end=\"1809\">\n<li data-section-id=\"8d0ef\" data-start=\"1697\" data-end=\"1715\">Trockener Mund<\/li>\n<li data-section-id=\"zwyakc\" data-start=\"1716\" data-end=\"1730\">Rote Augen<\/li>\n<li data-section-id=\"x6n90u\" data-start=\"1731\" data-end=\"1765\">Paranoia (bei hoher Dosierung)<\/li>\n<li data-section-id=\"1l3i2dv\" data-start=\"1766\" data-end=\"1809\">Angstgef\u00fchle (bei ung\u00fcnstiger Stimmung)<\/li>\n<\/ul>\n<hr data-start=\"1811\" data-end=\"1814\" \/>\n<h2 data-section-id=\"1mcnucq\" data-start=\"1816\" data-end=\"1843\"><span role=\"text\"><strong data-start=\"1819\" data-end=\"1843\">Geruch und Geschmack<\/strong><\/span><\/h2>\n<p data-start=\"1845\" data-end=\"1941\">Das markanteste Merkmal ist das tropische Aroma \u2013 eine Mischung aus Beeren und Zitrusfr\u00fcchten.<\/p>\n<p data-start=\"1943\" data-end=\"2120\">Beim Zerkleinern der Buds entfalten sich zus\u00e4tzlich w\u00fcrzige und hashartige Noten. Der Rauch ist weich und angenehm, w\u00e4hrend der Nachgeschmack s\u00fc\u00df ist und lange im Mund bleibt.<\/p>\n<hr data-start=\"2122\" data-end=\"2125\" \/>\n<h2 data-section-id=\"zh3362\" data-start=\"2127\" data-end=\"2153\"><span role=\"text\"><strong data-start=\"2130\" data-end=\"2153\">Anbau (Grow Review)<\/strong><\/span><\/h2>\n<p data-start=\"2155\" data-end=\"2247\">Fruity Pebbles ist relativ pflegeleicht und eignet sich auch f\u00fcr weniger erfahrene Grower.<\/p>\n<ul data-start=\"2249\" data-end=\"2457\">\n<li data-section-id=\"kcc4x1\" data-start=\"2249\" data-end=\"2284\">Ben\u00f6tigt wenig konstante Pflege<\/li>\n<li data-section-id=\"6mtart\" data-start=\"2285\" data-end=\"2312\">Ideal f\u00fcr Outdoor-Anbau<\/li>\n<li data-section-id=\"13jboph\" data-start=\"2313\" data-end=\"2337\">Hoher Ertrag m\u00f6glich<\/li>\n<li data-section-id=\"c9y5hh\" data-start=\"2338\" data-end=\"2400\">Indoor-Anbau erfordert starke Beleuchtung (mind. 600 Watt)<\/li>\n<li data-section-id=\"1w7eie5\" data-start=\"2401\" data-end=\"2457\">Empfohlene Technik: <strong data-start=\"2423\" data-end=\"2432\">SCROG<\/strong> (f\u00fcr maximalen Ertrag)<\/li>\n<\/ul>\n<hr data-start=\"2459\" data-end=\"2462\" \/>\n<h2 data-section-id=\"g69zga\" data-start=\"2464\" data-end=\"2492\"><span role=\"text\"><strong data-start=\"2467\" data-end=\"2492\">Effekte (Bewertungen)<\/strong><\/span><\/h2>\n<ul data-start=\"2494\" data-end=\"2531\">\n<li data-section-id=\"lkm8ey\" data-start=\"2494\" data-end=\"2513\">Schl\u00e4frig \u2013 86%<\/li>\n<li data-section-id=\"17e4gpe\" data-start=\"2514\" data-end=\"2531\">Hungrig \u2013 15%<\/li>\n<\/ul>\n<hr data-start=\"2533\" data-end=\"2536\" \/>\n<h2 data-section-id=\"wkbyhq\" data-start=\"2538\" data-end=\"2568\"><span role=\"text\"><strong data-start=\"2541\" data-end=\"2568\">Geschmack (Bewertungen)<\/strong><\/span><\/h2>\n<ul data-start=\"2570\" data-end=\"2618\">\n<li data-section-id=\"gegch9\" data-start=\"2570\" data-end=\"2586\">Holzig \u2013 95%<\/li>\n<li data-section-id=\"x9gyi1\" data-start=\"2587\" data-end=\"2602\">Birne \u2013 50%<\/li>\n<li data-section-id=\"s9zv62\" data-start=\"2603\" data-end=\"2618\">Beere \u2013 45%<\/li>\n<\/ul>\n<hr data-start=\"2620\" data-end=\"2623\" \/>\n<h2 data-section-id=\"4px4vm\" data-start=\"2625\" data-end=\"2660\"><span role=\"text\"><strong data-start=\"2628\" data-end=\"2660\">Nebenwirkungen (Bewertungen)<\/strong><\/span><\/h2>\n<ul data-start=\"2662\" data-end=\"2744\">\n<li data-section-id=\"hkxx5u\" data-start=\"2662\" data-end=\"2695\">Durst &amp; trockener Mund \u2013 100%<\/li>\n<li data-section-id=\"5b29ig\" data-start=\"2696\" data-end=\"2719\">Panikattacken \u2013 80%<\/li>\n<li data-section-id=\"1ecd6ry\" data-start=\"2720\" data-end=\"2744\">Trockene Augen \u2013 70%<\/li>\n<\/ul>\n<hr data-start=\"2746\" data-end=\"2749\" \/>\n<h2 data-section-id=\"1258aix\" data-start=\"2751\" data-end=\"2790\"><span role=\"text\"><strong data-start=\"2754\" data-end=\"2790\">Cannabinoid-Profil<\/strong><\/span><\/h2>\n<div class=\"TyagGW_tableContainer\">\n<div class=\"group TyagGW_tableWrapper flex flex-col-reverse w-fit\" tabindex=\"-1\">\n<table class=\"w-fit min-w-(--thread-content-width)\" data-start=\"2792\" data-end=\"3013\">\n<thead data-start=\"2792\" data-end=\"2816\">\n<tr data-start=\"2792\" data-end=\"2816\">\n<th class=\"\" data-start=\"2792\" data-end=\"2806\" data-col-size=\"sm\">Cannabinoid<\/th>\n<th class=\"\" data-start=\"2806\" data-end=\"2816\" data-col-size=\"sm\">Anteil<\/th>\n<\/tr>\n<\/thead>\n<tbody data-start=\"2841\" data-end=\"3013\">\n<tr data-start=\"2841\" data-end=\"2866\">\n<td data-start=\"2841\" data-end=\"2854\" data-col-size=\"sm\">THC<\/td>\n<td data-start=\"2854\" data-end=\"2866\" data-col-size=\"sm\">24 \u2013 28%<\/td>\n<\/tr>\n<tr data-start=\"2867\" data-end=\"2893\">\n<td data-start=\"2867\" data-end=\"2880\" data-col-size=\"sm\">CBD<\/td>\n<td data-start=\"2880\" data-end=\"2893\" data-col-size=\"sm\">0 \u2013 0,38%<\/td>\n<\/tr>\n<tr data-start=\"2894\" data-end=\"2923\">\n<td data-start=\"2894\" data-end=\"2907\" data-col-size=\"sm\">CBC<\/td>\n<td data-start=\"2907\" data-end=\"2923\" data-col-size=\"sm\">0,18 \u2013 1,41%<\/td>\n<\/tr>\n<tr data-start=\"2924\" data-end=\"2953\">\n<td data-start=\"2924\" data-end=\"2937\" data-col-size=\"sm\">CBG<\/td>\n<td data-start=\"2937\" data-end=\"2953\" data-col-size=\"sm\">0,14 \u2013 1,83%<\/td>\n<\/tr>\n<tr data-start=\"2954\" data-end=\"2983\">\n<td data-start=\"2954\" data-end=\"2967\" data-col-size=\"sm\">CBN<\/td>\n<td data-start=\"2967\" data-end=\"2983\" data-col-size=\"sm\">0,18 \u2013 0,29%<\/td>\n<\/tr>\n<tr data-start=\"2984\" data-end=\"3013\">\n<td data-start=\"2984\" data-end=\"2997\" data-col-size=\"sm\">THCV<\/td>\n<td data-start=\"2997\" data-end=\"3013\" data-col-size=\"sm\">0,21 \u2013 1,29%<\/td>\n<\/tr>\n<\/tbody>\n<\/table>\n<\/div>\n<\/div>\n<hr data-start=\"3015\" data-end=\"3018\" \/>\n<h2 data-section-id=\"isx8bf\" data-start=\"3020\" data-end=\"3053\"><span role=\"text\"><strong data-start=\"3023\" data-end=\"3053\">Terpenprofil<\/strong><\/span><\/h2>\n<div class=\"TyagGW_tableContainer\">\n<div class=\"group TyagGW_tableWrapper flex flex-col-reverse w-fit\" tabindex=\"-1\">\n<table class=\"w-fit min-w-(--thread-content-width)\" data-start=\"3055\" data-end=\"3253\">\n<thead data-start=\"3055\" data-end=\"3080\">\n<tr data-start=\"3055\" data-end=\"3080\">\n<th class=\"\" data-start=\"3055\" data-end=\"3070\" data-col-size=\"sm\">Terpen<\/th>\n<th class=\"\" data-start=\"3070\" data-end=\"3080\" data-col-size=\"sm\">Anteil<\/th>\n<\/tr>\n<\/thead>\n<tbody data-start=\"3106\" data-end=\"3253\">\n<tr data-start=\"3106\" data-end=\"3129\">\n<td data-start=\"3106\" data-end=\"3120\" data-col-size=\"sm\">Caren<\/td>\n<td data-start=\"3120\" data-end=\"3129\" data-col-size=\"sm\">0,09%<\/td>\n<\/tr>\n<tr data-start=\"3130\" data-end=\"3153\">\n<td data-start=\"3130\" data-end=\"3144\" data-col-size=\"sm\">Pinen<\/td>\n<td data-start=\"3144\" data-end=\"3153\" data-col-size=\"sm\">0,32%<\/td>\n<\/tr>\n<tr data-start=\"3154\" data-end=\"3177\">\n<td data-start=\"3154\" data-end=\"3168\" data-col-size=\"sm\">Camphen<\/td>\n<td data-start=\"3168\" data-end=\"3177\" data-col-size=\"sm\">0,14%<\/td>\n<\/tr>\n<tr data-start=\"3178\" data-end=\"3201\">\n<td data-start=\"3178\" data-end=\"3192\" data-col-size=\"sm\">Humulen<\/td>\n<td data-start=\"3192\" data-end=\"3201\" data-col-size=\"sm\">0,05%<\/td>\n<\/tr>\n<tr data-start=\"3202\" data-end=\"3225\">\n<td data-start=\"3202\" data-end=\"3216\" data-col-size=\"sm\">Terpinolen<\/td>\n<td data-start=\"3216\" data-end=\"3225\" data-col-size=\"sm\">0,41%<\/td>\n<\/tr>\n<tr data-start=\"3226\" data-end=\"3253\">\n<td data-start=\"3226\" data-end=\"3240\" data-col-size=\"sm\"><strong data-start=\"3228\" data-end=\"3238\">Gesamt<\/strong><\/td>\n<td data-col-size=\"sm\" data-start=\"3240\" data-end=\"3253\"><strong data-start=\"3242\" data-end=\"3251\">1,01%<\/strong><\/td>\n<\/tr>\n<\/tbody>\n<\/table>\n<\/div>\n<\/div>\n<hr data-start=\"3255\" data-end=\"3258\" \/>\n<h2 data-section-id=\"1rb236j\" data-start=\"3260\" data-end=\"3285\"><span role=\"text\"><strong data-start=\"3263\" data-end=\"3285\">Anbauinformationen<\/strong><\/span><\/h2>\n<ul data-start=\"3287\" data-end=\"3586\">\n<li data-section-id=\"f8cyxr\" data-start=\"3287\" data-end=\"3318\"><strong data-start=\"3289\" data-end=\"3303\">Bl\u00fctezeit:<\/strong> 49 \u2013 63 Tage<\/li>\n<li data-section-id=\"drqb6u\" data-start=\"3319\" data-end=\"3350\"><strong data-start=\"3321\" data-end=\"3334\">Bl\u00fctetyp:<\/strong> Autoflowering<\/li>\n<li data-section-id=\"g9tuer\" data-start=\"3351\" data-end=\"3386\"><strong data-start=\"3353\" data-end=\"3376\">Schwierigkeitsgrad:<\/strong> Einfach<\/li>\n<li data-section-id=\"1mxtdq8\" data-start=\"3387\" data-end=\"3413\"><strong data-start=\"3389\" data-end=\"3403\">Erntezeit:<\/strong> 69 Tage<\/li>\n<li data-section-id=\"nry1at\" data-start=\"3414\" data-end=\"3473\"><strong data-start=\"3416\" data-end=\"3435\">Ertrag Outdoor:<\/strong> 15 \u2013 20 oz\/Pflanze (~550 g\/Pflanze)<\/li>\n<li data-section-id=\"1ewltuq\" data-start=\"3474\" data-end=\"3521\"><strong data-start=\"3476\" data-end=\"3494\">Ertrag Indoor:<\/strong> 1 \u2013 2 oz\/ft\u00b2 (~400 g\/m\u00b2)<\/li>\n<li data-section-id=\"5v62mg\" data-start=\"3522\" data-end=\"3553\"><strong data-start=\"3524\" data-end=\"3540\">H\u00f6he Indoor:<\/strong> 30 \u2013 60 cm<\/li>\n<li data-section-id=\"vviw75\" data-start=\"3554\" data-end=\"3586\"><strong data-start=\"3556\" data-end=\"3573\">H\u00f6he Outdoor:<\/strong> 30 \u2013 60 cm<\/li>\n<\/ul>","protected":false},"excerpt":{"rendered":"<p>CannabinoidTHC-dominant THC24 \u2013 28% CBD0 \u2013 0,38% WirkungSchl\u00e4frig NebenwirkungDurst und trockener Mund GeschmackHolzig Fruity Pebbles Sorte \u2013 Informationen THCHoch \u2013 Sehr hoch20% \u2022 23% \u2022 26% \u2022 29% \u2022 32% \u2022 35% CBDNiedrig \u2013 Mittel0% \u2022 0,4% \u2022 0,8% \u2022 1,2% \u2022 1,6% \u2022 2% PotenzAnf\u00e4nger \u2013 Erfahren Fruity Pebbles ist eine ausgewogene Hybrid-Sorte, die [&hellip;]<\/p>\n","protected":false},"featured_media":3957,"comment_status":"open","ping_status":"closed","template":"","meta":[],"product_brand":[],"product_cat":[15],"product_tag":[],"class_list":{"0":"post-4017","1":"product","2":"type-product","3":"status-publish","4":"has-post-thumbnail","6":"product_cat-gras","8":"first","9":"instock","10":"shipping-taxable","11":"purchasable","12":"product-type-variable"},"_links":{"self":[{"href":"https:\/\/premiumthcshop.de\/en\/wp-json\/wp\/v2\/product\/4017","targetHints":{"allow":["GET"]}}],"collection":[{"href":"https:\/\/premiumthcshop.de\/en\/wp-json\/wp\/v2\/product"}],"about":[{"href":"https:\/\/premiumthcshop.de\/en\/wp-json\/wp\/v2\/types\/product"}],"replies":[{"embeddable":true,"href":"https:\/\/premiumthcshop.de\/en\/wp-json\/wp\/v2\/comments?post=4017"}],"wp:featuredmedia":[{"embeddable":true,"href":"https:\/\/premiumthcshop.de\/en\/wp-json\/wp\/v2\/media\/3957"}],"wp:attachment":[{"href":"https:\/\/premiumthcshop.de\/en\/wp-json\/wp\/v2\/media?parent=4017"}],"wp:term":[{"taxonomy":"product_brand","embeddable":true,"href":"https:\/\/premiumthcshop.de\/en\/wp-json\/wp\/v2\/product_brand?post=4017"},{"taxonomy":"product_cat","embeddable":true,"href":"https:\/\/premiumthcshop.de\/en\/wp-json\/wp\/v2\/product_cat?post=4017"},{"taxonomy":"product_tag","embeddable":true,"href":"https:\/\/premiumthcshop.de\/en\/wp-json\/wp\/v2\/product_tag?post=4017"}],"curies":[{"name":"wp","href":"https:\/\/api.w.org\/{rel}","templated":true}]}}