{"id":4024,"date":"2026-04-03T13:34:02","date_gmt":"2026-04-03T13:34:02","guid":{"rendered":"https:\/\/premiumthcshop.de\/?post_type=product&#038;p=4024"},"modified":"2026-04-03T13:34:02","modified_gmt":"2026-04-03T13:34:02","slug":"ice-cream-cake","status":"publish","type":"product","link":"https:\/\/premiumthcshop.de\/en\/product\/ice-cream-cake\/","title":{"rendered":"Ice Cream Cake"},"content":{"rendered":"<div class=\"TyagGW_tableContainer\">\n<div class=\"group TyagGW_tableWrapper flex flex-col-reverse w-fit\" tabindex=\"-1\">\n<table class=\"w-fit min-w-(--thread-content-width)\" data-start=\"91\" data-end=\"851\">\n<thead data-start=\"91\" data-end=\"160\">\n<tr data-start=\"91\" data-end=\"160\">\n<th class=\"\" data-start=\"91\" data-end=\"116\" data-col-size=\"sm\">Eigenschaft<\/th>\n<th class=\"\" data-start=\"116\" data-end=\"160\" data-col-size=\"sm\">Details<\/th>\n<\/tr>\n<\/thead>\n<tbody data-start=\"231\" data-end=\"851\">\n<tr data-start=\"231\" data-end=\"299\">\n<td data-start=\"231\" data-end=\"254\" data-col-size=\"sm\">Typ<\/td>\n<td data-col-size=\"sm\" data-start=\"254\" data-end=\"299\">Indica-dominanter Hybrid<\/td>\n<\/tr>\n<tr data-start=\"300\" data-end=\"368\">\n<td data-start=\"300\" data-end=\"323\" data-col-size=\"sm\">Cannabinoid-Profil<\/td>\n<td data-col-size=\"sm\" data-start=\"323\" data-end=\"368\">THC-dominant<\/td>\n<\/tr>\n<tr data-start=\"369\" data-end=\"437\">\n<td data-start=\"369\" data-end=\"392\" data-col-size=\"sm\">THC-Gehalt<\/td>\n<td data-start=\"392\" data-end=\"437\" data-col-size=\"sm\">20,78 \u2013 23,02 %<\/td>\n<\/tr>\n<tr data-start=\"438\" data-end=\"506\">\n<td data-start=\"438\" data-end=\"461\" data-col-size=\"sm\">CBD-Gehalt<\/td>\n<td data-start=\"461\" data-end=\"506\" data-col-size=\"sm\">0,26 \u2013 1,34 %<\/td>\n<\/tr>\n<tr data-start=\"507\" data-end=\"575\">\n<td data-start=\"507\" data-end=\"530\" data-col-size=\"sm\">Weitere Cannabinoide<\/td>\n<td data-col-size=\"sm\" data-start=\"530\" data-end=\"575\">CBC, CBG (je bis ca. 0,6 %)<\/td>\n<\/tr>\n<tr data-start=\"576\" data-end=\"644\">\n<td data-start=\"576\" data-end=\"599\" data-col-size=\"sm\">Dominantes Terpen<\/td>\n<td data-col-size=\"sm\" data-start=\"599\" data-end=\"644\">Limonen<\/td>\n<\/tr>\n<tr data-start=\"645\" data-end=\"713\">\n<td data-start=\"645\" data-end=\"668\" data-col-size=\"sm\">Geschmack<\/td>\n<td data-col-size=\"sm\" data-start=\"668\" data-end=\"713\">S\u00fc\u00df, cremig, leicht w\u00fcrzig, pungent<\/td>\n<\/tr>\n<tr data-start=\"714\" data-end=\"782\">\n<td data-start=\"714\" data-end=\"737\" data-col-size=\"sm\">Wirkung<\/td>\n<td data-col-size=\"sm\" data-start=\"737\" data-end=\"782\">Tief entspannend, euphorisch<\/td>\n<\/tr>\n<tr data-start=\"783\" data-end=\"851\">\n<td data-start=\"783\" data-end=\"806\" data-col-size=\"sm\">Nebenwirkungen<\/td>\n<td data-col-size=\"sm\" data-start=\"806\" data-end=\"851\">Trockener Mund, Durst, trockene Augen<\/td>\n<\/tr>\n<\/tbody>\n<\/table>\n<\/div>\n<\/div>\n<hr data-start=\"853\" data-end=\"856\" \/>\n<h3 data-section-id=\"f4ypq0\" data-start=\"858\" data-end=\"917\">\ud83c\udf70 Ice Cream Cake \u2013 Cremiger Genuss mit starker Wirkung<\/h3>\n<p data-start=\"919\" data-end=\"1228\">Ice Cream Cake (auch bekannt als ICC) ist eine \u00e4u\u00dferst beliebte, indica-dominante Cannabis-Sorte, die von <strong data-start=\"1025\" data-end=\"1048\">Seed Junky Genetics<\/strong> durch die Kreuzung von Gelato #33 und Wedding Cake entwickelt wurde. Diese Premium-Sorte \u00fcberzeugt durch ihr intensives Aroma, ihre hohe Potenz und ihre tief entspannende Wirkung.<\/p>\n<p data-start=\"1230\" data-end=\"1375\">Mit einem THC-Gehalt von \u00fcber 20 % richtet sich Ice Cream Cake vor allem an erfahrene Konsumenten, die eine starke, k\u00f6rperbetonte Wirkung suchen.<\/p>\n<hr data-start=\"1377\" data-end=\"1380\" \/>\n<h3 data-section-id=\"11ln56c\" data-start=\"1382\" data-end=\"1406\">\ud83c\udf66 Aroma &amp; Geschmack<\/h3>\n<p data-start=\"1408\" data-end=\"1480\">Ice Cream Cake bietet ein reichhaltiges und luxuri\u00f6ses Geschmacksprofil:<\/p>\n<ul data-start=\"1482\" data-end=\"1613\">\n<li data-section-id=\"vmt4mk\" data-start=\"1482\" data-end=\"1510\">S\u00fc\u00df-cremige Vanillenoten<\/li>\n<li data-section-id=\"o91l7p\" data-start=\"1511\" data-end=\"1538\">Dezente nussige Nuancen<\/li>\n<li data-section-id=\"8y5kx7\" data-start=\"1539\" data-end=\"1578\">Leichte Zitrusfrische durch Limonen<\/li>\n<li data-section-id=\"1h8fpf8\" data-start=\"1579\" data-end=\"1613\">Erdige und pfeffrige Untert\u00f6ne<\/li>\n<\/ul>\n<p data-start=\"1615\" data-end=\"1714\">Der Duft erinnert an ein Dessert \u2013 eine Mischung aus Vanille, Sahne und einem Hauch Zitronenschale.<\/p>\n<hr data-start=\"1716\" data-end=\"1719\" \/>\n<h3 data-section-id=\"1v5pdqc\" data-start=\"1721\" data-end=\"1745\">\ud83c\udf19 Wirkung &amp; Effekte<\/h3>\n<p data-start=\"1747\" data-end=\"1822\">Diese Sorte ist bekannt f\u00fcr ihre stark beruhigende und k\u00f6rperliche Wirkung:<\/p>\n<ul data-start=\"1824\" data-end=\"1993\">\n<li data-section-id=\"q0jabo\" data-start=\"1824\" data-end=\"1873\">Intensive k\u00f6rperliche Entspannung (Body High)<\/li>\n<li data-section-id=\"1amxjvx\" data-start=\"1874\" data-end=\"1910\">Euphorisches, gl\u00fcckliches Gef\u00fchl<\/li>\n<li data-section-id=\"xlmctn\" data-start=\"1911\" data-end=\"1945\">Leicht kribbelnde Empfindungen<\/li>\n<li data-section-id=\"1u075mz\" data-start=\"1946\" data-end=\"1993\">Kann schl\u00e4frig machen (ideal f\u00fcr den Abend)<\/li>\n<\/ul>\n<p data-start=\"1995\" data-end=\"2115\">Ice Cream Cake eignet sich perfekt f\u00fcr <strong data-start=\"2034\" data-end=\"2051\">ruhige Abende<\/strong>, Stressabbau oder einfach zum Abschalten nach einem langen Tag.<\/p>\n<hr data-start=\"2117\" data-end=\"2120\" \/>\n<h3 data-section-id=\"19snd8w\" data-start=\"2122\" data-end=\"2149\">\ud83d\udc86\u200d\u2642\ufe0f M\u00f6gliche Vorteile<\/h3>\n<ul data-start=\"2151\" data-end=\"2325\">\n<li data-section-id=\"1gpm74b\" data-start=\"2151\" data-end=\"2187\">Kann Stress und Angst reduzieren<\/li>\n<li data-section-id=\"1lbkn6h\" data-start=\"2188\" data-end=\"2234\">Unterst\u00fctzt bei Schlafproblemen (Insomnie)<\/li>\n<li data-section-id=\"kcpdxu\" data-start=\"2235\" data-end=\"2279\">Kann Schmerzen und Muskelkr\u00e4mpfe lindern<\/li>\n<li data-section-id=\"1cspqru\" data-start=\"2280\" data-end=\"2325\">Kann bei depressiven Verstimmungen helfen<\/li>\n<\/ul>\n<p data-start=\"2327\" data-end=\"2419\">\u26a0\ufe0f Aufgrund des hohen THC-Gehalts kann es bei Anf\u00e4ngern zu Schwindel oder Unwohlsein kommen.<\/p>\n<hr data-start=\"2421\" data-end=\"2424\" \/>\n<h3 data-section-id=\"1ipwwib\" data-start=\"2426\" data-end=\"2445\">\ud83c\udf3f Terpenprofil<\/h3>\n<p data-start=\"2447\" data-end=\"2503\">Diese Sorte enth\u00e4lt eine komplexe Mischung aus Terpenen:<\/p>\n<ul data-start=\"2505\" data-end=\"2586\">\n<li data-section-id=\"1smtq16\" data-start=\"2505\" data-end=\"2516\">Limonen<\/li>\n<li data-section-id=\"qxc91i\" data-start=\"2517\" data-end=\"2527\">Myrcen<\/li>\n<li data-section-id=\"1qk5nfo\" data-start=\"2528\" data-end=\"2544\">Caryophyllen<\/li>\n<li data-section-id=\"1d897lc\" data-start=\"2545\" data-end=\"2557\">Valencen<\/li>\n<li data-section-id=\"6tqnz1\" data-start=\"2558\" data-end=\"2570\">Geraniol<\/li>\n<li data-section-id=\"1lby1rb\" data-start=\"2571\" data-end=\"2586\">Phellandren<\/li>\n<\/ul>\n<p data-start=\"2588\" data-end=\"2622\">\u27a1\ufe0f Gesamt-Terpengehalt: ca. 1,01 %<\/p>\n<hr data-start=\"2624\" data-end=\"2627\" \/>\n<h3 data-section-id=\"os7cl\" data-start=\"2629\" data-end=\"2654\">\ud83c\udf31 Anbauinformationen<\/h3>\n<div class=\"TyagGW_tableContainer\">\n<div class=\"group TyagGW_tableWrapper flex flex-col-reverse w-fit\" tabindex=\"-1\">\n<table class=\"w-fit min-w-(--thread-content-width)\" data-start=\"2656\" data-end=\"3179\">\n<thead data-start=\"2656\" data-end=\"2714\">\n<tr data-start=\"2656\" data-end=\"2714\">\n<th class=\"\" data-start=\"2656\" data-end=\"2678\" data-col-size=\"sm\">Merkmal<\/th>\n<th class=\"\" data-start=\"2678\" data-end=\"2714\" data-col-size=\"sm\">Details<\/th>\n<\/tr>\n<\/thead>\n<tbody data-start=\"2774\" data-end=\"3179\">\n<tr data-start=\"2774\" data-end=\"2831\">\n<td data-start=\"2774\" data-end=\"2795\" data-col-size=\"sm\">Schwierigkeitsgrad<\/td>\n<td data-start=\"2795\" data-end=\"2831\" data-col-size=\"sm\">Mittel<\/td>\n<\/tr>\n<tr data-start=\"2832\" data-end=\"2889\">\n<td data-start=\"2832\" data-end=\"2853\" data-col-size=\"sm\">Bl\u00fctezeit<\/td>\n<td data-start=\"2853\" data-end=\"2889\" data-col-size=\"sm\">53 \u2013 63 Tage<\/td>\n<\/tr>\n<tr data-start=\"2890\" data-end=\"2947\">\n<td data-start=\"2890\" data-end=\"2911\" data-col-size=\"sm\">Anbauart<\/td>\n<td data-start=\"2911\" data-end=\"2947\" data-col-size=\"sm\">Indoor &amp; Outdoor<\/td>\n<\/tr>\n<tr data-start=\"2948\" data-end=\"3005\">\n<td data-start=\"2948\" data-end=\"2969\" data-col-size=\"sm\">Pflanzenh\u00f6he<\/td>\n<td data-start=\"2969\" data-end=\"3005\" data-col-size=\"sm\">Mittel (ca. 75 \u2013 150 cm)<\/td>\n<\/tr>\n<tr data-start=\"3006\" data-end=\"3063\">\n<td data-start=\"3006\" data-end=\"3027\" data-col-size=\"sm\">Ertrag Indoor<\/td>\n<td data-start=\"3027\" data-end=\"3063\" data-col-size=\"sm\">~ 400 \u2013 550 g\/m\u00b2<\/td>\n<\/tr>\n<tr data-start=\"3064\" data-end=\"3121\">\n<td data-start=\"3064\" data-end=\"3085\" data-col-size=\"sm\">Ertrag Outdoor<\/td>\n<td data-start=\"3085\" data-end=\"3121\" data-col-size=\"sm\">~ 550 g pro Pflanze<\/td>\n<\/tr>\n<tr data-start=\"3122\" data-end=\"3179\">\n<td data-start=\"3122\" data-end=\"3143\" data-col-size=\"sm\">Klima<\/td>\n<td data-start=\"3143\" data-end=\"3179\" data-col-size=\"sm\">Warm &amp; sonnig<\/td>\n<\/tr>\n<\/tbody>\n<\/table>\n<\/div>\n<\/div>\n<p data-start=\"3181\" data-end=\"3302\">Die Pflanzen entwickeln dichte, harzige Buds mit gr\u00fcnen und violetten Farbt\u00f6nen sowie auff\u00e4lligen orangefarbenen H\u00e4rchen.<\/p>\n<hr data-start=\"3304\" data-end=\"3307\" \/>\n<h3 data-section-id=\"7c4v1y\" data-start=\"3309\" data-end=\"3320\">\u2b50 Fazit<\/h3>\n<p data-start=\"3322\" data-end=\"3566\">Ice Cream Cake ist die perfekte Wahl f\u00fcr alle, die eine <strong data-start=\"3378\" data-end=\"3417\">starke, entspannende Indica-Wirkung<\/strong> mit einem <strong data-start=\"3428\" data-end=\"3463\">s\u00fc\u00dfen, dessertartigen Geschmack<\/strong> kombinieren m\u00f6chten. Ideal f\u00fcr erfahrene Nutzer und alle, die nach einem intensiven Abend-High suchen.<\/p>","protected":false},"excerpt":{"rendered":"<p>Eigenschaft Details Typ Indica-dominanter Hybrid Cannabinoid-Profil THC-dominant THC-Gehalt 20,78 \u2013 23,02 % CBD-Gehalt 0,26 \u2013 1,34 % Weitere Cannabinoide CBC, CBG (je bis ca. 0,6 %) Dominantes Terpen Limonen Geschmack S\u00fc\u00df, cremig, leicht w\u00fcrzig, pungent Wirkung Tief entspannend, euphorisch Nebenwirkungen Trockener Mund, Durst, trockene Augen \ud83c\udf70 Ice Cream Cake \u2013 Cremiger Genuss mit starker Wirkung [&hellip;]<\/p>\n","protected":false},"featured_media":3951,"comment_status":"open","ping_status":"closed","template":"","meta":[],"product_brand":[],"product_cat":[15],"product_tag":[],"class_list":{"0":"post-4024","1":"product","2":"type-product","3":"status-publish","4":"has-post-thumbnail","6":"product_cat-gras","8":"first","9":"instock","10":"shipping-taxable","11":"purchasable","12":"product-type-variable"},"_links":{"self":[{"href":"https:\/\/premiumthcshop.de\/en\/wp-json\/wp\/v2\/product\/4024","targetHints":{"allow":["GET"]}}],"collection":[{"href":"https:\/\/premiumthcshop.de\/en\/wp-json\/wp\/v2\/product"}],"about":[{"href":"https:\/\/premiumthcshop.de\/en\/wp-json\/wp\/v2\/types\/product"}],"replies":[{"embeddable":true,"href":"https:\/\/premiumthcshop.de\/en\/wp-json\/wp\/v2\/comments?post=4024"}],"wp:featuredmedia":[{"embeddable":true,"href":"https:\/\/premiumthcshop.de\/en\/wp-json\/wp\/v2\/media\/3951"}],"wp:attachment":[{"href":"https:\/\/premiumthcshop.de\/en\/wp-json\/wp\/v2\/media?parent=4024"}],"wp:term":[{"taxonomy":"product_brand","embeddable":true,"href":"https:\/\/premiumthcshop.de\/en\/wp-json\/wp\/v2\/product_brand?post=4024"},{"taxonomy":"product_cat","embeddable":true,"href":"https:\/\/premiumthcshop.de\/en\/wp-json\/wp\/v2\/product_cat?post=4024"},{"taxonomy":"product_tag","embeddable":true,"href":"https:\/\/premiumthcshop.de\/en\/wp-json\/wp\/v2\/product_tag?post=4024"}],"curies":[{"name":"wp","href":"https:\/\/api.w.org\/{rel}","templated":true}]}}