{"id":4025,"date":"2026-04-03T13:31:15","date_gmt":"2026-04-03T13:31:15","guid":{"rendered":"https:\/\/premiumthcshop.de\/?post_type=product&#038;p=4025"},"modified":"2026-04-03T13:31:15","modified_gmt":"2026-04-03T13:31:15","slug":"jack-herer","status":"publish","type":"product","link":"https:\/\/premiumthcshop.de\/en\/product\/jack-herer\/","title":{"rendered":"Jack Herer"},"content":{"rendered":"<div class=\"TyagGW_tableContainer\">\n<div class=\"group TyagGW_tableWrapper flex flex-col-reverse w-fit\" tabindex=\"-1\">\n<table class=\"w-fit min-w-(--thread-content-width)\" data-start=\"87\" data-end=\"629\">\n<thead data-start=\"87\" data-end=\"148\">\n<tr data-start=\"87\" data-end=\"148\">\n<th class=\"\" data-start=\"87\" data-end=\"112\" data-col-size=\"sm\">Eigenschaft<\/th>\n<th class=\"\" data-start=\"112\" data-end=\"148\" data-col-size=\"sm\">Details<\/th>\n<\/tr>\n<\/thead>\n<tbody data-start=\"210\" data-end=\"629\">\n<tr data-start=\"210\" data-end=\"269\">\n<td data-start=\"210\" data-end=\"233\" data-col-size=\"sm\">Typ<\/td>\n<td data-col-size=\"sm\" data-start=\"233\" data-end=\"269\">Hybrid (80% Sativa \/ 20% Indica)<\/td>\n<\/tr>\n<tr data-start=\"270\" data-end=\"329\">\n<td data-start=\"270\" data-end=\"293\" data-col-size=\"sm\">Dominantes Terpen<\/td>\n<td data-col-size=\"sm\" data-start=\"293\" data-end=\"329\">Terpinolen (0,29%)<\/td>\n<\/tr>\n<tr data-start=\"330\" data-end=\"389\">\n<td data-start=\"330\" data-end=\"353\" data-col-size=\"sm\">THC-Gehalt<\/td>\n<td data-col-size=\"sm\" data-start=\"353\" data-end=\"389\">19 \u2013 21 %<\/td>\n<\/tr>\n<tr data-start=\"390\" data-end=\"449\">\n<td data-start=\"390\" data-end=\"413\" data-col-size=\"sm\">CBD-Gehalt<\/td>\n<td data-col-size=\"sm\" data-start=\"413\" data-end=\"449\">0,76 \u2013 0,96 %<\/td>\n<\/tr>\n<tr data-start=\"450\" data-end=\"509\">\n<td data-start=\"450\" data-end=\"473\" data-col-size=\"sm\">CBG-Gehalt<\/td>\n<td data-col-size=\"sm\" data-start=\"473\" data-end=\"509\">0,23 \u2013 1,44 %<\/td>\n<\/tr>\n<tr data-start=\"510\" data-end=\"569\">\n<td data-start=\"510\" data-end=\"533\" data-col-size=\"sm\">Geschmack<\/td>\n<td data-col-size=\"sm\" data-start=\"533\" data-end=\"569\">Erdig, w\u00fcrzig, kr\u00e4uterartig<\/td>\n<\/tr>\n<tr data-start=\"570\" data-end=\"629\">\n<td data-start=\"570\" data-end=\"593\" data-col-size=\"sm\">Wirkung<\/td>\n<td data-col-size=\"sm\" data-start=\"593\" data-end=\"629\">Gl\u00fccklich, energetisierend<\/td>\n<\/tr>\n<\/tbody>\n<\/table>\n<\/div>\n<\/div>\n<hr data-start=\"631\" data-end=\"634\" \/>\n<h3 data-section-id=\"t42r8b\" data-start=\"636\" data-end=\"679\">\ud83c\udf3f Jack Herer \u2013 Premium Sativa-Erlebnis<\/h3>\n<p data-start=\"681\" data-end=\"951\">Jack Herer ist eine legend\u00e4re, sativadominierte Hybrid-Sorte, benannt nach dem bekannten Cannabis-Aktivisten Jack Herer. Diese mehrfach ausgezeichnete Sorte \u2013 darunter zahlreiche Cannabis Cup Siege \u2013 \u00fcberzeugt durch ihre au\u00dfergew\u00f6hnliche Wirkung und ihr komplexes Aroma.<\/p>\n<p data-start=\"953\" data-end=\"1200\">Gez\u00fcchtet wurde Jack Herer von Sensi Seeds in den Niederlanden in den sp\u00e4ten 80er- bzw. fr\u00fchen 90er-Jahren. Die genaue Genetik ist ein wohlgeh\u00fctetes Geheimnis, wird jedoch allgemein als Kreuzung aus Northern Lights, Haze und Shiva Skunk angesehen.<\/p>\n<hr data-start=\"1202\" data-end=\"1205\" \/>\n<h3 data-section-id=\"jglnsh\" data-start=\"1207\" data-end=\"1232\">\ud83c\udf2c\ufe0f Aroma &amp; Geschmack<\/h3>\n<p data-start=\"1234\" data-end=\"1289\">Jack Herer bietet ein vielschichtiges Geschmacksprofil:<\/p>\n<ul data-start=\"1291\" data-end=\"1441\">\n<li data-section-id=\"cz27c8\" data-start=\"1291\" data-end=\"1328\">Frische Zitrus- und Zitronennoten<\/li>\n<li data-section-id=\"ujtdk5\" data-start=\"1329\" data-end=\"1366\">W\u00fcrzige, leicht pfeffrige Nuancen<\/li>\n<li data-section-id=\"lyf9uo\" data-start=\"1367\" data-end=\"1398\">Kr\u00e4uterartige, erdige Tiefe<\/li>\n<li data-section-id=\"3gfb7l\" data-start=\"1399\" data-end=\"1441\">Dezente florale Ankl\u00e4nge beim Ausatmen<\/li>\n<\/ul>\n<p data-start=\"1443\" data-end=\"1542\">Der Rauch wirkt k\u00fchl und angenehm im Hals und hinterl\u00e4sst einen langanhaltenden, frischen Eindruck.<\/p>\n<hr data-start=\"1544\" data-end=\"1547\" \/>\n<h3 data-section-id=\"lll5a8\" data-start=\"1549\" data-end=\"1572\">\u26a1 Wirkung &amp; Effekte<\/h3>\n<p data-start=\"1574\" data-end=\"1632\">Diese Sorte ist bekannt f\u00fcr ihre klare, belebende Wirkung:<\/p>\n<ul data-start=\"1634\" data-end=\"1796\">\n<li data-section-id=\"1tsqkia\" data-start=\"1634\" data-end=\"1669\">Schneller, intensiver Kopf-High<\/li>\n<li data-section-id=\"pj1201\" data-start=\"1670\" data-end=\"1708\">Steigerung von Fokus &amp; Kreativit\u00e4t<\/li>\n<li data-section-id=\"1amxjvx\" data-start=\"1709\" data-end=\"1745\">Euphorisches, gl\u00fcckliches Gef\u00fchl<\/li>\n<li data-section-id=\"1szvgj8\" data-start=\"1746\" data-end=\"1796\">Leichte k\u00f6rperliche Entspannung ohne M\u00fcdigkeit<\/li>\n<\/ul>\n<p data-start=\"1798\" data-end=\"1970\">Perfekt geeignet f\u00fcr den <strong data-start=\"1823\" data-end=\"1840\">Tagesgebrauch<\/strong>, kreative T\u00e4tigkeiten oder soziale Interaktionen. F\u00fcr den Abend oder vor dem Schlafengehen ist Jack Herer weniger empfehlenswert.<\/p>\n<hr data-start=\"1972\" data-end=\"1975\" \/>\n<h3 data-section-id=\"19snd8w\" data-start=\"1977\" data-end=\"2004\">\ud83d\udc86\u200d\u2642\ufe0f M\u00f6gliche Vorteile<\/h3>\n<ul data-start=\"2006\" data-end=\"2144\">\n<li data-section-id=\"a5au39\" data-start=\"2006\" data-end=\"2047\">Kann Stress und Anspannung reduzieren<\/li>\n<li data-section-id=\"107wyfo\" data-start=\"2048\" data-end=\"2087\">Unterst\u00fctzt bei schlechter Stimmung<\/li>\n<li data-section-id=\"gt5hix\" data-start=\"2088\" data-end=\"2144\">Kann bei Kopfschmerzen und leichten Schmerzen helfen<\/li>\n<\/ul>\n<p data-start=\"2146\" data-end=\"2274\">Nebenwirkungen sind meist mild, k\u00f6nnen aber bei \u00fcberm\u00e4\u00dfigem Konsum trockener Mund, leichte Unruhe oder erh\u00f6hter Herzschlag sein.<\/p>\n<hr data-start=\"2276\" data-end=\"2279\" \/>\n<h3 data-section-id=\"os7cl\" data-start=\"2281\" data-end=\"2306\">\ud83c\udf31 Anbauinformationen<\/h3>\n<ul data-start=\"2308\" data-end=\"2550\">\n<li data-section-id=\"1ckwgxc\" data-start=\"2308\" data-end=\"2342\"><strong data-start=\"2310\" data-end=\"2333\">Schwierigkeitsgrad:<\/strong> Mittel<\/li>\n<li data-section-id=\"1kqlb4q\" data-start=\"2343\" data-end=\"2382\"><strong data-start=\"2345\" data-end=\"2366\">Indoor-Bl\u00fctezeit:<\/strong> ca. 10 Wochen<\/li>\n<li data-section-id=\"1uda112\" data-start=\"2383\" data-end=\"2428\"><strong data-start=\"2385\" data-end=\"2403\">Outdoor-Ernte:<\/strong> Mitte bis Ende Oktober<\/li>\n<li data-section-id=\"52wk6b\" data-start=\"2429\" data-end=\"2468\"><strong data-start=\"2431\" data-end=\"2441\">Klima:<\/strong> Mediterran (ca. 22\u201327\u00b0C)<\/li>\n<li data-section-id=\"qimycn\" data-start=\"2469\" data-end=\"2550\"><strong data-start=\"2471\" data-end=\"2488\">Besonderheit:<\/strong> Regelm\u00e4\u00dfiges Beschneiden erforderlich (starkes H\u00f6henwachstum)<\/li>\n<\/ul>\n<p data-start=\"2552\" data-end=\"2663\">Jack Herer eignet sich sowohl f\u00fcr Indoor- als auch Outdoor-Grower, erfordert jedoch etwas Erfahrung und Pflege.<\/p>\n<hr data-start=\"2665\" data-end=\"2668\" \/>\n<h3 data-section-id=\"7c4v1y\" data-start=\"2670\" data-end=\"2681\">\u2b50 Fazit<\/h3>\n<p data-start=\"2683\" data-end=\"2935\">Jack Herer ist eine zeitlose Premium-Sorte f\u00fcr alle, die eine <strong data-start=\"2745\" data-end=\"2789\">klare, kreative und energetische Wirkung<\/strong> suchen. Mit ihrem einzigartigen Terpenprofil und ihrer ausgewogenen Genetik geh\u00f6rt sie zu den absoluten Klassikern im Premium THC Shop Sortiment.<\/p>","protected":false},"excerpt":{"rendered":"<p>Eigenschaft Details Typ Hybrid (80% Sativa \/ 20% Indica) Dominantes Terpen Terpinolen (0,29%) THC-Gehalt 19 \u2013 21 % CBD-Gehalt 0,76 \u2013 0,96 % CBG-Gehalt 0,23 \u2013 1,44 % Geschmack Erdig, w\u00fcrzig, kr\u00e4uterartig Wirkung Gl\u00fccklich, energetisierend \ud83c\udf3f Jack Herer \u2013 Premium Sativa-Erlebnis Jack Herer ist eine legend\u00e4re, sativadominierte Hybrid-Sorte, benannt nach dem bekannten Cannabis-Aktivisten Jack Herer. [&hellip;]<\/p>\n","protected":false},"featured_media":3954,"comment_status":"open","ping_status":"closed","template":"","meta":[],"product_brand":[],"product_cat":[15],"product_tag":[],"class_list":{"0":"post-4025","1":"product","2":"type-product","3":"status-publish","4":"has-post-thumbnail","6":"product_cat-gras","8":"first","9":"instock","10":"shipping-taxable","11":"purchasable","12":"product-type-variable"},"_links":{"self":[{"href":"https:\/\/premiumthcshop.de\/en\/wp-json\/wp\/v2\/product\/4025","targetHints":{"allow":["GET"]}}],"collection":[{"href":"https:\/\/premiumthcshop.de\/en\/wp-json\/wp\/v2\/product"}],"about":[{"href":"https:\/\/premiumthcshop.de\/en\/wp-json\/wp\/v2\/types\/product"}],"replies":[{"embeddable":true,"href":"https:\/\/premiumthcshop.de\/en\/wp-json\/wp\/v2\/comments?post=4025"}],"wp:featuredmedia":[{"embeddable":true,"href":"https:\/\/premiumthcshop.de\/en\/wp-json\/wp\/v2\/media\/3954"}],"wp:attachment":[{"href":"https:\/\/premiumthcshop.de\/en\/wp-json\/wp\/v2\/media?parent=4025"}],"wp:term":[{"taxonomy":"product_brand","embeddable":true,"href":"https:\/\/premiumthcshop.de\/en\/wp-json\/wp\/v2\/product_brand?post=4025"},{"taxonomy":"product_cat","embeddable":true,"href":"https:\/\/premiumthcshop.de\/en\/wp-json\/wp\/v2\/product_cat?post=4025"},{"taxonomy":"product_tag","embeddable":true,"href":"https:\/\/premiumthcshop.de\/en\/wp-json\/wp\/v2\/product_tag?post=4025"}],"curies":[{"name":"wp","href":"https:\/\/api.w.org\/{rel}","templated":true}]}}