{"id":4150,"date":"2026-04-05T08:27:35","date_gmt":"2026-04-05T08:27:35","guid":{"rendered":"https:\/\/premiumthcshop.de\/?post_type=product&#038;p=4150"},"modified":"2026-04-06T06:07:21","modified_gmt":"2026-04-06T06:07:21","slug":"blue-berry-moonrocks","status":"publish","type":"product","link":"https:\/\/premiumthcshop.de\/en\/product\/blue-berry-moonrocks\/","title":{"rendered":"BLUE BERRY MOONROCKS"},"content":{"rendered":"<div class=\"flex flex-col text-sm pb-25\">\n<section class=\"text-token-text-primary w-full focus:outline-none [--shadow-height:45px] has-data-writing-block:pointer-events-none has-data-writing-block:-mt-(--shadow-height) has-data-writing-block:pt-(--shadow-height) [&amp;:has([data-writing-block])&gt;*]:pointer-events-auto scroll-mt-[calc(var(--header-height)+min(200px,max(70px,20svh)))]\" dir=\"auto\" data-turn-id=\"request-WEB:2a3a4722-5ae5-4f43-ac95-7bc112053b1d-0\" data-testid=\"conversation-turn-2\" data-scroll-anchor=\"true\" data-turn=\"assistant\">\n<div class=\"text-base my-auto mx-auto pb-10 [--thread-content-margin:var(--thread-content-margin-xs,calc(var(--spacing)*4))] @w-sm\/main:[--thread-content-margin:var(--thread-content-margin-sm,calc(var(--spacing)*6))] @w-lg\/main:[--thread-content-margin:var(--thread-content-margin-lg,calc(var(--spacing)*16))] px-(--thread-content-margin)\">\n<div class=\"[--thread-content-max-width:40rem] @w-lg\/main:[--thread-content-max-width:48rem] mx-auto max-w-(--thread-content-max-width) flex-1 group\/turn-messages focus-visible:outline-hidden relative flex w-full min-w-0 flex-col agent-turn\">\n<div class=\"flex max-w-full flex-col gap-4 grow\">\n<div class=\"min-h-8 text-message relative flex w-full flex-col items-end gap-2 text-start break-words whitespace-normal outline-none keyboard-focused:focus-ring [.text-message+&amp;]:mt-1\" dir=\"auto\" tabindex=\"0\" data-message-author-role=\"assistant\" data-message-id=\"ef8e7d3c-3445-4347-8cd7-65d35a2f9ed4\" data-turn-start-message=\"true\" data-message-model-slug=\"gpt-5-3\">\n<div class=\"flex w-full flex-col gap-1 empty:hidden\">\n<div class=\"markdown prose dark:prose-invert w-full wrap-break-word light markdown-new-styling\">\n<p data-start=\"173\" data-end=\"515\">Bist du bereit f\u00fcr eine Reise in eine Welt voller Geschmack und tiefer Entspannung? Dann entdecke jetzt unser neuestes Highlight im Premium THC Shop: <strong data-start=\"364\" data-end=\"387\">Blueberry Moonrocks<\/strong>. Diese hochwertigen Nuggets sind mit Kief \u00fcberzogen und mit THC-reichem \u00d6l veredelt \u2013 f\u00fcr ein wahrhaft au\u00dferirdisches Erlebnis.<\/p>\n<p data-start=\"517\" data-end=\"810\"><strong data-start=\"517\" data-end=\"540\">Blueberry Moonrocks<\/strong> sind eine besondere Form von Cannabis-Konzentrat, hergestellt durch die Kombination von Blueberry-Bl\u00fcten mit hochwertigem Hash- oder Honey Oil. Das Ergebnis ist ein extrem potentes und geschmackvolles Produkt, das sowohl Einsteiger als auch erfahrene Nutzer begeistert.<\/p>\n<p data-start=\"812\" data-end=\"849\"><strong data-start=\"812\" data-end=\"849\">Vorteile von Blueberry Moonrocks:<\/strong><\/p>\n<p data-start=\"851\" data-end=\"1059\">\u2022 <strong data-start=\"853\" data-end=\"898\">Linderung von Schmerzen und Entz\u00fcndungen:<\/strong><br data-start=\"898\" data-end=\"901\" \/>Kann bei verschiedenen Schmerzarten unterst\u00fctzend wirken. Die nat\u00fcrlichen Eigenschaften der Blueberry-Genetik k\u00f6nnen zudem helfen, Entz\u00fcndungen zu reduzieren.<\/p>\n<p data-start=\"1061\" data-end=\"1245\">\u2022 <strong data-start=\"1063\" data-end=\"1108\">Verbesserte Stimmung &amp; tiefe Entspannung:<\/strong><br data-start=\"1108\" data-end=\"1111\" \/>Ideal, um Stress abzubauen und zur Ruhe zu kommen. Die Kombination aus Terpenen und THC sorgt f\u00fcr ein angenehmes, beruhigendes Gef\u00fchl.<\/p>\n<p data-start=\"1247\" data-end=\"1384\">\u2022 <strong data-start=\"1249\" data-end=\"1269\">Appetitanregung:<\/strong><br data-start=\"1269\" data-end=\"1272\" \/>Perfekt f\u00fcr alle, die ihren Appetit steigern m\u00f6chten \u2013 ob aus medizinischen Gr\u00fcnden oder einfach f\u00fcr den Genuss.<\/p>\n<p data-start=\"1386\" data-end=\"1587\">\u2022 <strong data-start=\"1388\" data-end=\"1413\">Intensiver Geschmack:<\/strong><br data-start=\"1413\" data-end=\"1416\" \/>S\u00fc\u00df, leicht s\u00e4uerlich und fruchtig \u2013 das einzigartige Blueberry-Aroma wird durch die Infusion mit \u00d6l noch verst\u00e4rkt und sorgt f\u00fcr ein unvergleichliches Geschmackserlebnis.<\/p>\n<p data-start=\"1589\" data-end=\"1732\" data-is-last-node=\"\" data-is-only-node=\"\">Ob zum Abschalten nach einem langen Tag oder f\u00fcr einen entspannten Abend \u2013 <strong data-start=\"1664\" data-end=\"1687\">Blueberry Moonrocks<\/strong> bringen dich garantiert auf ein neues Level.<\/p>\n<\/div>\n<\/div>\n<\/div>\n<\/div>\n<div class=\"z-0 flex min-h-[46px] justify-start\"><\/div>\n<div class=\"mt-3 w-full empty:hidden\">\n<div class=\"text-center\"><\/div>\n<\/div>\n<\/div>\n<\/div>\n<\/section>\n<\/div>\n<div class=\"pointer-events-none h-px w-px absolute bottom-0\" aria-hidden=\"true\" data-edge=\"true\"><\/div>\n","protected":false},"excerpt":{"rendered":"<p>Erlebe ein intensives, fruchtiges High mit unseren Blueberry Moonrocks \u2013 kraftvoll, aromatisch und perfekt zum Entspannen.<\/p>","protected":false},"featured_media":4157,"comment_status":"open","ping_status":"closed","template":"","meta":[],"product_brand":[],"product_cat":[15],"product_tag":[],"class_list":{"0":"post-4150","1":"product","2":"type-product","3":"status-publish","4":"has-post-thumbnail","6":"product_cat-gras","8":"first","9":"instock","10":"shipping-taxable","11":"purchasable","12":"product-type-variable"},"_links":{"self":[{"href":"https:\/\/premiumthcshop.de\/en\/wp-json\/wp\/v2\/product\/4150","targetHints":{"allow":["GET"]}}],"collection":[{"href":"https:\/\/premiumthcshop.de\/en\/wp-json\/wp\/v2\/product"}],"about":[{"href":"https:\/\/premiumthcshop.de\/en\/wp-json\/wp\/v2\/types\/product"}],"replies":[{"embeddable":true,"href":"https:\/\/premiumthcshop.de\/en\/wp-json\/wp\/v2\/comments?post=4150"}],"wp:featuredmedia":[{"embeddable":true,"href":"https:\/\/premiumthcshop.de\/en\/wp-json\/wp\/v2\/media\/4157"}],"wp:attachment":[{"href":"https:\/\/premiumthcshop.de\/en\/wp-json\/wp\/v2\/media?parent=4150"}],"wp:term":[{"taxonomy":"product_brand","embeddable":true,"href":"https:\/\/premiumthcshop.de\/en\/wp-json\/wp\/v2\/product_brand?post=4150"},{"taxonomy":"product_cat","embeddable":true,"href":"https:\/\/premiumthcshop.de\/en\/wp-json\/wp\/v2\/product_cat?post=4150"},{"taxonomy":"product_tag","embeddable":true,"href":"https:\/\/premiumthcshop.de\/en\/wp-json\/wp\/v2\/product_tag?post=4150"}],"curies":[{"name":"wp","href":"https:\/\/api.w.org\/{rel}","templated":true}]}}